{"id":31287,"date":"2024-03-09T10:42:49","date_gmt":"2024-03-09T10:42:49","guid":{"rendered":"https:\/\/groupe-engram.com\/co-hoi-kinh-doanh-trong-linh-vuc-nong-san-thuc-pham\/"},"modified":"2025-11-21T15:26:35","modified_gmt":"2025-11-21T15:26:35","slug":"co-hoi-kinh-doanh-trong-linh-vuc-nong-san-thuc-pham","status":"publish","type":"page","link":"https:\/\/groupe-engram.com\/vi\/co-hoi-kinh-doanh-trong-linh-vuc-nong-san-thuc-pham\/","title":{"rendered":"C\u01a1 h\u1ed9i kinh doanh trong l\u0129nh v\u1ef1c n\u00f4ng s\u1ea3n th\u1ef1c ph\u1ea9m"},"content":{"rendered":"<div class=\"wpb-content-wrapper\">[vc_row full_width=&#8221;stretch_row&#8221;][vc_column]\n\t\t\t<!-- START advisor 11 1 1 REVOLUTION SLIDER 6.5.25 --><p class=\"rs-p-wp-fix\"><\/p>\n\t\t\t<rs-module-wrap id=\"rev_slider_11_1_wrapper\" data-source=\"gallery\" style=\"visibility:hidden;background:transparent;padding:0;margin:0px auto;margin-top:0;margin-bottom:0;\">\n\t\t\t\t<rs-module id=\"rev_slider_11_1\" style=\"\" data-version=\"6.5.25\">\n\t\t\t\t\t<rs-slides>\n\t\t\t\t\t\t<rs-slide style=\"position: absolute;\" data-key=\"rs-21\" data-title=\"Slide\" data-in=\"o:0;\" data-out=\"a:false;\">\n\t\t\t\t\t\t\t<img decoding=\"async\" src=\"\/\/groupe-engram.com\/wp-content\/plugins\/revslider\/public\/assets\/assets\/dummy.png\" alt=\"\" title=\"Artboard 1fd\" width=\"1920\" height=\"700\" class=\"rev-slidebg tp-rs-img rs-lazyload\" data-lazyload=\"\/\/groupe-engram.com\/wp-content\/uploads\/2024\/03\/Artboard-1fd.jpg\" data-bg=\"p:50% 20%;\" data-parallax=\"off\" data-panzoom=\"d:10000;ss:100;se:110;\" data-no-retina>\n<!--\n\t\t\t\t\t\t\t--><rs-layer\n\t\t\t\t\t\t\t\tid=\"slider-11-slide-21-layer-0\" \n\t\t\t\t\t\t\t\tdata-type=\"shape\"\n\t\t\t\t\t\t\t\tdata-rsp_ch=\"on\"\n\t\t\t\t\t\t\t\tdata-text=\"w:normal;s:20,10,7,4;l:0,13,9,6;\"\n\t\t\t\t\t\t\t\tdata-dim=\"w:100%;h:100%;\"\n\t\t\t\t\t\t\t\tdata-basealign=\"slide\"\n\t\t\t\t\t\t\t\tdata-frame_999=\"o:0;st:w;\"\n\t\t\t\t\t\t\t\tstyle=\"z-index:8;background-color:rgba(0,0,0,0.5);\"\n\t\t\t\t\t\t\t> \n\t\t\t\t\t\t\t<\/rs-layer><!--\n\n\t\t\t\t\t\t\t--><a\n\t\t\t\t\t\t\t\tid=\"slider-11-slide-21-layer-1\" \n\t\t\t\t\t\t\t\tclass=\"rs-layer\"\n\t\t\t\t\t\t\t\thref=\"https:\/\/13wcc.iccwbo.org\/\" target=\"_blank\" rel=\"noopener\"\n\t\t\t\t\t\t\t\tdata-type=\"image\"\n\t\t\t\t\t\t\t\tdata-rsp_ch=\"on\"\n\t\t\t\t\t\t\t\tdata-xy=\"x:l,c,c,c;xo:254px,-119px,-130px,-101px;y:b;yo:66px,48px,55px,51px;\"\n\t\t\t\t\t\t\t\tdata-text=\"w:normal;s:20,10,7,4;l:0,13,9,6;\"\n\t\t\t\t\t\t\t\tdata-dim=\"w:199px,236px,212px,166px;h:100px,118px,106px,83px;\"\n\t\t\t\t\t\t\t\tdata-basealign=\"slide\"\n\t\t\t\t\t\t\t\tdata-frame_999=\"o:0;st:w;\"\n\t\t\t\t\t\t\t\tstyle=\"z-index:12;\"\n\t\t\t\t\t\t\t><img decoding=\"async\" src=\"\/\/groupe-engram.com\/wp-content\/plugins\/revslider\/public\/assets\/assets\/dummy.png\" alt=\"\" class=\"tp-rs-img rs-lazyload\" width=\"1200\" height=\"600\" data-lazyload=\"\/\/groupe-engram.com\/wp-content\/uploads\/2024\/03\/Flag_of_Canada_Pantone.svg_.png\" data-no-retina> \n\t\t\t\t\t\t\t<\/a><!--\n\n\t\t\t\t\t\t\t--><rs-layer\n\t\t\t\t\t\t\t\tid=\"slider-11-slide-21-layer-2\" \n\t\t\t\t\t\t\t\tdata-type=\"text\"\n\t\t\t\t\t\t\t\tdata-color=\"#00a3ef\"\n\t\t\t\t\t\t\t\tdata-rsp_ch=\"on\"\n\t\t\t\t\t\t\t\tdata-xy=\"x:l,c,c,c;xo:249px,-9px,0,-2px;yo:209px,175px,175px,144px;\"\n\t\t\t\t\t\t\t\tdata-text=\"w:nowrap,normal,normal,normal;s:40,40,40,30;l:40,40,40,30;fw:700;a:left,center,center,center;\"\n\t\t\t\t\t\t\t\tdata-dim=\"w:auto,916px,752px,479px;\"\n\t\t\t\t\t\t\t\tdata-frame_0=\"y:-50px;\"\n\t\t\t\t\t\t\t\tdata-frame_1=\"st:1690;sp:900;sR:1690;\"\n\t\t\t\t\t\t\t\tdata-frame_999=\"o:0;st:w;sR:6410;\"\n\t\t\t\t\t\t\t\tstyle=\"z-index:9;font-family:'Poppins';text-transform:uppercase;\"\n\t\t\t\t\t\t\t>Groupe Engram Welcomes All Participants to \n\t\t\t\t\t\t\t<\/rs-layer><!--\n\n\t\t\t\t\t\t\t--><rs-layer\n\t\t\t\t\t\t\t\tid=\"slider-11-slide-21-layer-3\" \n\t\t\t\t\t\t\t\tdata-type=\"text\"\n\t\t\t\t\t\t\t\tdata-rsp_ch=\"on\"\n\t\t\t\t\t\t\t\tdata-xy=\"x:l,c,c,c;xo:249px,0,1px,-1px;yo:272px,267px,283px,236px;\"\n\t\t\t\t\t\t\t\tdata-text=\"w:normal;s:60,55,46,40;l:70,60,55,45;fw:700;a:left,center,center,center;\"\n\t\t\t\t\t\t\t\tdata-dim=\"w:1275px,940px,726px,439px;\"\n\t\t\t\t\t\t\t\tdata-frame_0=\"y:50px;\"\n\t\t\t\t\t\t\t\tdata-frame_1=\"st:1400;sp:900;sR:1400;\"\n\t\t\t\t\t\t\t\tdata-frame_999=\"o:0;st:w;sR:6700;\"\n\t\t\t\t\t\t\t\tstyle=\"z-index:10;font-family:'Poppins';\"\n\t\t\t\t\t\t\t>Business Opportunity In Agri-Food: Meet Over 50 Ethiopian Companies [B2B\/ Workshops] \n\t\t\t\t\t\t\t<\/rs-layer><!--\n\n\t\t\t\t\t\t\t--><a\n\t\t\t\t\t\t\t\tid=\"slider-11-slide-21-layer-5\" \n\t\t\t\t\t\t\t\tclass=\"rs-layer\"\n\t\t\t\t\t\t\t\thref=\"https:\/\/13wcc.iccwbo.org\/\" target=\"_blank\" rel=\"noopener\"\n\t\t\t\t\t\t\t\tdata-type=\"image\"\n\t\t\t\t\t\t\t\tdata-rsp_ch=\"on\"\n\t\t\t\t\t\t\t\tdata-xy=\"x:l,c,c,c;xo:464px,158px,115px,95px;y:b;yo:64px,49px,54px,52px;\"\n\t\t\t\t\t\t\t\tdata-text=\"w:normal;s:20,10,7,4;l:0,13,9,6;\"\n\t\t\t\t\t\t\t\tdata-dim=\"w:199px,232px,212px,171px;h:100px,116px,106px,86px;\"\n\t\t\t\t\t\t\t\tdata-basealign=\"slide\"\n\t\t\t\t\t\t\t\tdata-frame_999=\"o:0;st:w;\"\n\t\t\t\t\t\t\t\tstyle=\"z-index:11;\"\n\t\t\t\t\t\t\t><img decoding=\"async\" src=\"\/\/groupe-engram.com\/wp-content\/plugins\/revslider\/public\/assets\/assets\/dummy.png\" alt=\"\" class=\"tp-rs-img rs-lazyload\" width=\"800\" height=\"400\" data-lazyload=\"\/\/groupe-engram.com\/wp-content\/uploads\/2024\/03\/Flag_of_Ethiopia.svg_.png\" data-no-retina> \n\t\t\t\t\t\t\t<\/a><!--\n-->\t\t\t\t\t\t<\/rs-slide>\n\t\t\t\t\t<\/rs-slides>\n\t\t\t\t<\/rs-module>\n\t\t\t\t<script>\n\t\t\t\t\tsetREVStartSize({c: 'rev_slider_11_1',rl:[1240,1024,778,480],el:[700,700,700,700],gw:[1920,1024,778,480],gh:[700,700,700,700],type:'standard',justify:'',layout:'fullwidth',mh:\"0\"});if (window.RS_MODULES!==undefined && window.RS_MODULES.modules!==undefined && window.RS_MODULES.modules[\"revslider111\"]!==undefined) {window.RS_MODULES.modules[\"revslider111\"].once = false;window.revapi11 = undefined;if (window.RS_MODULES.checkMinimal!==undefined) window.RS_MODULES.checkMinimal()}\n\t\t\t\t<\/script>\n\t\t\t<\/rs-module-wrap>\n\t\t\t<!-- END REVOLUTION SLIDER -->\n[\/vc_column][\/vc_row][vc_row full_width=&#8221;stretch_row&#8221; equal_height=&#8221;yes&#8221; css=&#8221;.vc_custom_1710883500205{padding-top: 10px !important;padding-bottom: 80px !important;background-position: center !important;background-repeat: no-repeat !important;background-size: cover !important;}&#8221;][vc_column width=&#8221;1\/6&#8243;][\/vc_column][vc_column width=&#8221;2\/3&#8243;][vc_row_inner equal_height=&#8221;yes&#8221;][vc_column_inner width=&#8221;1\/2&#8243;][wgl_info_box ib_align=&#8221;center&#8221; icon_type=&#8221;font&#8221; icon_font_type=&#8221;type_flaticon&#8221; icon_flaticon=&#8221;flaticon-placeholder&#8221; add_shadow=&#8221;true&#8221; ib_title=&#8221;Event in Montreal&#8221; ib_subtitle=&#8221;Date: 8 May 2024&#8243; ib_content=&#8221;Location: Maison du d\u00e9veloppement durable de Montr\u00e9al&#8221;][wgl_spacing spacer_size=&#8221;40px&#8221;][\/vc_column_inner][vc_column_inner width=&#8221;1\/2&#8243;][wgl_info_box ib_align=&#8221;center&#8221; icon_type=&#8221;font&#8221; icon_font_type=&#8221;type_flaticon&#8221; icon_flaticon=&#8221;flaticon-placeholder&#8221; add_shadow=&#8221;true&#8221; ib_title=&#8221;Event in Sainte-Hyacinthe&#8221; ib_subtitle=&#8221;Date: May 14, 2024&#8243; ib_content=&#8221;Location: Sainte-Hyacinthe Convention Centre&#8221;][\/vc_column_inner][\/vc_row_inner][vc_column_text]T\u1eadp \u0111o\u00e0n Engram h\u00e2n h\u1ea1nh m\u1eddi qu\u00fd v\u1ecb tham d\u1ef1 hai s\u1ef1 ki\u1ec7n b\u00ean l\u1ec1 \u0111\u1ed9c quy\u1ec1n t\u1ea1i SIAL Canada, h\u1ed9i ngh\u1ecb n\u00f4ng nghi\u1ec7p &#8211; th\u1ef1c ph\u1ea9m uy t\u00edn c\u1ee7a B\u1eafc M\u1ef9. Nh\u1eefng s\u1ef1 ki\u1ec7n n\u00e0y mang \u0111\u1ebfn c\u01a1 h\u1ed9i \u0111\u1eb7c bi\u1ec7t cho c\u00e1c c\u00f4ng ty Canada trong l\u0129nh v\u1ef1c n\u00e0y g\u1eb7p g\u1ee1 c\u00e1c \u0111\u1ed1i t\u00e1c ti\u1ec1m n\u0103ng t\u1ea1i Ethiopia v\u00e0 kh\u00e1m ph\u00e1 nh\u1eefng h\u01b0\u1edbng kinh doanh m\u1edbi.[\/vc_column_text][\/vc_column][vc_column width=&#8221;1\/6&#8243;][\/vc_column][\/vc_row][vc_row full_width=&#8221;stretch_row_content&#8221; equal_height=&#8221;yes&#8221; content_placement=&#8221;middle&#8221; disable_element=&#8221;yes&#8221; css=&#8221;.vc_custom_1710883273727{padding-top: 80px !important;padding-right: 5px !important;padding-bottom: 80px !important;padding-left: 5px !important;background-color: #eef3f7 !important;}&#8221;][vc_column][wgl_spacing spacer_size=&#8221;30px&#8221;][wgl_double_headings align=&#8221;center&#8221; title_color=&#8221;#151515&#8243; subtitle_color=&#8221;#1e73be&#8221; title=&#8221;Our value proposition&#8221;][wgl_spacing spacer_size=&#8221;21px&#8221;][vc_column_text]\n<p style=\"text-align: center;\">T\u00ecm hi\u1ec3u xem tuy\u00ean b\u1ed1 s\u1ee9 m\u1ec7nh c\u1ee7a Group Engram mang l\u1ea1i gi\u00e1 tr\u1ecb g\u00ec cho doanh nghi\u1ec7p c\u1ee7a b\u1ea1n.<\/p>\n[\/vc_column_text][wgl_spacing spacer_size=&#8221;30px&#8221;][vc_row_inner][vc_column_inner width=&#8221;1\/4&#8243;][wgl_flip_box fb_height=&#8221;280&#8243; front_bg_style=&#8221;front_image&#8221; back_bg_style=&#8221;back_image&#8221; front_bg_image=&#8221;478&#8243; front_logo_image=&#8221;482&#8243; front_title=&#8221;FUNDING&#8221; back_descr=&#8221;Groupe Engram offers as a service to assist you in your grant projects\/requests for financial assistance from government authorities.&#8221; back_bg_image=&#8221;11185&#8243;][\/vc_column_inner][vc_column_inner width=&#8221;1\/4&#8243;][wgl_flip_box fb_dir=&#8221;flip_top&#8221; fb_height=&#8221;280&#8243; front_bg_style=&#8221;front_image&#8221; back_bg_style=&#8221;back_image&#8221; front_bg_image=&#8221;479&#8243; front_logo_image=&#8221;483&#8243; front_title=&#8221;INTERNATIONAL RECRUITMENT&#8221; back_descr=&#8221;Our mission is to enable companies to find the right talents in pools full of qualified labor such as in Morocco and Viet Nam.&#8221; back_bg_image=&#8221;11188&#8243;][\/vc_column_inner][vc_column_inner width=&#8221;1\/4&#8243;][wgl_flip_box fb_dir=&#8221;flip_left&#8221; fb_height=&#8221;280&#8243; front_bg_style=&#8221;front_image&#8221; front_title_color=&#8221;#000000&#8243; front_descr_color=&#8221;#000000&#8243; back_bg_style=&#8221;back_image&#8221; front_bg_image=&#8221;480&#8243; front_logo_image=&#8221;481&#8243; front_title=&#8221;INTERNATIONAL TRADE COMPLIANCE&#8221; back_descr=&#8221;Led by the Engram Group, the primary purpose of the circle is to help and equip its members to respond to organizational and regulatory issues related to customs compliance within their respective companies.&#8221; back_bg_image=&#8221;11191&#8243;][\/vc_column_inner][vc_column_inner width=&#8221;1\/4&#8243;][wgl_flip_box fb_dir=&#8221;flip_bottom&#8221; fb_height=&#8221;280&#8243; front_bg_style=&#8221;front_image&#8221; back_bg_style=&#8221;back_image&#8221; front_bg_image=&#8221;1175&#8243; front_logo_image=&#8221;1217&#8243; back_descr=&#8221;The Business Opportunity Generator is the perfect resource for any business looking to broaden its horizons.&#8221; back_bg_image=&#8221;11194&#8243; front_title=&#8221;BUSINESS OPPORTUNITY GENERATOR&#8221;][\/vc_column_inner][\/vc_row_inner][wgl_spacing spacer_size=&#8221;30px&#8221;][\/vc_column][\/vc_row][vc_row full_width=&#8221;stretch_row_content_no_spaces&#8221; content_placement=&#8221;middle&#8221; css=&#8221;.vc_custom_1710883337695{padding-top: 80px !important;padding-right: 20% !important;padding-bottom: 80px !important;background-color: #eef3f7 !important;}&#8221;][vc_column offset=&#8221;vc_col-md-6&#8243;][wgl_image_layers values=&#8221;%5B%7B%22thumbnail%22%3A%2230950%22%2C%22image_animation%22%3A%22fade_in%22%2C%22image_order%22%3A%221%22%7D%5D&#8221;][wgl_spacing spacer_size=&#8221;8&#8243;][\/vc_column][vc_column css=&#8221;.vc_custom_1541579777829{padding-right: 40px !important;padding-left: 40px !important;}&#8221; offset=&#8221;vc_col-md-6&#8243;][wgl_double_headings title_color=&#8221;#151515&#8243; subtitle_color=&#8221;#1e73be&#8221; title=&#8221;Why explore business opportunities with Ethiopia?&#8221; responsive_font=&#8221;true&#8221; font_size_mobile=&#8221;32&#8243;][wgl_spacing spacer_size=&#8221;22&#8243;][vc_column_text]Ethiopia l\u00e0 m\u1ed9t th\u1ecb tr\u01b0\u1eddng \u0111ang ph\u00e1t tri\u1ec3n nhanh ch\u00f3ng v\u1edbi n\u1ec1n kinh t\u1ebf \u0111ang t\u0103ng tr\u01b0\u1edfng v\u00e0 d\u00e2n s\u1ed1 tr\u1ebb, n\u0103ng \u0111\u1ed9ng. D\u01b0\u1edbi \u0111\u00e2y l\u00e0 m\u1ed9t s\u1ed1 l\u00fd do t\u1ea1i sao c\u00e1c c\u00f4ng ty Canada n\u00ean c\u00e2n nh\u1eafc m\u1edf r\u1ed9ng ho\u1ea1t \u0111\u1ed9ng t\u1ea1i qu\u1ed1c gia n\u00e0y:[\/vc_column_text][wgl_spacing spacer_size=&#8221;20&#8243;][vc_row_inner][vc_column_inner][vc_column_text]\n<ul>\n<li>T\u0103ng tr\u01b0\u1edfng kinh t\u1ebf b\u1ec1n v\u1eefng: Ethiopia c\u00f3 m\u1ed9t trong nh\u1eefng n\u1ec1n kinh t\u1ebf ph\u00e1t tri\u1ec3n nhanh nh\u1ea5t \u1edf Ch\u00e2u Phi, mang l\u1ea1i nhi\u1ec1u c\u01a1 h\u1ed9i \u0111\u1ea7u t\u01b0 v\u00e0 h\u1ee3p t\u00e1c kinh doanh.<\/li>\n<li>D\u00e2n s\u1ed1 \u0111\u00f4ng v\u00e0 ng\u00e0y c\u00e0ng t\u0103ng: V\u1edbi h\u01a1n 110 tri\u1ec7u d\u00e2n, Ethiopia l\u00e0 th\u1ecb tr\u01b0\u1eddng n\u1ed9i \u0111\u1ecba l\u1edbn v\u00e0 \u0111ang ph\u00e1t tri\u1ec3n cho c\u00e1c c\u00f4ng ty Canada.<\/li>\n<li>V\u1ecb tr\u00ed \u0111\u1ecba l\u00fd chi\u1ebfn l\u01b0\u1ee3c: Ethiopia l\u00e0 ng\u00e3 t\u01b0 kinh t\u1ebf \u1edf \u0110\u00f4ng Phi, mang l\u1ea1i kh\u1ea3 n\u0103ng ti\u1ebfp c\u1eadn \u01b0u ti\u00ean t\u1edbi th\u1ecb tr\u01b0\u1eddng khu v\u1ef1c n\u0103ng \u0111\u1ed9ng v\u00e0 kh\u00f4ng ng\u1eebng ph\u00e1t tri\u1ec3n.<\/li>\n<li>V\u1ecb tr\u00ed \u0111\u1ecba l\u00fd chi\u1ebfn l\u01b0\u1ee3c: Ethiopia l\u00e0 qu\u1ed1c gia r\u01a1i t\u01b0 kinh t\u1ebf \u1edf \u0110\u00f4ng Phi, mang l\u1ea1i kh\u1ea3 n\u0103ng ti\u1ebfp c\u1eadn \u01b0u ti\u00ean t\u1edbi th\u1ecb tr\u01b0\u1eddng khu v\u1ef1c n\u0103ng \u0111\u1ed9ng v\u00e0 kh\u00f4ng ng\u1eebng ph\u00e1t tri\u1ec3n.<\/li>\n<li>C\u00e1c ch\u01b0\u01a1ng tr\u00ecnh ph\u00e1t tri\u1ec3n v\u00e0 c\u01a1 s\u1edf h\u1ea1 t\u1ea7ng: Ch\u00ednh ph\u1ee7 Ethiopia \u0111ang tri\u1ec3n khai c\u00e1c ch\u01b0\u01a1ng tr\u00ecnh ph\u00e1t tri\u1ec3n \u0111\u1ea7y tham v\u1ecdng trong nhi\u1ec1u l\u0129nh v\u1ef1c kh\u00e1c nhau, mang \u0111\u1ebfn c\u01a1 h\u1ed9i h\u1ee3p t\u00e1c c\u00f4ng t\u01b0 cho c\u00e1c c\u00f4ng ty Canada.<\/li>\n<\/ul>\n[\/vc_column_text][\/vc_column_inner][\/vc_row_inner][wgl_spacing spacer_size=&#8221;8&#8243; screen_tablet=&#8221;992&#8243; responsive_tablet=&#8221;true&#8221; size_tablet=&#8221;0&#8243;][\/vc_column][\/vc_row][vc_row full_width=&#8221;stretch_row_content_no_spaces&#8221; full_height=&#8221;yes&#8221; equal_height=&#8221;yes&#8221; content_placement=&#8221;middle&#8221; css=&#8221;.vc_custom_1710883352021{padding-top: 80px !important;padding-bottom: 80px !important;padding-left: 20% !important;}&#8221;][vc_column offset=&#8221;vc_col-md-6&#8243; css=&#8221;.vc_custom_1710877241005{padding-right: 40px !important;}&#8221;][wgl_double_headings title_color=&#8221;#151515&#8243; subtitle_color=&#8221;#1e73be&#8221; title=&#8221;High-level interventions&#8221; responsive_font=&#8221;true&#8221; font_size_mobile=&#8221;32&#8243;][wgl_spacing spacer_size=&#8221;8&#8243;][vc_column_text]S\u1ef1 ki\u1ec7n s\u1ebd vinh d\u1ef1 \u0111\u00f3n ti\u1ebfp c\u00e1c \u0111\u1ea1i s\u1ee9 Canada v\u00e0 Ethiopia v\u1edbi vai tr\u00f2 di\u1ec5n gi\u1ea3 ch\u00ednh. C\u00e1c b\u00e0i ph\u00e1t bi\u1ec3u c\u1ee7a h\u1ecd s\u1ebd gi\u00fap ng\u01b0\u1eddi tham d\u1ef1 hi\u1ec3u r\u00f5 h\u01a1n v\u1ec1 quan h\u1ec7 song ph\u01b0\u01a1ng v\u00e0 c\u01a1 h\u1ed9i kinh doanh gi\u1eefa hai n\u01b0\u1edbc.[\/vc_column_text][wgl_spacing spacer_size=&#8221;20&#8243;][vc_row_inner][vc_column_inner][vc_column_text]\n<table width=\"576\">\n<tbody>\n<tr>\n<td><\/td>\n<td>H.E. Fitsum Arega<br \/>\n\u0110\u1ea1i s\u1ee9 Ethiopia t\u1ea1i Canada<\/td>\n<\/tr>\n<tr>\n<td><\/td>\n<td>H.E. Joshua Tabah<\/td>\n<p>\u0110\u1ea1i s\u1ee9 Canada t\u1ea1i Ethiopia<br \/>\n<\/tr>\n<tr>\n<td><\/td>\n<td>M. Franzoni<\/td>\n<p>T\u1ed5ng gi\u00e1m \u0111\u1ed1c \u0111i\u1ec1u h\u00e0nh v\u00e0 ng\u01b0\u1eddi s\u00e1ng l\u1eadp c\u1ee7a Engram Group<br \/>\n<\/tr>\n<tr>\n<td><\/td>\n<td>M. Oumar Diallo<\/td>\n<p>Gi\u00e1m \u0111\u1ed1c Quan h\u1ec7 Qu\u1ed1c t\u1ebf, Th\u00e0nh ph\u1ed1 Montr\u00e9al<br \/>\n<\/tr>\n<tr>\n<td><\/td>\n<td>Marc B\u00e9langer<\/td>\n<p>Ng\u01b0\u1eddi s\u00e1ng l\u1eadp v\u00e0 C\u1ed1 v\u1ea5n c\u1ea5p cao, BI International<br \/>\n<\/tr>\n<tr>\n<td><\/td>\n<td>M. Ed Walsh<\/td>\n<p>Ch\u1ee7 t\u1ecbch c\u1ee7a Elevate Finance Export<br \/>\n<\/tr>\n<tr>\n<td><\/td>\n<td>M. Fazal Sheenazali<\/td>\n<p>Gi\u00e1m \u0111\u1ed1c khu v\u1ef1c, EDC<br \/>\n<\/tr>\n<tr>\n<td><\/td>\n<td>M. Redouane Mekideche<\/td>\n<p>Ph\u00f3 Gi\u00e1m \u0111\u1ed1c ph\u1ee5 tr\u00e1ch c\u00e1c v\u1ea5n \u0111\u1ec1 to\u00e0n c\u1ea7u<br \/>\n<\/tr>\n<tr>\n<td><\/td>\n<td>Mme Pascale Daigneault<\/td>\n<p>Agri Food Canada<br \/>\n<\/tr>\n<tr>\n<td><\/td>\n<td>M. Florent Favrel<\/td>\n<p>Gi\u00e1m \u0111\u1ed1c Quan h\u1ec7 Qu\u1ed1c t\u1ebf, FCCCQ<br \/>\n<\/tr>\n<tr>\n<td><\/td>\n<td>M. Hicham El Gueraroui<\/td>\n<p>Ph\u00f3 Ch\u1ee7 t\u1ecbch, Nh\u00f3m Xu\u1ea5t kh\u1ea9u N\u00f4ng s\u1ea3n Th\u1ef1c ph\u1ea9m<br \/>\n<\/tr>\n<tr>\n<td><\/td>\n<td>M. Africa Zeleke<\/td>\n<p>Ch\u1ee7 t\u1ecbch Ph\u00f2ng Th\u01b0\u01a1ng m\u1ea1i Ethiopia v\u00e0 c\u00e1c Hi\u1ec7p h\u1ed9i Ng\u00e0nh ngh\u1ec1<br \/>\n<\/tr>\n<\/tbody>\n<\/table>\n[\/vc_column_text][\/vc_column_inner][\/vc_row_inner][wgl_spacing spacer_size=&#8221;8&#8243;][\/vc_column][vc_column css=&#8221;.vc_custom_1710876913210{padding-left: 40px !important;background-image: url(https:\/\/groupe-engram.com\/wp-content\/uploads\/2024\/03\/two-smiling-women-holding-files.webp?id=30956) !important;background-position: center !important;background-repeat: no-repeat !important;background-size: cover !important;}&#8221; offset=&#8221;vc_col-md-6&#8243;][wgl_spacing spacer_size=&#8221;600&#8243; screen_tablet=&#8221;992&#8243; responsive_tablet=&#8221;true&#8221; size_tablet=&#8221;25&#8243;][wgl_spacing spacer_size=&#8221;22&#8243;][\/vc_column][\/vc_row][vc_row full_width=&#8221;stretch_row&#8221; css=&#8221;.vc_custom_1710883377151{padding-top: 80px !important;padding-bottom: 80px !important;}&#8221;][vc_column][vc_column_text]\n<h3>Trong th\u1ef1c \u0111\u01a1n \u1edf Sainte-Hyacinthe:<\/h3>\n<ul>\n<li>Giao l\u01b0u: T\u1eadn d\u1ee5ng b\u1eefa s\u00e1ng giao l\u01b0u \u0111\u1ec3 g\u1eb7p g\u1ee1 nh\u1eefng ng\u01b0\u1eddi c\u00f3 vai tr\u00f2 quan tr\u1ecdng trong ng\u00e0nh.<\/li>\n<li>B\u00e0i ph\u00e1t bi\u1ec3u v\u00e0 thuy\u1ebft tr\u00ecnh:<br \/>\nTham d\u1ef1 c\u00e1c bu\u1ed5i thuy\u1ebft tr\u00ecnh c\u1ea5p cao v\u1ec1 nh\u1eadp kh\u1ea9u n\u00f4ng s\u1ea3n th\u1ef1c ph\u1ea9m v\u00e0o Canada v\u00e0 c\u00e1ch th\u1ee9c th\u00e2m nh\u1eadp th\u1ecb tr\u01b0\u1eddng b\u00e1n l\u1ebb Canada.<br \/>\nB\u00e0i thuy\u1ebft tr\u00ecnh v\u1ec1 gi\u00e1 tr\u1ecb c\u1ed1t l\u00f5i c\u1ee7a Technopole de Sainte-Hyacinthe c\u1ee7a Karine Guibault, Gi\u00e1m \u0111\u1ed1c Technopole<\/li>\n<li>Nh\u1eadp kh\u1ea9u n\u00f4ng s\u1ea3n th\u1ef1c ph\u1ea9m v\u00e0o Canada: T\u1ed5ng quan v\u1ec1 quy tr\u00ecnh th\u00f4ng quan c\u1ee7a Marc-Antoine Jean, Gi\u00e1m \u0111\u1ed1c Tu\u00e2n th\u1ee7 Th\u01b0\u01a1ng m\u1ea1i, Axxess International<\/li>\n<li>L\u00e0m th\u1ebf n\u00e0o \u0111\u1ec3 th\u00e2m nh\u1eadp v\u00e0o th\u1ecb tr\u01b0\u1eddng b\u00e1n l\u1ebb Canada b\u1eb1ng c\u00e1ch<br \/>\nMs. Jennifer Brodeur,<br \/>\nCh\u1ee7 t\u1ecbch, ExcellenceBrandz<\/li>\n<li>Tham quan c\u00f4ng ty: Tham gia chuy\u1ebfn tham quan c\u00f4ng ty t\u1ea1i Sainte-Hyacinthe \u0111\u1ec3 hi\u1ec3u r\u00f5 h\u01a1n v\u1ec1 ho\u1ea1t \u0111\u1ed9ng kinh doanh t\u1ea1i \u0111\u1ecba ph\u01b0\u01a1ng.<\/li>\n<\/ul>\n<p>\u0110\u1eebng b\u1ecf l\u1ee1 c\u01a1 h\u1ed9i duy nh\u1ea5t n\u00e0y \u0111\u1ec3 ph\u00e1t tri\u1ec3n doanh nghi\u1ec7p c\u1ee7a b\u1ea1n tr\u00ean th\u1ecb tr\u01b0\u1eddng qu\u1ed1c t\u1ebf. H\u00e3y \u0111\u1eb7t ch\u1ed7 ngay \u0111\u1ec3 tham gia nh\u1eefng s\u1ef1 ki\u1ec7n \u0111\u1ed9c quy\u1ec1n n\u00e0y.[\/vc_column_text][wgl_spacing spacer_size=&#8221;20&#8243;][wgl_spacing spacer_size=&#8221;8&#8243; screen_tablet=&#8221;992&#8243; responsive_tablet=&#8221;true&#8221; size_tablet=&#8221;0&#8243;][\/vc_column][\/vc_row]\n<\/div>","protected":false},"excerpt":{"rendered":"<p>[vc_row full_width=&#8221;stretch_row&#8221;][vc_column][\/vc_column][\/vc_row][vc_row full_width=&#8221;stretch_row&#8221; equal_height=&#8221;yes&#8221; css=&#8221;.vc_custom_1710883500205{padding-top: 10px !important;padding-bottom: 80px !important;background-position: center !important;background-repeat: no-repeat !important;background-size: cover !important;}&#8221;][vc_column width=&#8221;1\/6&#8243;][\/vc_column][vc_column width=&#8221;2\/3&#8243;][vc_row_inner equal_height=&#8221;yes&#8221;][vc_column_inner width=&#8221;1\/2&#8243;][wgl_info_box ib_align=&#8221;center&#8221; icon_type=&#8221;font&#8221; icon_font_type=&#8221;type_flaticon&#8221; icon_flaticon=&#8221;flaticon-placeholder&#8221; add_shadow=&#8221;true&#8221; ib_title=&#8221;Event in Montreal&#8221; ib_subtitle=&#8221;Date: 8 May [&hellip;]<\/p>\n","protected":false},"author":1,"featured_media":0,"parent":0,"menu_order":0,"comment_status":"closed","ping_status":"closed","template":"","meta":{"_price":"","_stock":"","_tribe_ticket_header":"","_tribe_default_ticket_provider":"","_tribe_ticket_capacity":"0","_ticket_start_date":"","_ticket_end_date":"","_tribe_ticket_show_description":"","_tribe_ticket_show_not_going":false,"_tribe_ticket_use_global_stock":"","_tribe_ticket_global_stock_level":"","_global_stock_mode":"","_global_stock_cap":"","_tribe_rsvp_for_event":"","_tribe_ticket_going_count":"","_tribe_ticket_not_going_count":"","_tribe_tickets_list":"[]","_tribe_ticket_has_attendee_info_fields":false,"footnotes":""},"class_list":["post-31287","page","type-page","status-publish","hentry"],"_links":{"self":[{"href":"https:\/\/groupe-engram.com\/vi\/wp-json\/wp\/v2\/pages\/31287"}],"collection":[{"href":"https:\/\/groupe-engram.com\/vi\/wp-json\/wp\/v2\/pages"}],"about":[{"href":"https:\/\/groupe-engram.com\/vi\/wp-json\/wp\/v2\/types\/page"}],"author":[{"embeddable":true,"href":"https:\/\/groupe-engram.com\/vi\/wp-json\/wp\/v2\/users\/1"}],"replies":[{"embeddable":true,"href":"https:\/\/groupe-engram.com\/vi\/wp-json\/wp\/v2\/comments?post=31287"}],"version-history":[{"count":2,"href":"https:\/\/groupe-engram.com\/vi\/wp-json\/wp\/v2\/pages\/31287\/revisions"}],"predecessor-version":[{"id":31289,"href":"https:\/\/groupe-engram.com\/vi\/wp-json\/wp\/v2\/pages\/31287\/revisions\/31289"}],"wp:attachment":[{"href":"https:\/\/groupe-engram.com\/vi\/wp-json\/wp\/v2\/media?parent=31287"}],"curies":[{"name":"wp","href":"https:\/\/api.w.org\/{rel}","templated":true}]}}