{"id":31283,"date":"2025-11-21T14:39:47","date_gmt":"2025-11-21T14:39:47","guid":{"rendered":"https:\/\/groupe-engram.com\/nganh-phat-trien-kinh-doanh-quoc-phong\/"},"modified":"2025-11-21T20:18:36","modified_gmt":"2025-11-21T20:18:36","slug":"nganh-phat-trien-kinh-doanh-quoc-phong","status":"publish","type":"page","link":"https:\/\/groupe-engram.com\/vi\/nganh-phat-trien-kinh-doanh-quoc-phong\/","title":{"rendered":"Ng\u00e0nh Ph\u00e1t tri\u1ec3n Kinh doanh va\u0340 Qu\u1ed1c ph\u00f2ng"},"content":{"rendered":"<div class=\"wpb-content-wrapper\">[vc_row][vc_column][vc_column_text]Groupe Engram \u0111ang th\u00e0nh l\u1eadp doanh nghi\u1ec7p t\u1ea1i C\u00e1c Ti\u1ec3u v\u01b0\u01a1ng qu\u1ed1c \u1ea2 R\u1eadp Th\u1ed1ng nh\u1ea5t!<br \/>\nV\u1ecb tr\u00ed v\u1ec7 tinh chi\u1ebfn l\u01b0\u1ee3c m\u1edbi n\u00e0y cho ph\u00e9p ch\u00fang t\u00f4i c\u1ee7ng c\u1ed1 s\u1ef1 hi\u1ec7n di\u1ec7n c\u1ee7a m\u00ecnh t\u1ea1i Trung \u0110\u00f4ng, g\u1ea7n g\u0169i h\u01a1n v\u1edbi c\u00e1c \u0111\u1ed1i t\u00e1c v\u00e0 ph\u00e1t tri\u1ec3n h\u01a1n n\u1eefa s\u1ef1 h\u1ee3p t\u00e1c v\u1edbi c\u00e1c c\u00f4ng ty trong l\u0129nh v\u1ef1c qu\u1ed1c ph\u00f2ng, mang \u0111\u1ebfn cho h\u1ecd kh\u1ea3 n\u0103ng ti\u1ebfp c\u1eadn nhi\u1ec1u h\u01a1n v\u1edbi c\u00e1c c\u01a1 h\u1ed9i m\u1edbi. N\u00f3 c\u0169ng l\u00e0m t\u0103ng c\u01b0\u1eddng s\u1ef1 ph\u1ed1i h\u1ee3p gi\u1eefa c\u00e1c v\u0103n ph\u00f2ng c\u1ee7a ch\u00fang t\u00f4i t\u1ea1i Montreal, Casablanca v\u00e0 H\u00e0 N\u1ed9i, cho ph\u00e9p ch\u00fang t\u00f4i h\u1ed7 tr\u1ee3 c\u00e1c c\u00f4ng ty trong qu\u00e1 tr\u00ecnh m\u1edf r\u1ed9ng ra qu\u1ed1c t\u1ebf.[\/vc_column_text][vc_single_image image=&#8221;31370&#8243; img_size=&#8221;large&#8221; alignment=&#8221;center&#8221; css=&#8221;.vc_custom_1763756262240{margin-top: 35px !important;}&#8221;][\/vc_column][\/vc_row]\n<\/div>","protected":false},"excerpt":{"rendered":"<p>[vc_row][vc_column][vc_column_text]Groupe Engram \u0111ang th\u00e0nh l\u1eadp doanh nghi\u1ec7p t\u1ea1i C\u00e1c Ti\u1ec3u v\u01b0\u01a1ng qu\u1ed1c \u1ea2 R\u1eadp Th\u1ed1ng nh\u1ea5t! V\u1ecb tr\u00ed v\u1ec7 tinh chi\u1ebfn l\u01b0\u1ee3c m\u1edbi n\u00e0y cho ph\u00e9p ch\u00fang t\u00f4i c\u1ee7ng c\u1ed1 [&hellip;]<\/p>\n","protected":false},"author":1,"featured_media":0,"parent":0,"menu_order":0,"comment_status":"closed","ping_status":"closed","template":"","meta":{"_price":"","_stock":"","_tribe_ticket_header":"","_tribe_default_ticket_provider":"","_tribe_ticket_capacity":"0","_ticket_start_date":"","_ticket_end_date":"","_tribe_ticket_show_description":"","_tribe_ticket_show_not_going":false,"_tribe_ticket_use_global_stock":"","_tribe_ticket_global_stock_level":"","_global_stock_mode":"","_global_stock_cap":"","_tribe_rsvp_for_event":"","_tribe_ticket_going_count":"","_tribe_ticket_not_going_count":"","_tribe_tickets_list":"[]","_tribe_ticket_has_attendee_info_fields":false,"footnotes":""},"class_list":["post-31283","page","type-page","status-publish","hentry"],"_links":{"self":[{"href":"https:\/\/groupe-engram.com\/vi\/wp-json\/wp\/v2\/pages\/31283"}],"collection":[{"href":"https:\/\/groupe-engram.com\/vi\/wp-json\/wp\/v2\/pages"}],"about":[{"href":"https:\/\/groupe-engram.com\/vi\/wp-json\/wp\/v2\/types\/page"}],"author":[{"embeddable":true,"href":"https:\/\/groupe-engram.com\/vi\/wp-json\/wp\/v2\/users\/1"}],"replies":[{"embeddable":true,"href":"https:\/\/groupe-engram.com\/vi\/wp-json\/wp\/v2\/comments?post=31283"}],"version-history":[{"count":4,"href":"https:\/\/groupe-engram.com\/vi\/wp-json\/wp\/v2\/pages\/31283\/revisions"}],"predecessor-version":[{"id":31376,"href":"https:\/\/groupe-engram.com\/vi\/wp-json\/wp\/v2\/pages\/31283\/revisions\/31376"}],"wp:attachment":[{"href":"https:\/\/groupe-engram.com\/vi\/wp-json\/wp\/v2\/media?parent=31283"}],"curies":[{"name":"wp","href":"https:\/\/api.w.org\/{rel}","templated":true}]}}