{"id":30826,"date":"2024-02-04T09:41:00","date_gmt":"2024-02-04T09:41:00","guid":{"rendered":"https:\/\/groupe-engram.com\/media\/"},"modified":"2024-07-10T14:49:25","modified_gmt":"2024-07-10T14:49:25","slug":"media","status":"publish","type":"page","link":"https:\/\/groupe-engram.com\/vi\/media\/","title":{"rendered":"Ph\u01b0\u01a1ng ti\u1ec7n truy\u1ec1n th\u00f4ng"},"content":{"rendered":"<div class=\"wpb-content-wrapper\">[vc_row full_width=&#8221;stretch_row&#8221; disable_element=&#8221;yes&#8221; css=&#8221;.vc_custom_1707040727860{padding-top: 20px !important;}&#8221;][vc_column width=&#8221;1\/3&#8243;][wgl_spacing spacer_size=&#8221;30&#8243;][\/vc_column][vc_column width=&#8221;1\/3&#8243;][\/vc_column][vc_column width=&#8221;1\/3&#8243;][\/vc_column][\/vc_row][vc_row full_width=&#8221;stretch_row&#8221; disable_element=&#8221;yes&#8221; css=&#8221;.vc_custom_1707040719688{padding-top: 20px !important;}&#8221;][vc_column width=&#8221;1\/3&#8243;][wgl_spacing spacer_size=&#8221;30&#8243;][\/vc_column][vc_column width=&#8221;1\/3&#8243;][wgl_spacing spacer_size=&#8221;30&#8243;][\/vc_column][vc_column width=&#8221;1\/3&#8243;][vc_single_image image=&#8221;30802&#8243; img_size=&#8221;full&#8221; alignment=&#8221;center&#8221; onclick=&#8221;custom_link&#8221; img_link_target=&#8221;_blank&#8221; link=&#8221;https:\/\/www.radiolac.ch\/podcasts\/parlons-economie-22-06-2023-1430\/&#8221;][\/vc_column][\/vc_row][vc_row full_width=&#8221;stretch_row&#8221; css=&#8221;.vc_custom_1707042368690{padding-top: 20px !important;padding-bottom: 80px !important;}&#8221;][vc_column][vc_row_inner][vc_column_inner][vc_custom_heading text=&#8221;Video&#8221;][wgl_spacing spacer_size=&#8221;30&#8243;][\/vc_column_inner][\/vc_row_inner][vc_row_inner][vc_column_inner width=&#8221;1\/3&#8243;][vc_single_image image=&#8221;30805&#8243; img_size=&#8221;full&#8221; alignment=&#8221;center&#8221; onclick=&#8221;custom_link&#8221; img_link_target=&#8221;_blank&#8221; link=&#8221;https:\/\/www.youtube.com\/watch?v=KFkCA6Bg6E4&#8243;][wgl_spacing spacer_size=&#8221;20&#8243;][vc_column_text]\n<h6><span style=\"font-weight: 400;\">Ng\u01b0\u1eddi \u0111\u1ee9ng \u0111\u1ea7u Ph\u00e1i \u0111o\u00e0n t\u1ea1i Paris c\u1ee7a Regroupement des Jeunes Chambres de Commerces du Qu\u00e9bec. Internet of Things.<\/span><\/h6>\n[\/vc_column_text][wgl_spacing spacer_size=&#8221;30&#8243;][\/vc_column_inner][vc_column_inner width=&#8221;1\/3&#8243;][vc_single_image image=&#8221;30808&#8243; img_size=&#8221;full&#8221; alignment=&#8221;center&#8221; onclick=&#8221;custom_link&#8221; img_link_target=&#8221;_blank&#8221; link=&#8221;https:\/\/vnews.gov.vn\/video\/viet-nam-va-co-hoi-dau-tu-cua-doanh-nghiep-quebec-canada-105038.htm&#8221;][wgl_spacing spacer_size=&#8221;20&#8243;][vc_column_text]\n<h6><span style=\"font-weight: 400;\">Ph\u1ecfng v\u1ea5n<\/span> <span style=\"font-weight: 400;\">R\u00e9my Franzoni, Ch\u1ee7 t\u1ecbch T\u1eadp \u0111o\u00e0n Engram, v\u1ec1 c\u01a1 h\u1ed9i Canada-Vi\u1ec7t Nam tr\u00ean truy\u1ec1n h\u00ecnh qu\u1ed1c gia: Tin t\u1ee9c Vi\u1ec7t Nam<\/span><\/h6>\n[\/vc_column_text][wgl_spacing spacer_size=&#8221;30&#8243;][\/vc_column_inner][vc_column_inner width=&#8221;1\/3&#8243;][vc_single_image image=&#8221;30811&#8243; img_size=&#8221;full&#8221; alignment=&#8221;center&#8221; onclick=&#8221;custom_link&#8221; img_link_target=&#8221;_blank&#8221; link=&#8221;https:\/\/vimeo.com\/892267793&#8243;][wgl_spacing spacer_size=&#8221;20&#8243;][vc_column_text]\n<h6><span style=\"font-weight: 400;\">Ph\u1ecfng v\u1ea5n R\u00e9my Franzoni, Ch\u1ee7 t\u1ecbch Groupe Engram v\u00e0 Gi\u00e1m \u0111\u1ed1c Hi\u1ec7p h\u1ed9i Fournisseurs Chantier Davie Canada (AFCDC).<\/span><\/h6>\n[\/vc_column_text][\/vc_column_inner][\/vc_row_inner][vc_row_inner css=&#8221;.vc_custom_1707259310525{padding-top: 40px !important;}&#8221;][vc_column_inner width=&#8221;1\/3&#8243;][vc_single_image image=&#8221;30814&#8243; img_size=&#8221;full&#8221; alignment=&#8221;center&#8221; onclick=&#8221;custom_link&#8221; img_link_target=&#8221;_blank&#8221; link=&#8221;https:\/\/twitter.com\/fitsumaregaa\/status\/1657237252404027393&#8243;][wgl_spacing spacer_size=&#8221;20&#8243;][vc_column_text]\n<h6><span style=\"font-weight: 400;\">Ph\u1ecfng v\u1ea5n R\u00e9my Franzoni, Ch\u1ee7 t\u1ecbch T\u1eadp \u0111o\u00e0n Engram v\u00e0 Tr\u01b0\u1edfng ph\u00e1i \u0111o\u00e0n Ethiopia t\u1ea1i SIAL Toronto, \u0110\u00e0i Truy\u1ec1n h\u00ecnh Qu\u1ed1c gia Ethiopia.<\/span><\/h6>\n[\/vc_column_text][wgl_spacing spacer_size=&#8221;30&#8243;][\/vc_column_inner][vc_column_inner width=&#8221;1\/3&#8243;][vc_single_image image=&#8221;30823&#8243; img_size=&#8221;full&#8221; alignment=&#8221;center&#8221; onclick=&#8221;custom_link&#8221; img_link_target=&#8221;_blank&#8221; link=&#8221;https:\/\/www.linkedin.com\/posts\/association-des-fournisseurs-de-chantier-davie-canada_daezveloppementaezconomique-constructionnavale-activity-7070194787701673984-pJx0\/?utm_source=share&amp;utm_medium=member_android&#8221;][wgl_spacing spacer_size=&#8221;20&#8243;][vc_column_text]\n<h6><span style=\"font-weight: 400;\">Ph\u1ecfng v\u1ea5n R\u00e9my Franzoni, Ch\u1ee7 t\u1ecbch Groupe Engram, ph\u00e1i \u0111o\u00e0n AFCCDC t\u1ea1i Ph\u00e1p, th\u0103m c\u00e1c nh\u00e0 m\u00e1y \u0111\u00f3ng t\u00e0u c\u1ee7a Ph\u00e1p<\/span><\/h6>\n[\/vc_column_text][wgl_spacing spacer_size=&#8221;30&#8243;][\/vc_column_inner][vc_column_inner width=&#8221;1\/3&#8243;][vc_single_image image=&#8221;30904&#8243; img_size=&#8221;full&#8221; alignment=&#8221;center&#8221; onclick=&#8221;custom_link&#8221; img_link_target=&#8221;_blank&#8221; link=&#8221;https:\/\/groupe-engram.com\/vi\/blog\/portfolio\/phan-tich-ky-thuat-so\/&#8221;][wgl_spacing spacer_size=&#8221;20&#8243;][vc_column_text]\n<h6><span style=\"font-weight: 400;\">Jeune Afrique ph\u1ecfng v\u1ea5n R\u00e9my Franzoni, Ch\u1ee7 t\u1ecbch Groupe Engram<\/span><\/h6>\n[\/vc_column_text][wgl_spacing spacer_size=&#8221;30&#8243;][\/vc_column_inner][\/vc_row_inner][vc_row_inner css=&#8221;.vc_custom_1707259310525{padding-top: 40px !important;}&#8221;][vc_column_inner width=&#8221;1\/3&#8243;][vc_single_image image=&#8221;31011&#8243; img_size=&#8221;full&#8221; alignment=&#8221;center&#8221; onclick=&#8221;custom_link&#8221; img_link_target=&#8221;_blank&#8221; link=&#8221;https:\/\/www.youtube.com\/watch?v=oLXbu0-MCAo&amp;feature=youtu.be&#8221;][wgl_spacing spacer_size=&#8221;20&#8243;][vc_column_text]\n<h6><span style=\"font-weight: 400;\">Di\u1ec5n \u0111\u00e0n sinh vi\u00ean qu\u1ed1c t\u1ebf.<\/span><\/h6>\n[\/vc_column_text][wgl_spacing spacer_size=&#8221;30&#8243;][\/vc_column_inner][vc_column_inner width=&#8221;1\/3&#8243;][\/vc_column_inner][vc_column_inner width=&#8221;1\/3&#8243;][\/vc_column_inner][\/vc_row_inner][\/vc_column][\/vc_row][vc_row full_width=&#8221;stretch_row&#8221; css=&#8221;.vc_custom_1707040805057{padding-top: 40px !important;padding-bottom: 80px !important;}&#8221;][vc_column][vc_row_inner][vc_column_inner][vc_custom_heading text=&#8221;Podcast v\u00e0 c\u00e1c b\u00e0i b\u00e1o tin t\u1ee9c&#8221;][wgl_spacing spacer_size=&#8221;30&#8243;][\/vc_column_inner][\/vc_row_inner][vc_row_inner][vc_column_inner width=&#8221;1\/3&#8243;][vc_single_image image=&#8221;30817&#8243; img_size=&#8221;full&#8221; alignment=&#8221;center&#8221; onclick=&#8221;custom_link&#8221; img_link_target=&#8221;_blank&#8221; link=&#8221;https:\/\/www.radiolac.ch\/podcasts\/parlons-economie-22-06-2023-1430\/&#8221;][wgl_spacing spacer_size=&#8221;20&#8243;][vc_column_text]\n<h6><span style=\"font-weight: 400;\">Ph\u1ecfng v\u1ea5n R\u00e9my Franzoni, Ch\u1ee7 t\u1ecbch Groupe Engram, H\u1ed9i ngh\u1ecb Th\u01b0\u1ee3ng \u0111\u1ec9nh Th\u1ebf gi\u1edbi v\u1ec1 Ph\u00f2ng Th\u01b0\u01a1ng m\u1ea1i, Geneva, \u0110\u00e0i ph\u00e1t thanh Lac CH.<\/span><\/h6>\n[\/vc_column_text][wgl_spacing spacer_size=&#8221;30&#8243;][\/vc_column_inner][vc_column_inner width=&#8221;1\/3&#8243;][vc_single_image image=&#8221;30820&#8243; img_size=&#8221;full&#8221; alignment=&#8221;center&#8221; onclick=&#8221;custom_link&#8221; img_link_target=&#8221;_blank&#8221; link=&#8221;https:\/\/vietnamnews.vn\/economy\/1638186\/viet-nam-a-gateway-for-canadian-firms-to-enter-asean-insiders.html&#8221;][wgl_spacing spacer_size=&#8221;20&#8243;][vc_column_text]\n<h6><span style=\"font-weight: 400;\">C\u00e1c ph\u01b0\u01a1ng ti\u1ec7n truy\u1ec1n th\u00f4ng \u0111\u01b0a tin v\u1ec1 T\u1eadp \u0111o\u00e0n Engram tr\u00ean Viet Nam News, \u1ea5n b\u1ea3n ti\u1ebfng Anh.<\/span><\/h6>\n[\/vc_column_text][wgl_spacing spacer_size=&#8221;30&#8243;][\/vc_column_inner][vc_column_inner width=&#8221;1\/3&#8243;][vc_single_image image=&#8221;31007&#8243; img_size=&#8221;full&#8221; alignment=&#8221;center&#8221; onclick=&#8221;custom_link&#8221; img_link_target=&#8221;_blank&#8221; link=&#8221;https:\/\/open.spotify.com\/episode\/7upXQIkwjI3iiJE59TWK1B?si=18751f5a025c4390&amp;nd=1&amp;dlsi=4cfee100db844f6e&#8221;][wgl_spacing spacer_size=&#8221;20&#8243;][vc_column_text]\n<h6><span style=\"font-weight: 400;\">Kh\u00e1m ph\u00e1 vi\u1ec7c th\u00e2m nh\u1eadp th\u1ecb tr\u01b0\u1eddng v\u00e0 th\u00e0nh c\u00f4ng t\u1ea1i Vi\u1ec7t Nam v\u1edbi Groupe Engram.<\/span><\/h6>\n[\/vc_column_text][\/vc_column_inner][\/vc_row_inner][\/vc_column][\/vc_row]\n<\/div>","protected":false},"excerpt":{"rendered":"<p>[vc_row full_width=&#8221;stretch_row&#8221; disable_element=&#8221;yes&#8221; css=&#8221;.vc_custom_1707040727860{padding-top: 20px !important;}&#8221;][vc_column width=&#8221;1\/3&#8243;][wgl_spacing spacer_size=&#8221;30&#8243;][\/vc_column][vc_column width=&#8221;1\/3&#8243;][\/vc_column][vc_column width=&#8221;1\/3&#8243;][\/vc_column][\/vc_row][vc_row full_width=&#8221;stretch_row&#8221; disable_element=&#8221;yes&#8221; css=&#8221;.vc_custom_1707040719688{padding-top: 20px !important;}&#8221;][vc_column width=&#8221;1\/3&#8243;][wgl_spacing spacer_size=&#8221;30&#8243;][\/vc_column][vc_column width=&#8221;1\/3&#8243;][wgl_spacing spacer_size=&#8221;30&#8243;][\/vc_column][vc_column width=&#8221;1\/3&#8243;][vc_single_image image=&#8221;30802&#8243; img_size=&#8221;full&#8221; alignment=&#8221;center&#8221; onclick=&#8221;custom_link&#8221; img_link_target=&#8221;_blank&#8221; link=&#8221;https:\/\/www.radiolac.ch\/podcasts\/parlons-economie-22-06-2023-1430\/&#8221;][\/vc_column][\/vc_row][vc_row full_width=&#8221;stretch_row&#8221; css=&#8221;.vc_custom_1707042368690{padding-top: 20px !important;padding-bottom: [&hellip;]<\/p>\n","protected":false},"author":1,"featured_media":0,"parent":0,"menu_order":0,"comment_status":"closed","ping_status":"closed","template":"","meta":{"_price":"","_stock":"","_tribe_ticket_header":"","_tribe_default_ticket_provider":"","_tribe_ticket_capacity":"0","_ticket_start_date":"","_ticket_end_date":"","_tribe_ticket_show_description":"","_tribe_ticket_show_not_going":false,"_tribe_ticket_use_global_stock":"","_tribe_ticket_global_stock_level":"","_global_stock_mode":"","_global_stock_cap":"","_tribe_rsvp_for_event":"","_tribe_ticket_going_count":"","_tribe_ticket_not_going_count":"","_tribe_tickets_list":"[]","_tribe_ticket_has_attendee_info_fields":false,"footnotes":""},"class_list":["post-30826","page","type-page","status-publish","hentry"],"_links":{"self":[{"href":"https:\/\/groupe-engram.com\/vi\/wp-json\/wp\/v2\/pages\/30826"}],"collection":[{"href":"https:\/\/groupe-engram.com\/vi\/wp-json\/wp\/v2\/pages"}],"about":[{"href":"https:\/\/groupe-engram.com\/vi\/wp-json\/wp\/v2\/types\/page"}],"author":[{"embeddable":true,"href":"https:\/\/groupe-engram.com\/vi\/wp-json\/wp\/v2\/users\/1"}],"replies":[{"embeddable":true,"href":"https:\/\/groupe-engram.com\/vi\/wp-json\/wp\/v2\/comments?post=30826"}],"version-history":[{"count":11,"href":"https:\/\/groupe-engram.com\/vi\/wp-json\/wp\/v2\/pages\/30826\/revisions"}],"predecessor-version":[{"id":31018,"href":"https:\/\/groupe-engram.com\/vi\/wp-json\/wp\/v2\/pages\/30826\/revisions\/31018"}],"wp:attachment":[{"href":"https:\/\/groupe-engram.com\/vi\/wp-json\/wp\/v2\/media?parent=30826"}],"curies":[{"name":"wp","href":"https:\/\/api.w.org\/{rel}","templated":true}]}}