{"id":15857,"date":"2023-03-18T20:58:02","date_gmt":"2023-03-18T20:58:02","guid":{"rendered":"https:\/\/groupe-engram.com\/upcoming-events\/"},"modified":"2025-11-21T18:39:21","modified_gmt":"2025-11-21T18:39:21","slug":"upcoming-events","status":"publish","type":"page","link":"https:\/\/groupe-engram.com\/vi\/upcoming-events\/","title":{"rendered":"S\u1ef1 ki\u1ec7n"},"content":{"rendered":"<div class=\"wpb-content-wrapper\">[vc_row disable_element=&#8221;yes&#8221;][vc_column][vc_column_text][wfea style=&#8221;theme-blue&#8221; layout=&#8221;card&#8221;][\/vc_column_text][\/vc_column][\/vc_row][vc_row full_width=&#8221;stretch_row&#8221; css=&#8221;.vc_custom_1707042368690{padding-top: 20px !important;padding-bottom: 80px !important;}&#8221;][vc_column][vc_row_inner][vc_column_inner][vc_custom_heading text=&#8221;S\u1ef1 ki\u1ec7n s\u1eafp t\u1edbi&#8221; css=&#8221;&#8221;][wgl_spacing spacer_size=&#8221;30&#8243;][\/vc_column_inner][\/vc_row_inner][vc_row_inner][vc_column_inner width=&#8221;1\/3&#8243;][vc_single_image image=&#8221;30976&#8243; img_size=&#8221;full&#8221; alignment=&#8221;center&#8221; onclick=&#8221;custom_link&#8221; img_link_target=&#8221;_blank&#8221; link=&#8221;https:\/\/www.eventbrite.ca\/e\/rencontrez-la-delegation-ethiopienne-au-canada-montreal-tickets-862374554507?aff=oddtdtcreator&#8221;][wgl_spacing spacer_size=&#8221;20&#8243;][vc_column_text css=&#8221;&#8221;]\n<h6><a href=\"https:\/\/www.eventbrite.ca\/e\/rencontrez-la-delegation-ethiopienne-au-canada-montreal-tickets-862374554507?aff=oddtdtcreator\" target=\"_blank\" rel=\"noopener\"><span style=\"font-weight: 400;\">G\u1eb7p g\u1ee1 \u0111o\u00e0n \u0111\u1ea1i bi\u1ec3u Ethiopia t\u1ea1i Canada &#8211; Montr\u00e9al. C\u01a1 h\u1ed9i kinh doanh trong l\u0129nh v\u1ef1c n\u00f4ng nghi\u1ec7p &#8211; th\u1ef1c ph\u1ea9m: G\u1eb7p g\u1ee1 h\u01a1n 50 c\u00f4ng ty Ethiopia [B2B\/h\u1ed9i th\u1ea3o]Business opportunities in the agri-food sector: Meet more than 50 Ethiopian companies [B2B\/workshops]<\/span><\/a><\/h6>\n[\/vc_column_text][wgl_spacing spacer_size=&#8221;30&#8243;][\/vc_column_inner][vc_column_inner width=&#8221;1\/3&#8243;][vc_single_image image=&#8221;30979&#8243; img_size=&#8221;full&#8221; alignment=&#8221;center&#8221; onclick=&#8221;custom_link&#8221; img_link_target=&#8221;_blank&#8221; link=&#8221;https:\/\/www.eventbrite.ca\/e\/rencontrez-la-delegation-ethiopienne-au-canada-st-hyacinthe-tickets-862385758017?aff=oddtdtcreator&#8221;][wgl_spacing spacer_size=&#8221;20&#8243;][vc_column_text css=&#8221;&#8221;]\n<h6><a href=\"https:\/\/www.eventbrite.ca\/e\/rencontrez-la-delegation-ethiopienne-au-canada-st-hyacinthe-tickets-862385758017?aff=oddtdtcreator\" target=\"_blank\" rel=\"noopener\"><span style=\"font-weight: 400;\">G\u1eb7p g\u1ee1 ph\u00e1i \u0111o\u00e0n Ethiopia t\u1ea1i Canada &#8211; Saint-Hyacinthe. C\u01a1 h\u1ed9i kinh doanh trong l\u0129nh v\u1ef1c n\u00f4ng nghi\u1ec7p &#8211; th\u1ef1c ph\u1ea9m: G\u1eb7p g\u1ee1 h\u01a1n 50 c\u00f4ng ty Ethiopia [B2B\/h\u1ed9i th\u1ea3o]Business opportunities in the agri-food sector: Meet more than 50 Ethiopian companies [B2B\/workshops]<\/span><\/a><\/h6>\n[\/vc_column_text][wgl_spacing spacer_size=&#8221;30&#8243;][\/vc_column_inner][vc_column_inner width=&#8221;1\/3&#8243;][\/vc_column_inner][\/vc_row_inner][\/vc_column][\/vc_row]\n<\/div>","protected":false},"excerpt":{"rendered":"<p>[vc_row disable_element=&#8221;yes&#8221;][vc_column][vc_column_text][wfea style=&#8221;theme-blue&#8221; layout=&#8221;card&#8221;][\/vc_column_text][\/vc_column][\/vc_row][vc_row full_width=&#8221;stretch_row&#8221; css=&#8221;.vc_custom_1707042368690{padding-top: 20px !important;padding-bottom: 80px !important;}&#8221;][vc_column][vc_row_inner][vc_column_inner][vc_custom_heading text=&#8221;S\u1ef1 ki\u1ec7n s\u1eafp t\u1edbi&#8221; css=&#8221;&#8221;][wgl_spacing spacer_size=&#8221;30&#8243;][\/vc_column_inner][\/vc_row_inner][vc_row_inner][vc_column_inner width=&#8221;1\/3&#8243;][vc_single_image image=&#8221;30976&#8243; img_size=&#8221;full&#8221; alignment=&#8221;center&#8221; onclick=&#8221;custom_link&#8221; img_link_target=&#8221;_blank&#8221; link=&#8221;https:\/\/www.eventbrite.ca\/e\/rencontrez-la-delegation-ethiopienne-au-canada-montreal-tickets-862374554507?aff=oddtdtcreator&#8221;][wgl_spacing spacer_size=&#8221;20&#8243;][vc_column_text css=&#8221;&#8221;] G\u1eb7p g\u1ee1 \u0111o\u00e0n \u0111\u1ea1i bi\u1ec3u [&hellip;]<\/p>\n","protected":false},"author":1,"featured_media":0,"parent":0,"menu_order":0,"comment_status":"closed","ping_status":"closed","template":"","meta":{"_price":"","_stock":"","_tribe_ticket_header":"","_tribe_default_ticket_provider":"","_tribe_ticket_capacity":"0","_ticket_start_date":"","_ticket_end_date":"","_tribe_ticket_show_description":"","_tribe_ticket_show_not_going":false,"_tribe_ticket_use_global_stock":"","_tribe_ticket_global_stock_level":"","_global_stock_mode":"","_global_stock_cap":"","_tribe_rsvp_for_event":"","_tribe_ticket_going_count":"","_tribe_ticket_not_going_count":"","_tribe_tickets_list":"[]","_tribe_ticket_has_attendee_info_fields":false,"footnotes":""},"class_list":["post-15857","page","type-page","status-publish","hentry"],"_links":{"self":[{"href":"https:\/\/groupe-engram.com\/vi\/wp-json\/wp\/v2\/pages\/15857"}],"collection":[{"href":"https:\/\/groupe-engram.com\/vi\/wp-json\/wp\/v2\/pages"}],"about":[{"href":"https:\/\/groupe-engram.com\/vi\/wp-json\/wp\/v2\/types\/page"}],"author":[{"embeddable":true,"href":"https:\/\/groupe-engram.com\/vi\/wp-json\/wp\/v2\/users\/1"}],"replies":[{"embeddable":true,"href":"https:\/\/groupe-engram.com\/vi\/wp-json\/wp\/v2\/comments?post=15857"}],"version-history":[{"count":10,"href":"https:\/\/groupe-engram.com\/vi\/wp-json\/wp\/v2\/pages\/15857\/revisions"}],"predecessor-version":[{"id":31336,"href":"https:\/\/groupe-engram.com\/vi\/wp-json\/wp\/v2\/pages\/15857\/revisions\/31336"}],"wp:attachment":[{"href":"https:\/\/groupe-engram.com\/vi\/wp-json\/wp\/v2\/media?parent=15857"}],"curies":[{"name":"wp","href":"https:\/\/api.w.org\/{rel}","templated":true}]}}