{"id":15250,"date":"2023-03-15T12:22:09","date_gmt":"2023-03-15T12:22:09","guid":{"rendered":"https:\/\/groupe-engram.com\/why-vietnam\/"},"modified":"2025-11-10T15:36:43","modified_gmt":"2025-11-10T15:36:43","slug":"why-vietnam","status":"publish","type":"page","link":"https:\/\/groupe-engram.com\/vi\/why-vietnam\/","title":{"rendered":"T\u1ea1i sao Vi\u1ec7t Nam?"},"content":{"rendered":"<div class=\"wpb-content-wrapper\">[vc_row full_width=&#8221;stretch_row&#8221;][vc_column]\n\t\t\t<!-- START agency 11 REVOLUTION SLIDER 6.5.25 --><p class=\"rs-p-wp-fix\"><\/p>\n\t\t\t<rs-module-wrap id=\"rev_slider_4_1_wrapper\" data-source=\"gallery\" style=\"visibility:hidden;background:transparent;padding:0;margin:0px auto;margin-top:0;margin-bottom:0;\">\n\t\t\t\t<rs-module id=\"rev_slider_4_1\" style=\"\" data-version=\"6.5.25\">\n\t\t\t\t\t<rs-slides>\n\t\t\t\t\t\t<rs-slide style=\"position: absolute;\" data-key=\"rs-10\" data-title=\"Slide\" data-in=\"o:0;\" data-out=\"a:false;\">\n\t\t\t\t\t\t\t<img decoding=\"async\" src=\"\/\/groupe-engram.com\/wp-content\/plugins\/revslider\/public\/assets\/assets\/dummy.png\" alt=\"\" title=\"Morocco-5\" width=\"1920\" height=\"675\" class=\"rev-slidebg tp-rs-img rs-lazyload\" data-lazyload=\"\/\/groupe-engram.com\/wp-content\/uploads\/2023\/03\/Morocco-5.jpg\" data-parallax=\"off\" data-panzoom=\"d:10000;ss:100;se:110;\" data-no-retina>\n<!--\n\t\t\t\t\t\t\t--><a\n\t\t\t\t\t\t\t\tid=\"slider-4-slide-10-layer-0\" \n\t\t\t\t\t\t\t\tclass=\"rs-layer rev-btn\"\n\t\t\t\t\t\t\t\thref=\"https:\/\/koalendar.com\/e\/introduction-virtuelle\" target=\"_self\"\n\t\t\t\t\t\t\t\tdata-type=\"button\"\n\t\t\t\t\t\t\t\tdata-rsp_ch=\"on\"\n\t\t\t\t\t\t\t\tdata-xy=\"x:c;yo:525px,546px,516px,472px;\"\n\t\t\t\t\t\t\t\tdata-text=\"w:normal;s:18,18,17,23;l:50,52,53,62;fw:500;a:left,left,left,center;\"\n\t\t\t\t\t\t\t\tdata-dim=\"minh:0px,none,none,none;\"\n\t\t\t\t\t\t\t\tdata-padding=\"r:40,42,45,56;l:40,42,45,56;\"\n\t\t\t\t\t\t\t\tdata-border=\"bor:3px,3px,3px,3px;\"\n\t\t\t\t\t\t\t\tdata-frame_0=\"x:0,0px,0px,0px;y:0,0px,0px,0px;\"\n\t\t\t\t\t\t\t\tdata-frame_1=\"x:0,0px,0px,0px;y:0,0px,0px,0px;\"\n\t\t\t\t\t\t\t\tdata-frame_999=\"o:0;st:w;\"\n\t\t\t\t\t\t\t\tdata-frame_hover=\"bgc:#007aff;bor:3px,3px,3px,3px;sp:100;e:power1.inOut;bri:120%;\"\n\t\t\t\t\t\t\t\tstyle=\"z-index:8;background-color:#1e73be;font-family:'Roboto';\"\n\t\t\t\t\t\t\t>Book An Appointment \n\t\t\t\t\t\t\t<\/a><!--\n\n\t\t\t\t\t\t\t--><rs-layer\n\t\t\t\t\t\t\t\tid=\"slider-4-slide-10-layer-1\" \n\t\t\t\t\t\t\t\tdata-type=\"image\"\n\t\t\t\t\t\t\t\tdata-rsp_ch=\"on\"\n\t\t\t\t\t\t\t\tdata-xy=\"x:c;xo:1px,-2px,-1px,0;yo:166px,161px,137px,166px;\"\n\t\t\t\t\t\t\t\tdata-text=\"s:20,20,15,9;l:22,22,16,9;a:inherit;\"\n\t\t\t\t\t\t\t\tdata-dim=\"w:172px,190.997px,187.993px,171px;h:115px,127px,125px,114px;\"\n\t\t\t\t\t\t\t\tdata-frame_0=\"sX:0.9;sY:0.9;\"\n\t\t\t\t\t\t\t\tdata-frame_1=\"e:power2.out;st:700;sp:500;sR:700;\"\n\t\t\t\t\t\t\t\tdata-frame_999=\"o:0;st:w;sR:7800;\"\n\t\t\t\t\t\t\t\tstyle=\"z-index:5;\"\n\t\t\t\t\t\t\t><img decoding=\"async\" src=\"\/\/groupe-engram.com\/wp-content\/plugins\/revslider\/public\/assets\/assets\/dummy.png\" alt=\"\" class=\"tp-rs-img rs-lazyload\" width=\"800\" height=\"533\" data-lazyload=\"\/\/groupe-engram.com\/wp-content\/uploads\/2022\/11\/Vietnam-800-533.png\" data-no-retina> \n\t\t\t\t\t\t\t<\/rs-layer><!--\n\n\t\t\t\t\t\t\t--><rs-layer\n\t\t\t\t\t\t\t\tid=\"slider-4-slide-10-layer-2\" \n\t\t\t\t\t\t\t\tdata-type=\"text\"\n\t\t\t\t\t\t\t\tdata-rsp_ch=\"on\"\n\t\t\t\t\t\t\t\tdata-xy=\"x:c;xo:2px,2px,1px,0;yo:317px,305px,295px,305px;\"\n\t\t\t\t\t\t\t\tdata-text=\"s:20,20,15,16;l:24,24,18,16;fw:600,400,600,600;a:center;\"\n\t\t\t\t\t\t\t\tdata-frame_0=\"o:1;\"\n\t\t\t\t\t\t\t\tdata-frame_0_chars=\"d:5;y:50px,26px,19px,11px;o:0;\"\n\t\t\t\t\t\t\t\tdata-frame_1=\"st:800;sp:600;sR:800;\"\n\t\t\t\t\t\t\t\tdata-frame_1_chars=\"dir:middletoedge;d:5;\"\n\t\t\t\t\t\t\t\tdata-frame_999=\"o:0;st:w;sR:6500;\"\n\t\t\t\t\t\t\t\tstyle=\"z-index:6;font-family:'Open Sans';text-transform:uppercase;\"\n\t\t\t\t\t\t\t>Passion for Results in work \n\t\t\t\t\t\t\t<\/rs-layer><!--\n\n\t\t\t\t\t\t\t--><rs-layer\n\t\t\t\t\t\t\t\tid=\"slider-4-slide-10-layer-3\" \n\t\t\t\t\t\t\t\tdata-type=\"text\"\n\t\t\t\t\t\t\t\tdata-rsp_ch=\"on\"\n\t\t\t\t\t\t\t\tdata-xy=\"x:c;y:m,t,t,t;yo:80px,348px,356px,358px;\"\n\t\t\t\t\t\t\t\tdata-text=\"w:normal;s:70,70,50,40;l:80,80,60,48;a:center;\"\n\t\t\t\t\t\t\t\tdata-dim=\"w:988px,832px,604.997px,456.997px;h:auto,auto,280px,47px;\"\n\t\t\t\t\t\t\t\tdata-frame_0=\"y:50px,26px,19px,11px;\"\n\t\t\t\t\t\t\t\tdata-frame_1=\"st:1770;sp:900;sR:1770;\"\n\t\t\t\t\t\t\t\tdata-frame_999=\"o:0;st:w;sR:6330;\"\n\t\t\t\t\t\t\t\tstyle=\"z-index:7;font-family:'Prata';\"\n\t\t\t\t\t\t\t>Why do business with Vietnam? \n\t\t\t\t\t\t\t<\/rs-layer><!--\n-->\t\t\t\t\t\t<\/rs-slide>\n\t\t\t\t\t<\/rs-slides>\n\t\t\t\t<\/rs-module>\n\t\t\t\t<script>\n\t\t\t\t\tsetREVStartSize({c: 'rev_slider_4_1',rl:[1240,1024,778,480],el:[700,700,700,700],gw:[1920,1024,778,480],gh:[700,700,700,700],type:'standard',justify:'',layout:'fullwidth',mh:\"0\"});if (window.RS_MODULES!==undefined && window.RS_MODULES.modules!==undefined && window.RS_MODULES.modules[\"revslider41\"]!==undefined) {window.RS_MODULES.modules[\"revslider41\"].once = false;window.revapi4 = undefined;if (window.RS_MODULES.checkMinimal!==undefined) window.RS_MODULES.checkMinimal()}\n\t\t\t\t<\/script>\n\t\t\t<\/rs-module-wrap>\n\t\t\t<!-- END REVOLUTION SLIDER -->\n[\/vc_column][\/vc_row][vc_row][vc_column][wgl_spacing spacer_size=&#8221;40&#8243; responsive_desktop=&#8221;true&#8221; size_desktops=&#8221;20&#8243;][\/vc_column][\/vc_row][vc_row full_width=&#8221;stretch_row&#8221; gap=&#8221;35&#8243; equal_height=&#8221;yes&#8221; content_placement=&#8221;middle&#8221; css=&#8221;.vc_custom_1678826992370{padding-right: 20% !important;padding-left: 20% !important;}&#8221;][vc_column][wgl_spacing spacer_size=&#8221;60&#8243; responsive_desktop=&#8221;true&#8221; size_desktops=&#8221;20&#8243;][vc_row_inner][vc_column_inner width=&#8221;1\/2&#8243;][wgl_double_headings title_color=&#8221;#151515&#8243; subtitle_color=&#8221;#1e73be&#8221; title=&#8221;C\u00e1c v\u00f9ng kinh t\u1ebf tr\u1ecdng \u0111i\u1ec3m c\u1ee7a Vi\u1ec7t Nam&#8221;][wgl_spacing spacer_size=&#8221;60&#8243; responsive_desktop=&#8221;true&#8221; size_desktops=&#8221;60&#8243; responsive_mobile=&#8221;true&#8221; size_mobile=&#8221;30&#8243;][vc_single_image image=&#8221;14739&#8243; img_size=&#8221;full&#8221; alignment=&#8221;center&#8221;][wgl_spacing spacer_size=&#8221;60&#8243; responsive_desktop=&#8221;true&#8221; size_desktops=&#8221;20&#8243;][vc_single_image image=&#8221;14742&#8243; img_size=&#8221;full&#8221; alignment=&#8221;center&#8221;][vc_column_text]Source: <span><a href=\"https:\/\/www.aseanbriefing.com\/news\/hiring-costs-in-asean\/\" target=\"_blank\" rel=\"noopener\">Chi ph\u00ed tuy\u1ec3n d\u1ee5ng t\u1ea1i ASEAN (aseanbriefing.com)<\/a><\/span>[\/vc_column_text][\/vc_column_inner][vc_column_inner width=&#8221;1\/2&#8243;][wgl_double_headings title_color=&#8221;#151515&#8243; subtitle_color=&#8221;#1e73be&#8221; title=&#8221;56 FTA k\u1ebft n\u1ed1i Vi\u1ec7t Nam v\u1edbi g\u1ea7n 3 t\u1ef7 kh\u00e1ch h\u00e0ng&#8221; subtitle=&#8221;TH\u00c0NH PH\u1ea6N CH\u00cdNH C\u1ee6A CHU\u1ed6I CUNG \u1ee8NG TO\u00c0N C\u1ea6U&#8221;][wgl_spacing spacer_size=&#8221;60&#8243; responsive_desktop=&#8221;true&#8221; size_desktops=&#8221;60&#8243; responsive_mobile=&#8221;true&#8221; size_mobile=&#8221;30&#8243;][vc_single_image image=&#8221;14748&#8243; img_size=&#8221;full&#8221; alignment=&#8221;center&#8221;][vc_column_text]Source: <span><a href=\"https:\/\/www.vietnam-briefing.com\/doing-business-guide\/vietnam\/why-vietnam\/vietnam-s-international-free-trade-and-tax-agreements\" target=\"_blank\" rel=\"noopener\">C\u00e1c Hi\u1ec7p \u0111\u1ecbnh Th\u01b0\u01a1ng m\u1ea1i T\u1ef1 do Qu\u1ed1c t\u1ebf c\u1ee7a Vi\u1ec7t Nam &#8211; Vietnam Guide | Kinh doanh t\u1ea1i Vi\u1ec7t Nam (vietnam-briefing.com)<\/a><\/span>[\/vc_column_text][wgl_spacing spacer_size=&#8221;60&#8243; responsive_desktop=&#8221;true&#8221; size_desktops=&#8221;20&#8243;][wgl_double_headings title_color=&#8221;#151515&#8243; subtitle_color=&#8221;#1e73be&#8221; title=&#8221;h\u00e0ng ch\u1ebf t\u1ea1o xu\u1ea5t kh\u1ea9u c\u1ee7a Vi\u1ec7t Nam&#8221; subtitle=&#8221;M\u1ed8T N\u1ec0N KINH T\u1ebe H\u01af\u1edaNG XU\u1ea4T KH\u1ea8U V\u00c0 \u0110A D\u1ea0NG&#8221;][wgl_spacing spacer_size=&#8221;60&#8243; responsive_desktop=&#8221;true&#8221; size_desktops=&#8221;50&#8243; responsive_mobile=&#8221;true&#8221; size_mobile=&#8221;30&#8243;][vc_single_image image=&#8221;14745&#8243; img_size=&#8221;full&#8221; alignment=&#8221;center&#8221;][vc_column_text]Source: <span><a href=\"http:\/\/country.eiu.com\/article.aspx?articleid=752468858&amp;Country=Vietnam&amp;topic=Economy&amp;subtopic=Forecast&amp;subsubtopic=External+sector\" target=\"_blank\" rel=\"noopener\">Xu\u1ea5t kh\u1ea9u c\u00f4ng nghi\u1ec7p ch\u1ebf t\u1ea1o c\u1ee7a Vi\u1ec7t Nam: D\u1ef1a v\u00e0o lao \u0111\u1ed9ng gi\u00e1 r\u1ebb (eiu.com)<\/a><\/span>[\/vc_column_text][\/vc_column_inner][\/vc_row_inner][\/vc_column][\/vc_row][vc_row full_width=&#8221;stretch_row&#8221; gap=&#8221;35&#8243; equal_height=&#8221;yes&#8221; content_placement=&#8221;top&#8221; css=&#8221;.vc_custom_1678977489945{padding-right: 20% !important;padding-left: 20% !important;}&#8221;][vc_column][wgl_spacing spacer_size=&#8221;80&#8243; responsive_desktop=&#8221;true&#8221; size_desktops=&#8221;20&#8243;][vc_row_inner][vc_column_inner width=&#8221;1\/4&#8243;][wgl_services_2 custom_height=&#8221;350&#8243; css_animation=&#8221;fadeInUp&#8221; title_color=&#8221;#ffffff&#8221; title=&#8221;GDP Vi\u1ec7t Nam t\u0103ng tr\u01b0\u1edfng 8,02% n\u0103m 2022&#8243; bg_image=&#8221;14794&#8243; link=&#8221;url:https%3A%2F%2Fasia.nikkei.com%2FEconomy%2FVietnam-GDP-grows-8.02-in-2022-fastest-expansion-in-25-years|target:_blank&#8221;][wgl_spacing spacer_size=&#8221;40&#8243; responsive_desktop=&#8221;true&#8221; size_desktops=&#8221;20&#8243;][\/vc_column_inner][vc_column_inner width=&#8221;1\/4&#8243;][wgl_services_2 custom_height=&#8221;350&#8243; css_animation=&#8221;fadeInUp&#8221; title_color=&#8221;#ffffff&#8221; title=&#8221;C\u01a1 s\u1edf s\u1ea3n xu\u1ea5t to\u00e0n c\u1ea7u&#8221; bg_image=&#8221;14791&#8243; link=&#8221;url:https%3A%2F%2Fvietnamnet.vn%2Fen%2Fvietnam-has-great-opportunity-to-be-a-global-production-base-2104389.html|target:_blank&#8221;][wgl_spacing spacer_size=&#8221;40&#8243; responsive_desktop=&#8221;true&#8221; size_desktops=&#8221;20&#8243;][\/vc_column_inner][vc_column_inner width=&#8221;1\/4&#8243;][wgl_services_2 custom_height=&#8221;350&#8243; css_animation=&#8221;fadeInUp&#8221; title_color=&#8221;#ffffff&#8221; title=&#8221;Ng\u00e0nh CNTT v\u00e0 \u0111i\u1ec7n t\u1eed Vi\u1ec7t Nam \u0111\u1ea1t kim ng\u1ea1ch xu\u1ea5t kh\u1ea9u 70 t\u1ef7 USD&#8221; bg_image=&#8221;14788&#8243; link=&#8221;url:https%3A%2F%2Fvir.com.vn%2Fvietnams-it-and-electronics-sector-reaching-70-billion-in-export-turnover-96794.html|target:_blank&#8221;][\/vc_column_inner][\/vc_row_inner][wgl_spacing spacer_size=&#8221;80&#8243; responsive_desktop=&#8221;true&#8221; size_desktops=&#8221;20&#8243;][\/vc_column][\/vc_row][vc_row full_width=&#8221;stretch_row&#8221; css=&#8221;.vc_custom_1679255721788{padding-top: 80px !important;padding-bottom: 80px !important;background-image: url(https:\/\/groupe-engram.com\/wp-content\/uploads\/2023\/03\/page-title_2-1f.jpg?id=14489) !important;background-position: center !important;background-repeat: no-repeat !important;background-size: cover !important;}&#8221;][vc_column width=&#8221;1\/6&#8243;][\/vc_column][vc_column width=&#8221;2\/3&#8243;][vc_column_text]\n<h2 style=\"text-align: center;\"><span style=\"color: #ffffff;\">S\u1eb5n s\u00e0ng \u0111\u1ec3 b\u1eaft \u0111\u1ea7u H\u00e0nh tr\u00ecnh Vi\u1ec7t-Nam c\u1ee7a b\u1ea1n?<\/span><\/h2>\n<h5 style=\"text-align: center;\"><span style=\"color: #ffffff;\">Cho d\u00f9 k\u1ebf ho\u1ea1ch c\u1ee7a b\u1ea1n l\u00e0 c\u00f3 \u0111\u01b0\u1ee3c kh\u00e1ch h\u00e0ng m\u1edbi hay t\u00ecm nh\u00e0 cung c\u1ea5p m\u1edbi<\/span><\/h5>\n<h5 style=\"text-align: center;\"><span style=\"color: #ffffff;\">Groupe Engram s\u1ebd \u0111\u1ed3ng h\u00e0nh c\u00f9ng b\u1ea1n tr\u00ean m\u1ecdi n\u1ebbo \u0111\u01b0\u1eddng<\/span><\/h5>\n<p style=\"text-align: center;\"><span style=\"color: #ffffff;\"><strong>B\u1eaft \u0111\u1ea7u h\u00e0nh tr\u00ecnh c\u1ee7a b\u1ea1n v\u1edbi ch\u00fang t\u00f4i: \u0111\u1eb7t l\u1ecbch h\u1eb9n v\u1edbi nh\u00f3m c\u1ee7a Groupe Engram<\/strong><\/span><\/p>\n[\/vc_column_text][wgl_spacing spacer_size=&#8221;30&#8243; responsive_desktop=&#8221;true&#8221; size_desktops=&#8221;20&#8243;][wgl_button button_text=&#8221;\u0110\u1eb7t l\u1ecbch h\u1eb9n&#8221; align=&#8221;center&#8221; link=&#8221;url:https%3A%2F%2Fkoalendar.com%2Fe%2Fintroduction-virtuelle|target:_blank&#8221;][\/vc_column][vc_column width=&#8221;1\/6&#8243;][\/vc_column][\/vc_row][vc_row full_width=&#8221;stretch_row&#8221; gap=&#8221;35&#8243; equal_height=&#8221;yes&#8221; content_placement=&#8221;middle&#8221; css=&#8221;.vc_custom_1678977481087{padding-right: 20% !important;padding-left: 20% !important;}&#8221;][vc_column width=&#8221;1\/2&#8243;][vc_single_image image=&#8221;14805&#8243; img_size=&#8221;full&#8221;][\/vc_column][vc_column width=&#8221;1\/2&#8243;][wgl_double_headings css_animation=&#8221;fadeInUp&#8221; title_color=&#8221;#151515&#8243; subtitle_color=&#8221;#1e73be&#8221; subtitle=&#8221;Li\u00ean h\u1ec7 ch\u00fang t\u00f4i&#8221; title=&#8221;\u0110\u1eb7t m\u1ed9t cu\u1ed9c tr\u00f2 chuy\u1ec7n v\u1edbi ch\u00fang t\u00f4i&#8221;][wgl_spacing spacer_size=&#8221;60&#8243; responsive_desktop=&#8221;true&#8221; size_desktops=&#8221;20&#8243;]\n<div class=\"wpcf7 no-js\" id=\"wpcf7-f335-o1\" lang=\"en-US\" dir=\"ltr\" data-wpcf7-id=\"335\">\n<div class=\"screen-reader-response\"><p role=\"status\" aria-live=\"polite\" aria-atomic=\"true\"><\/p> <ul><\/ul><\/div>\n<form action=\"\/vi\/wp-json\/wp\/v2\/pages\/15250#wpcf7-f335-o1\" method=\"post\" class=\"wpcf7-form init demo\" aria-label=\"Contact form\" novalidate=\"novalidate\" data-status=\"init\">\n<fieldset class=\"hidden-fields-container\"><input type=\"hidden\" name=\"_wpcf7\" value=\"335\" \/><input type=\"hidden\" name=\"_wpcf7_version\" value=\"6.1.5\" \/><input type=\"hidden\" name=\"_wpcf7_locale\" value=\"en_US\" \/><input type=\"hidden\" name=\"_wpcf7_unit_tag\" value=\"wpcf7-f335-o1\" \/><input type=\"hidden\" name=\"_wpcf7_container_post\" value=\"0\" \/><input type=\"hidden\" name=\"_wpcf7_posted_data_hash\" value=\"\" \/>\n<\/fieldset>\n<div class='row'>\n\t<div class='wgl_col-6'>\n\t\t<p><span class=\"wpcf7-form-control-wrap\" data-name=\"text-759\"><input size=\"40\" maxlength=\"400\" class=\"wpcf7-form-control wpcf7-text\" aria-invalid=\"false\" placeholder=\"Your Name*\" value=\"\" type=\"text\" name=\"text-759\" \/><\/span>\n\t\t<\/p>\n\t<\/div>\n\t<div class='wgl_col-6'>\n\t\t<p><span class=\"wpcf7-form-control-wrap\" data-name=\"email-613\"><input size=\"40\" maxlength=\"400\" class=\"wpcf7-form-control wpcf7-email wpcf7-text wpcf7-validates-as-email\" aria-invalid=\"false\" placeholder=\"Your Email*\" value=\"\" type=\"email\" name=\"email-613\" \/><\/span>\n\t\t<\/p>\n\t<\/div>\n\t<div class='wgl_col-6'>\n\t\t<p><span class=\"wpcf7-form-control-wrap\" data-name=\"text-759\"><input size=\"40\" maxlength=\"400\" class=\"wpcf7-form-control wpcf7-text\" aria-invalid=\"false\" placeholder=\"Your Phone*\" value=\"\" type=\"text\" name=\"text-759\" \/><\/span>\n\t\t<\/p>\n\t<\/div>\n\t<div class='wgl_col-6'>\n\t\t<p><span class=\"wpcf7-form-control-wrap\" data-name=\"email-613\"><input size=\"40\" maxlength=\"400\" class=\"wpcf7-form-control wpcf7-email wpcf7-text wpcf7-validates-as-email\" aria-invalid=\"false\" placeholder=\"Your Website\" value=\"\" type=\"email\" name=\"email-613\" \/><\/span>\n\t\t<\/p>\n\t<\/div>\n\t<div class='wgl_col-12'>\n\t\t<p><span class=\"wpcf7-form-control-wrap\" data-name=\"textarea-789\"><textarea cols=\"40\" rows=\"5\" maxlength=\"2000\" class=\"wpcf7-form-control wpcf7-textarea\" aria-invalid=\"false\" placeholder=\"Message\" name=\"textarea-789\"><\/textarea><\/span>\n\t\t<\/p>\n\t<\/div>\n<\/div>\n<p><input class=\"wpcf7-form-control wpcf7-submit has-spinner\" type=\"submit\" value=\"SEND MESSAGE\" \/>\n<\/p><div class=\"wpcf7-response-output\" aria-hidden=\"true\"><\/div>\n<\/form>\n<\/div>\n[wgl_spacing spacer_size=&#8221;80&#8243; responsive_desktop=&#8221;true&#8221; size_desktops=&#8221;20&#8243;][\/vc_column][\/vc_row]\n<\/div>","protected":false},"excerpt":{"rendered":"<p>[vc_row full_width=&#8221;stretch_row&#8221;][vc_column][\/vc_column][\/vc_row][vc_row][vc_column][wgl_spacing spacer_size=&#8221;40&#8243; responsive_desktop=&#8221;true&#8221; size_desktops=&#8221;20&#8243;][\/vc_column][\/vc_row][vc_row full_width=&#8221;stretch_row&#8221; gap=&#8221;35&#8243; equal_height=&#8221;yes&#8221; content_placement=&#8221;middle&#8221; css=&#8221;.vc_custom_1678826992370{padding-right: 20% !important;padding-left: 20% !important;}&#8221;][vc_column][wgl_spacing spacer_size=&#8221;60&#8243; responsive_desktop=&#8221;true&#8221; size_desktops=&#8221;20&#8243;][vc_row_inner][vc_column_inner width=&#8221;1\/2&#8243;][wgl_double_headings title_color=&#8221;#151515&#8243; subtitle_color=&#8221;#1e73be&#8221; title=&#8221;C\u00e1c v\u00f9ng kinh t\u1ebf tr\u1ecdng \u0111i\u1ec3m c\u1ee7a Vi\u1ec7t Nam&#8221;][wgl_spacing spacer_size=&#8221;60&#8243; [&hellip;]<\/p>\n","protected":false},"author":1,"featured_media":0,"parent":0,"menu_order":0,"comment_status":"closed","ping_status":"closed","template":"","meta":{"_price":"","_stock":"","_tribe_ticket_header":"","_tribe_default_ticket_provider":"","_tribe_ticket_capacity":"0","_ticket_start_date":"","_ticket_end_date":"","_tribe_ticket_show_description":"","_tribe_ticket_show_not_going":false,"_tribe_ticket_use_global_stock":"","_tribe_ticket_global_stock_level":"","_global_stock_mode":"","_global_stock_cap":"","_tribe_rsvp_for_event":"","_tribe_ticket_going_count":"","_tribe_ticket_not_going_count":"","_tribe_tickets_list":"[]","_tribe_ticket_has_attendee_info_fields":false,"footnotes":""},"class_list":["post-15250","page","type-page","status-publish","hentry"],"_links":{"self":[{"href":"https:\/\/groupe-engram.com\/vi\/wp-json\/wp\/v2\/pages\/15250"}],"collection":[{"href":"https:\/\/groupe-engram.com\/vi\/wp-json\/wp\/v2\/pages"}],"about":[{"href":"https:\/\/groupe-engram.com\/vi\/wp-json\/wp\/v2\/types\/page"}],"author":[{"embeddable":true,"href":"https:\/\/groupe-engram.com\/vi\/wp-json\/wp\/v2\/users\/1"}],"replies":[{"embeddable":true,"href":"https:\/\/groupe-engram.com\/vi\/wp-json\/wp\/v2\/comments?post=15250"}],"version-history":[{"count":10,"href":"https:\/\/groupe-engram.com\/vi\/wp-json\/wp\/v2\/pages\/15250\/revisions"}],"predecessor-version":[{"id":31203,"href":"https:\/\/groupe-engram.com\/vi\/wp-json\/wp\/v2\/pages\/15250\/revisions\/31203"}],"wp:attachment":[{"href":"https:\/\/groupe-engram.com\/vi\/wp-json\/wp\/v2\/media?parent=15250"}],"curies":[{"name":"wp","href":"https:\/\/api.w.org\/{rel}","templated":true}]}}