{"id":10781,"date":"2022-11-01T18:59:30","date_gmt":"2022-11-01T18:59:30","guid":{"rendered":"https:\/\/groupe-engram.com\/viet-nam\/"},"modified":"2022-11-16T21:07:13","modified_gmt":"2022-11-16T21:07:13","slug":"viet-nam","status":"publish","type":"page","link":"https:\/\/groupe-engram.com\/vi\/viet-nam\/","title":{"rendered":"Vi\u1ec7t Nam"},"content":{"rendered":"<div class=\"wpb-content-wrapper\">[vc_row][vc_column width=&#8221;1\/2&#8243;][wgl_double_headings css_animation=&#8221;bounceIn&#8221; title_color=&#8221;#151515&#8243; subtitle_color=&#8221;#1e73be&#8221; subtitle=&#8221;T\u1ea1i sao Vi\u1ec7t Nam?&#8221;][wgl_spacing spacer_size=&#8221;30px&#8221;][vc_column_text]Vi\u1ec7t Nam l\u00e0 qu\u1ed1c gia \u0110\u00f4ng Nam \u00c1 \u0111\u01b0\u1ee3c d\u1ef1 b\u00e1o t\u0103ng tr\u01b0\u1edfng m\u1ea1nh nh\u1ea5t khu v\u1ef1c (\u01b0\u1edbc t\u00ednh +7,08% n\u0103m 2022) v\u00e0 c\u00f3 t\u1ed5ng d\u00e2n s\u1ed1 g\u1ea7n 100 tri\u1ec7u ng\u01b0\u1eddi. \u0110\u01b0\u1ee3c x\u1ebfp h\u1ea1ng l\u00e0 qu\u1ed1c gia xu\u1ea5t kh\u1ea9u l\u1edbn th\u1ee9 21 tr\u00ean th\u1ebf gi\u1edbi, n\u1ec1n kinh t\u1ebf Vi\u1ec7t Nam t\u1ea1o \u0111i\u1ec1u ki\u1ec7n thu\u1eadn l\u1ee3i cho c\u00e1c nh\u00e0 \u0111\u1ea7u t\u01b0 v\u00e0 c\u00f4ng ty n\u01b0\u1edbc ngo\u00e0i. Vi\u1ec7t Nam l\u00e0 \u0111\u1ed1i t\u00e1c th\u01b0\u01a1ng m\u1ea1i l\u1edbn nh\u1ea5t c\u1ee7a Canada trong s\u1ed1 c\u00e1c th\u00e0nh vi\u00ean c\u1ee7a ASEAN (Hi\u1ec7p h\u1ed9i c\u00e1c qu\u1ed1c gia \u0110\u00f4ng Nam \u00c1). L\u00e0 m\u1ed9t b\u00ean k\u00fd k\u1ebft Hi\u1ec7p \u0111\u1ecbnh \u0110\u1ed1i t\u00e1c To\u00e0n di\u1ec7n v\u00e0 Ti\u1ebfn b\u1ed9 xuy\u00ean Th\u00e1i B\u00ecnh D\u01b0\u01a1ng (CPTPP), Vi\u1ec7t Nam c\u0169ng l\u00e0 m\u1ed9t trung t\u00e2m s\u1ea3n xu\u1ea5t \u1edf Ch\u00e2u \u00c1. Ngo\u00e0i ra, Vi\u1ec7t Nam hi\u1ec7n \u0111\u01b0\u1ee3c coi l\u00e0 m\u1ed9t s\u1ef1 thay th\u1ebf ho\u1eb7c b\u1ed5 sung kh\u1ea3 d\u0129 cho Trung Qu\u1ed1c.<\/p>\n<p>Th\u1eadt v\u1eady, cu\u1ed9c chi\u1ebfn th\u01b0\u01a1ng m\u1ea1i gi\u1eefa Hoa K\u1ef3 v\u00e0 Trung Qu\u1ed1c \u0111ang ng\u00e0y c\u00e0ng khi\u1ebfn Vi\u1ec7t Nam tr\u1edf n\u00ean h\u1ea5p d\u1eabn h\u01a1n. V\u1edbi m\u1ee9c thu\u1ebf 25% \u0111\u1ed1i v\u1edbi c\u00e1c s\u1ea3n ph\u1ea9m t\u1eeb Trung Qu\u1ed1c, Vi\u1ec7t Nam l\u00e0 qu\u1ed1c gia ch\u00e2u \u00c1 t\u1eadn d\u1ee5ng \u0111\u01b0\u1ee3c t\u00ecnh h\u00ecnh c\u0103ng th\u1eb3ng gi\u1eefa hai c\u01b0\u1eddng qu\u1ed1c th\u1ebf gi\u1edbi. Ng\u00e0y c\u00e0ng c\u00f3 nhi\u1ec1u c\u00f4ng ty \u0111\u01b0a ra quy\u1ebft \u0111\u1ecbnh t\u00ecm ngu\u1ed3n cung \u1ee9ng ho\u1eb7c chuy\u1ec3n \u0111\u1ebfn Vi\u1ec7t Nam v\u00e0 l\u0129nh v\u1ef1c s\u1ea3n xu\u1ea5t \u0111ang b\u00f9ng n\u1ed5 c\u1ee7a qu\u1ed1c gia n\u00e0y. Ngo\u00e0i vi\u1ec7c cung c\u1ea5p m\u1ed9t l\u01b0\u1ee3ng l\u1edbn lao \u0111\u1ed9ng c\u00f3 k\u1ef9 n\u0103ng, Vi\u1ec7t Nam v\u1eabn l\u00e0 m\u1ed9t gi\u1ea3i ph\u00e1p kh\u1ea3 thi cho c\u00e1c v\u1ea5n \u0111\u1ec1 m\u00e0 Canada g\u1eb7p ph\u1ea3i nh\u01b0 t\u00ecnh tr\u1ea1ng thi\u1ebfu lao \u0111\u1ed9ng v\u00e0 chi ph\u00ed kinh t\u1ebf gia t\u0103ng. N\u00f3i t\u00f3m l\u1ea1i, trung t\u00e2m kinh t\u1ebf \u1edf ch\u00e2u \u00c1 n\u00e0y cung c\u1ea5p nhi\u1ec1u l\u1ef1a ch\u1ecdn thay th\u1ebf v\u00e0 c\u00f3 th\u1ec3 gi\u1ea3i quy\u1ebft c\u00e1c v\u1ea5n \u0111\u1ec1 lao \u0111\u1ed9ng m\u00e0 c\u00e1c c\u00f4ng ty Canada \u0111ang m\u1edf r\u1ed9ng ph\u1ea3i c\u00e2n nh\u1eafc khi ngh\u0129 \u0111\u1ebfn c\u00e1c gi\u1ea3i ph\u00e1p c\u00f3 l\u1ee3i cho s\u1ef1 ph\u00e1t tri\u1ec3n qu\u1ed1c t\u1ebf trung v\u00e0 d\u00e0i h\u1ea1n c\u1ee7a h\u1ecd.[\/vc_column_text][wgl_spacing spacer_size=&#8221;60px&#8221;][wgl_image_layers values=&#8221;%5B%7B%22thumbnail%22%3A%221622%22%2C%22image_animation%22%3A%22slide_down%22%2C%22image_order%22%3A%221%22%7D%5D&#8221;][\/vc_column][vc_column width=&#8221;1\/2&#8243;][wgl_spacing spacer_size=&#8221;100px&#8221;][wgl_image_layers values=&#8221;%5B%7B%22thumbnail%22%3A%221619%22%2C%22image_animation%22%3A%22slide_down%22%2C%22image_order%22%3A%221%22%7D%5D&#8221;][wgl_spacing spacer_size=&#8221;300px&#8221;][wgl_double_headings css_animation=&#8221;bounceIn&#8221; title_color=&#8221;#151515&#8243; subtitle_color=&#8221;#1e73be&#8221; subtitle=&#8221;Example of Vietnamese positions&#8221;][wgl_spacing spacer_size=&#8221;30px&#8221;][vc_column_text]Lao \u0111\u1ed9ng l\u00e0nh ngh\u1ec1 c\u00f3 th\u1ec3 \u0111\u01b0\u1ee3c tuy\u1ec3n d\u1ee5ng:<\/p>\n<ul>\n<li>Th\u1ee3 h\u00e0n \/TIG<\/li>\n<li>Ng\u01b0\u1eddi so\u1ea1n th\u1ea3o v\u00e0 nh\u00e0 thi\u1ebft k\u1ebf<\/li>\n<li>th\u1ee3 l\u1eafp r\u00e1p<\/li>\n<li>C\u01a1 kh\u00ed c\u00f4ng nghi\u1ec7p v\u00e0 nhi\u1ec1u ng\u00e0nh kh\u00e1c!<\/li>\n<\/ul>\n[\/vc_column_text][\/vc_column][\/vc_row][vc_row][vc_column][wgl_spacing spacer_size=&#8221;50px&#8221;][wgl_double_headings align=&#8221;center&#8221; title_color=&#8221;#151515&#8243; subtitle_color=&#8221;#1e73be&#8221; title=&#8221;Vi\u1ec7t Nam \u0111ang tr\u1edf th\u00e0nh m\u1ed9t ngu\u1ed3n cung \u1ee9ng chi\u1ebfn l\u01b0\u1ee3c thay th\u1ebf cho Trung Qu\u1ed1c.&#8221;][\/vc_column][\/vc_row]\n<\/div>","protected":false},"excerpt":{"rendered":"<p>[vc_row][vc_column width=&#8221;1\/2&#8243;][wgl_double_headings css_animation=&#8221;bounceIn&#8221; title_color=&#8221;#151515&#8243; subtitle_color=&#8221;#1e73be&#8221; subtitle=&#8221;T\u1ea1i sao Vi\u1ec7t Nam?&#8221;][wgl_spacing spacer_size=&#8221;30px&#8221;][vc_column_text]Vi\u1ec7t Nam l\u00e0 qu\u1ed1c gia \u0110\u00f4ng Nam \u00c1 \u0111\u01b0\u1ee3c d\u1ef1 b\u00e1o t\u0103ng tr\u01b0\u1edfng m\u1ea1nh nh\u1ea5t khu v\u1ef1c (\u01b0\u1edbc t\u00ednh +7,08% n\u0103m [&hellip;]<\/p>\n","protected":false},"author":1,"featured_media":0,"parent":0,"menu_order":0,"comment_status":"closed","ping_status":"closed","template":"","meta":{"_price":"","_stock":"","_tribe_ticket_header":"","_tribe_default_ticket_provider":"","_tribe_ticket_capacity":"0","_ticket_start_date":"","_ticket_end_date":"","_tribe_ticket_show_description":"","_tribe_ticket_show_not_going":false,"_tribe_ticket_use_global_stock":"","_tribe_ticket_global_stock_level":"","_global_stock_mode":"","_global_stock_cap":"","_tribe_rsvp_for_event":"","_tribe_ticket_going_count":"","_tribe_ticket_not_going_count":"","_tribe_tickets_list":"[]","_tribe_ticket_has_attendee_info_fields":false,"footnotes":""},"class_list":["post-10781","page","type-page","status-publish","hentry"],"_links":{"self":[{"href":"https:\/\/groupe-engram.com\/vi\/wp-json\/wp\/v2\/pages\/10781"}],"collection":[{"href":"https:\/\/groupe-engram.com\/vi\/wp-json\/wp\/v2\/pages"}],"about":[{"href":"https:\/\/groupe-engram.com\/vi\/wp-json\/wp\/v2\/types\/page"}],"author":[{"embeddable":true,"href":"https:\/\/groupe-engram.com\/vi\/wp-json\/wp\/v2\/users\/1"}],"replies":[{"embeddable":true,"href":"https:\/\/groupe-engram.com\/vi\/wp-json\/wp\/v2\/comments?post=10781"}],"version-history":[{"count":15,"href":"https:\/\/groupe-engram.com\/vi\/wp-json\/wp\/v2\/pages\/10781\/revisions"}],"predecessor-version":[{"id":10856,"href":"https:\/\/groupe-engram.com\/vi\/wp-json\/wp\/v2\/pages\/10781\/revisions\/10856"}],"wp:attachment":[{"href":"https:\/\/groupe-engram.com\/vi\/wp-json\/wp\/v2\/media?parent=10781"}],"curies":[{"name":"wp","href":"https:\/\/api.w.org\/{rel}","templated":true}]}}