{"id":10740,"date":"2018-11-01T13:30:02","date_gmt":"2018-11-01T13:30:02","guid":{"rendered":"https:\/\/groupe-engram.com\/lien-lac\/"},"modified":"2025-11-21T16:33:18","modified_gmt":"2025-11-21T16:33:18","slug":"lien-lac","status":"publish","type":"page","link":"https:\/\/groupe-engram.com\/vi\/lien-lac\/","title":{"rendered":"Li\u00ean h\u1ec7"},"content":{"rendered":"<div class=\"wpb-content-wrapper\">[vc_row css=&#8221;.vc_custom_1541081633863{margin-top: -20px !important;}&#8221;][vc_column][wgl_spacing spacer_size=&#8221;30px&#8221;][wgl_double_headings align=&#8221;center&#8221; title_color=&#8221;#151515&#8243; subtitle_color=&#8221;#1e73be&#8221; title=&#8221;Li\u00ean h\u1ec7 v\u1edbi ch\u00fang t\u00f4i&#8221; subtitle=&#8221;li\u00ean h\u1ec7&#8221;][wgl_spacing spacer_size=&#8221;21&#8243;][vc_row_inner][vc_column_inner offset=&#8221;vc_col-lg-offset-2 vc_col-lg-8&#8243;][vc_column_text]\n<p style=\"text-align: center;\">Nh\u00e2n vi\u00ean c\u1ee7a ch\u00fang t\u00f4i, n<span>h\u1eefng con ng\u01b0\u1eddi \u0111\u1ea7y nhi\u1ec7t huy\u1ebft v\u00e0 tr\u00e1ch nhi\u1ec7m lu\u00f4n theo s\u00e1t kh\u00e1ch trong qu\u00e1 tr\u00ecnh l\u00e0m vi\u1ec7c. Ch\u00fang t\u00f4i cam k\u1ebft lu\u00f4n quan t\u00e2m v\u00e0 ch\u00e2n th\u00e0nh v\u1edbi kh\u00e1ch h\u00e0ng, gi\u00fap \u0111\u1ee1 h\u1ecd d\u1ef1 \u0111o\u00e1n v\u00e0 v\u01b0\u1ee3t qua m\u1ecdi r\u00e0o c\u1ea3n \u0111\u1ec3 thay \u0111\u1ed5i l\u1edbn m\u1ea1nh h\u01a1n.<\/span><\/p>\n[\/vc_column_text][\/vc_column_inner][\/vc_row_inner][wgl_spacing spacer_size=&#8221;40px&#8221;][\/vc_column][\/vc_row][vc_row][vc_column width=&#8221;1\/2&#8243; offset=&#8221;vc_col-md-4&#8243;][wgl_info_box ib_type=&#8221;tile&#8221; read_more_text=&#8221;G\u1ecdi cho ch\u00fang t\u00f4i ngay&#8221; read_more_offset=&#8221;10&#8243; icon_type=&#8221;font&#8221; icon_font_type=&#8221;type_flaticon&#8221; icon_flaticon=&#8221;flaticon-phone-call&#8221; tile_content_color_hover=&#8221;&#8221; tile_bg_color_type=&#8221;color&#8221; tile_bg_color=&#8221;#f6f4f0&#8243; tile_bg_color_hover=&#8221;#f6f4f0&#8243; title_bot_offset=&#8221;2&#8243; ib_title=&#8221;\u0110i\u1ec7n tho\u1ea1i&#8221; add_read_more=&#8221;true&#8221; custom_tile_colors=&#8221;true&#8221; add_read_more_offset=&#8221;true&#8221; custom_icon_size=&#8221;50&#8243; ib_content=&#8221;Cel: 514-691-0014&#8243; link=&#8221;url:tel%3A%2B14387883570&#8243; ib_subtitle=&#8221;Tel: 438-788-3570&#8243;][wgl_spacing spacer_size=&#8221;30px&#8221;][\/vc_column][vc_column width=&#8221;1\/2&#8243; offset=&#8221;vc_col-md-4&#8243;][wgl_info_box ib_type=&#8221;tile&#8221; read_more_text=&#8221;h\u00e0nh tr\u00ecnh&#8221; read_more_offset=&#8221;10&#8243; icon_type=&#8221;font&#8221; icon_font_type=&#8221;type_flaticon&#8221; icon_flaticon=&#8221;flaticon-placeholder&#8221; tile_content_color_hover=&#8221;&#8221; tile_bg_color_type=&#8221;color&#8221; tile_bg_color=&#8221;#f6f4f0&#8243; tile_bg_color_hover=&#8221;#f6f4f0&#8243; title_bot_offset=&#8221;2&#8243; ib_title=&#8221;\u0110\u1ecba ch\u1ec9&#8221; add_read_more=&#8221;true&#8221; custom_tile_colors=&#8221;true&#8221; add_read_more_offset=&#8221;true&#8221; custom_icon_size=&#8221;50&#8243; ib_content=&#8221;12 Khu\u1ea5t Duy Ti\u1ebfn, Thanh Xu\u00e2n Trung, Thanh Xu\u00e2n, H\u00e0 N\u1ed9i, Vietnam&#8221; link=&#8221;url:https%3A%2F%2Fgoo.gl%2Fmaps%2Fu74h2v6rcmKxC1T17&#8243;][wgl_spacing spacer_size=&#8221;30px&#8221;][\/vc_column][vc_column width=&#8221;1\/2&#8243; offset=&#8221;vc_col-md-offset-0 vc_col-md-4 vc_col-sm-offset-3&#8243;][wgl_info_box ib_type=&#8221;tile&#8221; read_more_text=&#8221;G\u1eedi email ngay h\u00f4m nay&#8221; read_more_offset=&#8221;10&#8243; icon_type=&#8221;font&#8221; icon_font_type=&#8221;type_flaticon&#8221; icon_flaticon=&#8221;flaticon-email&#8221; tile_content_color_hover=&#8221;&#8221; tile_bg_color_type=&#8221;color&#8221; tile_bg_color=&#8221;#f6f4f0&#8243; tile_bg_color_hover=&#8221;#f6f4f0&#8243; title_bot_offset=&#8221;2&#8243; subtitle_tag=&#8221;div&#8221; content_tag=&#8221;span&#8221; ib_title=&#8221;Email&#8221; ib_content=&#8221;info@group-engram.com&#8221; add_read_more=&#8221;true&#8221; custom_tile_colors=&#8221;true&#8221; add_read_more_offset=&#8221;true&#8221; custom_icon_size=&#8221;50&#8243; link=&#8221;url:mailto%3Ainfo%40group-engram.com&#8221;][wgl_spacing spacer_size=&#8221;30px&#8221;][\/vc_column][\/vc_row][vc_row el_class=&#8221;box-shadow z-index-1 ohidden acenter&#8221; css=&#8221;.vc_custom_1541081401722{margin-bottom: -120px !important;padding-right: 5% !important;padding-left: 5% !important;background-color: #ffffff !important;}&#8221;][vc_column][wgl_spacing spacer_size=&#8221;30px&#8221;]\n<div class=\"wpcf7 no-js\" id=\"wpcf7-f335-o1\" lang=\"en-US\" dir=\"ltr\" data-wpcf7-id=\"335\">\n<div class=\"screen-reader-response\"><p role=\"status\" aria-live=\"polite\" aria-atomic=\"true\"><\/p> <ul><\/ul><\/div>\n<form action=\"\/vi\/wp-json\/wp\/v2\/pages\/10740#wpcf7-f335-o1\" method=\"post\" class=\"wpcf7-form init demo\" aria-label=\"Contact form\" novalidate=\"novalidate\" data-status=\"init\">\n<fieldset class=\"hidden-fields-container\"><input type=\"hidden\" name=\"_wpcf7\" value=\"335\" \/><input type=\"hidden\" name=\"_wpcf7_version\" value=\"6.1.5\" \/><input type=\"hidden\" name=\"_wpcf7_locale\" value=\"en_US\" \/><input type=\"hidden\" name=\"_wpcf7_unit_tag\" value=\"wpcf7-f335-o1\" \/><input type=\"hidden\" name=\"_wpcf7_container_post\" value=\"0\" \/><input type=\"hidden\" name=\"_wpcf7_posted_data_hash\" value=\"\" \/>\n<\/fieldset>\n<div class='row'>\n\t<div class='wgl_col-6'>\n\t\t<p><span class=\"wpcf7-form-control-wrap\" data-name=\"text-759\"><input size=\"40\" maxlength=\"400\" class=\"wpcf7-form-control wpcf7-text\" aria-invalid=\"false\" placeholder=\"Your Name*\" value=\"\" type=\"text\" name=\"text-759\" \/><\/span>\n\t\t<\/p>\n\t<\/div>\n\t<div class='wgl_col-6'>\n\t\t<p><span class=\"wpcf7-form-control-wrap\" data-name=\"email-613\"><input size=\"40\" maxlength=\"400\" class=\"wpcf7-form-control wpcf7-email wpcf7-text wpcf7-validates-as-email\" aria-invalid=\"false\" placeholder=\"Your Email*\" value=\"\" type=\"email\" name=\"email-613\" \/><\/span>\n\t\t<\/p>\n\t<\/div>\n\t<div class='wgl_col-6'>\n\t\t<p><span class=\"wpcf7-form-control-wrap\" data-name=\"text-759\"><input size=\"40\" maxlength=\"400\" class=\"wpcf7-form-control wpcf7-text\" aria-invalid=\"false\" placeholder=\"Your Phone*\" value=\"\" type=\"text\" name=\"text-759\" \/><\/span>\n\t\t<\/p>\n\t<\/div>\n\t<div class='wgl_col-6'>\n\t\t<p><span class=\"wpcf7-form-control-wrap\" data-name=\"email-613\"><input size=\"40\" maxlength=\"400\" class=\"wpcf7-form-control wpcf7-email wpcf7-text wpcf7-validates-as-email\" aria-invalid=\"false\" placeholder=\"Your Website\" value=\"\" type=\"email\" name=\"email-613\" \/><\/span>\n\t\t<\/p>\n\t<\/div>\n\t<div class='wgl_col-12'>\n\t\t<p><span class=\"wpcf7-form-control-wrap\" data-name=\"textarea-789\"><textarea cols=\"40\" rows=\"5\" maxlength=\"2000\" class=\"wpcf7-form-control wpcf7-textarea\" aria-invalid=\"false\" placeholder=\"Message\" name=\"textarea-789\"><\/textarea><\/span>\n\t\t<\/p>\n\t<\/div>\n<\/div>\n<p><input class=\"wpcf7-form-control wpcf7-submit has-spinner\" type=\"submit\" value=\"SEND MESSAGE\" \/>\n<\/p><div class=\"wpcf7-response-output\" aria-hidden=\"true\"><\/div>\n<\/form>\n<\/div>\n[wgl_spacing spacer_size=&#8221;30px&#8221;][vc_gmaps link=&#8221;#E-8_JTNDaWZyYW1lJTIwc3JjJTNEJTIyaHR0cHMlM0ElMkYlMkZ3d3cuZ29vZ2xlLmNvbSUyRm1hcHMlMkZlbWJlZCUzRnBiJTNEJTIxMW0xOCUyMTFtMTIlMjExbTMlMjExZDI5NzQuOTIyNDU1NjMwODQlMjEyZDEwNS44MDM0ODE0NTkwNTk0OCUyMTNkMjAuOTk0MDQ0NTYxMTgzNjI1JTIxMm0zJTIxMWYwJTIxMmYwJTIxM2YwJTIxM20yJTIxMWkxMDI0JTIxMmk3NjglMjE0ZjEzLjElMjEzbTMlMjExbTIlMjExczB4MzEzNWFkYzcyZGJlNzg3OSUyNTNBMHhkNDY1YmJmYjQ5MmE5ODYlMjEyek1USWdTMmgxNGJxbGRDQkVkWGtnVkduaHVyOXVMQ0JVYUdGdWFDQllkY09pYmlCVWNuVnVaeXdnVkdoaGJtZ2dXSFhEb200c0lFakRvQ0JPNGJ1WmFTQXhNVFF3TUN3Z1ZtbGxkRzVoYlElMjE1ZTElMjEzbTIlMjExc2ZyJTIxMnNmciUyMTR2MTc2Mzc0MjY5NTY5MCUyMTVtMiUyMTFzZnIlMjEyc2ZyJTIyJTIwd2lkdGglM0QlMjI2MDAlMjIlMjBoZWlnaHQlM0QlMjI0NTAlMjIlMjBzdHlsZSUzRCUyMmJvcmRlciUzQTAlM0IlMjIlMjBhbGxvd2Z1bGxzY3JlZW4lM0QlMjIlMjIlMjBsb2FkaW5nJTNEJTIybGF6eSUyMiUyMHJlZmVycmVycG9saWN5JTNEJTIybm8tcmVmZXJyZXItd2hlbi1kb3duZ3JhZGUlMjIlM0UlM0MlMkZpZnJhbWUlM0U=&#8221; css=&#8221;&#8221;][\/vc_column][\/vc_row][vc_row][vc_column][\/vc_column][\/vc_row]\n<\/div>","protected":false},"excerpt":{"rendered":"<p>[vc_row css=&#8221;.vc_custom_1541081633863{margin-top: -20px !important;}&#8221;][vc_column][wgl_spacing spacer_size=&#8221;30px&#8221;][wgl_double_headings align=&#8221;center&#8221; title_color=&#8221;#151515&#8243; subtitle_color=&#8221;#1e73be&#8221; title=&#8221;Li\u00ean h\u1ec7 v\u1edbi ch\u00fang t\u00f4i&#8221; subtitle=&#8221;li\u00ean h\u1ec7&#8221;][wgl_spacing spacer_size=&#8221;21&#8243;][vc_row_inner][vc_column_inner offset=&#8221;vc_col-lg-offset-2 vc_col-lg-8&#8243;][vc_column_text] Nh\u00e2n vi\u00ean c\u1ee7a ch\u00fang t\u00f4i, nh\u1eefng con ng\u01b0\u1eddi \u0111\u1ea7y nhi\u1ec7t huy\u1ebft v\u00e0 [&hellip;]<\/p>\n","protected":false},"author":1,"featured_media":0,"parent":0,"menu_order":0,"comment_status":"closed","ping_status":"closed","template":"","meta":{"_price":"","_stock":"","_tribe_ticket_header":"","_tribe_default_ticket_provider":"","_tribe_ticket_capacity":"0","_ticket_start_date":"","_ticket_end_date":"","_tribe_ticket_show_description":"","_tribe_ticket_show_not_going":false,"_tribe_ticket_use_global_stock":"","_tribe_ticket_global_stock_level":"","_global_stock_mode":"","_global_stock_cap":"","_tribe_rsvp_for_event":"","_tribe_ticket_going_count":"","_tribe_ticket_not_going_count":"","_tribe_tickets_list":"[]","_tribe_ticket_has_attendee_info_fields":false,"footnotes":""},"class_list":["post-10740","page","type-page","status-publish","hentry"],"_links":{"self":[{"href":"https:\/\/groupe-engram.com\/vi\/wp-json\/wp\/v2\/pages\/10740"}],"collection":[{"href":"https:\/\/groupe-engram.com\/vi\/wp-json\/wp\/v2\/pages"}],"about":[{"href":"https:\/\/groupe-engram.com\/vi\/wp-json\/wp\/v2\/types\/page"}],"author":[{"embeddable":true,"href":"https:\/\/groupe-engram.com\/vi\/wp-json\/wp\/v2\/users\/1"}],"replies":[{"embeddable":true,"href":"https:\/\/groupe-engram.com\/vi\/wp-json\/wp\/v2\/comments?post=10740"}],"version-history":[{"count":10,"href":"https:\/\/groupe-engram.com\/vi\/wp-json\/wp\/v2\/pages\/10740\/revisions"}],"predecessor-version":[{"id":31306,"href":"https:\/\/groupe-engram.com\/vi\/wp-json\/wp\/v2\/pages\/10740\/revisions\/31306"}],"wp:attachment":[{"href":"https:\/\/groupe-engram.com\/vi\/wp-json\/wp\/v2\/media?parent=10740"}],"curies":[{"name":"wp","href":"https:\/\/api.w.org\/{rel}","templated":true}]}}