{"id":10672,"date":"2022-10-24T21:05:29","date_gmt":"2022-10-24T21:05:29","guid":{"rendered":"https:\/\/groupe-engram.com\/tuyen-dung-quoc-te\/"},"modified":"2022-11-29T03:05:06","modified_gmt":"2022-11-29T03:05:06","slug":"tuyen-dung-quoc-te","status":"publish","type":"page","link":"https:\/\/groupe-engram.com\/vi\/tuyen-dung-quoc-te\/","title":{"rendered":"Tuy\u1ec3n d\u1ee5ng qu\u1ed1c t\u1ebf"},"content":{"rendered":"<div class=\"wpb-content-wrapper\">[vc_row][vc_column width=&#8221;1\/2&#8243;][wgl_spacing spacer_size=&#8221;30px&#8221;][wgl_double_headings css_animation=&#8221;bounceInLeft&#8221; title_color=&#8221;#151515&#8243; subtitle_color=&#8221;#1e73be&#8221; subtitle=&#8221;tuy\u1ec3n d\u1ee5ng qu\u1ed1c t\u1ebf&#8221;][wgl_spacing spacer_size=&#8221;30px&#8221;][vc_column_text]D\u1ecbch v\u1ee5 tuy\u1ec3n d\u1ee5ng qu\u1ed1c t\u1ebf m\u00e0 ch\u00fang t\u00f4i cung c\u1ea5p l\u00e0 m\u1ed9t gi\u1ea3i ph\u00e1p tr\u1ef1c ti\u1ebfp cho t\u00ecnh tr\u1ea1ng thi\u1ebfu nh\u00e2n l\u1ef1c trong c\u00f4ng ty Canada hi\u1ec7n nay. Theo \u0111\u00f3, c\u00e1c v\u1ecb tr\u00ed tuy\u1ec3n d\u1ee5ng s\u1ebd nhanh ch\u00f3ng \u0111\u01b0\u1ee3c l\u1ea5p \u0111\u1ea7y b\u1edfi ngu\u1ed3n nh\u00e2n l\u1ef1c ch\u1ea5t l\u01b0\u1ee3ng v\u00e0 ph\u00f9 h\u1ee3p v\u1edbi c\u00e1c ti\u00eau chu\u1ea9n ho\u1ea1t \u0111\u1ed9ng qu\u1ed1c t\u1ebf.<\/p>\n<p>S\u1ee9 m\u1ec7nh c\u1ee7a ch\u00fang t\u00f4i l\u00e0 h\u1ed7 tr\u1ee3 c\u00e1c c\u00f4ng ty t\u00ecm ki\u1ebfm nh\u1eefng t\u00e0i n\u0103ng ph\u00f9 h\u1ee3p trong c\u00e1c nh\u00f3m lao \u0111\u1ed9ng c\u00f3 tr\u00ecnh \u0111\u1ed9 t\u1ea1i Ma-r\u1ed1c v\u00e0 Vi\u1ec7t Nam.<\/p>\n<p><strong>Gi\u1eef quy tr\u00ecnh \u0111\u01a1n gi\u1ea3n<\/strong><\/p>\n<ul>\n<li>Ch\u00fang t\u00f4i li\u1ec7t k\u00ea c\u00e1c ti\u00eau ch\u00ed tuy\u1ec3n d\u1ee5ng v\u00e0 l\u0129nh v\u1ef1c c\u1ee7a kh\u00e1ch h\u00e0ng<\/li>\n<li><span>\u200bCh\u00fang t\u00f4i<\/span> ph\u00e2n t\u00edch t\u1ea5t c\u1ea3 c\u00e1c c\u01a1 h\u1ed9i \u0111\u1ec3 \u0111\u01b0a ra l\u1ef1a ch\u1ecdn t\u1ed1t nh\u1ea5t ph\u00f9 h\u1ee3p v\u1edbi nhu c\u1ea7u kh\u00e1ch h\u00e0ng<\/li>\n<li><span>\u200bCh\u00fang t\u00f4i<\/span> cung c\u1ea5p cho kh\u00e1ch h\u00e0ng nh\u1eefng l\u1ef1a ch\u1ecdn t\u1ed1t nh\u1ea5t b\u1eb1ng c\u00e1ch s\u1eed d\u1ee5ng c\u00f4ng c\u1ee5 h\u1ed7 tr\u1ee3 gi\u00fap kh\u00e1ch h\u00e0ng \u0111\u01b0a ra c\u00e1c l\u1ef1a ch\u1ecdn s\u00e1ng su\u1ed1t.<\/li>\n<\/ul>\n<p><strong>Kh\u00e1ch h\u00e0ng c\u00f3 th\u1ec3 l\u1ef1a ch\u1ecdn gi\u1eefa hai m\u00f4 h\u00ecnh kinh doanh m\u00e0 ch\u00fang t\u00f4i cung c\u1ea5p <\/strong><\/p>\n<ul>\n<li><span>\u200bH\u1ed7 tr\u1ee3<\/span> tuy\u1ec3n ch\u1ecdn \u1ee9ng vi\u00ean<\/li>\n<li><span>\u200bH\u1ed7<\/span> tr\u1ee3 \u0111\u1ea7y \u0111\u1ee7 v\u1edbi c\u00e1c \u0111\u1ed1i t\u00e1c c\u1ee7a ch\u00fang t\u00f4i l\u00e0 c\u00e1c chuy\u00ean vi\u00ean nh\u1eadp c\u01b0, cho \u0111\u1ebfn khi \u1ee9ng vi\u00ean \u0111\u1ebfn l\u00e0m vi\u1ec7c v\u1edbi kh\u00e1ch h\u00e0ng.<\/li>\n<\/ul>\n[\/vc_column_text][\/vc_column][vc_column width=&#8221;1\/2&#8243;][wgl_spacing spacer_size=&#8221;100px&#8221;][wgl_image_layers values=&#8221;%5B%7B%22thumbnail%22%3A%221528%22%2C%22image_animation%22%3A%22flip_x%22%2C%22image_order%22%3A%221%22%7D%5D&#8221;][\/vc_column][\/vc_row]\n<\/div>","protected":false},"excerpt":{"rendered":"<p>[vc_row][vc_column width=&#8221;1\/2&#8243;][wgl_spacing spacer_size=&#8221;30px&#8221;][wgl_double_headings css_animation=&#8221;bounceInLeft&#8221; title_color=&#8221;#151515&#8243; subtitle_color=&#8221;#1e73be&#8221; subtitle=&#8221;tuy\u1ec3n d\u1ee5ng qu\u1ed1c t\u1ebf&#8221;][wgl_spacing spacer_size=&#8221;30px&#8221;][vc_column_text]D\u1ecbch v\u1ee5 tuy\u1ec3n d\u1ee5ng qu\u1ed1c t\u1ebf m\u00e0 ch\u00fang t\u00f4i cung c\u1ea5p l\u00e0 m\u1ed9t gi\u1ea3i ph\u00e1p tr\u1ef1c ti\u1ebfp cho t\u00ecnh tr\u1ea1ng [&hellip;]<\/p>\n","protected":false},"author":1,"featured_media":0,"parent":0,"menu_order":0,"comment_status":"closed","ping_status":"closed","template":"","meta":{"_price":"","_stock":"","_tribe_ticket_header":"","_tribe_default_ticket_provider":"","_tribe_ticket_capacity":"0","_ticket_start_date":"","_ticket_end_date":"","_tribe_ticket_show_description":"","_tribe_ticket_show_not_going":false,"_tribe_ticket_use_global_stock":"","_tribe_ticket_global_stock_level":"","_global_stock_mode":"","_global_stock_cap":"","_tribe_rsvp_for_event":"","_tribe_ticket_going_count":"","_tribe_ticket_not_going_count":"","_tribe_tickets_list":"[]","_tribe_ticket_has_attendee_info_fields":false,"footnotes":""},"class_list":["post-10672","page","type-page","status-publish","hentry"],"_links":{"self":[{"href":"https:\/\/groupe-engram.com\/vi\/wp-json\/wp\/v2\/pages\/10672"}],"collection":[{"href":"https:\/\/groupe-engram.com\/vi\/wp-json\/wp\/v2\/pages"}],"about":[{"href":"https:\/\/groupe-engram.com\/vi\/wp-json\/wp\/v2\/types\/page"}],"author":[{"embeddable":true,"href":"https:\/\/groupe-engram.com\/vi\/wp-json\/wp\/v2\/users\/1"}],"replies":[{"embeddable":true,"href":"https:\/\/groupe-engram.com\/vi\/wp-json\/wp\/v2\/comments?post=10672"}],"version-history":[{"count":9,"href":"https:\/\/groupe-engram.com\/vi\/wp-json\/wp\/v2\/pages\/10672\/revisions"}],"predecessor-version":[{"id":11521,"href":"https:\/\/groupe-engram.com\/vi\/wp-json\/wp\/v2\/pages\/10672\/revisions\/11521"}],"wp:attachment":[{"href":"https:\/\/groupe-engram.com\/vi\/wp-json\/wp\/v2\/media?parent=10672"}],"curies":[{"name":"wp","href":"https:\/\/api.w.org\/{rel}","templated":true}]}}