{"id":10645,"date":"2022-10-28T14:57:16","date_gmt":"2022-10-28T14:57:16","guid":{"rendered":"https:\/\/groupe-engram.com\/maroc\/"},"modified":"2022-11-17T13:51:50","modified_gmt":"2022-11-17T13:51:50","slug":"maroc","status":"publish","type":"page","link":"https:\/\/groupe-engram.com\/vi\/maroc\/","title":{"rendered":"Maroc"},"content":{"rendered":"<div class=\"wpb-content-wrapper\">[vc_row][vc_column width=&#8221;1\/2&#8243;][wgl_double_headings title_color=&#8221;#151515&#8243; google_fonts_title=&#8221;font_family:Abril%20Fatface%3Aregular|font_style:400%20regular%3A400%3Anormal&#8221; subtitle_color=&#8221;#1e73be&#8221; subtitle=&#8221;T\u1ea1i sao Ma-r\u1ed1c?&#8221; custom_fonts_title=&#8221;true&#8221;][wgl_spacing spacer_size=&#8221;30px&#8221;][vc_column_text]V\u1edbi d\u00e2n s\u1ed1 37 tri\u1ec7u ng\u01b0\u1eddi v\u00e0 t\u1ed1c \u0111\u1ed9 t\u0103ng tr\u01b0\u1edfng kinh t\u1ebf m\u1ea1nh m\u1ebd (+2,5% v\u00e0o n\u0103m 2019). L\u00e0 m\u1ed9t trong nh\u1eefng \u0111i\u1ec3m n\u00f3ng t\u00e0i ch\u00ednh \u1edf Ch\u00e2u Phi v\u00e0 \u0111\u1ee9ng th\u1ee9 17 trong s\u1ed1 50 n\u1ec1n kinh t\u1ebf m\u1edbi n\u1ed5i h\u00e0ng \u0111\u1ea7u tr\u00ean th\u1ebf gi\u1edbi, Ma-r\u1ed1c l\u00e0 m\u1ed9t \u0111i\u1ec3m \u0111\u1ebfn chi\u1ebfn l\u01b0\u1ee3c c\u1ee7a Ch\u00e2u Phi b\u00ean c\u1ea1nh vi\u1ec7c c\u00f3 ngu\u1ed3n lao \u0111\u1ed9ng l\u00e0nh ngh\u1ec1 d\u1ed3i d\u00e0o.<br \/>\nMa-r\u1ed1c l\u00e0 c\u1ea7u n\u1ed1i Ph\u00e1p ng\u1eef t\u1ef1 nhi\u00ean gi\u1eefa \u0110\u1ecba Trung H\u1ea3i v\u00e0 B\u1eafc Phi. \u0110\u1ed3ng th\u1eddi, qu\u1ed1c gia th\u00e0nh vi\u00ean WTO \u0111ang h\u1ee3p t\u00e1c v\u1edbi ch\u00ednh ph\u1ee7 Canada \u0111\u1ec3 t\u1ea1o ra m\u1ed9t hi\u1ec7p \u0111\u1ecbnh th\u01b0\u01a1ng m\u1ea1i t\u1ef1 do (FTA) nh\u1eb1m t\u1ea1o \u0111i\u1ec1u ki\u1ec7n thu\u1eadn l\u1ee3i cho c\u00e1c li\u00ean k\u1ebft th\u01b0\u01a1ng m\u1ea1i gi\u1eefa hai qu\u1ed1c gia. Ma-r\u1ed1c c\u00f3 th\u1ec3 cung c\u1ea5p nh\u00e2n vi\u00ean t\u00e0i n\u0103ng cho c\u00e1c c\u00f4ng ty l\u1edbn c\u1ee7a Ch\u00e2u \u00c2u v\u00e0 Quebec trong l\u0129nh v\u1ef1c \u00f4 t\u00f4, h\u00e0ng kh\u00f4ng v\u0169 tr\u1ee5 v\u00e0 luy\u1ec7n kim. V\u1edbi c\u00e1c c\u00f4ng ty \u0111\u00e3 quy\u1ebft \u0111\u1ecbnh l\u00e0m vi\u1ec7c t\u1ea1i Ma-r\u1ed1c, \u0111i\u1ec1u \u0111\u00e1ng ch\u00fa \u00fd l\u00e0 c\u00e1c c\u00f4ng ty nh\u01b0 Renault, Airbus, Bombardier v\u00e0 nhi\u1ec1u c\u00f4ng ty kh\u00e1c tin t\u01b0\u1edfng v\u00e0o l\u1eddi \u0111\u1ec1 ngh\u1ecb cung c\u1ea5p nh\u00e2n l\u1ef1c v\u00f4 song n\u00e0y.[\/vc_column_text][wgl_spacing spacer_size=&#8221;30px&#8221;][wgl_double_headings title_color=&#8221;#151515&#8243; subtitle_color=&#8221;#1e73be&#8221; subtitle=&#8221;V\u00ed d\u1ee5 v\u1ec1 c\u00f4ng vi\u1ec7c Ma-r\u1ed1c&#8221;][vc_column_text]<strong>Lao \u0111\u1ed9ng l\u00e0nh ngh\u1ec1 c\u00f3 th\u1ec3 \u0111\u01b0\u1ee3c tuy\u1ec3n d\u1ee5ng. <\/strong><\/p>\n<ul>\n<li>qu\u1ea3n l\u00fd s\u1ea3n xu\u1ea5t<\/li>\n<li>k\u1ef9 thu\u1eadt vi\u00ean s\u01b0\u1edfi \u1ea5m<\/li>\n<li>th\u1ee3 s\u1eeda \u0111\u01b0\u1eddng \u1ed1ng c\u00f4ng nghi\u1ec7p<\/li>\n<li>C\u01a1 \u0111i\u1ec7n v\u00e0 nhi\u1ec1u ng\u00e0nh kh\u00e1c<\/li>\n<\/ul>\n[\/vc_column_text][\/vc_column][vc_column width=&#8221;1\/2&#8243;][wgl_spacing spacer_size=&#8221;70px&#8221;][wgl_image_layers values=&#8221;%5B%7B%22thumbnail%22%3A%221585%22%2C%22image_animation%22%3A%22fade_in%22%2C%22image_order%22%3A%221%22%7D%5D&#8221;][\/vc_column][\/vc_row]\n<\/div>","protected":false},"excerpt":{"rendered":"<p>[vc_row][vc_column width=&#8221;1\/2&#8243;][wgl_double_headings title_color=&#8221;#151515&#8243; google_fonts_title=&#8221;font_family:Abril%20Fatface%3Aregular|font_style:400%20regular%3A400%3Anormal&#8221; subtitle_color=&#8221;#1e73be&#8221; subtitle=&#8221;T\u1ea1i sao Ma-r\u1ed1c?&#8221; custom_fonts_title=&#8221;true&#8221;][wgl_spacing spacer_size=&#8221;30px&#8221;][vc_column_text]V\u1edbi d\u00e2n s\u1ed1 37 tri\u1ec7u ng\u01b0\u1eddi v\u00e0 t\u1ed1c \u0111\u1ed9 t\u0103ng tr\u01b0\u1edfng kinh t\u1ebf m\u1ea1nh m\u1ebd (+2,5% v\u00e0o n\u0103m 2019). L\u00e0 m\u1ed9t [&hellip;]<\/p>\n","protected":false},"author":1,"featured_media":0,"parent":0,"menu_order":0,"comment_status":"closed","ping_status":"closed","template":"","meta":{"_price":"","_stock":"","_tribe_ticket_header":"","_tribe_default_ticket_provider":"","_tribe_ticket_capacity":"0","_ticket_start_date":"","_ticket_end_date":"","_tribe_ticket_show_description":"","_tribe_ticket_show_not_going":false,"_tribe_ticket_use_global_stock":"","_tribe_ticket_global_stock_level":"","_global_stock_mode":"","_global_stock_cap":"","_tribe_rsvp_for_event":"","_tribe_ticket_going_count":"","_tribe_ticket_not_going_count":"","_tribe_tickets_list":"[]","_tribe_ticket_has_attendee_info_fields":false,"footnotes":""},"class_list":["post-10645","page","type-page","status-publish","hentry"],"_links":{"self":[{"href":"https:\/\/groupe-engram.com\/vi\/wp-json\/wp\/v2\/pages\/10645"}],"collection":[{"href":"https:\/\/groupe-engram.com\/vi\/wp-json\/wp\/v2\/pages"}],"about":[{"href":"https:\/\/groupe-engram.com\/vi\/wp-json\/wp\/v2\/types\/page"}],"author":[{"embeddable":true,"href":"https:\/\/groupe-engram.com\/vi\/wp-json\/wp\/v2\/users\/1"}],"replies":[{"embeddable":true,"href":"https:\/\/groupe-engram.com\/vi\/wp-json\/wp\/v2\/comments?post=10645"}],"version-history":[{"count":5,"href":"https:\/\/groupe-engram.com\/vi\/wp-json\/wp\/v2\/pages\/10645\/revisions"}],"predecessor-version":[{"id":10870,"href":"https:\/\/groupe-engram.com\/vi\/wp-json\/wp\/v2\/pages\/10645\/revisions\/10870"}],"wp:attachment":[{"href":"https:\/\/groupe-engram.com\/vi\/wp-json\/wp\/v2\/media?parent=10645"}],"curies":[{"name":"wp","href":"https:\/\/api.w.org\/{rel}","templated":true}]}}