{"id":10644,"date":"2022-10-28T12:38:40","date_gmt":"2022-10-28T12:38:40","guid":{"rendered":"https:\/\/groupe-engram.com\/kinh-phi\/"},"modified":"2023-03-30T17:43:29","modified_gmt":"2023-03-30T17:43:29","slug":"kinh-phi","status":"publish","type":"page","link":"https:\/\/groupe-engram.com\/vi\/kinh-phi\/","title":{"rendered":"Kinh ph\u00ed"},"content":{"rendered":"<div class=\"wpb-content-wrapper\">[vc_row][vc_column width=&#8221;1\/2&#8243;][wgl_double_headings css_animation=&#8221;bounceIn&#8221; title_color=&#8221;#151515&#8243; subtitle_color=&#8221;#1e73be&#8221; subtitle=&#8221;Management of financial aid requests&#8221;][wgl_spacing spacer_size=&#8221;30px&#8221;][vc_column_text]Vi\u1ec7c ki\u1ebfm \u0111\u01b0\u1ee3c s\u1ed1 ti\u1ec1n b\u1ea1n c\u1ea7n \u0111\u1ec3 t\u00e0i tr\u1ee3 v\u00e0 t\u0103ng t\u1ed1c \u0111\u1ed9 b\u00e0n giao c\u1ee7a c\u00e1c d\u1ef1 \u00e1n kh\u00f4ng c\u00f2n ph\u1ee9c t\u1ea1p v\u00e0 khi\u1ebfn b\u1ea1n c\u1ea3m th\u1ea5y cho\u00e1ng ng\u1ee3p n\u1eefa. Ch\u00fang t\u00f4i \u0111\u00e3 b\u1ea3o v\u1ec7 b\u1ea1n.<\/p>\n<p>Groupe Engram s\u1ebd h\u1ed7 tr\u1ee3 b\u1ea1n trong c\u00e1c d\u1ef1 \u00e1n t\u00e0i tr\u1ee3\/y\u00eau c\u1ea7u h\u1ed7 tr\u1ee3 t\u00e0i ch\u00ednh t\u1eeb c\u00e1c c\u01a1 quan ch\u00ednh ph\u1ee7 b\u1eb1ng c\u00e1ch:<\/p>\n<ul>\n<li>\u0110\u1ee7 \u0111i\u1ec1u ki\u1ec7n cho c\u00e1c d\u1ef1 \u00e1n c\u1ee7a b\u1ea1n v\u1edbi c\u00e1c ch\u01b0\u01a1ng tr\u00ecnh t\u1ed1t nh\u1ea5t hi\u1ec7n c\u00f3.<\/li>\n<li>Bi\u1ebfn c\u00e1c kh\u00e1i ni\u1ec7m kinh doanh th\u00e0nh c\u00e1c \u1ee9ng d\u1ee5ng t\u00e0i tr\u1ee3 th\u00e0nh c\u00f4ng.<\/li>\n<li>Vi\u1ebft c\u00e1c \u0111\u1ec1 xu\u1ea5t kinh doanh v\u00e0 cung c\u1ea5p c\u00e1c t\u00e0i li\u1ec7u c\u1ea7n thi\u1ebft.<\/li>\n<li>Thay m\u1eb7t b\u1ea1n qu\u1ea3n l\u00fd c\u00e1c m\u1ed1i quan h\u1ec7 v\u1edbi ch\u00ednh ph\u1ee7.<br \/>\n\u200b<\/li>\n<\/ul>\n<p>Cho \u0111\u1ebfn nay, ch\u00fang t\u00f4i \u0111\u00e3 h\u1ed7 tr\u1ee3 h\u01a1n 150 c\u00f4ng ty v\u00e0 huy \u0111\u1ed9ng \u0111\u01b0\u1ee3c h\u01a1n 25 tri\u1ec7u \u0111\u00f4 la CAN d\u01b0\u1edbi d\u1ea1ng \u0111\u00f3ng g\u00f3p ho\u00e0n tr\u1ea3 v\u00e0 kh\u00f4ng ho\u00e0n tr\u1ea3.<\/p>\n<p>B\u1eb1ng c\u00e1ch ch\u1ecdn T\u1eadp \u0111o\u00e0n Engram, ch\u00fang t\u00f4i h\u1ee9a v\u1edbi b\u1ea1n:<\/p>\n<ul>\n<li>\u0110\u1ec3 t\u1ed1i \u01b0u h\u00f3a chi\u1ebfn l\u01b0\u1ee3c t\u00e0i ch\u00ednh c\u1ee7a b\u1ea1n \u0111\u1ec3 lu\u00f4n t\u00ecm \u0111\u01b0\u1ee3c h\u1ed7 tr\u1ee3 t\u00e0i ch\u00ednh t\u1ed1t nh\u1ea5t c\u00f3 s\u1eb5n cho d\u1ef1 \u00e1n c\u1ee7a b\u1ea1n.<\/li>\n<li>\u0110\u1ec3 \u0111\u1ea1t \u0111\u01b0\u1ee3c ROI \u00edt nh\u1ea5t 90% cho c\u00e1c d\u1ef1 \u00e1n t\u00e0i ch\u00ednh c\u1ee7a b\u1ea1n.<\/li>\n<li>Ch\u0103m s\u00f3c c\u00e1c t\u1ec7p c\u1ee7a b\u1ea1n nh\u01b0 th\u1ec3 ch\u00fang l\u00e0 c\u1ee7a ch\u00ednh ch\u00fang t\u00f4i.<\/li>\n<li>\u0110\u1ea3m b\u1ea3o giao h\u00e0ng k\u1ecbp th\u1eddi lu\u00f4n cao h\u01a1n chi ph\u00ed c\u01a1 h\u1ed9i c\u1ee7a vi\u1ec7c t\u1ef1 l\u00e0m.<\/li>\n<li>X\u00e1c \u0111\u1ecbnh t\u00e0i n\u0103ng t\u1ed1t nh\u1ea5t c\u00f3 s\u1eb5n tr\u00ean ba ch\u00e2u l\u1ee5c.<\/li>\n<li>\u0110\u1ec3 k\u1ebft n\u1ed1i b\u1ea1n v\u1edbi c\u00e1c \u0111\u1ed1i t\u00e1c kinh doanh t\u1ed1t nh\u1ea5t cho c\u00e1c d\u1ef1 \u00e1n c\u1ee7a b\u1ea1n.<\/li>\n<\/ul>\n[\/vc_column_text][\/vc_column][vc_column width=&#8221;1\/2&#8243;][wgl_spacing spacer_size=&#8221;40px&#8221;][wgl_image_layers values=&#8221;%5B%7B%22thumbnail%22%3A%221763%22%2C%22image_animation%22%3A%22fade_in%22%2C%22image_order%22%3A%221%22%7D%5D&#8221;][\/vc_column][\/vc_row]\n<\/div>","protected":false},"excerpt":{"rendered":"<p>[vc_row][vc_column width=&#8221;1\/2&#8243;][wgl_double_headings css_animation=&#8221;bounceIn&#8221; title_color=&#8221;#151515&#8243; subtitle_color=&#8221;#1e73be&#8221; subtitle=&#8221;Management of financial aid requests&#8221;][wgl_spacing spacer_size=&#8221;30px&#8221;][vc_column_text]Vi\u1ec7c ki\u1ebfm \u0111\u01b0\u1ee3c s\u1ed1 ti\u1ec1n b\u1ea1n c\u1ea7n \u0111\u1ec3 t\u00e0i tr\u1ee3 v\u00e0 t\u0103ng t\u1ed1c \u0111\u1ed9 b\u00e0n giao c\u1ee7a c\u00e1c d\u1ef1 \u00e1n [&hellip;]<\/p>\n","protected":false},"author":1,"featured_media":0,"parent":0,"menu_order":0,"comment_status":"closed","ping_status":"closed","template":"","meta":{"_price":"","_stock":"","_tribe_ticket_header":"","_tribe_default_ticket_provider":"","_tribe_ticket_capacity":"0","_ticket_start_date":"","_ticket_end_date":"","_tribe_ticket_show_description":"","_tribe_ticket_show_not_going":false,"_tribe_ticket_use_global_stock":"","_tribe_ticket_global_stock_level":"","_global_stock_mode":"","_global_stock_cap":"","_tribe_rsvp_for_event":"","_tribe_ticket_going_count":"","_tribe_ticket_not_going_count":"","_tribe_tickets_list":"[]","_tribe_ticket_has_attendee_info_fields":false,"footnotes":""},"class_list":["post-10644","page","type-page","status-publish","hentry"],"_links":{"self":[{"href":"https:\/\/groupe-engram.com\/vi\/wp-json\/wp\/v2\/pages\/10644"}],"collection":[{"href":"https:\/\/groupe-engram.com\/vi\/wp-json\/wp\/v2\/pages"}],"about":[{"href":"https:\/\/groupe-engram.com\/vi\/wp-json\/wp\/v2\/types\/page"}],"author":[{"embeddable":true,"href":"https:\/\/groupe-engram.com\/vi\/wp-json\/wp\/v2\/users\/1"}],"replies":[{"embeddable":true,"href":"https:\/\/groupe-engram.com\/vi\/wp-json\/wp\/v2\/comments?post=10644"}],"version-history":[{"count":10,"href":"https:\/\/groupe-engram.com\/vi\/wp-json\/wp\/v2\/pages\/10644\/revisions"}],"predecessor-version":[{"id":15846,"href":"https:\/\/groupe-engram.com\/vi\/wp-json\/wp\/v2\/pages\/10644\/revisions\/15846"}],"wp:attachment":[{"href":"https:\/\/groupe-engram.com\/vi\/wp-json\/wp\/v2\/media?parent=10644"}],"curies":[{"name":"wp","href":"https:\/\/api.w.org\/{rel}","templated":true}]}}