{"id":10590,"date":"2018-11-05T08:57:42","date_gmt":"2018-11-05T08:57:42","guid":{"rendered":"https:\/\/groupe-engram.com\/ve-chung-toi\/"},"modified":"2023-11-10T07:05:18","modified_gmt":"2023-11-10T07:05:18","slug":"ve-chung-toi","status":"publish","type":"page","link":"https:\/\/groupe-engram.com\/vi\/ve-chung-toi\/","title":{"rendered":"V\u1ec1 ch\u00fang t\u00f4i"},"content":{"rendered":"<div class=\"wpb-content-wrapper\">[vc_row gap=&#8221;35&#8243; content_placement=&#8221;middle&#8221; css=&#8221;.vc_custom_1678393051036{padding-top: 80px !important;padding-bottom: 80px !important;}&#8221;][vc_column offset=&#8221;vc_col-md-6&#8243;][vc_single_image image=&#8221;15761&#8243; img_size=&#8221;full&#8221;][\/vc_column][vc_column offset=&#8221;vc_col-md-6&#8243;][wgl_double_headings title_color=&#8221;#151515&#8243; subtitle_color=&#8221;#1e73be&#8221; subtitle=&#8221;Ch\u00fang t\u00f4i l\u00e0 m\u1ed9t c\u00f4ng ty t\u01b0 v\u1ea5n chi\u1ebfn l\u01b0\u1ee3c&#8221; title=&#8221;V\u1ec1 Groupe Engram&#8221;][wgl_spacing spacer_size=&#8221;20px&#8221;][vc_column_text]\n<p class=\"font_2\" style=\"text-align: left;\"><span>\u0110\u01b0\u1ee3c th\u00e0nh l\u1eadp v\u00e0o n\u0103m 2016, Groupe Engram l\u00e0 m\u1ed9t c\u00f4ng ty t\u01b0 v\u1ea5n chi\u1ebfn l\u01b0\u1ee3c c\u00f3 m\u1ee5c \u0111\u00edch c\u1ed1t l\u00f5i l\u00e0 t\u0103ng t\u1ed1c \u0111\u1ed9 t\u0103ng tr\u01b0\u1edfng c\u1ee7a c\u00e1c doanh nghi\u1ec7p v\u1eeba v\u00e0 nh\u1ecf. V\u1edbi c\u00e1c v\u0103n ph\u00f2ng t\u1ea1i Montr\u00e9al (Canada), Hano\u00ef (Vi\u1ec7t Nam) v\u00e0 Casablanca (Maroc); ch\u00fang t\u00f4i t\u1ea1o ra gi\u00e1 tr\u1ecb b\u1eb1ng c\u00e1ch:<\/span><\/p>\n[\/vc_column_text][wgl_spacing spacer_size=&#8221;19px&#8221;][vc_column_text]\n<ul>\n<li class=\"font_2\" style=\"text-align: left;\"><span>T\u1ea1o ra c\u01a1 h\u1ed9i kinh doanh tr\u00ean c\u00e1c th\u1ecb tr\u01b0\u1eddng <\/span><\/li>\n<li class=\"font_2\" style=\"text-align: left;\"><span>\u0110\u1ea3m b\u1ea3o ngu\u1ed3n v\u1ed1n \u0111\u1ec3 th\u00fac \u0111\u1ea9y c\u00e1c m\u00f4 h\u00ecnh kinh doanh <\/span><\/li>\n<li class=\"font_2\" style=\"text-align: left;\"><span>K\u1ebft n\u1ed1i t\u00e0i n\u0103ng ph\u00f9 h\u1ee3p v\u1edbi ch\u1ee7 d\u1ef1 \u00e1n<\/span><\/li>\n<li class=\"font_2\" style=\"text-align: left;\"><span> Gi\u1ea3m r\u1ee7i ro cho s\u1ef1 ph\u00e1t tri\u1ec3n qu\u1ed1c t\u1ebf b\u1eb1ng c\u00e1ch t\u0103ng c\u01b0\u1eddng tu\u00e2n th\u1ee7 th\u01b0\u01a1ng m\u1ea1i.<\/span><\/li>\n<\/ul>\n[\/vc_column_text][wgl_spacing spacer_size=&#8221;23px&#8221;][\/vc_column][\/vc_row][vc_row full_width=&#8221;stretch_row&#8221; gap=&#8221;35&#8243; content_placement=&#8221;middle&#8221; css=&#8221;.vc_custom_1678393197650{padding-top: 80px !important;padding-bottom: 80px !important;background-color: #eef3f7 !important;}&#8221;][vc_column offset=&#8221;vc_col-md-6&#8243;][wgl_double_headings title_color=&#8221;#151515&#8243; subtitle_color=&#8221;#1e73be&#8221; subtitle=&#8221;\u0110\u00d4I L\u1edcI T\u1eea CH\u1ee6 T\u1ecaCH&#8221;][wgl_spacing spacer_size=&#8221;20px&#8221;][vc_column_text]\n<p class=\"font_2\" style=\"text-align: left;\"><span>\u201cCh\u00ednh b\u1eb1ng ni\u1ec1m \u0111am m\u00ea v\u00e0 t\u1ef1 h\u00e0o m\u00e0 Groupe-Engram lu\u00f4n th\u1ec3 hi\u1ec7n l\u00e0 m\u1ed9t doanh nghi\u1ec7p h\u01b0\u1edbng t\u1edbi s\u1ef1 \u01b0u t\u00fa trong l\u0129nh v\u1ef1c ho\u1ea1t \u0111\u1ed9ng c\u1ee7a m\u00ecnh. Ch\u00fang t\u00f4i lu\u00f4n s\u1eb5n s\u00e0ng h\u1ed7 tr\u1ee3 c\u00e1c \u0111\u1ed1i t\u00e1c, nh\u1ea5t l\u00e0 c\u00e1c doanh nghi\u1ec7p v\u1eeba v\u00e0 nh\u1ecf Quebec trong su\u1ed1t qu\u00e1 tr\u00ecnh th\u1ef1c hi\u1ec7n d\u1ef1 \u00e1n. Ch\u00fang t\u00f4i tin t\u01b0\u1edfng v\u00e0o gi\u00e1 tr\u1ecb m\u00e0 c\u00f4ng ty c\u00f3 th\u1ec3 mang l\u1ea1i cho kh\u00e1ch h\u00e0ng trong vi\u1ec7c th\u1ef1c hi\u1ec7n c\u00e1c d\u1ef1 \u00e1n m\u1edf r\u1ed9ng ho\u1ea1t \u0111\u1ed9ng, bao g\u1ed3m h\u1ed7 tr\u1ee3 t\u00ecm ngu\u1ed3n t\u00e0i ch\u00ednh, c\u01a1 h\u1ed9i kinh doanh hay tuy\u1ec3n d\u1ee5ng qu\u1ed1c t\u1ebf. Groupe-Engram ch\u00ednh l\u00e0 n\u01a1i kh\u00e1ch h\u00e0ng c\u00f3 th\u1ec3 \u0111\u1eb7t tr\u1ecdn ni\u1ec1m tin.\u201d<\/span><\/p>\n[\/vc_column_text][wgl_spacing spacer_size=&#8221;30px&#8221;][vc_row_inner][vc_column_inner width=&#8221;5\/12&#8243; offset=&#8221;vc_col-lg-2\/5&#8243;][vc_column_text]<img loading=\"lazy\" decoding=\"async\" class=\"wp-image-1183 alignleft\" src=\"https:\/\/groupe-engram.com\/wp-content\/uploads\/2022\/09\/R.Franzoni_cocosign-1-e1663174699390-300x67.png\" alt=\"\" width=\"192\" height=\"43\" srcset=\"https:\/\/groupe-engram.com\/wp-content\/uploads\/2022\/09\/R.Franzoni_cocosign-1-e1663174699390-300x67.png 300w, https:\/\/groupe-engram.com\/wp-content\/uploads\/2022\/09\/R.Franzoni_cocosign-1-e1663174699390.png 378w\" sizes=\"(max-width: 192px) 100vw, 192px\" \/>[\/vc_column_text][\/vc_column_inner][vc_column_inner width=&#8221;7\/12&#8243;][vc_column_text]<strong>R\u00e9my Franzoni ThS, PMP<\/strong><br \/>\n<span>Ch\u1ee7 t\u1ecbch Groupe Engram<\/span>[\/vc_column_text][\/vc_column_inner][\/vc_row_inner][\/vc_column][vc_column offset=&#8221;vc_col-md-6&#8243;][vc_single_image image=&#8221;14050&#8243; img_size=&#8221;full&#8221;][\/vc_column][\/vc_row][vc_row full_width=&#8221;stretch_row&#8221; css=&#8221;.vc_custom_1678394634131{padding-top: 40px !important;padding-bottom: 40px !important;background: rgba(0,0,0,0.24) url(https:\/\/groupe-engram.com\/wp-content\/uploads\/2023\/03\/page-title_2-1-1.jpg?id=14029) !important;background-position: center !important;background-repeat: no-repeat !important;background-size: cover !important;*background-color: rgb(0,0,0) !important;}&#8221; el_class=&#8221;ovisible&#8221;][vc_column css=&#8221;.vc_custom_1541573917425{padding-top: 20px !important;}&#8221; el_class=&#8221;overlay-responsive-2&#8243;][vc_row_inner][vc_column_inner width=&#8221;1\/2&#8243; offset=&#8221;vc_col-md-4&#8243;][wgl_info_box ib_type=&#8221;fill&#8221; ib_align=&#8221;center&#8221; icon_type=&#8221;font&#8221; icon_font_type=&#8221;type_flaticon&#8221; icon_flaticon=&#8221;flaticon-head&#8221; icon_bg_color_hover=&#8221;#ffffff&#8221; title_color=&#8221;#ffffff&#8221; ib_title=&#8221;T\u01b0 duy \u0111\u1ed9t ph\u00e1&#8221; custom_icon_size=&#8221;51&#8243; custom_icon_radius=&#8221;55&#8243; custom_icon_bg_color=&#8221;true&#8221; custom_icon_bg_width=&#8221;92&#8243; custom_icon_bg_height=&#8221;92&#8243; custom_title_color=&#8221;true&#8221;][wgl_spacing spacer_size=&#8221;30px&#8221; responsive_mobile=&#8221;true&#8221; size_mobile=&#8221;30px&#8221;][\/vc_column_inner][vc_column_inner width=&#8221;1\/2&#8243; offset=&#8221;vc_col-md-4&#8243;][wgl_info_box ib_type=&#8221;fill&#8221; ib_align=&#8221;center&#8221; icon_type=&#8221;font&#8221; icon_font_type=&#8221;type_flaticon&#8221; icon_flaticon=&#8221;flaticon-target&#8221; icon_bg_color_hover=&#8221;#ffffff&#8221; title_color=&#8221;#ffffff&#8221; ib_title=&#8221;K\u1ebft qu\u1ea3 b\u1ec1n v\u1eefng&#8221; custom_icon_size=&#8221;51&#8243; custom_icon_radius=&#8221;55&#8243; custom_icon_bg_color=&#8221;true&#8221; custom_icon_bg_width=&#8221;92&#8243; custom_icon_bg_height=&#8221;92&#8243; custom_title_color=&#8221;true&#8221;][wgl_spacing spacer_size=&#8221;30px&#8221; responsive_mobile=&#8221;true&#8221; size_mobile=&#8221;30px&#8221;][\/vc_column_inner][vc_column_inner width=&#8221;1\/2&#8243; offset=&#8221;vc_col-md-offset-0 vc_col-md-4 vc_col-sm-offset-3&#8243;][wgl_info_box ib_type=&#8221;fill&#8221; ib_align=&#8221;center&#8221; icon_type=&#8221;font&#8221; icon_font_type=&#8221;type_flaticon&#8221; icon_flaticon=&#8221;flaticon-chess-1&#8243; icon_bg_color_hover=&#8221;#ffffff&#8221; title_color=&#8221;#ffffff&#8221; ib_title=&#8221;nh\u1eefng con ng\u01b0\u1eddi nhi\u1ec7t huy\u1ebft&#8221; custom_icon_size=&#8221;51&#8243; custom_icon_radius=&#8221;55&#8243; custom_icon_bg_color=&#8221;true&#8221; custom_icon_bg_width=&#8221;92&#8243; custom_icon_bg_height=&#8221;92&#8243; custom_title_color=&#8221;true&#8221;][\/vc_column_inner][\/vc_row_inner][\/vc_column][\/vc_row][vc_row full_width=&#8221;stretch_row&#8221;][vc_column][wgl_spacing spacer_size=&#8221;55px&#8221;][wgl_double_headings align=&#8221;center&#8221; title_color=&#8221;#151515&#8243; subtitle_color=&#8221;#1e73be&#8221; title=&#8221;G\u1eb7p g\u1ee1 c\u00e1c th\u00e0nh vi\u00ean&#8221; subtitle=&#8221;\u0110\u1ed8I NG\u0168 C\u1ee6A CH\u00daNG T\u00d4I&#8221; responsive_font=&#8221;true&#8221; font_size_mobile=&#8221;34&#8243;][wgl_spacing spacer_size=&#8221;20px&#8221;][vc_row_inner][vc_column_inner offset=&#8221;vc_col-lg-offset-2 vc_col-lg-8&#8243;][vc_column_text]\n<p style=\"text-align: center;\">Nh\u1eefng con ng\u01b0\u1eddi \u0111\u1ea7y nhi\u1ec7t huy\u1ebft v\u00e0 tr\u00e1ch nhi\u1ec7m lu\u00f4n theo s\u00e1t kh\u00e1ch trong qu\u00e1 tr\u00ecnh l\u00e0m vi\u1ec7c. Ch\u00fang t\u00f4i cam k\u1ebft lu\u00f4n quan t\u00e2m v\u00e0 ch\u00e2n th\u00e0nh v\u1edbi kh\u00e1ch h\u00e0ng, gi\u00fap \u0111\u1ee1 h\u1ecd d\u1ef1 \u0111o\u00e1n v\u00e0 v\u01b0\u1ee3t qua m\u1ecdi r\u00e0o c\u1ea3n \u0111\u1ec3 thay \u0111\u1ed5i l\u1edbn m\u1ea1nh h\u01a1n.<\/p>\n[\/vc_column_text][\/vc_column_inner][\/vc_row_inner][wgl_spacing spacer_size=&#8221;40px&#8221;]\n\t\t<div  class=\"wgl_module_team team-col_4 acenter\">\n\t\t\t<div class=\"team-items_wrap clearfix\"  style=\"margin-right:-3px; margin-left:-3px;\">\n\t\t\t\t[wgl_carousel slide_to_show=\"4\" autoplay=\"\" autoplay_speed=\"3000\" use_pagination=\"true\" pag_type=\"line_circle\" pag_offset=\"0\" custom_pag_color=\"\" pag_color=\"#1e73be\" use_prev_next=\"true\" custom_buttons_color=\"true\" buttons_color=\"#1880a0\" custom_resp=\"true\" resp_medium=\"998\" resp_medium_slides=\"2\" resp_tablets=\"768\" resp_tablets_slides=\"1\" resp_mobile=\"480\" resp_mobile_slides=\"1\" infinite=\"\" slides_to_scroll=\"\" ]<div class=\"team-item\" style=\"padding-right:3px; padding-left:3px;  padding-bottom:6px;\"><div class=\"team-item_content\"><div class=\"team-image\"><img decoding=\"async\" src=\"https:\/\/groupe-engram.com\/wp-content\/uploads\/2022\/10\/Copy_of_IMG_0342_300x400-420x460.jpg\" alt=\"\" \/><\/div><div class=\"team-item_info\"><div class=\"team-item_titles\"><h4 class=\"team-title\"><a href=\"https:\/\/groupe-engram.com\/vi\/blog\/team\/remy-franzoni\/\">R\u00e9my Franzoni<\/a><\/h4><\/div><div class=\"team-item_excerpt\">ThS PMP.\n<\/div><\/div><\/div><\/div><div class=\"team-item\" style=\"padding-right:3px; padding-left:3px;  padding-bottom:6px;\"><div class=\"team-item_content\"><div class=\"team-image\"><img decoding=\"async\" src=\"https:\/\/groupe-engram.com\/wp-content\/uploads\/2023\/11\/Untitled-22-420x460.jpg\" alt=\"\" \/><\/div><div class=\"team-item_info\"><div class=\"team-item_titles\"><h4 class=\"team-title\"><a href=\"https:\/\/groupe-engram.com\/vi\/blog\/team\/ismael-talata\/\">Isma\u00ebl Talata<\/a><\/h4><\/div><div class=\"team-item_excerpt\">ThS. | d\u1ef1 \u00e1n doanh nghi\u1ec7p\n<\/div><\/div><\/div><\/div><div class=\"team-item\" style=\"padding-right:3px; padding-left:3px;  padding-bottom:6px;\"><div class=\"team-item_content\"><div class=\"team-image\"><img decoding=\"async\" src=\"https:\/\/groupe-engram.com\/wp-content\/uploads\/2023\/10\/Reinaldo-420x460.jpg\" alt=\"\" \/><\/div><div class=\"team-item_info\"><div class=\"team-item_titles\"><h4 class=\"team-title\"><a href=\"https:\/\/groupe-engram.com\/vi\/blog\/team\/reinaldo-monque\/\">Reinaldo Monque<\/a><\/h4><\/div><div class=\"team-item_excerpt\">d\u1ef1 \u00e1n doanh nghi\u1ec7p\n<\/div><\/div><\/div><\/div><div class=\"team-item\" style=\"padding-right:3px; padding-left:3px;  padding-bottom:6px;\"><div class=\"team-item_content\"><div class=\"team-image\"><img decoding=\"async\" src=\"https:\/\/groupe-engram.com\/wp-content\/uploads\/2023\/11\/Le-hue-420x460.jpg\" alt=\"\" \/><\/div><div class=\"team-item_info\"><div class=\"team-item_titles\"><h4 class=\"team-title\"><a href=\"https:\/\/groupe-engram.com\/vi\/blog\/team\/le-hue\/\">Le Hue<\/a><\/h4><\/div><div class=\"team-item_excerpt\"><\/div><\/div><\/div><\/div><div class=\"team-item\" style=\"padding-right:3px; padding-left:3px;  padding-bottom:6px;\"><div class=\"team-item_content\"><div class=\"team-image\"><img decoding=\"async\" src=\"https:\/\/groupe-engram.com\/wp-content\/uploads\/2023\/11\/Ikbal-Sabir--420x460.jpg\" alt=\"\" \/><\/div><div class=\"team-item_info\"><div class=\"team-item_titles\"><h4 class=\"team-title\"><a href=\"https:\/\/groupe-engram.com\/vi\/blog\/team\/ikbal-sabir\/\">Ikbal Sabri<\/a><\/h4><\/div><div class=\"team-item_excerpt\"><\/div><\/div><\/div><\/div><div class=\"team-item\" style=\"padding-right:3px; padding-left:3px;  padding-bottom:6px;\"><div class=\"team-item_content\"><div class=\"team-image\"><img decoding=\"async\" src=\"https:\/\/groupe-engram.com\/wp-content\/uploads\/2023\/11\/Hajar-420x460.jpg\" alt=\"\" \/><\/div><div class=\"team-item_info\"><div class=\"team-item_titles\"><h4 class=\"team-title\"><a href=\"https:\/\/groupe-engram.com\/vi\/blog\/team\/hajar-sabir\/\">Hajar Sabir<\/a><\/h4><\/div><div class=\"team-item_excerpt\"><\/div><\/div><\/div><\/div><div class=\"team-item\" style=\"padding-right:3px; padding-left:3px;  padding-bottom:6px;\"><div class=\"team-item_content\"><div class=\"team-image\"><img decoding=\"async\" src=\"https:\/\/groupe-engram.com\/wp-content\/uploads\/2018\/10\/Victor-Saint-Laurent-Charge-de-projet-et-marketing-digital-420x460.jpg\" alt=\"\" \/><\/div><div class=\"team-item_info\"><div class=\"team-item_titles\"><h4 class=\"team-title\"><a href=\"https:\/\/groupe-engram.com\/vi\/blog\/team\/victor-st-laurent\/\">Victor St-Laurent<\/a><\/h4><\/div><div class=\"team-item_excerpt\"><\/div><\/div><\/div><\/div><div class=\"team-item\" style=\"padding-right:3px; padding-left:3px;  padding-bottom:6px;\"><div class=\"team-item_content\"><div class=\"team-image\"><img decoding=\"async\" src=\"https:\/\/groupe-engram.com\/wp-content\/uploads\/2023\/11\/Duong-Vu-International-Mobility-Coordinator-420x460.png\" alt=\"\" \/><\/div><div class=\"team-item_info\"><div class=\"team-item_titles\"><h4 class=\"team-title\"><a href=\"https:\/\/groupe-engram.com\/vi\/blog\/team\/duong-vu\/\">Duong Vu<\/a><\/h4><\/div><div class=\"team-item_excerpt\"><\/div><\/div><\/div><\/div><div class=\"team-item\" style=\"padding-right:3px; padding-left:3px;  padding-bottom:6px;\"><div class=\"team-item_content\"><div class=\"team-image\"><img decoding=\"async\" src=\"https:\/\/groupe-engram.com\/wp-content\/uploads\/2023\/11\/Menses-420x460.jpg\" alt=\"\" \/><\/div><div class=\"team-item_info\"><div class=\"team-item_titles\"><h4 class=\"team-title\"><a href=\"https:\/\/groupe-engram.com\/vi\/blog\/team\/celena-meneses\/\">Celena Meneses<\/a><\/h4><\/div><div class=\"team-item_excerpt\">Regulated Canadian Immigration Consultant (CCIC)\n<\/div><\/div><\/div><\/div><div class=\"team-item\" style=\"padding-right:3px; padding-left:3px;  padding-bottom:6px;\"><div class=\"team-item_content\"><div class=\"team-image\"><img decoding=\"async\" src=\"https:\/\/groupe-engram.com\/wp-content\/uploads\/2023\/10\/Marina-420x460.jpg\" alt=\"\" \/><\/div><div class=\"team-item_info\"><div class=\"team-item_titles\"><h4 class=\"team-title\"><a href=\"https:\/\/groupe-engram.com\/vi\/blog\/team\/ben-du-thuyen-sacateyan\/\">Marina Sagatelyan<\/a><\/h4><\/div><div class=\"team-item_excerpt\">c\u1ed9ng t\u00e1c vi\u00ean\n<\/div><\/div><\/div><\/div><div class=\"team-item\" style=\"padding-right:3px; padding-left:3px;  padding-bottom:6px;\"><div class=\"team-item_content\"><div class=\"team-image\"><img decoding=\"async\" src=\"https:\/\/groupe-engram.com\/wp-content\/uploads\/2024\/07\/Picture1-420x460.jpg\" alt=\"\" \/><\/div><div class=\"team-item_info\"><div class=\"team-item_titles\"><h4 class=\"team-title\"><a href=\"https:\/\/groupe-engram.com\/vi\/blog\/team\/asma-cherif\/\">Asma Cherif<\/a><\/h4><\/div><div class=\"team-item_excerpt\">Senior Business Project Analyst\n<\/div><\/div><\/div><\/div><div class=\"team-item\" style=\"padding-right:3px; padding-left:3px;  padding-bottom:6px;\"><div class=\"team-item_content\"><div class=\"team-image\"><img decoding=\"async\" src=\"https:\/\/groupe-engram.com\/wp-content\/uploads\/2024\/07\/Otman-420x460.png\" alt=\"\" \/><\/div><div class=\"team-item_info\"><div class=\"team-item_titles\"><h4 class=\"team-title\"><a href=\"https:\/\/groupe-engram.com\/vi\/blog\/team\/othmane-adel\/\">Othmane Adel<\/a><\/h4><\/div><div class=\"team-item_excerpt\">Gi\u00e1m \u0111\u1ed1c ph\u00e1t tri\u1ec3n kinh doanh, Casablanca\n<\/div><\/div><\/div><\/div><div class=\"team-item\" style=\"padding-right:3px; padding-left:3px;  padding-bottom:6px;\"><div class=\"team-item_content\"><div class=\"team-image\"><img decoding=\"async\" src=\"https:\/\/groupe-engram.com\/wp-content\/uploads\/2025\/11\/Photo-Imane-1-420x460.png\" alt=\"\" \/><\/div><div class=\"team-item_info\"><div class=\"team-item_titles\"><h4 class=\"team-title\"><a href=\"https:\/\/groupe-engram.com\/vi\/blog\/team\/imane-falouhi\/\">Imane Falouhi<\/a><\/h4><div class=\"team-department\">Gi\u00e1m \u0111\u1ed1c t\u00e0i ch\u00ednh<\/div><\/div><div class=\"team-item_excerpt\">\n<\/div><\/div><\/div><\/div><div class=\"team-item\" style=\"padding-right:3px; padding-left:3px;  padding-bottom:6px;\"><div class=\"team-item_content\"><div class=\"team-image\"><img decoding=\"async\" src=\"https:\/\/groupe-engram.com\/wp-content\/uploads\/2025\/11\/Profile_Picture_-_Modifie-420x460.png\" alt=\"\" \/><\/div><div class=\"team-item_info\"><div class=\"team-item_titles\"><h4 class=\"team-title\"><a href=\"https:\/\/groupe-engram.com\/vi\/blog\/team\/jad-gerges\/\">Jad Gerges<\/a><\/h4><div class=\"team-department\">C\u1ed1 v\u1ea5n chi\u1ebfn l\u01b0\u1ee3c<\/div><\/div><div class=\"team-item_excerpt\"><\/div><\/div><\/div><\/div>[\/wgl_carousel]\t\t\t<\/div>\n\t\t<\/div>\n\n\t\t[wgl_spacing spacer_size=&#8221;62px&#8221;][\/vc_column][\/vc_row][vc_row full_width=&#8221;stretch_row_content&#8221; css=&#8221;.vc_custom_1541422820554{margin-bottom: -40px !important;background-color: #f6f4f0 !important;}&#8221;][vc_column width=&#8221;1\/3&#8243; offset=&#8221;vc_col-lg-offset-1 vc_col-lg-10&#8243;][wgl_spacing spacer_size=&#8221;0px&#8221;][wgl_clients item_grid=&#8221;6&#8243; item_anim=&#8221;grayscale&#8221; values=&#8221;%5B%7B%22thumbnail%22%3A%221386%22%2C%22add_link%22%3A%22true%22%2C%22link%22%3A%22url%3Ahttp%253A%252F%252Fgroupe-engram.host%252Fclients%252F%7C%7C%7C%22%7D%2C%7B%22thumbnail%22%3A%221387%22%2C%22add_link%22%3A%22true%22%2C%22link%22%3A%22url%3Ahttp%253A%252F%252Fgroupe-engram.host%252Fclients%252F%7C%7C%7C%22%7D%2C%7B%22thumbnail%22%3A%221388%22%2C%22add_link%22%3A%22true%22%2C%22link%22%3A%22url%3Ahttp%253A%252F%252Fgroupe-engram.host%252Fclients%252F%7C%7C%7C%22%7D%2C%7B%22thumbnail%22%3A%221389%22%2C%22add_link%22%3A%22true%22%2C%22link%22%3A%22url%3Ahttp%253A%252F%252Fgroupe-engram.host%252Fclients%252F%7C%7C%7C%22%7D%2C%7B%22thumbnail%22%3A%221390%22%2C%22add_link%22%3A%22true%22%2C%22link%22%3A%22url%3Ahttp%253A%252F%252Fgroupe-engram.host%252Fclients%252F%7C%7C%7C%22%7D%2C%7B%22thumbnail%22%3A%2214051%22%2C%22add_link%22%3A%22true%22%2C%22link%22%3A%22url%3Ahttp%253A%252F%252Fgroupe-engram.host%252Fclients%252F%7C%7C%7C%22%7D%5D&#8221;][wgl_spacing spacer_size=&#8221;10px&#8221;][\/vc_column][vc_column][\/vc_column][\/vc_row]\n<\/div>","protected":false},"excerpt":{"rendered":"<p>[vc_row gap=&#8221;35&#8243; content_placement=&#8221;middle&#8221; css=&#8221;.vc_custom_1678393051036{padding-top: 80px !important;padding-bottom: 80px !important;}&#8221;][vc_column offset=&#8221;vc_col-md-6&#8243;][vc_single_image image=&#8221;15761&#8243; img_size=&#8221;full&#8221;][\/vc_column][vc_column offset=&#8221;vc_col-md-6&#8243;][wgl_double_headings title_color=&#8221;#151515&#8243; subtitle_color=&#8221;#1e73be&#8221; subtitle=&#8221;Ch\u00fang t\u00f4i l\u00e0 m\u1ed9t c\u00f4ng ty t\u01b0 v\u1ea5n chi\u1ebfn l\u01b0\u1ee3c&#8221; title=&#8221;V\u1ec1 Groupe Engram&#8221;][wgl_spacing spacer_size=&#8221;20px&#8221;][vc_column_text] \u0110\u01b0\u1ee3c th\u00e0nh [&hellip;]<\/p>\n","protected":false},"author":1,"featured_media":0,"parent":0,"menu_order":0,"comment_status":"closed","ping_status":"closed","template":"","meta":{"_price":"","_stock":"","_tribe_ticket_header":"","_tribe_default_ticket_provider":"","_tribe_ticket_capacity":"0","_ticket_start_date":"","_ticket_end_date":"","_tribe_ticket_show_description":"","_tribe_ticket_show_not_going":false,"_tribe_ticket_use_global_stock":"","_tribe_ticket_global_stock_level":"","_global_stock_mode":"","_global_stock_cap":"","_tribe_rsvp_for_event":"","_tribe_ticket_going_count":"","_tribe_ticket_not_going_count":"","_tribe_tickets_list":"[]","_tribe_ticket_has_attendee_info_fields":false,"footnotes":""},"class_list":["post-10590","page","type-page","status-publish","hentry"],"_links":{"self":[{"href":"https:\/\/groupe-engram.com\/vi\/wp-json\/wp\/v2\/pages\/10590"}],"collection":[{"href":"https:\/\/groupe-engram.com\/vi\/wp-json\/wp\/v2\/pages"}],"about":[{"href":"https:\/\/groupe-engram.com\/vi\/wp-json\/wp\/v2\/types\/page"}],"author":[{"embeddable":true,"href":"https:\/\/groupe-engram.com\/vi\/wp-json\/wp\/v2\/users\/1"}],"replies":[{"embeddable":true,"href":"https:\/\/groupe-engram.com\/vi\/wp-json\/wp\/v2\/comments?post=10590"}],"version-history":[{"count":13,"href":"https:\/\/groupe-engram.com\/vi\/wp-json\/wp\/v2\/pages\/10590\/revisions"}],"predecessor-version":[{"id":27303,"href":"https:\/\/groupe-engram.com\/vi\/wp-json\/wp\/v2\/pages\/10590\/revisions\/27303"}],"wp:attachment":[{"href":"https:\/\/groupe-engram.com\/vi\/wp-json\/wp\/v2\/media?parent=10590"}],"curies":[{"name":"wp","href":"https:\/\/api.w.org\/{rel}","templated":true}]}}