{"id":10516,"date":"2022-10-24T16:49:18","date_gmt":"2022-10-24T16:49:18","guid":{"rendered":"https:\/\/groupe-engram.com\/tuan-thu-thuong-mai-quoc-te\/"},"modified":"2025-02-11T20:51:21","modified_gmt":"2025-02-11T20:51:21","slug":"tuan-thu-thuong-mai-quoc-te","status":"publish","type":"page","link":"https:\/\/groupe-engram.com\/vi\/tuan-thu-thuong-mai-quoc-te\/","title":{"rendered":"Tu\u00e2n th\u1ee7 Th\u01b0\u01a1ng m\u1ea1i Qu\u1ed1c t\u1ebf"},"content":{"rendered":"<div class=\"wpb-content-wrapper\">[vc_row css=&#8221;.vc_custom_1666632997266{margin-right: 10px !important;border-right-width: 10px !important;padding-right: 10px !important;}&#8221;][vc_column width=&#8221;1\/2&#8243;][wgl_spacing spacer_size=&#8221;30px&#8221;][wgl_image_layers values=&#8221;%5B%7B%22thumbnail%22%3A%221409%22%2C%22image_animation%22%3A%22slide_down%22%2C%22image_order%22%3A%221%22%7D%5D&#8221;][wgl_spacing spacer_size=&#8221;30px&#8221;][wgl_spacing spacer_size=&#8221;30px&#8221;][\/vc_column][vc_column width=&#8221;1\/2&#8243;][wgl_spacing spacer_size=&#8221;30px&#8221;][wgl_double_headings css_animation=&#8221;fadeIn&#8221; title_size=&#8221;26px&#8221; title_color=&#8221;#000000&#8243; subtitle_color=&#8221;#1e73be&#8221; title=&#8221;T\u1eadp h\u1ee3p c\u00e1c chuy\u00ean gia tu\u00e2n th\u1ee7&#8221; custom_title_color=&#8221;true&#8221; subtitle=&#8221;Hi\u1ec7p h\u1ed9i Chuy\u00ean gia Tu\u00e2n th\u1ee7 l\u00e0 g\u00ec?&#8221;][wgl_spacing spacer_size=&#8221;30px&#8221;][vc_column_text]Regroupement des Sp\u00e9cialistes en Conformit\u00e9 (RSC) l\u00e0 m\u1ed9t m\u1ea1ng l\u01b0\u1edbi ri\u00eang g\u1ed3m nh\u1eefng ng\u01b0\u1eddi ph\u1ee5 tr\u00e1ch ch\u1ee9c n\u0103ng tu\u00e2n th\u1ee7 h\u1ea3i quan trong c\u00e1c c\u00f4ng ty xu\u1ea5t nh\u1eadp kh\u1ea9u Quebec, nh\u1eefng ng\u01b0\u1eddi mu\u1ed1n t\u0103ng c\u01b0\u1eddng ho\u1ea1t \u0111\u1ed9ng chuy\u00ean m\u00f4n c\u1ee7a h\u1ecd.<\/p>\n<p>\u0110\u01b0\u1ee3c l\u00e3nh \u0111\u1ea1o b\u1edfi T\u1eadp \u0111o\u00e0n Engram, nhi\u1ec7m v\u1ee5 ch\u00ednh c\u1ee7a RSC l\u00e0 gi\u00fap \u0111\u1ee1 v\u00e0 trang b\u1ecb cho b\u1ea1n \u0111\u1ec3 \u0111\u00e1p \u1ee9ng c\u00e1c v\u1ea5n \u0111\u1ec1 v\u1ec1 ho\u1ea1t \u0111\u1ed9ng, t\u1ed5 ch\u1ee9c v\u00e0 chi\u1ebfn l\u01b0\u1ee3c li\u00ean quan \u0111\u1ebfn tu\u00e2n th\u1ee7 h\u1ea3i quan (tu\u00e2n th\u1ee7 th\u01b0\u01a1ng m\u1ea1i) trong c\u00e1c c\u00f4ng ty t\u01b0\u01a1ng \u1ee9ng c\u1ee7a b\u1ea1n b\u1eb1ng c\u00e1ch:[\/vc_column_text][\/vc_column][\/vc_row][vc_row css=&#8221;.vc_custom_1666632997266{margin-right: 10px !important;border-right-width: 10px !important;padding-right: 10px !important;}&#8221;][vc_column width=&#8221;1\/2&#8243;][wgl_spacing spacer_size=&#8221;30px&#8221;][vc_column_text]\n<ul>\n<li>T\u1ed5 ch\u1ee9c c\u00e1c h\u1ed9i th\u1ea3o v\u00e0 \u0111\u00e0o t\u1ea1o \u0111\u1ec3 gi\u00fap b\u1ea1n c\u1eadp nh\u1eadt c\u00e1c v\u1ea5n \u0111\u1ec1 th\u01b0\u01a1ng m\u1ea1i qu\u1ed1c t\u1ebf quan tr\u1ecdng (AEUMCA, GSTP, v.v.);<\/li>\n<li>T\u1ea1o \u0111i\u1ec1u ki\u1ec7n chia s\u1ebb c\u00e1c ph\u01b0\u01a1ng ph\u00e1p hay nh\u1ea5t v\u00e0 chuy\u00ean m\u00f4n t\u1ed1t nh\u1ea5t trong l\u1edbp;<\/li>\n<li>Truy c\u1eadp th\u01b0 vi\u1ec7n \u1ea3o g\u1ed3m c\u00e1c c\u00f4ng c\u1ee5, ch\u1ea9n \u0111o\u00e1n, quy tr\u00ecnh v\u00e0 t\u00e0i li\u1ec7u \u0111\u01b0\u1ee3c thi\u1ebft k\u1ebf \u0111\u1eb7c bi\u1ec7t \u0111\u1ec3 gi\u1ea3i quy\u1ebft c\u00e1c v\u1ea5n \u0111\u1ec1 tu\u00e2n th\u1ee7;<\/li>\n<\/ul>\n[\/vc_column_text][\/vc_column][vc_column width=&#8221;1\/2&#8243;][wgl_spacing spacer_size=&#8221;30px&#8221;][wgl_image_layers values=&#8221;%5B%7B%22thumbnail%22%3A%229700%22%2C%22image_animation%22%3A%22slide_down%22%2C%22image_order%22%3A%221%22%7D%5D&#8221;][wgl_spacing spacer_size=&#8221;30px&#8221;][\/vc_column][\/vc_row][vc_row][vc_column width=&#8221;1\/2&#8243;][wgl_spacing spacer_size=&#8221;30px&#8221;][wgl_image_layers values=&#8221;%5B%7B%22thumbnail%22%3A%221440%22%2C%22image_animation%22%3A%22slide_down%22%2C%22image_order%22%3A%221%22%7D%5D&#8221;][\/vc_column][vc_column width=&#8221;1\/2&#8243;][wgl_spacing spacer_size=&#8221;30px&#8221;][wgl_spacing spacer_size=&#8221;30px&#8221;][wgl_double_headings css_animation=&#8221;fadeIn&#8221; title_color=&#8221;#3f81bf&#8221; subtitle_size=&#8221;25px&#8221; subtitle_color=&#8221;#1e73be&#8221; custom_title_color=&#8221;true&#8221; subtitle=&#8221;Comment \u00e7a marche?&#8221;][wgl_spacing spacer_size=&#8221;30px&#8221;][vc_column_text css=&#8221;&#8221;]\n<h4>10 cu\u1ed9c h\u1ecdp \u1ea3o 120 tri\u1ec7u m\u1ed7i n\u0103m bao g\u1ed3m:<\/h4>\n<ul>\n<li>5 cu\u1ed9c h\u1ecdp k\u00edn n\u01a1i c\u00e1c th\u00e0nh vi\u00ean chia s\u1ebb c\u00e1c v\u1ea5n \u0111\u1ec1 c\u1ee7a h\u1ecd<\/li>\n<li>5 h\u1ed9i th\u1ea3o\/t\u1eadp hu\u1ea5n v\u1ec1 c\u00e1c v\u1ea5n \u0111\u1ec1 tu\u00e2n th\u1ee7 h\u1ea3i quan hi\u1ec7n nay.<\/li>\n<\/ul>\n<p>V\u00ed d\u1ee5 v\u1ec1 c\u00e1c ch\u1ee7 \u0111\u1ec1 \u0111\u01b0\u1ee3c \u0111\u1ec1 c\u1eadp trong CSR<\/p>\n<ul>\n<li>KPI n\u00e0o cho tu\u00e2n th\u1ee7 h\u1ea3i quan?<\/li>\n<li>L\u00e0m th\u1ebf n\u00e0o \u0111\u1ec3 chu\u1ea9n b\u1ecb cho m\u1ed9t cu\u1ed9c ki\u1ec3m to\u00e1n h\u1ea3i quan?<\/li>\n<li>L\u00e0m th\u1ebf n\u00e0o \u0111\u1ec3 ch\u1ecdn v\u00e0 qu\u1ea3n l\u00fd nh\u00e0 m\u00f4i gi\u1edbi h\u1ea3i quan c\u1ee7a b\u1ea1n?<\/li>\n<li>R\u00e0 so\u00e1t c\u00e1c th\u00f4ng l\u1ec7 t\u1ed1t nh\u1ea5t trong ph\u00e2n lo\u1ea1i h\u1ea3i quan<\/li>\n<li>Qu\u1ea3n l\u00fd v\u1eadn t\u1ea3i n\u0103m 2022, s\u1ee9c s\u00e1ng t\u1ea1o c\u1ee7a b\u1ea1n c\u00f3 b\u1ebf t\u1eafc?<\/li>\n<\/ul>\n[\/vc_column_text][\/vc_column][\/vc_row][vc_row][vc_column][wgl_spacing spacer_size=&#8221;50px&#8221;][\/vc_column][\/vc_row][vc_row full_width=&#8221;stretch_row_content&#8221;][vc_column width=&#8221;1\/4&#8243;][wgl_image_layers values=&#8221;%5B%7B%22thumbnail%22%3A%2215817%22%2C%22image_animation%22%3A%22slide_down%22%2C%22image_order%22%3A%221%22%7D%5D&#8221;][wgl_spacing spacer_size=&#8221;&#8221; responsive_mobile=&#8221;true&#8221; size_mobile=&#8221;30&#8243;][\/vc_column][vc_column width=&#8221;1\/4&#8243;][wgl_image_layers values=&#8221;%5B%7B%22thumbnail%22%3A%2215823%22%2C%22image_animation%22%3A%22slide_down%22%2C%22image_order%22%3A%221%22%7D%5D&#8221;][wgl_spacing spacer_size=&#8221;&#8221; responsive_mobile=&#8221;true&#8221; size_mobile=&#8221;30&#8243;][\/vc_column][vc_column width=&#8221;1\/4&#8243;][wgl_image_layers values=&#8221;%5B%7B%22thumbnail%22%3A%2215832%22%2C%22image_animation%22%3A%22slide_down%22%2C%22image_order%22%3A%221%22%7D%5D&#8221;][wgl_spacing spacer_size=&#8221;&#8221; responsive_mobile=&#8221;true&#8221; size_mobile=&#8221;30&#8243;][\/vc_column][vc_column width=&#8221;1\/4&#8243;][wgl_image_layers values=&#8221;%5B%7B%22thumbnail%22%3A%2215829%22%2C%22image_animation%22%3A%22slide_down%22%2C%22image_order%22%3A%221%22%7D%5D&#8221;][wgl_spacing spacer_size=&#8221;&#8221; responsive_mobile=&#8221;true&#8221; size_mobile=&#8221;30&#8243;][\/vc_column][\/vc_row]\n<\/div>","protected":false},"excerpt":{"rendered":"<p>[vc_row css=&#8221;.vc_custom_1666632997266{margin-right: 10px !important;border-right-width: 10px !important;padding-right: 10px !important;}&#8221;][vc_column width=&#8221;1\/2&#8243;][wgl_spacing spacer_size=&#8221;30px&#8221;][wgl_image_layers values=&#8221;%5B%7B%22thumbnail%22%3A%221409%22%2C%22image_animation%22%3A%22slide_down%22%2C%22image_order%22%3A%221%22%7D%5D&#8221;][wgl_spacing spacer_size=&#8221;30px&#8221;][wgl_spacing spacer_size=&#8221;30px&#8221;][\/vc_column][vc_column width=&#8221;1\/2&#8243;][wgl_spacing spacer_size=&#8221;30px&#8221;][wgl_double_headings css_animation=&#8221;fadeIn&#8221; title_size=&#8221;26px&#8221; title_color=&#8221;#000000&#8243; subtitle_color=&#8221;#1e73be&#8221; title=&#8221;T\u1eadp h\u1ee3p c\u00e1c chuy\u00ean gia tu\u00e2n th\u1ee7&#8221; custom_title_color=&#8221;true&#8221; subtitle=&#8221;Hi\u1ec7p h\u1ed9i Chuy\u00ean [&hellip;]<\/p>\n","protected":false},"author":1,"featured_media":0,"parent":0,"menu_order":0,"comment_status":"closed","ping_status":"closed","template":"","meta":{"_price":"","_stock":"","_tribe_ticket_header":"","_tribe_default_ticket_provider":"","_tribe_ticket_capacity":"0","_ticket_start_date":"","_ticket_end_date":"","_tribe_ticket_show_description":"","_tribe_ticket_show_not_going":false,"_tribe_ticket_use_global_stock":"","_tribe_ticket_global_stock_level":"","_global_stock_mode":"","_global_stock_cap":"","_tribe_rsvp_for_event":"","_tribe_ticket_going_count":"","_tribe_ticket_not_going_count":"","_tribe_tickets_list":"[]","_tribe_ticket_has_attendee_info_fields":false,"footnotes":""},"class_list":["post-10516","page","type-page","status-publish","hentry"],"_links":{"self":[{"href":"https:\/\/groupe-engram.com\/vi\/wp-json\/wp\/v2\/pages\/10516"}],"collection":[{"href":"https:\/\/groupe-engram.com\/vi\/wp-json\/wp\/v2\/pages"}],"about":[{"href":"https:\/\/groupe-engram.com\/vi\/wp-json\/wp\/v2\/types\/page"}],"author":[{"embeddable":true,"href":"https:\/\/groupe-engram.com\/vi\/wp-json\/wp\/v2\/users\/1"}],"replies":[{"embeddable":true,"href":"https:\/\/groupe-engram.com\/vi\/wp-json\/wp\/v2\/comments?post=10516"}],"version-history":[{"count":11,"href":"https:\/\/groupe-engram.com\/vi\/wp-json\/wp\/v2\/pages\/10516\/revisions"}],"predecessor-version":[{"id":31188,"href":"https:\/\/groupe-engram.com\/vi\/wp-json\/wp\/v2\/pages\/10516\/revisions\/31188"}],"wp:attachment":[{"href":"https:\/\/groupe-engram.com\/vi\/wp-json\/wp\/v2\/media?parent=10516"}],"curies":[{"name":"wp","href":"https:\/\/api.w.org\/{rel}","templated":true}]}}