{"id":10507,"date":"2022-10-24T20:05:21","date_gmt":"2022-10-24T20:05:21","guid":{"rendered":"https:\/\/groupe-engram.com\/nguoi-tao-co-hoi-kinh-doanh\/"},"modified":"2022-11-29T03:22:19","modified_gmt":"2022-11-29T03:22:19","slug":"nguoi-tao-co-hoi-kinh-doanh","status":"publish","type":"page","link":"https:\/\/groupe-engram.com\/vi\/nguoi-tao-co-hoi-kinh-doanh\/","title":{"rendered":"Ng\u01b0\u1eddi t\u1ea1o c\u01a1 h\u1ed9i kinh doanh"},"content":{"rendered":"<div class=\"wpb-content-wrapper\">[vc_row][vc_column][vc_row_inner][vc_column_inner width=&#8221;1\/2&#8243;][wgl_spacing spacer_size=&#8221;30px&#8221;][wgl_double_headings css_animation=&#8221;bounceInLeft&#8221; title_color=&#8221;#151515&#8243; subtitle_color=&#8221;#1e73be&#8221; subtitle=&#8221;Ng\u01b0\u1eddi t\u1ea1o c\u01a1 h\u1ed9i kinh doanh&#8221;][wgl_spacing spacer_size=&#8221;30px&#8221;][vc_column_text]D\u1ecbch v\u1ee5 t\u1ea1o c\u01a1 h\u1ed9i kinh doanh l\u00e0 ngu\u1ed3n t\u00e0i nguy\u00ean ho\u00e0n h\u1ea3o cho b\u1ea5t k\u1ef3 doanh nghi\u1ec7p n\u00e0o mu\u1ed1n m\u1edf r\u1ed9ng ho\u1ea1t \u0111\u1ed9ng c\u00f4ng ty.<\/p>\n<p><span style=\"font-weight: inherit; font-style: inherit;\">M\u1ee5c ti\u00eau l\u00e0 c\u1ed9ng t\u00e1c v\u1edbi kh\u00e1ch h\u00e0ng \u0111\u1ec3 t\u1ed1i \u01b0u h\u00f3a ch\u1ea5t l\u01b0\u1ee3ng d\u1ecbch v\u1ee5 \u0111\u01b0\u1ee3c cung c\u1ea5p, \u0111\u1ed3ng th\u1eddi mang l\u1ea1i k\u1ebft qu\u1ea3 cho k\u1ebf ho\u1ea1ch kinh doanh c\u1ee7a c\u00f4ng ty c\u0169ng nh\u01b0 \u0111\u1ea3m b\u1ea3o th\u00e0nh c\u00f4ng c\u1ee7a d\u1ef1 \u00e1n.<\/span><\/p>\n<p><span style=\"font-weight: inherit; font-style: inherit;\">V\u1edbi c\u00e1c d\u1ecbch v\u1ee5 c\u1ee5 th\u1ec3 nh\u01b0 t\u00ecm ki\u1ebfm nh\u00e0 cung c\u1ea5p m\u1edbi ho\u1eb7c thi\u1ebft l\u1eadp quan h\u1ec7 \u0111\u1ed1i t\u00e1c, d\u1ecbch v\u1ee5 t\u01b0 v\u1ea5n n\u00e0y s\u1ebd gi\u00fap kh\u00e1ch h\u00e0ng t\u00ecm ki\u1ebfm nh\u1eefng c\u01a1 h\u1ed9i kinh doanh qu\u1ed1c t\u1ebf, \u0111\u1ed3ng th\u1eddi \u0111\u1ea3m b\u1ea3o s\u1ef1 t\u0103ng tr\u01b0\u1edfng v\u01b0\u1ee3t tr\u1ed9i cho doanh nghi\u1ec7p. <\/span><\/p>\n<p><span style=\"font-weight: inherit; font-style: inherit;\">Ch\u00fang t\u00f4i c\u0169ng c\u00f3 th\u1ec3 h\u1ed7 tr\u1ee3 kh\u00e1ch h\u00e0ng t\u00ecm ki\u1ebfm c\u00e1c ngu\u1ed3n mua nguy\u00ean li\u1ec7u ch\u1ea5t l\u01b0\u1ee3ng, thi\u1ebft l\u1eadp quan h\u1ec7 B2B, ph\u00e1i \u0111o\u00e0n th\u01b0\u01a1ng m\u1ea1i, chi\u1ebfn l\u01b0\u1ee3c tri\u1ec3n khai, nghi\u00ean c\u1ee9u th\u1ecb tr\u01b0\u1eddng, v.v.<\/span><\/p>\n<p><span style=\"font-weight: inherit; font-style: inherit;\">C\u00f9ng nhau, ch\u00fang t\u00f4i cam k\u1ebft mang \u0111\u1ebfn nh\u1eefng k\u1ebft qu\u1ea3 tri\u1ec3n v\u1ecdng cho d\u1ef1 \u00e1n c\u1ee7a kh\u00e1ch h\u00e0ng. S\u1ef1 th\u00e0nh c\u00f4ng c\u1ee7a kh\u00e1ch h\u00e0ng l\u00e0 \u0111\u1ed9ng l\u1ef1c \u0111\u1ec3 ch\u00fang t\u00f4i n\u1ed7 l\u1ef1c t\u1eebng ng\u00e0y. <\/span>[\/vc_column_text][\/vc_column_inner][vc_column_inner width=&#8221;1\/2&#8243;][wgl_image_layers values=&#8221;%5B%7B%22thumbnail%22%3A%221458%22%2C%22image_animation%22%3A%22fade_in%22%2C%22image_order%22%3A%221%22%7D%5D&#8221;][\/vc_column_inner][\/vc_row_inner][\/vc_column][\/vc_row]\n<\/div>","protected":false},"excerpt":{"rendered":"<p>[vc_row][vc_column][vc_row_inner][vc_column_inner width=&#8221;1\/2&#8243;][wgl_spacing spacer_size=&#8221;30px&#8221;][wgl_double_headings css_animation=&#8221;bounceInLeft&#8221; title_color=&#8221;#151515&#8243; subtitle_color=&#8221;#1e73be&#8221; subtitle=&#8221;Ng\u01b0\u1eddi t\u1ea1o c\u01a1 h\u1ed9i kinh doanh&#8221;][wgl_spacing spacer_size=&#8221;30px&#8221;][vc_column_text]D\u1ecbch v\u1ee5 t\u1ea1o c\u01a1 h\u1ed9i kinh doanh l\u00e0 ngu\u1ed3n t\u00e0i nguy\u00ean ho\u00e0n h\u1ea3o cho b\u1ea5t k\u1ef3 doanh nghi\u1ec7p [&hellip;]<\/p>\n","protected":false},"author":1,"featured_media":0,"parent":0,"menu_order":0,"comment_status":"closed","ping_status":"closed","template":"","meta":{"_price":"","_stock":"","_tribe_ticket_header":"","_tribe_default_ticket_provider":"","_tribe_ticket_capacity":"0","_ticket_start_date":"","_ticket_end_date":"","_tribe_ticket_show_description":"","_tribe_ticket_show_not_going":false,"_tribe_ticket_use_global_stock":"","_tribe_ticket_global_stock_level":"","_global_stock_mode":"","_global_stock_cap":"","_tribe_rsvp_for_event":"","_tribe_ticket_going_count":"","_tribe_ticket_not_going_count":"","_tribe_tickets_list":"[]","_tribe_ticket_has_attendee_info_fields":false,"footnotes":""},"class_list":["post-10507","page","type-page","status-publish","hentry"],"_links":{"self":[{"href":"https:\/\/groupe-engram.com\/vi\/wp-json\/wp\/v2\/pages\/10507"}],"collection":[{"href":"https:\/\/groupe-engram.com\/vi\/wp-json\/wp\/v2\/pages"}],"about":[{"href":"https:\/\/groupe-engram.com\/vi\/wp-json\/wp\/v2\/types\/page"}],"author":[{"embeddable":true,"href":"https:\/\/groupe-engram.com\/vi\/wp-json\/wp\/v2\/users\/1"}],"replies":[{"embeddable":true,"href":"https:\/\/groupe-engram.com\/vi\/wp-json\/wp\/v2\/comments?post=10507"}],"version-history":[{"count":4,"href":"https:\/\/groupe-engram.com\/vi\/wp-json\/wp\/v2\/pages\/10507\/revisions"}],"predecessor-version":[{"id":11522,"href":"https:\/\/groupe-engram.com\/vi\/wp-json\/wp\/v2\/pages\/10507\/revisions\/11522"}],"wp:attachment":[{"href":"https:\/\/groupe-engram.com\/vi\/wp-json\/wp\/v2\/media?parent=10507"}],"curies":[{"name":"wp","href":"https:\/\/api.w.org\/{rel}","templated":true}]}}