{"id":10502,"date":"2018-11-06T09:20:11","date_gmt":"2018-11-06T09:20:11","guid":{"rendered":"https:\/\/groupe-engram.com\/dich-vu\/"},"modified":"2023-03-27T19:41:46","modified_gmt":"2023-03-27T19:41:46","slug":"geneva-2023","status":"publish","type":"page","link":"https:\/\/groupe-engram.com\/vi\/geneva-2023\/","title":{"rendered":"Geneva 2023"},"content":{"rendered":"<div class=\"wpb-content-wrapper\">[vc_row full_width=&#8221;stretch_row&#8221;][vc_column]\n\t\t\t<!-- START advisor REVOLUTION SLIDER 6.5.25 --><p class=\"rs-p-wp-fix\"><\/p>\n\t\t\t<rs-module-wrap id=\"rev_slider_2_1_wrapper\" data-source=\"gallery\" style=\"visibility:hidden;background:transparent;padding:0;margin:0px auto;margin-top:0;margin-bottom:0;\">\n\t\t\t\t<rs-module id=\"rev_slider_2_1\" style=\"\" data-version=\"6.5.25\">\n\t\t\t\t\t<rs-slides>\n\t\t\t\t\t\t<rs-slide style=\"position: absolute;\" data-key=\"rs-4\" data-title=\"Slide\" data-in=\"o:0;\" data-out=\"a:false;\">\n\t\t\t\t\t\t\t<img decoding=\"async\" src=\"\/\/groupe-engram.com\/wp-content\/plugins\/revslider\/public\/assets\/assets\/dummy.png\" alt=\"\" title=\"31128\" width=\"1500\" height=\"1000\" class=\"rev-slidebg tp-rs-img rs-lazyload\" data-lazyload=\"\/\/groupe-engram.com\/wp-content\/uploads\/2023\/03\/31128.jpg\" data-bg=\"p:50% 20%;\" data-parallax=\"off\" data-panzoom=\"d:10000;ss:100;se:110;\" data-no-retina>\n<!--\n\t\t\t\t\t\t\t--><rs-layer\n\t\t\t\t\t\t\t\tid=\"slider-2-slide-4-layer-0\" \n\t\t\t\t\t\t\t\tdata-type=\"shape\"\n\t\t\t\t\t\t\t\tdata-rsp_ch=\"on\"\n\t\t\t\t\t\t\t\tdata-text=\"w:normal;s:20,10,7,4;l:0,13,9,6;\"\n\t\t\t\t\t\t\t\tdata-dim=\"w:100%;h:100%;\"\n\t\t\t\t\t\t\t\tdata-basealign=\"slide\"\n\t\t\t\t\t\t\t\tdata-frame_999=\"o:0;st:w;\"\n\t\t\t\t\t\t\t\tstyle=\"z-index:8;background-color:rgba(0,0,0,0.5);\"\n\t\t\t\t\t\t\t> \n\t\t\t\t\t\t\t<\/rs-layer><!--\n\n\t\t\t\t\t\t\t--><a\n\t\t\t\t\t\t\t\tid=\"slider-2-slide-4-layer-1\" \n\t\t\t\t\t\t\t\tclass=\"rs-layer\"\n\t\t\t\t\t\t\t\thref=\"https:\/\/13wcc.iccwbo.org\/\" target=\"_blank\" rel=\"noopener\"\n\t\t\t\t\t\t\t\tdata-type=\"image\"\n\t\t\t\t\t\t\t\tdata-rsp_ch=\"on\"\n\t\t\t\t\t\t\t\tdata-xy=\"x:r,c,c,c;y:b;yo:0,0,36px,54px;\"\n\t\t\t\t\t\t\t\tdata-text=\"w:normal;s:20,10,7,4;l:0,13,9,6;\"\n\t\t\t\t\t\t\t\tdata-dim=\"w:627px,499.993px,447.993px,412px;h:193px,154px,138px,127px;\"\n\t\t\t\t\t\t\t\tdata-basealign=\"slide\"\n\t\t\t\t\t\t\t\tdata-frame_999=\"o:0;st:w;\"\n\t\t\t\t\t\t\t\tstyle=\"z-index:12;\"\n\t\t\t\t\t\t\t><img decoding=\"async\" src=\"\/\/groupe-engram.com\/wp-content\/plugins\/revslider\/public\/assets\/assets\/dummy.png\" alt=\"\" class=\"tp-rs-img rs-lazyload\" width=\"627\" height=\"193\" data-lazyload=\"\/\/groupe-engram.com\/wp-content\/uploads\/2023\/03\/Picture1.jpg\" data-no-retina> \n\t\t\t\t\t\t\t<\/a><!--\n\n\t\t\t\t\t\t\t--><rs-layer\n\t\t\t\t\t\t\t\tid=\"slider-2-slide-4-layer-2\" \n\t\t\t\t\t\t\t\tdata-type=\"text\"\n\t\t\t\t\t\t\t\tdata-color=\"#00a3ef\"\n\t\t\t\t\t\t\t\tdata-rsp_ch=\"on\"\n\t\t\t\t\t\t\t\tdata-xy=\"x:l,c,c,c;xo:249px,0,0,0;yo:209px,231px,231px,174px;\"\n\t\t\t\t\t\t\t\tdata-text=\"s:40;l:40,40,40,24;fw:700;a:left,center,center,center;\"\n\t\t\t\t\t\t\t\tdata-frame_0=\"y:-50px;\"\n\t\t\t\t\t\t\t\tdata-frame_1=\"st:1690;sp:900;sR:1690;\"\n\t\t\t\t\t\t\t\tdata-frame_999=\"o:0;st:w;sR:6410;\"\n\t\t\t\t\t\t\t\tstyle=\"z-index:9;font-family:'Poppins';text-transform:uppercase;\"\n\t\t\t\t\t\t\t>GENEVA 2023 \n\t\t\t\t\t\t\t<\/rs-layer><!--\n\n\t\t\t\t\t\t\t--><rs-layer\n\t\t\t\t\t\t\t\tid=\"slider-2-slide-4-layer-3\" \n\t\t\t\t\t\t\t\tdata-type=\"text\"\n\t\t\t\t\t\t\t\tdata-rsp_ch=\"on\"\n\t\t\t\t\t\t\t\tdata-xy=\"x:l,c,c,c;xo:249px,0,0,-1px;yo:257px,267px,283px,236px;\"\n\t\t\t\t\t\t\t\tdata-text=\"w:normal;s:60,55,46,40;l:70,60,55,45;fw:700;a:left,center,center,center;\"\n\t\t\t\t\t\t\t\tdata-dim=\"w:744px,830px,674px,431px;\"\n\t\t\t\t\t\t\t\tdata-frame_0=\"y:50px;\"\n\t\t\t\t\t\t\t\tdata-frame_1=\"st:1400;sp:900;sR:1400;\"\n\t\t\t\t\t\t\t\tdata-frame_999=\"o:0;st:w;sR:6700;\"\n\t\t\t\t\t\t\t\tstyle=\"z-index:11;font-family:'Poppins';\"\n\t\t\t\t\t\t\t>The Groupe  Engram is Proud to Sponsor the\n13<sup>th<\/sup> World Chambers Congress \n\t\t\t\t\t\t\t<\/rs-layer><!--\n\n\t\t\t\t\t\t\t--><rs-layer\n\t\t\t\t\t\t\t\tid=\"slider-2-slide-4-layer-4\" \n\t\t\t\t\t\t\t\tdata-type=\"text\"\n\t\t\t\t\t\t\t\tdata-rsp_ch=\"on\"\n\t\t\t\t\t\t\t\tdata-xy=\"x:l,c,c,c;xo:251px,0,0,0;yo:590px,501px,485px,467px;\"\n\t\t\t\t\t\t\t\tdata-text=\"w:normal;s:30,30,22,20;l:25,30,22,13;fw:700;a:left,center,center,center;\"\n\t\t\t\t\t\t\t\tdata-frame_999=\"o:0;st:w;\"\n\t\t\t\t\t\t\t\tstyle=\"z-index:13;font-family:'Roboto';\"\n\t\t\t\t\t\t\t>Meet us at Booth 31 \n\t\t\t\t\t\t\t<\/rs-layer><!--\n-->\t\t\t\t\t\t<\/rs-slide>\n\t\t\t\t\t<\/rs-slides>\n\t\t\t\t<\/rs-module>\n\t\t\t\t<script>\n\t\t\t\t\tsetREVStartSize({c: 'rev_slider_2_1',rl:[1240,1024,778,480],el:[700,700,700,700],gw:[1920,1024,778,480],gh:[700,700,700,700],type:'standard',justify:'',layout:'fullwidth',mh:\"0\"});if (window.RS_MODULES!==undefined && window.RS_MODULES.modules!==undefined && window.RS_MODULES.modules[\"revslider21\"]!==undefined) {window.RS_MODULES.modules[\"revslider21\"].once = false;window.revapi2 = undefined;if (window.RS_MODULES.checkMinimal!==undefined) window.RS_MODULES.checkMinimal()}\n\t\t\t\t<\/script>\n\t\t\t<\/rs-module-wrap>\n\t\t\t<!-- END REVOLUTION SLIDER -->\n[\/vc_column][\/vc_row][vc_row full_width=&#8221;stretch_row_content&#8221; equal_height=&#8221;yes&#8221; css=&#8221;.vc_custom_1679853169075{padding-top: 80px !important;padding-bottom: 100px !important;background-position: center !important;background-repeat: no-repeat !important;background-size: cover !important;}&#8221;][vc_column][vc_row_inner equal_height=&#8221;yes&#8221; css=&#8221;.vc_custom_1679946036800{padding-right: 5% !important;padding-left: 5% !important;}&#8221;][vc_column_inner width=&#8221;1\/4&#8243;][wgl_services service_align=&#8221;center&#8221; css_animation=&#8221;fadeInLeft&#8221; front_bg_style=&#8221;front_image&#8221; front_icon_type=&#8221;font&#8221; front_icon_font_type=&#8221;type_flaticon&#8221; icon_flaticon=&#8221;flaticon-pin&#8221; read_more_text=&#8221;\u0110\u1ecdc th\u00eam&#8221; front_title=&#8221;Ma-r\u1ed1c&#8221; add_read_more=&#8221;true&#8221; link=&#8221;url:https%3A%2F%2Fgroupe-engram.com%2Fmorocco-2%2F|title:Morocco&#8221; front_bg_image=&#8221;15777&#8243; front_descr=&#8221;T\u1ea1i sao Ma-r\u1ed1c?&#8221;][\/vc_column_inner][vc_column_inner width=&#8221;1\/4&#8243;][wgl_services service_align=&#8221;center&#8221; css_animation=&#8221;fadeIn&#8221; front_bg_style=&#8221;front_color&#8221; front_bg_color=&#8221;#4b2bbf&#8221; front_icon_type=&#8221;image&#8221; front_icon_thumbnail=&#8221;15783&#8243; back_bg_color=&#8221;rgba(30,115,190,0.01)&#8221; front_title=&#8221;B\u1eaft \u0111\u1ea7u h\u00e0nh tr\u00ecnh c\u1ee7a b\u1ea1n: G\u1eb7p ch\u00fang t\u00f4i t\u1ea1i gian h\u00e0ng 31&#8243;][\/vc_column_inner][vc_column_inner width=&#8221;1\/4&#8243;][wgl_services service_align=&#8221;center&#8221; css_animation=&#8221;fadeInRight&#8221; front_bg_style=&#8221;front_image&#8221; front_icon_type=&#8221;font&#8221; front_icon_font_type=&#8221;type_flaticon&#8221; icon_flaticon=&#8221;flaticon-pin&#8221; read_more_text=&#8221;\u0110\u1ecdc th\u00eam&#8221; front_title=&#8221;Vi\u1ec7t Nam&#8221; add_read_more=&#8221;true&#8221; link=&#8221;url:https%3A%2F%2Fgroupe-engram.com%2Fwhy-vietnam%2F|title:Why%20Vietnam%3F&#8221; front_bg_image=&#8221;15771&#8243; front_descr=&#8221;T\u1ea1i sao Vi\u1ec7t Nam?&#8221;][\/vc_column_inner][vc_column_inner width=&#8221;1\/4&#8243;][wgl_services service_align=&#8221;center&#8221; css_animation=&#8221;fadeIn&#8221; front_bg_style=&#8221;front_image&#8221; front_icon_type=&#8221;font&#8221; front_icon_font_type=&#8221;type_flaticon&#8221; icon_flaticon=&#8221;flaticon-pin&#8221; read_more_text=&#8221;\u0110\u1ecdc th\u00eam&#8221; front_title=&#8221;Canada&#8221; add_read_more=&#8221;true&#8221; link=&#8221;url:https%3A%2F%2Fgroupe-engram.com&#8221; front_bg_image=&#8221;15774&#8243; front_descr=&#8221;T\u1ea1i sao Canada?&#8221;][\/vc_column_inner][\/vc_row_inner][wgl_spacing spacer_size=&#8221;50px&#8221;][wgl_button button_text=&#8221;\u0110\u1eb7t l\u1ecbch h\u1eb9n&#8221; align=&#8221;center&#8221; link=&#8221;url:https%3A%2F%2Fkoalendar.com%2Fe%2Fintroduction-virtuelle&#8221;][\/vc_column][\/vc_row][vc_row full_width=&#8221;stretch_row_content&#8221; equal_height=&#8221;yes&#8221; content_placement=&#8221;middle&#8221; css=&#8221;.vc_custom_1679853474787{padding-top: 80px !important;padding-right: 5px !important;padding-bottom: 80px !important;padding-left: 5px !important;background-color: #eef3f7 !important;}&#8221;][vc_column][wgl_spacing spacer_size=&#8221;30px&#8221;][wgl_double_headings align=&#8221;center&#8221; title_color=&#8221;#151515&#8243; subtitle_color=&#8221;#1e73be&#8221; title=&#8221;\u0111\u1ec1 xu\u1ea5t gi\u00e1 tr\u1ecb c\u1ee7a ch\u00fang t\u00f4i&#8221;][wgl_spacing spacer_size=&#8221;21px&#8221;][vc_column_text]\n<p style=\"text-align: center;\">T\u00ecm hi\u1ec3u c\u00e1ch tuy\u00ean b\u1ed1 s\u1ee9 m\u1ec7nh c\u1ee7a Group Engram gia t\u0103ng gi\u00e1 tr\u1ecb cho doanh nghi\u1ec7p c\u1ee7a b\u1ea1n.<\/p>\n[\/vc_column_text][wgl_spacing spacer_size=&#8221;30px&#8221;][vc_row_inner][vc_column_inner width=&#8221;1\/4&#8243;][wgl_flip_box fb_height=&#8221;280&#8243; front_bg_style=&#8221;front_image&#8221; back_bg_style=&#8221;back_image&#8221; front_bg_image=&#8221;478&#8243; front_logo_image=&#8221;482&#8243; front_title=&#8221;T\u00c0I CH\u00cdNH&#8221; back_descr=&#8221;Groupe Engram cung c\u1ea5p d\u1ecbch v\u1ee5 h\u1ed7 tr\u1ee3 doanh nghi\u1ec7p trong c\u00e1c d\u1ef1 \u00e1n t\u00e0i tr\u1ee3\/y\u00eau c\u1ea7u h\u1ed7 tr\u1ee3 t\u00e0i ch\u00ednh t\u1eeb ch\u00ednh ph\u1ee7.&#8221; back_bg_image=&#8221;11187&#8243;][wgl_spacing spacer_size=&#8221;30px&#8221;][\/vc_column_inner][vc_column_inner width=&#8221;1\/4&#8243;][wgl_flip_box fb_dir=&#8221;flip_top&#8221; fb_height=&#8221;280&#8243; front_bg_style=&#8221;front_image&#8221; back_bg_style=&#8221;back_image&#8221; front_bg_image=&#8221;479&#8243; front_logo_image=&#8221;483&#8243; front_title=&#8221;TUY\u1ec2N D\u1ee4NG QU\u1ed0C T\u1ebe&#8221; back_descr=&#8221;Ch\u00fang t\u1ed1i h\u1ed7 tr\u1ee3 doanh nghi\u1ec7p Canada t\u00ecm ki\u1ebfm ngu\u1ed3n lao \u0111\u1ed9ng ch\u1ea5t l\u01b0\u1ee3ng v\u00e0 ph\u00f9 h\u1ee3p t\u1eeb Vi\u1ec7t Nam v\u00e0 Ma-r\u1ed1c.&#8221; back_bg_image=&#8221;11190&#8243;][wgl_spacing spacer_size=&#8221;30px&#8221;][\/vc_column_inner][vc_column_inner width=&#8221;1\/4&#8243;][wgl_flip_box fb_dir=&#8221;flip_left&#8221; fb_height=&#8221;280&#8243; front_bg_style=&#8221;front_image&#8221; front_title_color=&#8221;#000000&#8243; front_descr_color=&#8221;#000000&#8243; back_bg_style=&#8221;back_image&#8221; front_bg_image=&#8221;480&#8243; front_logo_image=&#8221;481&#8243; front_title=&#8221;ITC&#8221; back_descr=&#8221;Do Groupe Engram \u0111\u1ee9ng \u0111\u1ea7u, t\u1ed5 ch\u1ee9c c\u00f3 nhi\u1ec7m v\u1ee5 gi\u00fap \u0111\u1ee1 v\u00e0 trang b\u1ecb cho c\u00e1c th\u00e0nh vi\u00ean c\u1eadp nh\u1eadt v\u00e0 gi\u1ea3i quy\u1ebft c\u00e1c v\u1ea5n \u0111\u1ec1 v\u1ec1 t\u1ed5 ch\u1ee9c v\u00e0 quy \u0111\u1ecbnh li\u00ean quan \u0111\u1ebfn tu\u00e2n th\u1ee7 h\u1ea3i quan.&#8221; back_bg_image=&#8221;11193&#8243; front_descr=&#8221;TU\u00c2N TH\u1ee6 TH\u01af\u01a0NG M\u1ea0I QU\u1ed0C T\u1ebe&#8221;][wgl_spacing spacer_size=&#8221;30px&#8221;][\/vc_column_inner][vc_column_inner width=&#8221;1\/4&#8243;][wgl_flip_box fb_dir=&#8221;flip_bottom&#8221; fb_height=&#8221;280&#8243; front_bg_style=&#8221;front_image&#8221; back_bg_style=&#8221;back_image&#8221; front_bg_image=&#8221;1175&#8243; front_logo_image=&#8221;1217&#8243; back_descr=&#8221;D\u1ecbch v\u1ee5 c\u01a1 h\u1ed9i kinh doanh l\u00e0 gi\u1ea3i ph\u00e1p t\u1ed1i \u01b0u cho c\u00e1c doanh nghi\u1ec7p mu\u1ed1n m\u1edf r\u1ed9ng t\u1ea7m \u1ea3nh h\u01b0\u1edfng ra th\u1ecb tr\u01b0\u1eddng qu\u1ed1c t\u1ebf.&#8221; back_bg_image=&#8221;11196&#8243; front_title=&#8221;T\u1ea0O C\u01a0 H\u1ed8I KINH DOANH&#8221;][\/vc_column_inner][\/vc_row_inner][wgl_spacing spacer_size=&#8221;30px&#8221;][\/vc_column][\/vc_row][vc_row full_width=&#8221;stretch_row&#8221; content_placement=&#8221;middle&#8221; css=&#8221;.vc_custom_1678641857724{padding-top: 100px !important;padding-bottom: 80px !important;}&#8221;][vc_column offset=&#8221;vc_col-md-6&#8243;][wgl_spacing spacer_size=&#8221;65&#8243; responsive_mobile=&#8221;true&#8221; size_mobile=&#8221;30&#8243;][wgl_image_layers values=&#8221;%5B%7B%22thumbnail%22%3A%2215762%22%2C%22image_animation%22%3A%22fade_in%22%2C%22image_order%22%3A%221%22%7D%5D&#8221;][wgl_spacing spacer_size=&#8221;8&#8243;][\/vc_column][vc_column css=&#8221;.vc_custom_1541579777829{padding-right: 40px !important;padding-left: 40px !important;}&#8221; offset=&#8221;vc_col-md-6&#8243;][wgl_spacing spacer_size=&#8221;65&#8243; screen_tablet=&#8221;992&#8243; responsive_tablet=&#8221;true&#8221; size_tablet=&#8221;25&#8243;][wgl_double_headings title_color=&#8221;#151515&#8243; subtitle_color=&#8221;#1e73be&#8221; title=&#8221;V\u1ec1 Groupe Engram&#8221; subtitle=&#8221;CH\u00daNG T\u00d4I L\u00c0 M\u1ed8T C\u00d4NG TY T\u01af V\u1ea4N CHI\u1ebeN L\u01af\u1ee2C&#8221; responsive_font=&#8221;true&#8221; font_size_mobile=&#8221;32&#8243;][wgl_spacing spacer_size=&#8221;22&#8243;][vc_column_text]<span>\u0110\u01b0\u1ee3c th\u00e0nh l\u1eadp v\u00e0o n\u0103m 2016, Groupe Engram l\u00e0 m\u1ed9t c\u00f4ng ty t\u01b0 v\u1ea5n chi\u1ebfn l\u01b0\u1ee3c c\u00f3 m\u1ee5c \u0111\u00edch c\u1ed1t l\u00f5i l\u00e0 t\u0103ng t\u1ed1c \u0111\u1ed9 t\u0103ng tr\u01b0\u1edfng c\u1ee7a c\u00e1c doanh nghi\u1ec7p v\u1eeba v\u00e0 nh\u1ecf. V\u1edbi c\u00e1c v\u0103n ph\u00f2ng t\u1ea1i Montr\u00e9al (Canada), Hano\u00ef (Vi\u1ec7t Nam) v\u00e0 Casablanca (Maroc); ch\u00fang t\u00f4i t\u1ea1o ra gi\u00e1 tr\u1ecb b\u1eb1ng c\u00e1ch:<\/span>[\/vc_column_text][wgl_spacing spacer_size=&#8221;20&#8243;][vc_row_inner][vc_column_inner][vc_column_text]\n<ul class=\"brainbizz_check\">\n<li class=\"font_2\"><span>T\u1ea1o ra c\u01a1 h\u1ed9i kinh doanh tr\u00ean c\u00e1c th\u1ecb tr\u01b0\u1eddng<\/span><\/li>\n<li class=\"font_2\"><span>\u0110\u1ea3m b\u1ea3o ngu\u1ed3n v\u1ed1n \u0111\u1ec3 th\u00fac \u0111\u1ea9y c\u00e1c m\u00f4 h\u00ecnh kinh doanh<\/span><\/li>\n<li class=\"font_2\"><span>K\u1ebft n\u1ed1i t\u00e0i n\u0103ng ph\u00f9 h\u1ee3p v\u1edbi ch\u1ee7 d\u1ef1 \u00e1n<\/span><\/li>\n<li class=\"font_2\"><span>Gi\u1ea3m r\u1ee7i ro cho s\u1ef1 ph\u00e1t tri\u1ec3n qu\u1ed1c t\u1ebf b\u1eb1ng c\u00e1ch t\u0103ng c\u01b0\u1eddng tu\u00e2n th\u1ee7 th\u01b0\u01a1ng m\u1ea1i.<\/span><\/li>\n<\/ul>\n[\/vc_column_text][\/vc_column_inner][\/vc_row_inner][wgl_spacing spacer_size=&#8221;8&#8243; screen_tablet=&#8221;992&#8243; responsive_tablet=&#8221;true&#8221; size_tablet=&#8221;0&#8243;][\/vc_column][\/vc_row]\n<\/div>","protected":false},"excerpt":{"rendered":"<p>[vc_row full_width=&#8221;stretch_row&#8221;][vc_column][\/vc_column][\/vc_row][vc_row full_width=&#8221;stretch_row_content&#8221; equal_height=&#8221;yes&#8221; css=&#8221;.vc_custom_1679853169075{padding-top: 80px !important;padding-bottom: 100px !important;background-position: center !important;background-repeat: no-repeat !important;background-size: cover !important;}&#8221;][vc_column][vc_row_inner equal_height=&#8221;yes&#8221; css=&#8221;.vc_custom_1679946036800{padding-right: 5% !important;padding-left: 5% !important;}&#8221;][vc_column_inner width=&#8221;1\/4&#8243;][wgl_services service_align=&#8221;center&#8221; css_animation=&#8221;fadeInLeft&#8221; front_bg_style=&#8221;front_image&#8221; front_icon_type=&#8221;font&#8221; front_icon_font_type=&#8221;type_flaticon&#8221; icon_flaticon=&#8221;flaticon-pin&#8221; read_more_text=&#8221;\u0110\u1ecdc th\u00eam&#8221; [&hellip;]<\/p>\n","protected":false},"author":1,"featured_media":0,"parent":0,"menu_order":0,"comment_status":"closed","ping_status":"closed","template":"","meta":{"_price":"","_stock":"","_tribe_ticket_header":"","_tribe_default_ticket_provider":"","_tribe_ticket_capacity":"0","_ticket_start_date":"","_ticket_end_date":"","_tribe_ticket_show_description":"","_tribe_ticket_show_not_going":false,"_tribe_ticket_use_global_stock":"","_tribe_ticket_global_stock_level":"","_global_stock_mode":"","_global_stock_cap":"","_tribe_rsvp_for_event":"","_tribe_ticket_going_count":"","_tribe_ticket_not_going_count":"","_tribe_tickets_list":"[]","_tribe_ticket_has_attendee_info_fields":false,"footnotes":""},"class_list":["post-10502","page","type-page","status-publish","hentry"],"_links":{"self":[{"href":"https:\/\/groupe-engram.com\/vi\/wp-json\/wp\/v2\/pages\/10502"}],"collection":[{"href":"https:\/\/groupe-engram.com\/vi\/wp-json\/wp\/v2\/pages"}],"about":[{"href":"https:\/\/groupe-engram.com\/vi\/wp-json\/wp\/v2\/types\/page"}],"author":[{"embeddable":true,"href":"https:\/\/groupe-engram.com\/vi\/wp-json\/wp\/v2\/users\/1"}],"replies":[{"embeddable":true,"href":"https:\/\/groupe-engram.com\/vi\/wp-json\/wp\/v2\/comments?post=10502"}],"version-history":[{"count":6,"href":"https:\/\/groupe-engram.com\/vi\/wp-json\/wp\/v2\/pages\/10502\/revisions"}],"predecessor-version":[{"id":15805,"href":"https:\/\/groupe-engram.com\/vi\/wp-json\/wp\/v2\/pages\/10502\/revisions\/15805"}],"wp:attachment":[{"href":"https:\/\/groupe-engram.com\/vi\/wp-json\/wp\/v2\/media?parent=10502"}],"curies":[{"name":"wp","href":"https:\/\/api.w.org\/{rel}","templated":true}]}}