{"id":31282,"date":"2025-11-21T14:39:47","date_gmt":"2025-11-21T14:39:47","guid":{"rendered":"https:\/\/groupe-engram.com\/developpement-des-entreprises-et-secteur-de-la-defense\/"},"modified":"2025-11-21T20:18:39","modified_gmt":"2025-11-21T20:18:39","slug":"developpement-des-entreprises-et-secteur-de-la-defense","status":"publish","type":"page","link":"https:\/\/groupe-engram.com\/fr\/developpement-des-entreprises-et-secteur-de-la-defense\/","title":{"rendered":"D\u00e9veloppement des entreprises et secteur de la d\u00e9fense"},"content":{"rendered":"<div class=\"wpb-content-wrapper\">[vc_row][vc_column][vc_column_text]Le Groupe Engram s&#8217;implante aux Emirats Arabes Unis !<br \/>\nCette nouvelle implantation strat\u00e9gique en satellite nous permet de renforcer notre pr\u00e9sence au Moyen-Orient, d&#8217;\u00eatre plus proches de nos partenaires et de d\u00e9velopper nos collaborations avec les entreprises du secteur de la d\u00e9fense, en leur offrant un meilleur acc\u00e8s \u00e0 de nouvelles opportunit\u00e9s. Elle enrichit \u00e9galement les synergies entre nos bureaux de Montr\u00e9al, Casablanca et Hanoi, nous permettant d&#8217;accompagner les entreprises dans leur expansion internationale.[\/vc_column_text][vc_single_image image=&#8221;31372&#8243; img_size=&#8221;large&#8221; alignment=&#8221;center&#8221; css=&#8221;.vc_custom_1763756262240{margin-top: 35px !important;}&#8221;][\/vc_column][\/vc_row]\n<\/div>","protected":false},"excerpt":{"rendered":"<p>[vc_row][vc_column][vc_column_text]Le Groupe Engram s&#8217;implante aux Emirats Arabes Unis ! Cette nouvelle implantation strat\u00e9gique en satellite nous permet de renforcer notre pr\u00e9sence au Moyen-Orient, d&#8217;\u00eatre plus proches de nos partenaires et [&hellip;]<\/p>\n","protected":false},"author":1,"featured_media":0,"parent":0,"menu_order":0,"comment_status":"closed","ping_status":"closed","template":"","meta":{"_price":"","_stock":"","_tribe_ticket_header":"","_tribe_default_ticket_provider":"","_tribe_ticket_capacity":"0","_ticket_start_date":"","_ticket_end_date":"","_tribe_ticket_show_description":"","_tribe_ticket_show_not_going":false,"_tribe_ticket_use_global_stock":"","_tribe_ticket_global_stock_level":"","_global_stock_mode":"","_global_stock_cap":"","_tribe_rsvp_for_event":"","_tribe_ticket_going_count":"","_tribe_ticket_not_going_count":"","_tribe_tickets_list":"[]","_tribe_ticket_has_attendee_info_fields":false,"footnotes":""},"class_list":["post-31282","page","type-page","status-publish","hentry"],"_links":{"self":[{"href":"https:\/\/groupe-engram.com\/fr\/wp-json\/wp\/v2\/pages\/31282"}],"collection":[{"href":"https:\/\/groupe-engram.com\/fr\/wp-json\/wp\/v2\/pages"}],"about":[{"href":"https:\/\/groupe-engram.com\/fr\/wp-json\/wp\/v2\/types\/page"}],"author":[{"embeddable":true,"href":"https:\/\/groupe-engram.com\/fr\/wp-json\/wp\/v2\/users\/1"}],"replies":[{"embeddable":true,"href":"https:\/\/groupe-engram.com\/fr\/wp-json\/wp\/v2\/comments?post=31282"}],"version-history":[{"count":3,"href":"https:\/\/groupe-engram.com\/fr\/wp-json\/wp\/v2\/pages\/31282\/revisions"}],"predecessor-version":[{"id":31378,"href":"https:\/\/groupe-engram.com\/fr\/wp-json\/wp\/v2\/pages\/31282\/revisions\/31378"}],"wp:attachment":[{"href":"https:\/\/groupe-engram.com\/fr\/wp-json\/wp\/v2\/media?parent=31282"}],"curies":[{"name":"wp","href":"https:\/\/api.w.org\/{rel}","templated":true}]}}