{"id":31168,"date":"2024-11-30T14:10:10","date_gmt":"2024-11-30T14:10:10","guid":{"rendered":"https:\/\/groupe-engram.com\/simplify-your-international-expansion-with-soft-landing\/"},"modified":"2024-11-30T15:28:03","modified_gmt":"2024-11-30T15:28:03","slug":"simplify-your-international-expansion-with-soft-landing","status":"publish","type":"page","link":"https:\/\/groupe-engram.com\/fr\/simplify-your-international-expansion-with-soft-landing\/","title":{"rendered":"Expansion internationale avec le portage-salarial"},"content":{"rendered":"<div class=\"wpb-content-wrapper\">[vc_row full_width=&#8221;stretch_row_content_no_spaces&#8221; full_height=&#8221;yes&#8221; equal_height=&#8221;yes&#8221; content_placement=&#8221;middle&#8221; css=&#8221;.vc_custom_1732970813573{padding-top: 40px !important;padding-bottom: 40px !important;}&#8221;][vc_column offset=&#8221;vc_col-md-6&#8243; css=&#8221;.vc_custom_1721561459822{padding-right: 10% !important;padding-left: 10% !important;}&#8221;][wgl_double_headings title_color=&#8221;#151515&#8243; subtitle_color=&#8221;#1e73be&#8221; title=&#8221;Qu&#8217;est-ce que le Portage-salarial ?&#8221; responsive_font=&#8221;true&#8221; font_size_mobile=&#8221;32&#8243;][wgl_spacing spacer_size=&#8221;8&#8243;][vc_column_text css=&#8221;&#8221;]<span style=\"font-weight: 400;\">Le Portage-salarial, \u00e9galement appel\u00e9 &#8220;Soft Landing&#8221;, est une solution id\u00e9ale pour les entreprises qui souhaitent s&#8217;\u00e9tendre \u00e0 l\u2019international sans complexit\u00e9 administrative. Groupe-Engram se charge d&#8217;employer vos talents \u00e0 l\u2019\u00e9tranger sous sa structure, tout en vous permettant de vous concentrer sur la croissance de vos activit\u00e9s.<\/span>[\/vc_column_text][wgl_spacing spacer_size=&#8221;20&#8243;][vc_row_inner][vc_column_inner][vc_column_text css=&#8221;&#8221;]\n<h4><b>Pourquoi opter pour le Portage-salarial avec Groupe-Engram ?<\/b><\/h4>\n<p><span style=\"font-weight: 400;\">Les entreprises qui choisissent notre service de Portage-salarial b\u00e9n\u00e9ficient de :<\/span><\/p>\n<ul>\n<li style=\"font-weight: 400;\" aria-level=\"1\"><b>Simplicit\u00e9<\/b><span style=\"font-weight: 400;\"> : Nous nous occupons des formalit\u00e9s l\u00e9gales et administratives pour que vous n&#8217;ayez pas \u00e0 le faire.<\/span><\/li>\n<li style=\"font-weight: 400;\" aria-level=\"1\"><b>Acc\u00e8s \u00e0 des talents mondiaux<\/b><span style=\"font-weight: 400;\"> : Travaillez avec des experts dans diff\u00e9rents pays sans avoir \u00e0 cr\u00e9er une structure locale.<\/span><\/li>\n<li style=\"font-weight: 400;\" aria-level=\"1\"><b>Flexibilit\u00e9<\/b><span> : Int\u00e9grez rapidement des services \u00e0 distance comme le support aux ventes ou le soutien IT sans \u00eatre limit\u00e9 par des fronti\u00e8res g\u00e9ographiques.<\/span><\/li>\n<\/ul>\n[\/vc_column_text][\/vc_column_inner][\/vc_row_inner][wgl_spacing spacer_size=&#8221;8&#8243;][\/vc_column][vc_column parallax=&#8221;content-moving&#8221; parallax_image=&#8221;31155&#8243; css=&#8221;.vc_custom_1732975210133{background-position: center !important;background-repeat: no-repeat !important;background-size: cover !important;}&#8221; offset=&#8221;vc_col-md-6&#8243;][wgl_spacing spacer_size=&#8221;500&#8243; screen_tablet=&#8221;992&#8243; responsive_tablet=&#8221;true&#8221; size_tablet=&#8221;400&#8243; responsive_mobile=&#8221;true&#8221; size_mobile=&#8221;400&#8243;][\/vc_column][\/vc_row][vc_row full_width=&#8221;stretch_row_content_no_spaces&#8221; full_height=&#8221;yes&#8221; equal_height=&#8221;yes&#8221; content_placement=&#8221;middle&#8221; disable_element=&#8221;yes&#8221; css=&#8221;.vc_custom_1732975674710{padding-top: 40px !important;padding-bottom: 40px !important;}&#8221;][vc_column parallax=&#8221;content-moving&#8221; parallax_image=&#8221;31158&#8243; css=&#8221;.vc_custom_1732975193355{background-position: center !important;background-repeat: no-repeat !important;background-size: cover !important;}&#8221; offset=&#8221;vc_col-md-6&#8243;][wgl_spacing spacer_size=&#8221;500&#8243; screen_tablet=&#8221;992&#8243; responsive_tablet=&#8221;true&#8221; size_tablet=&#8221;400&#8243; responsive_mobile=&#8221;true&#8221; size_mobile=&#8221;400&#8243;][\/vc_column][vc_column offset=&#8221;vc_col-md-6&#8243; css=&#8221;.vc_custom_1721561459822{padding-right: 10% !important;padding-left: 10% !important;}&#8221;][wgl_double_headings title_color=&#8221;#151515&#8243; subtitle_size=&#8221;16px&#8221; subtitle_color=&#8221;#1e73be&#8221; title=&#8221;Our Soft Landing Solutions&#8221; responsive_font=&#8221;true&#8221; font_size_mobile=&#8221;32&#8243; subtitle=&#8221;We offer two main approaches to meet your specific needs:&#8221;][wgl_spacing spacer_size=&#8221;8&#8243;][vc_column_text css=&#8221;&#8221;]\n<h4><b>A bridge between Foreign Workers and the Canadian Company<\/b><\/h4>\n<p><b><br \/>\n<\/b><span style=\"font-weight: 400;\">As the official employer, Groupe-Engram facilitates the management of employment contracts, and payroll, and ensures the legal compliance of the workers in their home country. This allows your company to focus on collaborating with international talents without having to handle the administrative aspects.<\/span><\/p>\n<h4><b>Support for Incorporating Remote Services<\/b><\/h4>\n<p><b><br \/>\n<\/b><span style=\"font-weight: 400;\">Whether for sales support activities or IT services, our soft landing service enables your company to operate with remote teams without needing to create a local subsidiary. Thus, you benefit from total flexibility for your international operations.<\/span>[\/vc_column_text][wgl_spacing spacer_size=&#8221;20&#8243;][\/vc_column][\/vc_row][vc_row full_width=&#8221;stretch_row_content&#8221; equal_height=&#8221;yes&#8221; css=&#8221;.vc_custom_1721563800883{padding-top: 80px !important;padding-right: 40px !important;padding-bottom: 80px !important;padding-left: 40px !important;background-color: #eef3f7 !important;background-position: center !important;background-repeat: no-repeat !important;background-size: cover !important;}&#8221;][vc_column offset=&#8221;vc_col-lg-12 vc_col-md-12 vc_col-xs-12&#8243;][wgl_double_headings title_color=&#8221;#151515&#8243; subtitle_color=&#8221;#1e73be&#8221; title=&#8221;Nos solutions de Portage-salarial&#8221;][wgl_spacing spacer_size=&#8221;8&#8243;][vc_column_text css=&#8221;&#8221;]<span style=\"font-weight: 400;\">Nous offrons deux approches principales pour r\u00e9pondre \u00e0 vos besoins sp\u00e9cifiques :<\/span>[\/vc_column_text][wgl_spacing spacer_size=&#8221;30px&#8221;][vc_row_inner equal_height=&#8221;yes&#8221;][vc_column_inner width=&#8221;1\/2&#8243;][wgl_info_box ib_type=&#8221;tile&#8221; icon_type=&#8221;none&#8221; ib_title=&#8221;Pont entre le Travailleur \u00c9tranger et l&#8217;Entreprise Canadienne&#8221; ib_content=&#8221;En tant qu\u2019employeur officiel, Groupe-Engram facilite la gestion des contrats de travail, de la paie, et garantit la conformit\u00e9 l\u00e9gale du travailleur dans son pays d&#8217;origine. Cela permet \u00e0 votre entreprise de se concentrer sur la collaboration avec des talents internationaux sans avoir \u00e0 g\u00e9rer la partie administrative.&#8221;][wgl_spacing spacer_size=&#8221;40px&#8221;][\/vc_column_inner][vc_column_inner width=&#8221;1\/2&#8243;][wgl_info_box ib_type=&#8221;tile&#8221; icon_type=&#8221;none&#8221; ib_title=&#8221;Support pour l&#8217;Incorporation de Services \u00e0 Distance&#8221; ib_content=&#8221;Que ce soit pour des activit\u00e9s de support aux ventes ou des services informatiques, notre service de portage permet \u00e0 votre entreprise de fonctionner avec des \u00e9quipes \u00e0 distance sans devoir cr\u00e9er une filiale locale. Vous b\u00e9n\u00e9ficiez d\u2019une flexibilit\u00e9 totale pour vos op\u00e9rations internationales.&#8221;][\/vc_column_inner][\/vc_row_inner][\/vc_column][\/vc_row][vc_row full_width=&#8221;stretch_row_content_no_spaces&#8221; full_height=&#8221;yes&#8221; equal_height=&#8221;yes&#8221; content_placement=&#8221;middle&#8221; css=&#8221;.vc_custom_1732970813573{padding-top: 40px !important;padding-bottom: 40px !important;}&#8221;][vc_column offset=&#8221;vc_col-md-6&#8243; css=&#8221;.vc_custom_1721561459822{padding-right: 10% !important;padding-left: 10% !important;}&#8221;][wgl_double_headings title_color=&#8221;#151515&#8243; subtitle_color=&#8221;#1e73be&#8221; title=&#8221;Avantages pour votre entreprise&#8221; responsive_font=&#8221;true&#8221; font_size_mobile=&#8221;32&#8243;][wgl_spacing spacer_size=&#8221;8&#8243;][vc_column_text css=&#8221;&#8221;]<span style=\"font-weight: 400;\">Collaborer avec le Groupe-Engram pour le Portage-salarial pr\u00e9sente de nombreux avantages :<\/span>[\/vc_column_text][wgl_spacing spacer_size=&#8221;20&#8243;][vc_row_inner][vc_column_inner][vc_column_text css=&#8221;&#8221;]\n<ul>\n<li><b>Conformit\u00e9 l\u00e9gal <\/b><span style=\"font-weight: 400;\">: Nous g\u00e9rons la conformit\u00e9 l\u00e9gale des travailleurs dans leur pays d\u2019origine, vous assurant une tranquillit\u00e9 d&#8217;esprit.<\/span><\/li>\n<li><b>Optimisation des co\u00fbts<\/b><span style=\"font-weight: 400;\"> : Pas besoin de cr\u00e9er une entit\u00e9 l\u00e9gale dans chaque pays o\u00f9 vous souhaitez op\u00e9rer.<\/span><\/li>\n<li><b>Rapidit\u00e9 de mise en place<\/b><span style=\"font-weight: 400;\"> : Nos solutions vous permettent de d\u00e9marrer rapidement, sans les d\u00e9lais habituels li\u00e9s \u00e0 l\u2019incorporation.<\/span><\/li>\n<\/ul>\n<p><span style=\"font-weight: 400;\">Contactez-nous d\u00e8s aujourd\u2019hui pour d\u00e9couvrir comment notre service de Portage-salarial peut soutenir votre croissance \u00e0 l\u2019international.\u00a0<\/span><\/p>\n<p><span style=\"font-weight: 400;\">Votre succ\u00e8s est notre raison d\u2019\u00eatre.<\/span>[\/vc_column_text][\/vc_column_inner][\/vc_row_inner][wgl_spacing spacer_size=&#8221;8&#8243;][wgl_button button_text=&#8221;Contactez-nous&#8221; link=&#8221;url:https%3A%2F%2Fgroupe-engram.com%2Fcontacts%2F|title:Contacts&#8221;][\/vc_column][vc_column parallax=&#8221;content-moving&#8221; parallax_image=&#8221;31161&#8243; css=&#8221;.vc_custom_1732975168434{background-position: center !important;background-repeat: no-repeat !important;background-size: cover !important;}&#8221; offset=&#8221;vc_col-md-6&#8243;][wgl_spacing spacer_size=&#8221;500&#8243; screen_tablet=&#8221;992&#8243; responsive_tablet=&#8221;true&#8221; size_tablet=&#8221;400&#8243; responsive_mobile=&#8221;true&#8221; size_mobile=&#8221;400&#8243;][\/vc_column][\/vc_row][vc_row disable_element=&#8221;yes&#8221;][vc_column][vc_column_text][instagram-feed feed=1][\/vc_column_text][wgl_spacing spacer_size=&#8221;70&#8243;][\/vc_column][\/vc_row]\n<\/div>","protected":false},"excerpt":{"rendered":"<p>[vc_row full_width=&#8221;stretch_row_content_no_spaces&#8221; full_height=&#8221;yes&#8221; equal_height=&#8221;yes&#8221; content_placement=&#8221;middle&#8221; css=&#8221;.vc_custom_1732970813573{padding-top: 40px !important;padding-bottom: 40px !important;}&#8221;][vc_column offset=&#8221;vc_col-md-6&#8243; css=&#8221;.vc_custom_1721561459822{padding-right: 10% !important;padding-left: 10% !important;}&#8221;][wgl_double_headings title_color=&#8221;#151515&#8243; subtitle_color=&#8221;#1e73be&#8221; title=&#8221;Qu&#8217;est-ce que le Portage-salarial ?&#8221; responsive_font=&#8221;true&#8221; font_size_mobile=&#8221;32&#8243;][wgl_spacing spacer_size=&#8221;8&#8243;][vc_column_text css=&#8221;&#8221;]Le Portage-salarial, \u00e9galement appel\u00e9 [&hellip;]<\/p>\n","protected":false},"author":1,"featured_media":0,"parent":0,"menu_order":0,"comment_status":"closed","ping_status":"closed","template":"","meta":{"_price":"","_stock":"","_tribe_ticket_header":"","_tribe_default_ticket_provider":"","_tribe_ticket_capacity":"0","_ticket_start_date":"","_ticket_end_date":"","_tribe_ticket_show_description":"","_tribe_ticket_show_not_going":false,"_tribe_ticket_use_global_stock":"","_tribe_ticket_global_stock_level":"","_global_stock_mode":"","_global_stock_cap":"","_tribe_rsvp_for_event":"","_tribe_ticket_going_count":"","_tribe_ticket_not_going_count":"","_tribe_tickets_list":"[]","_tribe_ticket_has_attendee_info_fields":false,"footnotes":""},"class_list":["post-31168","page","type-page","status-publish","hentry"],"_links":{"self":[{"href":"https:\/\/groupe-engram.com\/fr\/wp-json\/wp\/v2\/pages\/31168"}],"collection":[{"href":"https:\/\/groupe-engram.com\/fr\/wp-json\/wp\/v2\/pages"}],"about":[{"href":"https:\/\/groupe-engram.com\/fr\/wp-json\/wp\/v2\/types\/page"}],"author":[{"embeddable":true,"href":"https:\/\/groupe-engram.com\/fr\/wp-json\/wp\/v2\/users\/1"}],"replies":[{"embeddable":true,"href":"https:\/\/groupe-engram.com\/fr\/wp-json\/wp\/v2\/comments?post=31168"}],"version-history":[{"count":4,"href":"https:\/\/groupe-engram.com\/fr\/wp-json\/wp\/v2\/pages\/31168\/revisions"}],"predecessor-version":[{"id":31174,"href":"https:\/\/groupe-engram.com\/fr\/wp-json\/wp\/v2\/pages\/31168\/revisions\/31174"}],"wp:attachment":[{"href":"https:\/\/groupe-engram.com\/fr\/wp-json\/wp\/v2\/media?parent=31168"}],"curies":[{"name":"wp","href":"https:\/\/api.w.org\/{rel}","templated":true}]}}