{"id":31046,"date":"2024-07-21T10:58:20","date_gmt":"2024-07-21T10:58:20","guid":{"rendered":"https:\/\/groupe-engram.com\/international-students\/"},"modified":"2024-07-21T15:10:48","modified_gmt":"2024-07-21T15:10:48","slug":"international-students","status":"publish","type":"page","link":"https:\/\/groupe-engram.com\/fr\/international-students\/","title":{"rendered":"\u00c9tudiants \u00e9trangers"},"content":{"rendered":"<div class=\"wpb-content-wrapper\">[vc_row full_width=&#8221;stretch_row&#8221;][vc_column]\n\t\t\t<!-- START student Fr 11 1 1 1 1 REVOLUTION SLIDER 6.5.25 --><p class=\"rs-p-wp-fix\"><\/p>\n\t\t\t<rs-module-wrap id=\"rev_slider_13_1_wrapper\" data-source=\"gallery\" style=\"visibility:hidden;background:transparent;padding:0;margin:0px auto;margin-top:0;margin-bottom:0;\">\n\t\t\t\t<rs-module id=\"rev_slider_13_1\" style=\"\" data-version=\"6.5.25\">\n\t\t\t\t\t<rs-slides>\n\t\t\t\t\t\t<rs-slide style=\"position: absolute;\" data-key=\"rs-23\" data-title=\"Slide\" data-in=\"o:0;\" data-out=\"a:false;\">\n\t\t\t\t\t\t\t<img decoding=\"async\" src=\"\/\/groupe-engram.com\/wp-content\/plugins\/revslider\/public\/assets\/assets\/dummy.png\" alt=\"\" title=\"Artboard sd1s\" width=\"1920\" height=\"700\" class=\"rev-slidebg tp-rs-img rs-lazyload\" data-lazyload=\"\/\/groupe-engram.com\/wp-content\/uploads\/2024\/07\/Artboard-sd1s.jpg\" data-bg=\"p:50% 20%;\" data-parallax=\"off\" data-panzoom=\"d:10000;ss:100;se:110;\" data-no-retina>\n<!--\n\t\t\t\t\t\t\t--><rs-layer\n\t\t\t\t\t\t\t\tid=\"slider-13-slide-23-layer-0\" \n\t\t\t\t\t\t\t\tdata-type=\"shape\"\n\t\t\t\t\t\t\t\tdata-rsp_ch=\"on\"\n\t\t\t\t\t\t\t\tdata-text=\"w:normal;s:20,10,7,4;l:0,13,9,6;\"\n\t\t\t\t\t\t\t\tdata-dim=\"w:100%;h:100%;\"\n\t\t\t\t\t\t\t\tdata-basealign=\"slide\"\n\t\t\t\t\t\t\t\tdata-frame_999=\"o:0;st:w;\"\n\t\t\t\t\t\t\t\tstyle=\"z-index:8;background-color:rgba(0,0,0,0.5);\"\n\t\t\t\t\t\t\t> \n\t\t\t\t\t\t\t<\/rs-layer><!--\n\n\t\t\t\t\t\t\t--><a\n\t\t\t\t\t\t\t\tid=\"slider-13-slide-23-layer-1\" \n\t\t\t\t\t\t\t\tclass=\"rs-layer\"\n\t\t\t\t\t\t\t\thref=\"https:\/\/13wcc.iccwbo.org\/\" target=\"_blank\" rel=\"noopener\"\n\t\t\t\t\t\t\t\tdata-type=\"image\"\n\t\t\t\t\t\t\t\tdata-rsp_ch=\"on\"\n\t\t\t\t\t\t\t\tdata-xy=\"x:l,c,c,c;xo:254px,-235px,-220px,-149px;y:b;yo:66px,49px,55px,136px;\"\n\t\t\t\t\t\t\t\tdata-text=\"w:normal;s:20,10,7,4;l:0,13,9,6;\"\n\t\t\t\t\t\t\t\tdata-dim=\"w:199px,236px,212px,150px;h:100px,118px,106px,75px;\"\n\t\t\t\t\t\t\t\tdata-basealign=\"slide\"\n\t\t\t\t\t\t\t\tdata-frame_999=\"o:0;st:w;\"\n\t\t\t\t\t\t\t\tstyle=\"z-index:14;\"\n\t\t\t\t\t\t\t><img decoding=\"async\" src=\"\/\/groupe-engram.com\/wp-content\/plugins\/revslider\/public\/assets\/assets\/dummy.png\" alt=\"\" class=\"tp-rs-img rs-lazyload\" width=\"1200\" height=\"600\" data-lazyload=\"\/\/groupe-engram.com\/wp-content\/uploads\/2024\/03\/Flag_of_Canada_Pantone.svg_.png\" data-no-retina> \n\t\t\t\t\t\t\t<\/a><!--\n\n\t\t\t\t\t\t\t--><rs-layer\n\t\t\t\t\t\t\t\tid=\"slider-13-slide-23-layer-2\" \n\t\t\t\t\t\t\t\tdata-type=\"text\"\n\t\t\t\t\t\t\t\tdata-color=\"#00a3ef\"\n\t\t\t\t\t\t\t\tdata-rsp_ch=\"on\"\n\t\t\t\t\t\t\t\tdata-xy=\"x:l,c,c,c;xo:249px,-9px,0,-2px;yo:209px,175px,175px,144px;\"\n\t\t\t\t\t\t\t\tdata-text=\"w:nowrap,normal,normal,normal;s:40,40,40,30;l:40,40,40,30;fw:700;a:left,center,center,center;\"\n\t\t\t\t\t\t\t\tdata-dim=\"w:auto,916px,756px,479px;\"\n\t\t\t\t\t\t\t\tdata-frame_0=\"y:-50px;\"\n\t\t\t\t\t\t\t\tdata-frame_1=\"st:1690;sp:900;sR:1690;\"\n\t\t\t\t\t\t\t\tdata-frame_999=\"o:0;st:w;sR:6410;\"\n\t\t\t\t\t\t\t\tstyle=\"z-index:9;font-family:'Poppins';text-transform:uppercase;\"\n\t\t\t\t\t\t\t>Bienvenue aux \u00e9tudiants Engram !  \n\t\t\t\t\t\t\t<\/rs-layer><!--\n\n\t\t\t\t\t\t\t--><rs-layer\n\t\t\t\t\t\t\t\tid=\"slider-13-slide-23-layer-3\" \n\t\t\t\t\t\t\t\tdata-type=\"text\"\n\t\t\t\t\t\t\t\tdata-rsp_ch=\"on\"\n\t\t\t\t\t\t\t\tdata-xy=\"x:l,c,c,c;xo:249px,0,1px,-1px;yo:272px,267px,247px,236px;\"\n\t\t\t\t\t\t\t\tdata-text=\"w:normal;s:60,55,46,40;l:70,60,55,45;fw:700;a:left,center,center,center;\"\n\t\t\t\t\t\t\t\tdata-dim=\"w:1275px,940px,726px,439px;\"\n\t\t\t\t\t\t\t\tdata-frame_0=\"y:50px;\"\n\t\t\t\t\t\t\t\tdata-frame_1=\"st:1400;sp:900;sR:1400;\"\n\t\t\t\t\t\t\t\tdata-frame_999=\"o:0;st:w;sR:6700;\"\n\t\t\t\t\t\t\t\tstyle=\"z-index:10;font-family:'Poppins';\"\n\t\t\t\t\t\t\t>Votre passeport vers vos \u00e9tudes \u00e0 l'international! \n\t\t\t\t\t\t\t<\/rs-layer><!--\n\n\t\t\t\t\t\t\t--><a\n\t\t\t\t\t\t\t\tid=\"slider-13-slide-23-layer-4\" \n\t\t\t\t\t\t\t\tclass=\"rs-layer\"\n\t\t\t\t\t\t\t\thref=\"https:\/\/13wcc.iccwbo.org\/\" target=\"_blank\" rel=\"noopener\"\n\t\t\t\t\t\t\t\tdata-type=\"image\"\n\t\t\t\t\t\t\t\tdata-rsp_ch=\"on\"\n\t\t\t\t\t\t\t\tdata-xy=\"x:l,c,c,c;xo:674px,274px,224px,158px;y:b;yo:64px,49px,54px,137px;\"\n\t\t\t\t\t\t\t\tdata-text=\"w:normal;s:20,10,7,4;l:0,13,9,6;\"\n\t\t\t\t\t\t\t\tdata-dim=\"w:199px,232px,212px,143px;h:100px,116px,106px,72px;\"\n\t\t\t\t\t\t\t\tdata-basealign=\"slide\"\n\t\t\t\t\t\t\t\tdata-frame_999=\"o:0;st:w;\"\n\t\t\t\t\t\t\t\tstyle=\"z-index:12;\"\n\t\t\t\t\t\t\t><img decoding=\"async\" src=\"\/\/groupe-engram.com\/wp-content\/plugins\/revslider\/public\/assets\/assets\/dummy.png\" alt=\"\" class=\"tp-rs-img rs-lazyload\" width=\"800\" height=\"400\" data-lazyload=\"\/\/groupe-engram.com\/wp-content\/uploads\/2024\/07\/Flag_of_morocco.jpg\" data-no-retina> \n\t\t\t\t\t\t\t<\/a><!--\n\n\t\t\t\t\t\t\t--><a\n\t\t\t\t\t\t\t\tid=\"slider-13-slide-23-layer-5\" \n\t\t\t\t\t\t\t\tclass=\"rs-layer\"\n\t\t\t\t\t\t\t\thref=\"https:\/\/13wcc.iccwbo.org\/\" target=\"_blank\" rel=\"noopener\"\n\t\t\t\t\t\t\t\tdata-type=\"image\"\n\t\t\t\t\t\t\t\tdata-rsp_ch=\"on\"\n\t\t\t\t\t\t\t\tdata-xy=\"x:l,c,c,c;xo:464px,20px,4px,6px;y:b;yo:64px,49px,54px,137px;\"\n\t\t\t\t\t\t\t\tdata-text=\"w:normal;s:20,10,7,4;l:0,13,9,6;\"\n\t\t\t\t\t\t\t\tdata-dim=\"w:199px,232px,212px,145px;h:100px,116px,106px,73px;\"\n\t\t\t\t\t\t\t\tdata-basealign=\"slide\"\n\t\t\t\t\t\t\t\tdata-frame_999=\"o:0;st:w;\"\n\t\t\t\t\t\t\t\tstyle=\"z-index:11;\"\n\t\t\t\t\t\t\t><img decoding=\"async\" src=\"\/\/groupe-engram.com\/wp-content\/plugins\/revslider\/public\/assets\/assets\/dummy.png\" alt=\"\" class=\"tp-rs-img rs-lazyload\" width=\"800\" height=\"400\" data-lazyload=\"\/\/groupe-engram.com\/wp-content\/uploads\/2024\/07\/Flag_of_Ethiopia.svg_.jpg\" data-no-retina> \n\t\t\t\t\t\t\t<\/a><!--\n\n\t\t\t\t\t\t\t--><a\n\t\t\t\t\t\t\t\tid=\"slider-13-slide-23-layer-6\" \n\t\t\t\t\t\t\t\tclass=\"rs-layer\"\n\t\t\t\t\t\t\t\thref=\"https:\/\/13wcc.iccwbo.org\/\" target=\"_blank\" rel=\"noopener\"\n\t\t\t\t\t\t\t\tdata-type=\"image\"\n\t\t\t\t\t\t\t\tdata-rsp_ch=\"on\"\n\t\t\t\t\t\t\t\tdata-xy=\"x:l,c,c,c;xo:252px,-11px,1px,1px;y:b;yo:199px,193px,186px,236px;\"\n\t\t\t\t\t\t\t\tdata-text=\"w:normal;s:20,10,7,4;l:0,13,9,6;\"\n\t\t\t\t\t\t\t\tdata-dim=\"w:266px,283px,277px,242px;h:85px,91px,89px,78px;\"\n\t\t\t\t\t\t\t\tdata-basealign=\"slide\"\n\t\t\t\t\t\t\t\tdata-frame_999=\"o:0;st:w;\"\n\t\t\t\t\t\t\t\tstyle=\"z-index:13;\"\n\t\t\t\t\t\t\t><img decoding=\"async\" src=\"\/\/groupe-engram.com\/wp-content\/plugins\/revslider\/public\/assets\/assets\/dummy.png\" alt=\"\" class=\"tp-rs-img rs-lazyload\" width=\"458\" height=\"147\" data-lazyload=\"\/\/groupe-engram.com\/wp-content\/uploads\/2024\/07\/imen.png\" data-no-retina> \n\t\t\t\t\t\t\t<\/a><!--\n-->\t\t\t\t\t\t<\/rs-slide>\n\t\t\t\t\t<\/rs-slides>\n\t\t\t\t<\/rs-module>\n\t\t\t\t<script>\n\t\t\t\t\tsetREVStartSize({c: 'rev_slider_13_1',rl:[1240,1024,778,480],el:[700,700,700,700],gw:[1920,1024,778,480],gh:[700,700,700,700],type:'standard',justify:'',layout:'fullwidth',mh:\"0\"});if (window.RS_MODULES!==undefined && window.RS_MODULES.modules!==undefined && window.RS_MODULES.modules[\"revslider131\"]!==undefined) {window.RS_MODULES.modules[\"revslider131\"].once = false;window.revapi13 = undefined;if (window.RS_MODULES.checkMinimal!==undefined) window.RS_MODULES.checkMinimal()}\n\t\t\t\t<\/script>\n\t\t\t<\/rs-module-wrap>\n\t\t\t<!-- END REVOLUTION SLIDER -->\n[\/vc_column][\/vc_row][vc_row full_width=&#8221;stretch_row_content_no_spaces&#8221; full_height=&#8221;yes&#8221; equal_height=&#8221;yes&#8221; content_placement=&#8221;middle&#8221; css=&#8221;.vc_custom_1721561326780{padding-top: 80px !important;padding-bottom: 80px !important;}&#8221;][vc_column offset=&#8221;vc_col-md-6&#8243; css=&#8221;.vc_custom_1721561459822{padding-right: 10% !important;padding-left: 10% !important;}&#8221;][wgl_double_headings title_color=&#8221;#151515&#8243; subtitle_color=&#8221;#1e73be&#8221; title=&#8221;Notre mission&#8221; responsive_font=&#8221;true&#8221; font_size_mobile=&#8221;32&#8243;][wgl_spacing spacer_size=&#8221;8&#8243;][vc_column_text]<span>Vous guider sans faille \u00e0 travers les \u00e9tapes cruciales de votre parcours acad\u00e9mique et professionnel \u00e0 l&#8217;\u00e9tranger, en minimisant les tracas administratifs et en maximisant vos chances de succ\u00e8s.<\/span>[\/vc_column_text][wgl_spacing spacer_size=&#8221;20&#8243;][vc_row_inner][vc_column_inner][vc_column_text]\n<h4><span>Services offerts:<\/span><\/h4>\n<ul>\n<li><span> <\/span><span><strong>Promotion:<\/strong> Faites-vous remarquer par les meilleures institutions \u00e9ducatives du monde.<\/span><\/li>\n<li><span> <\/span><span><strong>Pr\u00e9s\u00e9lection:<\/strong> Nous trouvons les p\u00e9pites acad\u00e9miques qui correspondent \u00e0 vos crit\u00e8res.<\/span><\/li>\n<li><span> <\/span><span><strong>Gestion Documentaire:<\/strong> De la paperasse simplifi\u00e9e pour vous concentrer sur l&#8217;essentiel.<\/span><\/li>\n<\/ul>\n[\/vc_column_text][\/vc_column_inner][\/vc_row_inner][wgl_spacing spacer_size=&#8221;8&#8243;][\/vc_column][vc_column parallax=&#8221;content-moving&#8221; parallax_image=&#8221;31039&#8243; css=&#8221;.vc_custom_1721566781204{background-position: center !important;background-repeat: no-repeat !important;background-size: cover !important;}&#8221; offset=&#8221;vc_col-md-6&#8243;][wgl_spacing spacer_size=&#8221;600&#8243; screen_tablet=&#8221;992&#8243; responsive_tablet=&#8221;true&#8221; size_tablet=&#8221;400&#8243; responsive_mobile=&#8221;true&#8221; size_mobile=&#8221;400&#8243;][\/vc_column][\/vc_row][vc_row full_width=&#8221;stretch_row_content&#8221; equal_height=&#8221;yes&#8221; css=&#8221;.vc_custom_1721563800883{padding-top: 80px !important;padding-right: 40px !important;padding-bottom: 80px !important;padding-left: 40px !important;background-color: #eef3f7 !important;background-position: center !important;background-repeat: no-repeat !important;background-size: cover !important;}&#8221;][vc_column offset=&#8221;vc_col-lg-12 vc_col-md-12 vc_col-xs-12&#8243;][wgl_double_headings align=&#8221;center&#8221; title_color=&#8221;#151515&#8243; subtitle_color=&#8221;#1e73be&#8221; title=&#8221;Comment \u00e7a fonctionne? &#8221; subtitle=&#8221;Un processus en 4 \u00e9tapes&#8221;][wgl_spacing spacer_size=&#8221;30px&#8221;][vc_row_inner equal_height=&#8221;yes&#8221;][vc_column_inner width=&#8221;1\/4&#8243;][wgl_info_box ib_type=&#8221;tile&#8221; ib_align=&#8221;center&#8221; icon_type=&#8221;font&#8221; icon_font_type=&#8221;type_fontawesome&#8221; icon_fontawesome=&#8221;fas fa-award&#8221; icon_number=&#8221;1&#8243; number_pos=&#8221;right_bottom&#8221; ib_title=&#8221;\u00c9valuation du Profil Acad\u00e9mique et Professionnel&#8221; ib_content=&#8221;Nous analysons votre parcours pour d\u00e9finir la meilleure strat\u00e9gie.&#8221; add_number=&#8221;true&#8221; add_shadow=&#8221;true&#8221;][wgl_spacing spacer_size=&#8221;40px&#8221;][\/vc_column_inner][vc_column_inner width=&#8221;1\/4&#8243;][wgl_info_box ib_type=&#8221;tile&#8221; ib_align=&#8221;center&#8221; icon_type=&#8221;font&#8221; icon_font_type=&#8221;type_fontawesome&#8221; icon_fontawesome=&#8221;fas fa-chalkboard-teacher&#8221; icon_number=&#8221;2&#8243; number_pos=&#8221;right_bottom&#8221; add_shadow=&#8221;true&#8221; ib_title=&#8221;Pr\u00e9paration du Dossier pour l\u2019Inscription et l\u2019Admission&#8221; ib_content=&#8221;Nous vous aidons \u00e0 compiler les documents n\u00e9cessaires pour votre inscription&#8221; add_number=&#8221;true&#8221;][wgl_spacing spacer_size=&#8221;40px&#8221;][\/vc_column_inner][vc_column_inner width=&#8221;1\/4&#8243;][wgl_info_box ib_type=&#8221;tile&#8221; ib_align=&#8221;center&#8221; icon_type=&#8221;font&#8221; icon_font_type=&#8221;type_fontawesome&#8221; icon_fontawesome=&#8221;fas fa-chalkboard&#8221; icon_number=&#8221;3&#8243; number_pos=&#8221;right_bottom&#8221; add_shadow=&#8221;true&#8221; ib_title=&#8221;\u00c9laboration d\u2019une Strat\u00e9gie de Demande du Permis d\u2019\u00c9tudes:&#8221; ib_content=&#8221;Nous vous conseillons pour obtenir votre permis d&#8217;\u00e9tudes.&#8221; add_number=&#8221;true&#8221;][wgl_spacing spacer_size=&#8221;40px&#8221;][\/vc_column_inner][vc_column_inner width=&#8221;1\/4&#8243;][wgl_info_box ib_type=&#8221;tile&#8221; ib_align=&#8221;center&#8221; icon_type=&#8221;font&#8221; icon_font_type=&#8221;type_fontawesome&#8221; icon_fontawesome=&#8221;fas fa-passport&#8221; icon_number=&#8221;4&#8243; number_pos=&#8221;right_bottom&#8221; add_shadow=&#8221;true&#8221; ib_title=&#8221;Pr\u00e9paration et Pr\u00e9sentation du Dossier d\u2019Immigration: &#8221; ib_content=&#8221;Nous vous assistons pour pr\u00e9parer et pr\u00e9senter votre dossier d&#8217;immigration&#8221; add_number=&#8221;true&#8221;][\/vc_column_inner][\/vc_row_inner][\/vc_column][\/vc_row][vc_row full_width=&#8221;stretch_row_content&#8221; equal_height=&#8221;yes&#8221; content_placement=&#8221;middle&#8221; disable_element=&#8221;yes&#8221; css=&#8221;.vc_custom_1710883273727{padding-top: 80px !important;padding-right: 5px !important;padding-bottom: 80px !important;padding-left: 5px !important;background-color: #eef3f7 !important;}&#8221;][vc_column][wgl_spacing spacer_size=&#8221;30px&#8221;][wgl_double_headings align=&#8221;center&#8221; title_color=&#8221;#151515&#8243; subtitle_color=&#8221;#1e73be&#8221; title=&#8221;Our value proposition&#8221;][wgl_spacing spacer_size=&#8221;21px&#8221;][vc_column_text]\n<p style=\"text-align: center;\">Find out how the Group Engram\u2019s mission statement add value to your business.<\/p>\n[\/vc_column_text][wgl_spacing spacer_size=&#8221;30px&#8221;][vc_row_inner][vc_column_inner width=&#8221;1\/4&#8243;][wgl_flip_box fb_height=&#8221;280&#8243; front_bg_style=&#8221;front_image&#8221; back_bg_style=&#8221;back_image&#8221; front_bg_image=&#8221;478&#8243; front_logo_image=&#8221;482&#8243; front_title=&#8221;FUNDING&#8221; back_descr=&#8221;Groupe Engram offers as a service to assist you in your grant projects\/requests for financial assistance from government authorities.&#8221; back_bg_image=&#8221;11185&#8243;][\/vc_column_inner][vc_column_inner width=&#8221;1\/4&#8243;][wgl_flip_box fb_dir=&#8221;flip_top&#8221; fb_height=&#8221;280&#8243; front_bg_style=&#8221;front_image&#8221; back_bg_style=&#8221;back_image&#8221; front_bg_image=&#8221;479&#8243; front_logo_image=&#8221;483&#8243; front_title=&#8221;INTERNATIONAL RECRUITMENT&#8221; back_descr=&#8221;Our mission is to enable companies to find the right talents in pools full of qualified labor such as in Morocco and Viet Nam.&#8221; back_bg_image=&#8221;11188&#8243;][\/vc_column_inner][vc_column_inner width=&#8221;1\/4&#8243;][wgl_flip_box fb_dir=&#8221;flip_left&#8221; fb_height=&#8221;280&#8243; front_bg_style=&#8221;front_image&#8221; front_title_color=&#8221;#000000&#8243; front_descr_color=&#8221;#000000&#8243; back_bg_style=&#8221;back_image&#8221; front_bg_image=&#8221;480&#8243; front_logo_image=&#8221;481&#8243; front_title=&#8221;INTERNATIONAL TRADE COMPLIANCE&#8221; back_descr=&#8221;Led by the Engram Group, the primary purpose of the circle is to help and equip its members to respond to organizational and regulatory issues related to customs compliance within their respective companies.&#8221; back_bg_image=&#8221;11191&#8243;][\/vc_column_inner][vc_column_inner width=&#8221;1\/4&#8243;][wgl_flip_box fb_dir=&#8221;flip_bottom&#8221; fb_height=&#8221;280&#8243; front_bg_style=&#8221;front_image&#8221; back_bg_style=&#8221;back_image&#8221; front_bg_image=&#8221;1175&#8243; front_logo_image=&#8221;1217&#8243; back_descr=&#8221;The Business Opportunity Generator is the perfect resource for any business looking to broaden its horizons.&#8221; back_bg_image=&#8221;11194&#8243; front_title=&#8221;BUSINESS OPPORTUNITY GENERATOR&#8221;][\/vc_column_inner][\/vc_row_inner][wgl_spacing spacer_size=&#8221;30px&#8221;][vc_single_image image=&#8221;30951&#8243; img_size=&#8221;full&#8221; alignment=&#8221;center&#8221;][wgl_image_layers values=&#8221;%5B%7B%22thumbnail%22%3A%2230950%22%2C%22image_animation%22%3A%22fade_in%22%2C%22image_order%22%3A%221%22%7D%5D&#8221;][\/vc_column][\/vc_row][vc_row full_width=&#8221;stretch_row_content_no_spaces&#8221; content_placement=&#8221;middle&#8221; css=&#8221;.vc_custom_1721563777894{padding-top: 80px !important;padding-bottom: 80px !important;background-color: #ffffff !important;}&#8221;][vc_column parallax=&#8221;content-moving&#8221; parallax_image=&#8221;31036&#8243; offset=&#8221;vc_col-md-6&#8243; sticky_col=&#8221;true&#8221;][wgl_spacing spacer_size=&#8221;600&#8243; responsive_desktop=&#8221;true&#8221; size_desktops=&#8221;600&#8243; responsive_tablet=&#8221;true&#8221; size_tablet=&#8221;400&#8243; responsive_mobile=&#8221;true&#8221; size_mobile=&#8221;400&#8243;][\/vc_column][vc_column css=&#8221;.vc_custom_1541579777829{padding-right: 40px !important;padding-left: 40px !important;}&#8221; offset=&#8221;vc_col-md-6&#8243;][wgl_double_headings title_color=&#8221;#151515&#8243; subtitle_color=&#8221;#1e73be&#8221; title=&#8221;Services Offerts par IMENESES SERVICES&#8221; responsive_font=&#8221;true&#8221; font_size_mobile=&#8221;32&#8243;][wgl_spacing spacer_size=&#8221;22&#8243;][vc_column_text]\u00c9laboration personnalis\u00e9e de votre programme d\u2019\u00e9tudes en fonction de votre profil. <span>Compilation et validation des documents n\u00e9cessaires pour votre application et vos demandes de permis d\u2019\u00e9tudes.<\/span>[\/vc_column_text][wgl_spacing spacer_size=&#8221;20&#8243;][vc_row_inner][vc_column_inner][vc_column_text]\n<h4><span>Documents N\u00e9cessaires:<\/span><\/h4>\n<ul>\n<li>Curr\u00edculum Vitae<\/li>\n<li><span><\/span><span>Formulaire de collecte de donn\u00e9es acad\u00e9miques et professionnelle<\/span><\/li>\n<li><span><\/span><span> Dipl\u00f4me et relev\u00e9 de notes d\u2019\u00e9tudes secondaires ou du baccalaur\u00e9at<\/span><\/li>\n<li>Acte de naissance<\/li>\n<\/ul>\n[\/vc_column_text][wgl_spacing spacer_size=&#8221;8&#8243; screen_tablet=&#8221;992&#8243; responsive_tablet=&#8221;true&#8221; size_tablet=&#8221;0&#8243;][vc_column_text]Nous vous accompagnons jusqu&#8217;\u00e0 l&#8217;obtention de votre lettre d&#8217;acceptation \u00e9ducative et la compilation des documents n\u00e9cessaires pour justifier la demande de permis d\u2019\u00e9tudes. Pr\u00eat pour[\/vc_column_text][\/vc_column_inner][\/vc_row_inner][\/vc_column][\/vc_row]\n<\/div>","protected":false},"excerpt":{"rendered":"<p>[vc_row full_width=&#8221;stretch_row&#8221;][vc_column][\/vc_column][\/vc_row][vc_row full_width=&#8221;stretch_row_content_no_spaces&#8221; full_height=&#8221;yes&#8221; equal_height=&#8221;yes&#8221; content_placement=&#8221;middle&#8221; css=&#8221;.vc_custom_1721561326780{padding-top: 80px !important;padding-bottom: 80px !important;}&#8221;][vc_column offset=&#8221;vc_col-md-6&#8243; css=&#8221;.vc_custom_1721561459822{padding-right: 10% !important;padding-left: 10% !important;}&#8221;][wgl_double_headings title_color=&#8221;#151515&#8243; subtitle_color=&#8221;#1e73be&#8221; title=&#8221;Notre mission&#8221; responsive_font=&#8221;true&#8221; font_size_mobile=&#8221;32&#8243;][wgl_spacing spacer_size=&#8221;8&#8243;][vc_column_text]Vous guider sans faille \u00e0 travers les [&hellip;]<\/p>\n","protected":false},"author":1,"featured_media":0,"parent":0,"menu_order":0,"comment_status":"closed","ping_status":"closed","template":"","meta":{"_price":"","_stock":"","_tribe_ticket_header":"","_tribe_default_ticket_provider":"","_tribe_ticket_capacity":"0","_ticket_start_date":"","_ticket_end_date":"","_tribe_ticket_show_description":"","_tribe_ticket_show_not_going":false,"_tribe_ticket_use_global_stock":"","_tribe_ticket_global_stock_level":"","_global_stock_mode":"","_global_stock_cap":"","_tribe_rsvp_for_event":"","_tribe_ticket_going_count":"","_tribe_ticket_not_going_count":"","_tribe_tickets_list":"[]","_tribe_ticket_has_attendee_info_fields":false,"footnotes":""},"class_list":["post-31046","page","type-page","status-publish","hentry"],"_links":{"self":[{"href":"https:\/\/groupe-engram.com\/fr\/wp-json\/wp\/v2\/pages\/31046"}],"collection":[{"href":"https:\/\/groupe-engram.com\/fr\/wp-json\/wp\/v2\/pages"}],"about":[{"href":"https:\/\/groupe-engram.com\/fr\/wp-json\/wp\/v2\/types\/page"}],"author":[{"embeddable":true,"href":"https:\/\/groupe-engram.com\/fr\/wp-json\/wp\/v2\/users\/1"}],"replies":[{"embeddable":true,"href":"https:\/\/groupe-engram.com\/fr\/wp-json\/wp\/v2\/comments?post=31046"}],"version-history":[{"count":3,"href":"https:\/\/groupe-engram.com\/fr\/wp-json\/wp\/v2\/pages\/31046\/revisions"}],"predecessor-version":[{"id":31054,"href":"https:\/\/groupe-engram.com\/fr\/wp-json\/wp\/v2\/pages\/31046\/revisions\/31054"}],"wp:attachment":[{"href":"https:\/\/groupe-engram.com\/fr\/wp-json\/wp\/v2\/media?parent=31046"}],"curies":[{"name":"wp","href":"https:\/\/api.w.org\/{rel}","templated":true}]}}