{"id":30962,"date":"2024-03-09T10:42:49","date_gmt":"2024-03-09T10:42:49","guid":{"rendered":"https:\/\/groupe-engram.com\/opportunite-daffaires-dans-lagroalimentaire\/"},"modified":"2024-03-19T22:42:57","modified_gmt":"2024-03-19T22:42:57","slug":"opportunite-daffaires-dans-lagroalimentaire","status":"publish","type":"page","link":"https:\/\/groupe-engram.com\/fr\/opportunite-daffaires-dans-lagroalimentaire\/","title":{"rendered":"Opportunit\u00e9 d&#8217;affaires dans l&#8217;agroalimentaire"},"content":{"rendered":"<div class=\"wpb-content-wrapper\">[vc_row full_width=&#8221;stretch_row&#8221;][vc_column]\n\t\t\t<!-- START advisor 11 1 REVOLUTION SLIDER 6.5.25 --><p class=\"rs-p-wp-fix\"><\/p>\n\t\t\t<rs-module-wrap id=\"rev_slider_10_1_wrapper\" data-source=\"gallery\" style=\"visibility:hidden;background:transparent;padding:0;margin:0px auto;margin-top:0;margin-bottom:0;\">\n\t\t\t\t<rs-module id=\"rev_slider_10_1\" style=\"\" data-version=\"6.5.25\">\n\t\t\t\t\t<rs-slides>\n\t\t\t\t\t\t<rs-slide style=\"position: absolute;\" data-key=\"rs-20\" data-title=\"Slide\" data-in=\"o:0;\" data-out=\"a:false;\">\n\t\t\t\t\t\t\t<img decoding=\"async\" src=\"\/\/groupe-engram.com\/wp-content\/plugins\/revslider\/public\/assets\/assets\/dummy.png\" alt=\"\" title=\"Artboard 1fd\" width=\"1920\" height=\"700\" class=\"rev-slidebg tp-rs-img rs-lazyload\" data-lazyload=\"\/\/groupe-engram.com\/wp-content\/uploads\/2024\/03\/Artboard-1fd.jpg\" data-bg=\"p:50% 20%;\" data-parallax=\"off\" data-panzoom=\"d:10000;ss:100;se:110;\" data-no-retina>\n<!--\n\t\t\t\t\t\t\t--><rs-layer\n\t\t\t\t\t\t\t\tid=\"slider-10-slide-20-layer-0\" \n\t\t\t\t\t\t\t\tdata-type=\"shape\"\n\t\t\t\t\t\t\t\tdata-rsp_ch=\"on\"\n\t\t\t\t\t\t\t\tdata-text=\"w:normal;s:20,10,7,4;l:0,13,9,6;\"\n\t\t\t\t\t\t\t\tdata-dim=\"w:100%;h:100%;\"\n\t\t\t\t\t\t\t\tdata-basealign=\"slide\"\n\t\t\t\t\t\t\t\tdata-frame_999=\"o:0;st:w;\"\n\t\t\t\t\t\t\t\tstyle=\"z-index:8;background-color:rgba(0,0,0,0.5);\"\n\t\t\t\t\t\t\t> \n\t\t\t\t\t\t\t<\/rs-layer><!--\n\n\t\t\t\t\t\t\t--><a\n\t\t\t\t\t\t\t\tid=\"slider-10-slide-20-layer-1\" \n\t\t\t\t\t\t\t\tclass=\"rs-layer\"\n\t\t\t\t\t\t\t\thref=\"https:\/\/13wcc.iccwbo.org\/\" target=\"_blank\" rel=\"noopener\"\n\t\t\t\t\t\t\t\tdata-type=\"image\"\n\t\t\t\t\t\t\t\tdata-rsp_ch=\"on\"\n\t\t\t\t\t\t\t\tdata-xy=\"x:l,c,c,c;xo:254px,-101px,-130px,-101px;y:b;yo:66px,48px,55px,51px;\"\n\t\t\t\t\t\t\t\tdata-text=\"w:normal;s:20,10,7,4;l:0,13,9,6;\"\n\t\t\t\t\t\t\t\tdata-dim=\"w:199px,236px,212px,166px;h:100px,118px,106px,83px;\"\n\t\t\t\t\t\t\t\tdata-basealign=\"slide\"\n\t\t\t\t\t\t\t\tdata-frame_999=\"o:0;st:w;\"\n\t\t\t\t\t\t\t\tstyle=\"z-index:12;\"\n\t\t\t\t\t\t\t><img decoding=\"async\" src=\"\/\/groupe-engram.com\/wp-content\/plugins\/revslider\/public\/assets\/assets\/dummy.png\" alt=\"\" class=\"tp-rs-img rs-lazyload\" width=\"1200\" height=\"600\" data-lazyload=\"\/\/groupe-engram.com\/wp-content\/uploads\/2024\/03\/Flag_of_Canada_Pantone.svg_.png\" data-no-retina> \n\t\t\t\t\t\t\t<\/a><!--\n\n\t\t\t\t\t\t\t--><rs-layer\n\t\t\t\t\t\t\t\tid=\"slider-10-slide-20-layer-2\" \n\t\t\t\t\t\t\t\tdata-type=\"text\"\n\t\t\t\t\t\t\t\tdata-color=\"#00a3ef\"\n\t\t\t\t\t\t\t\tdata-rsp_ch=\"on\"\n\t\t\t\t\t\t\t\tdata-xy=\"x:l,c,c,c;xo:249px,-9px,0,-2px;yo:209px,175px,175px,117px;\"\n\t\t\t\t\t\t\t\tdata-text=\"w:nowrap,normal,normal,normal;s:40,40,40,30;l:40,40,40,30;fw:700;a:left,center,center,center;\"\n\t\t\t\t\t\t\t\tdata-dim=\"w:auto,1000px,752px,479px;\"\n\t\t\t\t\t\t\t\tdata-frame_0=\"y:-50px;\"\n\t\t\t\t\t\t\t\tdata-frame_1=\"st:1690;sp:900;sR:1690;\"\n\t\t\t\t\t\t\t\tdata-frame_999=\"o:0;st:w;sR:6410;\"\n\t\t\t\t\t\t\t\tstyle=\"z-index:9;font-family:'Poppins';text-transform:uppercase;\"\n\t\t\t\t\t\t\t>LE GROUPE ENGRAM SOUHAITE LA BIENVENUE \u00c0 TOUS LES PARTICIPANTS \n\t\t\t\t\t\t\t<\/rs-layer><!--\n\n\t\t\t\t\t\t\t--><rs-layer\n\t\t\t\t\t\t\t\tid=\"slider-10-slide-20-layer-3\" \n\t\t\t\t\t\t\t\tdata-type=\"text\"\n\t\t\t\t\t\t\t\tdata-rsp_ch=\"on\"\n\t\t\t\t\t\t\t\tdata-xy=\"x:l,c,c,c;xo:249px,0,1px,-1px;yo:272px,267px,283px,236px;\"\n\t\t\t\t\t\t\t\tdata-text=\"w:normal;s:60,55,46,40;l:70,60,55,45;fw:700;a:left,center,center,center;\"\n\t\t\t\t\t\t\t\tdata-dim=\"w:1275px,940px,726px,439px;\"\n\t\t\t\t\t\t\t\tdata-frame_0=\"y:50px;\"\n\t\t\t\t\t\t\t\tdata-frame_1=\"st:1400;sp:900;sR:1400;\"\n\t\t\t\t\t\t\t\tdata-frame_999=\"o:0;st:w;sR:6700;\"\n\t\t\t\t\t\t\t\tstyle=\"z-index:10;font-family:'Poppins';\"\n\t\t\t\t\t\t\t>Opportunit\u00e9 d'affaires dans l'agroalimentaire : Rencontrez plus de 50 entreprises \u00e9thiopiennes [B2B\/ Ateliers]\n \n\t\t\t\t\t\t\t<\/rs-layer><!--\n\n\t\t\t\t\t\t\t--><a\n\t\t\t\t\t\t\t\tid=\"slider-10-slide-20-layer-5\" \n\t\t\t\t\t\t\t\tclass=\"rs-layer\"\n\t\t\t\t\t\t\t\thref=\"https:\/\/13wcc.iccwbo.org\/\" target=\"_blank\" rel=\"noopener\"\n\t\t\t\t\t\t\t\tdata-type=\"image\"\n\t\t\t\t\t\t\t\tdata-rsp_ch=\"on\"\n\t\t\t\t\t\t\t\tdata-xy=\"x:l,c,c,c;xo:464px,167px,115px,95px;y:b;yo:64px,49px,54px,52px;\"\n\t\t\t\t\t\t\t\tdata-text=\"w:normal;s:20,10,7,4;l:0,13,9,6;\"\n\t\t\t\t\t\t\t\tdata-dim=\"w:199px,232px,212px,171px;h:100px,116px,106px,86px;\"\n\t\t\t\t\t\t\t\tdata-basealign=\"slide\"\n\t\t\t\t\t\t\t\tdata-frame_999=\"o:0;st:w;\"\n\t\t\t\t\t\t\t\tstyle=\"z-index:11;\"\n\t\t\t\t\t\t\t><img decoding=\"async\" src=\"\/\/groupe-engram.com\/wp-content\/plugins\/revslider\/public\/assets\/assets\/dummy.png\" alt=\"\" class=\"tp-rs-img rs-lazyload\" width=\"800\" height=\"400\" data-lazyload=\"\/\/groupe-engram.com\/wp-content\/uploads\/2024\/03\/Flag_of_Ethiopia.svg_.png\" data-no-retina> \n\t\t\t\t\t\t\t<\/a><!--\n-->\t\t\t\t\t\t<\/rs-slide>\n\t\t\t\t\t<\/rs-slides>\n\t\t\t\t<\/rs-module>\n\t\t\t\t<script>\n\t\t\t\t\tsetREVStartSize({c: 'rev_slider_10_1',rl:[1240,1024,778,480],el:[700,700,700,700],gw:[1920,1024,778,480],gh:[700,700,700,700],type:'standard',justify:'',layout:'fullwidth',mh:\"0\"});if (window.RS_MODULES!==undefined && window.RS_MODULES.modules!==undefined && window.RS_MODULES.modules[\"revslider101\"]!==undefined) {window.RS_MODULES.modules[\"revslider101\"].once = false;window.revapi10 = undefined;if (window.RS_MODULES.checkMinimal!==undefined) window.RS_MODULES.checkMinimal()}\n\t\t\t\t<\/script>\n\t\t\t<\/rs-module-wrap>\n\t\t\t<!-- END REVOLUTION SLIDER -->\n[\/vc_column][\/vc_row][vc_row full_width=&#8221;stretch_row&#8221; equal_height=&#8221;yes&#8221; css=&#8221;.vc_custom_1710883500205{padding-top: 10px !important;padding-bottom: 80px !important;background-position: center !important;background-repeat: no-repeat !important;background-size: cover !important;}&#8221;][vc_column width=&#8221;1\/6&#8243;][\/vc_column][vc_column width=&#8221;2\/3&#8243;][vc_row_inner equal_height=&#8221;yes&#8221;][vc_column_inner width=&#8221;1\/2&#8243;][wgl_info_box ib_align=&#8221;center&#8221; icon_type=&#8221;font&#8221; icon_font_type=&#8221;type_flaticon&#8221; icon_flaticon=&#8221;flaticon-placeholder&#8221; add_shadow=&#8221;true&#8221; ib_title=&#8221;\u00c9v\u00e9nement \u00e0 Montr\u00e9al&#8221; ib_subtitle=&#8221;Date : 8 mai 2024&#8243; ib_content=&#8221;Lieu : Maison du d\u00e9veloppement durable de Montr\u00e9al&#8221;][wgl_spacing spacer_size=&#8221;40px&#8221;][\/vc_column_inner][vc_column_inner width=&#8221;1\/2&#8243;][wgl_info_box ib_align=&#8221;center&#8221; icon_type=&#8221;font&#8221; icon_font_type=&#8221;type_flaticon&#8221; icon_flaticon=&#8221;flaticon-placeholder&#8221; add_shadow=&#8221;true&#8221; ib_title=&#8221;\u00c9v\u00e9nement \u00e0 Sainte-Hyacinthe&#8221; ib_subtitle=&#8221;Date : 14 mai 2024&#8243; ib_content=&#8221;Lieu : Centre des congr\u00e8s de Sainte-Hyacinthe&#8221;][\/vc_column_inner][\/vc_row_inner][vc_column_text]<span style=\"font-weight: 400;\">Le groupe Engram a le plaisir de vous inviter \u00e0 participer \u00e0 deux \u00e9v\u00e9nements exclusifs en parall\u00e8le au SIAL Canada, le prestigieux congr\u00e8s de l&#8217;agroalimentaire en Am\u00e9rique du Nord. Ces \u00e9v\u00e9nements offrent une opportunit\u00e9 exceptionnelle pour les entreprises canadiennes du secteur de rencontrer des partenaires potentiels de l&#8217;\u00c9thiopie et d&#8217;explorer de nouvelles avenues d&#8217;affaires.<\/span>[\/vc_column_text][\/vc_column][vc_column width=&#8221;1\/6&#8243;][\/vc_column][\/vc_row][vc_row full_width=&#8221;stretch_row_content_no_spaces&#8221; content_placement=&#8221;middle&#8221; css=&#8221;.vc_custom_1710883337695{padding-top: 80px !important;padding-right: 20% !important;padding-bottom: 80px !important;background-color: #eef3f7 !important;}&#8221;][vc_column offset=&#8221;vc_col-md-6&#8243;][wgl_image_layers values=&#8221;%5B%7B%22thumbnail%22%3A%2230950%22%2C%22image_animation%22%3A%22fade_in%22%2C%22image_order%22%3A%221%22%7D%5D&#8221;][wgl_spacing spacer_size=&#8221;8&#8243;][\/vc_column][vc_column css=&#8221;.vc_custom_1541579777829{padding-right: 40px !important;padding-left: 40px !important;}&#8221; offset=&#8221;vc_col-md-6&#8243;][wgl_double_headings title_color=&#8221;#151515&#8243; subtitle_color=&#8221;#1e73be&#8221; title=&#8221;Pourquoi explorer les opportunit\u00e9s commerciales avec l&#8217;\u00c9thiopie ?&#8221; responsive_font=&#8221;true&#8221; font_size_mobile=&#8221;32&#8243;][wgl_spacing spacer_size=&#8221;22&#8243;][vc_column_text]<span style=\"font-weight: 400;\">L&#8217;\u00c9thiopie est un march\u00e9 en pleine expansion avec une \u00e9conomie en croissance et une population jeune et dynamique. Voici quelques raisons pour lesquelles les entreprises canadiennes devraient envisager de d\u00e9velopper leurs activit\u00e9s dans ce pays :<\/span>[\/vc_column_text][wgl_spacing spacer_size=&#8221;20&#8243;][vc_row_inner][vc_column_inner][vc_column_text]\n<ul>\n<li><span style=\"font-weight: 400;\"><strong>Croissance \u00e9conomique soutenue :<\/strong> L&#8217;\u00c9thiopie affiche l&#8217;une des croissances \u00e9conomiques les plus rapides en Afrique, offrant de nombreuses opportunit\u00e9s pour les investissements et les partenariats commerciaux.<\/span><\/li>\n<li><span style=\"font-weight: 400;\"><\/span><span style=\"font-weight: 400;\"><strong>Population importante et en croissance :<\/strong> Avec plus de 110 millions d&#8217;habitants, l&#8217;\u00c9thiopie repr\u00e9sente un march\u00e9 int\u00e9rieur important et en expansion pour les entreprises canadiennes.<\/span><\/li>\n<li><span style=\"font-weight: 400;\"><\/span><span style=\"font-weight: 400;\"><strong>Position g\u00e9ographique strat\u00e9gique :<\/strong> L&#8217;\u00c9thiopie est un carrefour \u00e9conomique en Afrique de l&#8217;Est, offrant un acc\u00e8s privil\u00e9gi\u00e9 \u00e0 un march\u00e9 r\u00e9gional dynamique et en croissance constante.<\/span><\/li>\n<li><span style=\"font-weight: 400;\"><\/span><span style=\"font-weight: 400;\"><strong>Ressources naturelles abondantes :<\/strong> L&#8217;\u00c9thiopie dispose de vastes ressources naturelles, notamment agricoles, mini\u00e8res et \u00e9nerg\u00e9tiques, offrant des opportunit\u00e9s d&#8217;investissement dans divers secteurs.<\/span><\/li>\n<li><span style=\"font-weight: 400;\"><\/span><span style=\"font-weight: 400;\"><strong>Programmes de d\u00e9veloppement et d&#8217;infrastructures<\/strong> : Le gouvernement \u00e9thiopien met en \u0153uvre des programmes de d\u00e9veloppement ambitieux dans divers secteurs, offrant des possibilit\u00e9s de partenariats public-priv\u00e9 pour les entreprises canadiennes.<\/span><\/li>\n<\/ul>\n[\/vc_column_text][\/vc_column_inner][\/vc_row_inner][wgl_spacing spacer_size=&#8221;8&#8243; screen_tablet=&#8221;992&#8243; responsive_tablet=&#8221;true&#8221; size_tablet=&#8221;0&#8243;][\/vc_column][\/vc_row][vc_row full_width=&#8221;stretch_row_content_no_spaces&#8221; full_height=&#8221;yes&#8221; equal_height=&#8221;yes&#8221; content_placement=&#8221;middle&#8221; css=&#8221;.vc_custom_1710883352021{padding-top: 80px !important;padding-bottom: 80px !important;padding-left: 20% !important;}&#8221;][vc_column offset=&#8221;vc_col-md-6&#8243; css=&#8221;.vc_custom_1710877241005{padding-right: 40px !important;}&#8221;][wgl_double_headings title_color=&#8221;#151515&#8243; subtitle_color=&#8221;#1e73be&#8221; title=&#8221;Interventions de haut niveau&#8221; responsive_font=&#8221;true&#8221; font_size_mobile=&#8221;32&#8243;][wgl_spacing spacer_size=&#8221;8&#8243;][vc_column_text]<span style=\"font-weight: 400;\">L&#8217;\u00e9v\u00e9nement sera honor\u00e9 par la pr\u00e9sence des ambassadeurs du Canada et de l&#8217;\u00c9thiopie, qui interviendront en tant qu&#8217;annonceurs principaux. Leurs discours \u00e9claireront les participants sur les relations bilat\u00e9rales et les opportunit\u00e9s commerciales entre les deux pays.<\/span>[\/vc_column_text][wgl_spacing spacer_size=&#8221;20&#8243;][vc_row_inner][vc_column_inner][vc_column_text]\n<table width=\"576\">\n<tbody>\n<tr>\n<td>H.E. Fitsum Arega<\/td>\n<td>Ambassadeur d&#8217;\u00c9thiopie au Canada<\/td>\n<\/tr>\n<tr>\n<td>H.E. Joshua Tabah<\/td>\n<td>Ambassadeur du Canada en \u00c9thiopie<\/td>\n<\/tr>\n<tr>\n<td>M. Franzoni<\/td>\n<td>CEO et fondateur du Groupe Engram<\/td>\n<\/tr>\n<tr>\n<td>M. Oumar Diallo<\/td>\n<td>Directeur des affaires internationales, Ville de Montr\u00e9al<\/td>\n<\/tr>\n<tr>\n<td>Marc B\u00e9langer<\/td>\n<td>Fondateur et conseiller principal, BI International<\/td>\n<\/tr>\n<tr>\n<td>M. Ed Walsh<\/td>\n<td>Pr\u00e9sident d&#8217;Elevate Finance Export<\/td>\n<\/tr>\n<tr>\n<td>M. Fazal Sheenazali<\/td>\n<td>Directeur r\u00e9gional de l&#8217;EDC<\/td>\n<\/tr>\n<tr>\n<td>M. Redouane Mekideche<\/td>\n<td>Directeur adjoint des affaires mondiales<\/td>\n<\/tr>\n<tr>\n<td>Mme Pascale Daigneault<\/td>\n<td>Agrifood Canada<\/td>\n<\/tr>\n<tr>\n<td>M. Florent Favrel<\/td>\n<td>Directeur des affaires internationales, FCCCQ<\/td>\n<\/tr>\n<tr>\n<td>M. Hicham El Gueraroui<\/td>\n<td>Vice-Pr\u00e9sident de Groupe Export Agroalimentaire<\/td>\n<\/tr>\n<tr>\n<td>M. Africa Zeleke<\/td>\n<td>Pr\u00e9sident, Chambre de commerce et associations sectorielles de l&#8217;\u00c9thiopie<\/td>\n<\/tr>\n<\/tbody>\n<\/table>\n[\/vc_column_text][\/vc_column_inner][\/vc_row_inner][wgl_spacing spacer_size=&#8221;8&#8243;][\/vc_column][vc_column css=&#8221;.vc_custom_1710876913210{padding-left: 40px !important;background-image: url(https:\/\/groupe-engram.com\/wp-content\/uploads\/2024\/03\/two-smiling-women-holding-files.webp?id=30956) !important;background-position: center !important;background-repeat: no-repeat !important;background-size: cover !important;}&#8221; offset=&#8221;vc_col-md-6&#8243;][wgl_spacing spacer_size=&#8221;600&#8243; screen_tablet=&#8221;992&#8243; responsive_tablet=&#8221;true&#8221; size_tablet=&#8221;25&#8243;][wgl_spacing spacer_size=&#8221;22&#8243;][\/vc_column][\/vc_row][vc_row full_width=&#8221;stretch_row&#8221; css=&#8221;.vc_custom_1710883377151{padding-top: 80px !important;padding-bottom: 80px !important;}&#8221;][vc_column][vc_column_text]\n<h3><b>Au Menu \u00e0 Sainte-Hyacinthe :<\/b><\/h3>\n<ul>\n<li style=\"font-weight: 400;\" aria-level=\"1\"><strong>R\u00e9seautage : <\/strong>Profitez d&#8217;un petit-d\u00e9jeuner de r\u00e9seautage pour rencontrer des acteurs cl\u00e9s de l&#8217;industrie.<\/li>\n<li style=\"font-weight: 400;\" aria-level=\"1\"><strong>Interventions et pr\u00e9sentations :<\/strong> Assistez aux pr\u00e9sentations de haut niveau sur l&#8217;importation de produits agroalimentaires au Canada et comment p\u00e9n\u00e9trer le march\u00e9 de d\u00e9tail canadien. Pr\u00e9sentation de la proposition de valeur de la Technopole de Sainte-Hyacinthe par <span>Mme Karine Guibault, Directrice de Technopole.<\/span><\/li>\n<li style=\"font-weight: 400;\" aria-level=\"1\"><strong>Importation de produits agroalimentaires au Canada :<\/strong> aper\u00e7u du processus de d\u00e9douanement par Marc-Antoine Jean, Directeur de la conformit\u00e9 commerciale, Axxess International<\/li>\n<li style=\"font-weight: 400;\" aria-level=\"1\"><strong>Comment p\u00e9n\u00e9trer le march\u00e9 de d\u00e9tail canadien par<\/strong>\n<ul>\n<li style=\"font-weight: 400;\" aria-level=\"1\">Mme Jennifer Brodeur, Pr\u00e9sidente chez ExcellenceBrandz<\/li>\n<\/ul>\n<\/li>\n<\/ul>\n<ul>\n<li style=\"font-weight: 400;\" aria-level=\"1\"><strong>Visite d&#8217;entreprises : <\/strong>Participez \u00e0 une visite d&#8217;entreprises \u00e0 Sainte-Hyacinthe pour une meilleure compr\u00e9hension des pratiques commerciales locales.<\/li>\n<\/ul>\n<p><span style=\"font-weight: 400;\">Ne manquez pas cette opportunit\u00e9 unique de d\u00e9velopper votre entreprise sur le march\u00e9 international. R\u00e9servez votre place d\u00e8s maintenant pour participer \u00e0 ces \u00e9v\u00e9nements exclusifs.<\/span>[\/vc_column_text][wgl_spacing spacer_size=&#8221;20&#8243;][wgl_spacing spacer_size=&#8221;8&#8243; screen_tablet=&#8221;992&#8243; responsive_tablet=&#8221;true&#8221; size_tablet=&#8221;0&#8243;][\/vc_column][\/vc_row]\n<\/div>","protected":false},"excerpt":{"rendered":"<p>[vc_row full_width=&#8221;stretch_row&#8221;][vc_column][\/vc_column][\/vc_row][vc_row full_width=&#8221;stretch_row&#8221; equal_height=&#8221;yes&#8221; css=&#8221;.vc_custom_1710883500205{padding-top: 10px !important;padding-bottom: 80px !important;background-position: center !important;background-repeat: no-repeat !important;background-size: cover !important;}&#8221;][vc_column width=&#8221;1\/6&#8243;][\/vc_column][vc_column width=&#8221;2\/3&#8243;][vc_row_inner equal_height=&#8221;yes&#8221;][vc_column_inner width=&#8221;1\/2&#8243;][wgl_info_box ib_align=&#8221;center&#8221; icon_type=&#8221;font&#8221; icon_font_type=&#8221;type_flaticon&#8221; icon_flaticon=&#8221;flaticon-placeholder&#8221; add_shadow=&#8221;true&#8221; ib_title=&#8221;\u00c9v\u00e9nement \u00e0 Montr\u00e9al&#8221; ib_subtitle=&#8221;Date : 8 [&hellip;]<\/p>\n","protected":false},"author":1,"featured_media":0,"parent":0,"menu_order":0,"comment_status":"closed","ping_status":"closed","template":"","meta":{"_price":"","_stock":"","_tribe_ticket_header":"","_tribe_default_ticket_provider":"","_tribe_ticket_capacity":"0","_ticket_start_date":"","_ticket_end_date":"","_tribe_ticket_show_description":"","_tribe_ticket_show_not_going":false,"_tribe_ticket_use_global_stock":"","_tribe_ticket_global_stock_level":"","_global_stock_mode":"","_global_stock_cap":"","_tribe_rsvp_for_event":"","_tribe_ticket_going_count":"","_tribe_ticket_not_going_count":"","_tribe_tickets_list":"[]","_tribe_ticket_has_attendee_info_fields":false,"footnotes":""},"class_list":["post-30962","page","type-page","status-publish","hentry"],"_links":{"self":[{"href":"https:\/\/groupe-engram.com\/fr\/wp-json\/wp\/v2\/pages\/30962"}],"collection":[{"href":"https:\/\/groupe-engram.com\/fr\/wp-json\/wp\/v2\/pages"}],"about":[{"href":"https:\/\/groupe-engram.com\/fr\/wp-json\/wp\/v2\/types\/page"}],"author":[{"embeddable":true,"href":"https:\/\/groupe-engram.com\/fr\/wp-json\/wp\/v2\/users\/1"}],"replies":[{"embeddable":true,"href":"https:\/\/groupe-engram.com\/fr\/wp-json\/wp\/v2\/comments?post=30962"}],"version-history":[{"count":6,"href":"https:\/\/groupe-engram.com\/fr\/wp-json\/wp\/v2\/pages\/30962\/revisions"}],"predecessor-version":[{"id":30970,"href":"https:\/\/groupe-engram.com\/fr\/wp-json\/wp\/v2\/pages\/30962\/revisions\/30970"}],"wp:attachment":[{"href":"https:\/\/groupe-engram.com\/fr\/wp-json\/wp\/v2\/media?parent=30962"}],"curies":[{"name":"wp","href":"https:\/\/api.w.org\/{rel}","templated":true}]}}