{"id":30825,"date":"2024-02-04T09:41:00","date_gmt":"2024-02-04T09:41:00","guid":{"rendered":"https:\/\/groupe-engram.com\/media\/"},"modified":"2024-07-10T14:46:02","modified_gmt":"2024-07-10T14:46:02","slug":"media","status":"publish","type":"page","link":"https:\/\/groupe-engram.com\/fr\/media\/","title":{"rendered":"Les m\u00e9dias"},"content":{"rendered":"<div class=\"wpb-content-wrapper\">[vc_row full_width=&#8221;stretch_row&#8221; disable_element=&#8221;yes&#8221; css=&#8221;.vc_custom_1707040727860{padding-top: 20px !important;}&#8221;][vc_column width=&#8221;1\/3&#8243;][wgl_spacing spacer_size=&#8221;30&#8243;][\/vc_column][vc_column width=&#8221;1\/3&#8243;][\/vc_column][vc_column width=&#8221;1\/3&#8243;][\/vc_column][\/vc_row][vc_row full_width=&#8221;stretch_row&#8221; disable_element=&#8221;yes&#8221; css=&#8221;.vc_custom_1707040719688{padding-top: 20px !important;}&#8221;][vc_column width=&#8221;1\/3&#8243;][wgl_spacing spacer_size=&#8221;30&#8243;][\/vc_column][vc_column width=&#8221;1\/3&#8243;][wgl_spacing spacer_size=&#8221;30&#8243;][\/vc_column][vc_column width=&#8221;1\/3&#8243;][vc_single_image image=&#8221;30801&#8243; img_size=&#8221;full&#8221; alignment=&#8221;center&#8221; onclick=&#8221;custom_link&#8221; img_link_target=&#8221;_blank&#8221; link=&#8221;https:\/\/www.radiolac.ch\/podcasts\/parlons-economie-22-06-2023-1430\/&#8221;][\/vc_column][\/vc_row][vc_row full_width=&#8221;stretch_row&#8221; css=&#8221;.vc_custom_1707042368690{padding-top: 20px !important;padding-bottom: 80px !important;}&#8221;][vc_column][vc_row_inner][vc_column_inner][vc_custom_heading text=&#8221;Vid\u00e9os&#8221;][wgl_spacing spacer_size=&#8221;30&#8243;][\/vc_column_inner][\/vc_row_inner][vc_row_inner][vc_column_inner width=&#8221;1\/3&#8243;][vc_single_image image=&#8221;30804&#8243; img_size=&#8221;full&#8221; alignment=&#8221;center&#8221; onclick=&#8221;custom_link&#8221; img_link_target=&#8221;_blank&#8221; link=&#8221;https:\/\/www.youtube.com\/watch?v=KFkCA6Bg6E4&#8243;][wgl_spacing spacer_size=&#8221;20&#8243;][vc_column_text]\n<h6><span style=\"font-weight: 400;\">Chef de Mission \u00e0 Paris pour le Regroupement des Jeunes Chambres de Commerces du Qu\u00e9bec, Internet of Things. Internet of Things.<\/span><\/h6>\n[\/vc_column_text][wgl_spacing spacer_size=&#8221;30&#8243;][\/vc_column_inner][vc_column_inner width=&#8221;1\/3&#8243;][vc_single_image image=&#8221;30807&#8243; img_size=&#8221;full&#8221; alignment=&#8221;center&#8221; onclick=&#8221;custom_link&#8221; img_link_target=&#8221;_blank&#8221; link=&#8221;https:\/\/vnews.gov.vn\/video\/viet-nam-va-co-hoi-dau-tu-cua-doanh-nghiep-quebec-canada-105038.htm&#8221;][wgl_spacing spacer_size=&#8221;20&#8243;][vc_column_text]\n<h6><span style=\"font-weight: 400;\">Interview de<\/span> <span style=\"font-weight: 400;\">R\u00e9my Franzoni, pr\u00e9sident du groupe Engram, sur les opportunit\u00e9s Canada-Vietnam \u00e0 la t\u00e9l\u00e9vision nationale : VIET NAM News<\/span><\/h6>\n[\/vc_column_text][wgl_spacing spacer_size=&#8221;30&#8243;][\/vc_column_inner][vc_column_inner width=&#8221;1\/3&#8243;][vc_single_image image=&#8221;30810&#8243; img_size=&#8221;full&#8221; alignment=&#8221;center&#8221; onclick=&#8221;custom_link&#8221; img_link_target=&#8221;_blank&#8221; link=&#8221;https:\/\/vimeo.com\/892267793&#8243;][wgl_spacing spacer_size=&#8221;20&#8243;][vc_column_text]\n<h6><span style=\"font-weight: 400;\">Entrevue de R\u00e9my Franzoni, Pr\u00e9sident du Groupe Engram et Administrateur Association Fournisseurs Chantier Davie Canada (AFCDC).<\/span><\/h6>\n[\/vc_column_text][\/vc_column_inner][\/vc_row_inner][vc_row_inner css=&#8221;.vc_custom_1707259310525{padding-top: 40px !important;}&#8221;][vc_column_inner width=&#8221;1\/3&#8243;][vc_single_image image=&#8221;30813&#8243; img_size=&#8221;full&#8221; alignment=&#8221;center&#8221; onclick=&#8221;custom_link&#8221; img_link_target=&#8221;_blank&#8221; link=&#8221;https:\/\/twitter.com\/fitsumaregaa\/status\/1657237252404027393&#8243;][wgl_spacing spacer_size=&#8221;20&#8243;][vc_column_text]\n<h6><span style=\"font-weight: 400;\">Entrevue de R\u00e9my Franzoni, Pr\u00e9sident du Groupe Engram et Chef de mission d&#8217;une d\u00e9l\u00e9gation \u00c9thiopienne au SIAL Toronto \u00e0 T\u00e9l\u00e9vision Nationale \u00c9thiopienne.<\/span><\/h6>\n[\/vc_column_text][wgl_spacing spacer_size=&#8221;30&#8243;][\/vc_column_inner][vc_column_inner width=&#8221;1\/3&#8243;][vc_single_image image=&#8221;30822&#8243; img_size=&#8221;full&#8221; alignment=&#8221;center&#8221; onclick=&#8221;custom_link&#8221; img_link_target=&#8221;_blank&#8221; link=&#8221;https:\/\/www.linkedin.com\/posts\/association-des-fournisseurs-de-chantier-davie-canada_daezveloppementaezconomique-constructionnavale-activity-7070194787701673984-pJx0\/?utm_source=share&amp;utm_medium=member_android&#8221;][wgl_spacing spacer_size=&#8221;20&#8243;][vc_column_text]\n<h6><span style=\"font-weight: 400;\">Entrevue de R\u00e9my Franzoni, Pr\u00e9sident du Groupe Engram, Mission de l&#8217;AFCDC en, visite des chantiers navals fran\u00e7ais<\/span><\/h6>\n[\/vc_column_text][wgl_spacing spacer_size=&#8221;30&#8243;][\/vc_column_inner][vc_column_inner width=&#8221;1\/3&#8243;][vc_single_image image=&#8221;30903&#8243; img_size=&#8221;full&#8221; alignment=&#8221;center&#8221; onclick=&#8221;custom_link&#8221; img_link_target=&#8221;_blank&#8221; link=&#8221;https:\/\/groupe-engram.com\/fr\/blog\/portfolio\/jeune-afrique\/&#8221;][wgl_spacing spacer_size=&#8221;20&#8243;][vc_column_text]\n<h6><span style=\"font-weight: 400;\">Entrevue de R\u00e9my Franzoni, Pr\u00e9sident du Groupe Engram accord\u00e9e \u00e0 Jeune Afrique<\/span><\/h6>\n[\/vc_column_text][wgl_spacing spacer_size=&#8221;30&#8243;][\/vc_column_inner][\/vc_row_inner][vc_row_inner css=&#8221;.vc_custom_1707259310525{padding-top: 40px !important;}&#8221;][vc_column_inner width=&#8221;1\/3&#8243;][vc_single_image image=&#8221;31010&#8243; img_size=&#8221;full&#8221; alignment=&#8221;center&#8221; onclick=&#8221;custom_link&#8221; img_link_target=&#8221;_blank&#8221; link=&#8221;https:\/\/www.youtube.com\/watch?v=oLXbu0-MCAo&amp;feature=youtu.be&#8221;][wgl_spacing spacer_size=&#8221;20&#8243;][vc_column_text]\n<h6><span style=\"font-weight: 400;\">Forum de l\u2019\u00e9tudiant international<\/span><\/h6>\n[\/vc_column_text][wgl_spacing spacer_size=&#8221;30&#8243;][\/vc_column_inner][vc_column_inner width=&#8221;1\/3&#8243;][\/vc_column_inner][vc_column_inner width=&#8221;1\/3&#8243;][\/vc_column_inner][\/vc_row_inner][\/vc_column][\/vc_row][vc_row full_width=&#8221;stretch_row&#8221; css=&#8221;.vc_custom_1707040805057{padding-top: 40px !important;padding-bottom: 80px !important;}&#8221;][vc_column][vc_row_inner][vc_column_inner][vc_custom_heading text=&#8221;Podcast et articles d&apos;actualit\u00e9&#8221;][wgl_spacing spacer_size=&#8221;30&#8243;][\/vc_column_inner][\/vc_row_inner][vc_row_inner][vc_column_inner width=&#8221;1\/3&#8243;][vc_single_image image=&#8221;30816&#8243; img_size=&#8221;full&#8221; alignment=&#8221;center&#8221; onclick=&#8221;custom_link&#8221; img_link_target=&#8221;_blank&#8221; link=&#8221;https:\/\/www.radiolac.ch\/podcasts\/parlons-economie-22-06-2023-1430\/&#8221;][wgl_spacing spacer_size=&#8221;20&#8243;][vc_column_text]\n<h6><span style=\"font-weight: 400;\">Entrevue R\u00e9my de R\u00e9my Franzoni, Pr\u00e9sident du Groupe Engram, Sommet Mondial des Chambres de Commerce, Gen\u00e8ve, Radio Lac CH.<\/span><\/h6>\n[\/vc_column_text][wgl_spacing spacer_size=&#8221;30&#8243;][\/vc_column_inner][vc_column_inner width=&#8221;1\/3&#8243;][vc_single_image image=&#8221;30819&#8243; img_size=&#8221;full&#8221; alignment=&#8221;center&#8221; onclick=&#8221;custom_link&#8221; img_link_target=&#8221;_blank&#8221; link=&#8221;https:\/\/vietnamnews.vn\/economy\/1638186\/viet-nam-a-gateway-for-canadian-firms-to-enter-asean-insiders.html&#8221;][wgl_spacing spacer_size=&#8221;20&#8243;][vc_column_text]\n<h6><span style=\"font-weight: 400;\">Couverture m\u00e9diatique du Groupe Engram dans Viet Nam News, \u00e9dition anglaise.<\/span><\/h6>\n[\/vc_column_text][wgl_spacing spacer_size=&#8221;30&#8243;][\/vc_column_inner][vc_column_inner width=&#8221;1\/3&#8243;][vc_single_image image=&#8221;31006&#8243; img_size=&#8221;full&#8221; alignment=&#8221;center&#8221; onclick=&#8221;custom_link&#8221; img_link_target=&#8221;_blank&#8221; link=&#8221;https:\/\/open.spotify.com\/episode\/7upXQIkwjI3iiJE59TWK1B?si=18751f5a025c4390&amp;nd=1&amp;dlsi=4cfee100db844f6e&#8221;][wgl_spacing spacer_size=&#8221;20&#8243;][vc_column_text]\n<h6><span style=\"font-weight: 400;\">Explorer l&#8217;entr\u00e9e sur le march\u00e9 et la r\u00e9ussite au Vietnam avec le Groupe Engram.<\/span><\/h6>\n[\/vc_column_text][\/vc_column_inner][\/vc_row_inner][\/vc_column][\/vc_row]\n<\/div>","protected":false},"excerpt":{"rendered":"<p>[vc_row full_width=&#8221;stretch_row&#8221; disable_element=&#8221;yes&#8221; css=&#8221;.vc_custom_1707040727860{padding-top: 20px !important;}&#8221;][vc_column width=&#8221;1\/3&#8243;][wgl_spacing spacer_size=&#8221;30&#8243;][\/vc_column][vc_column width=&#8221;1\/3&#8243;][\/vc_column][vc_column width=&#8221;1\/3&#8243;][\/vc_column][\/vc_row][vc_row full_width=&#8221;stretch_row&#8221; disable_element=&#8221;yes&#8221; css=&#8221;.vc_custom_1707040719688{padding-top: 20px !important;}&#8221;][vc_column width=&#8221;1\/3&#8243;][wgl_spacing spacer_size=&#8221;30&#8243;][\/vc_column][vc_column width=&#8221;1\/3&#8243;][wgl_spacing spacer_size=&#8221;30&#8243;][\/vc_column][vc_column width=&#8221;1\/3&#8243;][vc_single_image image=&#8221;30801&#8243; img_size=&#8221;full&#8221; alignment=&#8221;center&#8221; onclick=&#8221;custom_link&#8221; img_link_target=&#8221;_blank&#8221; link=&#8221;https:\/\/www.radiolac.ch\/podcasts\/parlons-economie-22-06-2023-1430\/&#8221;][\/vc_column][\/vc_row][vc_row full_width=&#8221;stretch_row&#8221; css=&#8221;.vc_custom_1707042368690{padding-top: 20px !important;padding-bottom: [&hellip;]<\/p>\n","protected":false},"author":1,"featured_media":0,"parent":0,"menu_order":0,"comment_status":"closed","ping_status":"closed","template":"","meta":{"_price":"","_stock":"","_tribe_ticket_header":"","_tribe_default_ticket_provider":"","_tribe_ticket_capacity":"0","_ticket_start_date":"","_ticket_end_date":"","_tribe_ticket_show_description":"","_tribe_ticket_show_not_going":false,"_tribe_ticket_use_global_stock":"","_tribe_ticket_global_stock_level":"","_global_stock_mode":"","_global_stock_cap":"","_tribe_rsvp_for_event":"","_tribe_ticket_going_count":"","_tribe_ticket_not_going_count":"","_tribe_tickets_list":"[]","_tribe_ticket_has_attendee_info_fields":false,"footnotes":""},"class_list":["post-30825","page","type-page","status-publish","hentry"],"_links":{"self":[{"href":"https:\/\/groupe-engram.com\/fr\/wp-json\/wp\/v2\/pages\/30825"}],"collection":[{"href":"https:\/\/groupe-engram.com\/fr\/wp-json\/wp\/v2\/pages"}],"about":[{"href":"https:\/\/groupe-engram.com\/fr\/wp-json\/wp\/v2\/types\/page"}],"author":[{"embeddable":true,"href":"https:\/\/groupe-engram.com\/fr\/wp-json\/wp\/v2\/users\/1"}],"replies":[{"embeddable":true,"href":"https:\/\/groupe-engram.com\/fr\/wp-json\/wp\/v2\/comments?post=30825"}],"version-history":[{"count":14,"href":"https:\/\/groupe-engram.com\/fr\/wp-json\/wp\/v2\/pages\/30825\/revisions"}],"predecessor-version":[{"id":31015,"href":"https:\/\/groupe-engram.com\/fr\/wp-json\/wp\/v2\/pages\/30825\/revisions\/31015"}],"wp:attachment":[{"href":"https:\/\/groupe-engram.com\/fr\/wp-json\/wp\/v2\/media?parent=30825"}],"curies":[{"name":"wp","href":"https:\/\/api.w.org\/{rel}","templated":true}]}}