{"id":15856,"date":"2023-03-18T20:58:02","date_gmt":"2023-03-18T20:58:02","guid":{"rendered":"https:\/\/groupe-engram.com\/upcoming-events\/"},"modified":"2024-03-30T13:56:39","modified_gmt":"2024-03-30T13:56:39","slug":"upcoming-events","status":"publish","type":"page","link":"https:\/\/groupe-engram.com\/fr\/upcoming-events\/","title":{"rendered":"\u00c9v\u00e9nements"},"content":{"rendered":"<div class=\"wpb-content-wrapper\">[vc_row disable_element=&#8221;yes&#8221;][vc_column][vc_column_text][wfea style=&#8221;theme-blue&#8221; layout=&#8221;card&#8221;][\/vc_column_text][\/vc_column][\/vc_row][vc_row full_width=&#8221;stretch_row&#8221; css=&#8221;.vc_custom_1707042368690{padding-top: 20px !important;padding-bottom: 80px !important;}&#8221;][vc_column][vc_row_inner][vc_column_inner][vc_custom_heading text=&#8221;\u00c9v\u00e9nements \u00e0 venir&#8221;][wgl_spacing spacer_size=&#8221;30&#8243;][\/vc_column_inner][\/vc_row_inner][vc_row_inner][vc_column_inner width=&#8221;1\/3&#8243;][vc_single_image image=&#8221;30975&#8243; img_size=&#8221;full&#8221; alignment=&#8221;center&#8221; onclick=&#8221;custom_link&#8221; img_link_target=&#8221;_blank&#8221; link=&#8221;https:\/\/www.eventbrite.ca\/e\/rencontrez-la-delegation-ethiopienne-au-canada-montreal-tickets-862374554507?aff=oddtdtcreator&#8221;][wgl_spacing spacer_size=&#8221;20&#8243;][vc_column_text]\n<h6><a href=\"https:\/\/www.eventbrite.ca\/e\/rencontrez-la-delegation-ethiopienne-au-canada-montreal-tickets-862374554507?aff=oddtdtcreator\" target=\"_blank\" rel=\"noopener\"><span style=\"font-weight: 400;\">Rencontrez la d\u00e9l\u00e9gation \u00e9thiopienne au Canada &#8211; Montr\u00e9al <\/span><span style=\"font-weight: 400;\">Opportunit\u00e9s d&#8217;affaires dans l&#8217;agroalimentaire : Rencontrez plus de 50 entreprises \u00e9thiopiennes [B2B\/ateliers] [B2B\/workshops]<\/span><\/a><\/h6>\n[\/vc_column_text][wgl_spacing spacer_size=&#8221;30&#8243;][\/vc_column_inner][vc_column_inner width=&#8221;1\/3&#8243;][vc_single_image image=&#8221;30978&#8243; img_size=&#8221;full&#8221; alignment=&#8221;center&#8221; onclick=&#8221;custom_link&#8221; img_link_target=&#8221;_blank&#8221; link=&#8221;https:\/\/www.eventbrite.ca\/e\/rencontrez-la-delegation-ethiopienne-au-canada-st-hyacinthe-tickets-862385758017?aff=oddtdtcreator&#8221;][wgl_spacing spacer_size=&#8221;20&#8243;][vc_column_text]\n<h6><a href=\"https:\/\/www.eventbrite.ca\/e\/rencontrez-la-delegation-ethiopienne-au-canada-st-hyacinthe-tickets-862385758017?aff=oddtdtcreator\" target=\"_blank\" rel=\"noopener\"><span style=\"font-weight: 400;\">Rencontrez la d\u00e9l\u00e9gation \u00e9thiopienne au &#8211; Saint-Hyacinthe. <\/span><span style=\"font-weight: 400;\">Opportunit\u00e9s d&#8217;affaires dans l&#8217;agroalimentaire : Rencontrez plus de 50 entreprises \u00e9thiopiennes [B2B\/ateliers] [B2B\/workshops]<\/span><\/a><\/h6>\n[\/vc_column_text][wgl_spacing spacer_size=&#8221;30&#8243;][\/vc_column_inner][vc_column_inner width=&#8221;1\/3&#8243;][\/vc_column_inner][\/vc_row_inner][\/vc_column][\/vc_row]\n<\/div>","protected":false},"excerpt":{"rendered":"<p>[vc_row disable_element=&#8221;yes&#8221;][vc_column][vc_column_text][wfea style=&#8221;theme-blue&#8221; layout=&#8221;card&#8221;][\/vc_column_text][\/vc_column][\/vc_row][vc_row full_width=&#8221;stretch_row&#8221; css=&#8221;.vc_custom_1707042368690{padding-top: 20px !important;padding-bottom: 80px !important;}&#8221;][vc_column][vc_row_inner][vc_column_inner][vc_custom_heading text=&#8221;\u00c9v\u00e9nements \u00e0 venir&#8221;][wgl_spacing spacer_size=&#8221;30&#8243;][\/vc_column_inner][\/vc_row_inner][vc_row_inner][vc_column_inner width=&#8221;1\/3&#8243;][vc_single_image image=&#8221;30975&#8243; img_size=&#8221;full&#8221; alignment=&#8221;center&#8221; onclick=&#8221;custom_link&#8221; img_link_target=&#8221;_blank&#8221; link=&#8221;https:\/\/www.eventbrite.ca\/e\/rencontrez-la-delegation-ethiopienne-au-canada-montreal-tickets-862374554507?aff=oddtdtcreator&#8221;][wgl_spacing spacer_size=&#8221;20&#8243;][vc_column_text] Rencontrez la d\u00e9l\u00e9gation \u00e9thiopienne au Canada &#8211; Montr\u00e9al [&hellip;]<\/p>\n","protected":false},"author":1,"featured_media":0,"parent":0,"menu_order":0,"comment_status":"closed","ping_status":"closed","template":"","meta":{"_price":"","_stock":"","_tribe_ticket_header":"","_tribe_default_ticket_provider":"","_tribe_ticket_capacity":"0","_ticket_start_date":"","_ticket_end_date":"","_tribe_ticket_show_description":"","_tribe_ticket_show_not_going":false,"_tribe_ticket_use_global_stock":"","_tribe_ticket_global_stock_level":"","_global_stock_mode":"","_global_stock_cap":"","_tribe_rsvp_for_event":"","_tribe_ticket_going_count":"","_tribe_ticket_not_going_count":"","_tribe_tickets_list":"[]","_tribe_ticket_has_attendee_info_fields":false,"footnotes":""},"class_list":["post-15856","page","type-page","status-publish","hentry"],"_links":{"self":[{"href":"https:\/\/groupe-engram.com\/fr\/wp-json\/wp\/v2\/pages\/15856"}],"collection":[{"href":"https:\/\/groupe-engram.com\/fr\/wp-json\/wp\/v2\/pages"}],"about":[{"href":"https:\/\/groupe-engram.com\/fr\/wp-json\/wp\/v2\/types\/page"}],"author":[{"embeddable":true,"href":"https:\/\/groupe-engram.com\/fr\/wp-json\/wp\/v2\/users\/1"}],"replies":[{"embeddable":true,"href":"https:\/\/groupe-engram.com\/fr\/wp-json\/wp\/v2\/comments?post=15856"}],"version-history":[{"count":8,"href":"https:\/\/groupe-engram.com\/fr\/wp-json\/wp\/v2\/pages\/15856\/revisions"}],"predecessor-version":[{"id":30983,"href":"https:\/\/groupe-engram.com\/fr\/wp-json\/wp\/v2\/pages\/15856\/revisions\/30983"}],"wp:attachment":[{"href":"https:\/\/groupe-engram.com\/fr\/wp-json\/wp\/v2\/media?parent=15856"}],"curies":[{"name":"wp","href":"https:\/\/api.w.org\/{rel}","templated":true}]}}