{"id":10741,"date":"2022-11-01T18:59:30","date_gmt":"2022-11-01T18:59:30","guid":{"rendered":"https:\/\/groupe-engram.com\/viet-nam\/"},"modified":"2022-11-17T15:41:37","modified_gmt":"2022-11-17T15:41:37","slug":"viet-nam","status":"publish","type":"page","link":"https:\/\/groupe-engram.com\/fr\/viet-nam\/","title":{"rendered":"Viet Nam"},"content":{"rendered":"<div class=\"wpb-content-wrapper\">[vc_row][vc_column width=&#8221;1\/2&#8243;][wgl_double_headings css_animation=&#8221;bounceIn&#8221; title_color=&#8221;#151515&#8243; subtitle_color=&#8221;#1e73be&#8221; subtitle=&#8221;Pourquoi le Vietnam ?&#8221;][wgl_spacing spacer_size=&#8221;30px&#8221;][vc_column_text]Le Viet Nam est le pays d&#8217;Asie du Sud-Est qui pr\u00e9sente les plus fortes pr\u00e9visions de croissance pour la r\u00e9gion (estim\u00e9es \u00e0 +7,08% en 2022), et compte une population totale de pr\u00e8s de 100 millions d&#8217;habitants. Class\u00e9e au 21e rang mondial des pays exportateurs, l&#8217;\u00e9conomie du Vi\u00eat Nam favorise les investisseurs et les entreprises \u00e9trang\u00e8res. Le Vi\u00eat Nam est le premier partenaire commercial du Canada parmi les membres de l&#8217;ANASE (Association des nations de l&#8217;Asie du Sud-Est). Signataire de l&#8217;accord de partenariat transpacifique global et progressif (CPTPP), le Vi\u00eat Nam est \u00e9galement un centre manufacturier en Asie. En outre, le Viet Nam est d\u00e9sormais consid\u00e9r\u00e9 comme une alternative ou un compl\u00e9ment possible \u00e0 la Chine.<\/p>\n<p>En effet, la guerre commerciale entre les \u00c9tats-Unis et la Chine rend le Vi\u00eat Nam de plus en plus attrayant. Avec un droit de douane de 25% sur les produits en provenance de Chine, le Viet Nam est le pays asiatique qui a su tirer profit des tensions entre les deux puissances mondiales. De plus en plus d&#8217;entreprises d\u00e9cident de s&#8217;installer ou de se d\u00e9localiser au Vi\u00eat Nam et dans son secteur manufacturier en plein essor. En plus d&#8217;offrir une grande quantit\u00e9 de main-d&#8217;\u0153uvre qualifi\u00e9e, le Viet Nam demeure une solution viable aux probl\u00e8mes rencontr\u00e9s au Canada, tels que la p\u00e9nurie de main-d&#8217;\u0153uvre et la hausse des co\u00fbts \u00e9conomiques. En bref, ce p\u00f4le \u00e9conomique d&#8217;Asie offre un large \u00e9ventail d&#8217;alternatives et est en mesure de r\u00e9pondre aux probl\u00e8mes de main-d&#8217;\u0153uvre que les entreprises canadiennes en expansion doivent prendre en compte lorsqu&#8217;elles r\u00e9fl\u00e9chissent \u00e0 des solutions avantageuses pour leur d\u00e9veloppement international \u00e0 moyen et long terme.[\/vc_column_text][wgl_spacing spacer_size=&#8221;60px&#8221;][wgl_image_layers values=&#8221;%5B%7B%22thumbnail%22%3A%221622%22%2C%22image_animation%22%3A%22slide_down%22%2C%22image_order%22%3A%221%22%7D%5D&#8221;][\/vc_column][vc_column width=&#8221;1\/2&#8243;][wgl_spacing spacer_size=&#8221;100px&#8221;][wgl_image_layers values=&#8221;%5B%7B%22thumbnail%22%3A%221619%22%2C%22image_animation%22%3A%22slide_down%22%2C%22image_order%22%3A%221%22%7D%5D&#8221;][wgl_spacing spacer_size=&#8221;300px&#8221;][wgl_double_headings css_animation=&#8221;bounceIn&#8221; title_color=&#8221;#151515&#8243; subtitle_color=&#8221;#1e73be&#8221; subtitle=&#8221;Exemples de la main-d&#8217;\u0153uvre qualifi\u00e9e qui peut \u00eatre recrut\u00e9e&#8221;][wgl_spacing spacer_size=&#8221;30px&#8221;][vc_column_text]\n<ul>\n<li>Soudeurs \/TIG<\/li>\n<li>Dessinateurs et concepteurs<\/li>\n<li>Assembleurs<\/li>\n<li>M\u00e9canique industrielle et bien d&#8217;autres encore !<\/li>\n<\/ul>\n[\/vc_column_text][\/vc_column][\/vc_row][vc_row][vc_column][wgl_spacing spacer_size=&#8221;50px&#8221;][wgl_double_headings align=&#8221;center&#8221; title_color=&#8221;#151515&#8243; subtitle_color=&#8221;#1e73be&#8221; title=&#8221;Le Vi\u00eat Nam est en train de devenir une alternative strat\u00e9gique \u00e0 la Chine en mati\u00e8re d&#8217;approvisionnement.&#8221;][\/vc_column][\/vc_row]\n<\/div>","protected":false},"excerpt":{"rendered":"<p>[vc_row][vc_column width=&#8221;1\/2&#8243;][wgl_double_headings css_animation=&#8221;bounceIn&#8221; title_color=&#8221;#151515&#8243; subtitle_color=&#8221;#1e73be&#8221; subtitle=&#8221;Pourquoi le Vietnam ?&#8221;][wgl_spacing spacer_size=&#8221;30px&#8221;][vc_column_text]Le Viet Nam est le pays d&#8217;Asie du Sud-Est qui pr\u00e9sente les plus fortes pr\u00e9visions de croissance pour la r\u00e9gion (estim\u00e9es [&hellip;]<\/p>\n","protected":false},"author":1,"featured_media":0,"parent":0,"menu_order":0,"comment_status":"closed","ping_status":"closed","template":"","meta":{"_price":"","_stock":"","_tribe_ticket_header":"","_tribe_default_ticket_provider":"","_tribe_ticket_capacity":"0","_ticket_start_date":"","_ticket_end_date":"","_tribe_ticket_show_description":"","_tribe_ticket_show_not_going":false,"_tribe_ticket_use_global_stock":"","_tribe_ticket_global_stock_level":"","_global_stock_mode":"","_global_stock_cap":"","_tribe_rsvp_for_event":"","_tribe_ticket_going_count":"","_tribe_ticket_not_going_count":"","_tribe_tickets_list":"[]","_tribe_ticket_has_attendee_info_fields":false,"footnotes":""},"class_list":["post-10741","page","type-page","status-publish","hentry"],"_links":{"self":[{"href":"https:\/\/groupe-engram.com\/fr\/wp-json\/wp\/v2\/pages\/10741"}],"collection":[{"href":"https:\/\/groupe-engram.com\/fr\/wp-json\/wp\/v2\/pages"}],"about":[{"href":"https:\/\/groupe-engram.com\/fr\/wp-json\/wp\/v2\/types\/page"}],"author":[{"embeddable":true,"href":"https:\/\/groupe-engram.com\/fr\/wp-json\/wp\/v2\/users\/1"}],"replies":[{"embeddable":true,"href":"https:\/\/groupe-engram.com\/fr\/wp-json\/wp\/v2\/comments?post=10741"}],"version-history":[{"count":5,"href":"https:\/\/groupe-engram.com\/fr\/wp-json\/wp\/v2\/pages\/10741\/revisions"}],"predecessor-version":[{"id":10976,"href":"https:\/\/groupe-engram.com\/fr\/wp-json\/wp\/v2\/pages\/10741\/revisions\/10976"}],"wp:attachment":[{"href":"https:\/\/groupe-engram.com\/fr\/wp-json\/wp\/v2\/media?parent=10741"}],"curies":[{"name":"wp","href":"https:\/\/api.w.org\/{rel}","templated":true}]}}