{"id":10542,"date":"2018-11-01T13:30:02","date_gmt":"2018-11-01T13:30:02","guid":{"rendered":"https:\/\/groupe-engram.com\/contacts\/"},"modified":"2025-11-21T16:27:53","modified_gmt":"2025-11-21T16:27:53","slug":"contacts","status":"publish","type":"page","link":"https:\/\/groupe-engram.com\/fr\/contacts\/","title":{"rendered":"Contacts"},"content":{"rendered":"<div class=\"wpb-content-wrapper\">[vc_row][vc_column][wgl_double_headings align=&#8221;center&#8221; title_color=&#8221;#151515&#8243; subtitle_color=&#8221;#1e73be&#8221; title=&#8221;Planifier un appel avec un expert&#8221; subtitle=&#8221;Obtenez votre consultation gratuite&#8221;][wgl_spacing spacer_size=&#8221;30px&#8221;][\/vc_column][\/vc_row][vc_row][vc_column width=&#8221;1\/2&#8243; offset=&#8221;vc_col-md-4&#8243;][wgl_info_box ib_type=&#8221;tile&#8221; ib_align=&#8221;center&#8221; read_more_text=&#8221;Planifier une r\u00e9union&#8221; read_more_offset=&#8221;10&#8243; icon_type=&#8221;font&#8221; icon_font_type=&#8221;type_flaticon&#8221; icon_flaticon=&#8221;flaticon-portfolio&#8221; tile_content_color_hover=&#8221;#0a0a0a&#8221; tile_bg_color_type=&#8221;color&#8221; tile_bg_color_hover=&#8221;#fcfcfc&#8221; title_bot_offset=&#8221;2&#8243; ib_title=&#8221;G\u00e9n\u00e9rateur d\u2019opportunit\u00e9s&#8221; add_read_more=&#8221;true&#8221; custom_tile_colors=&#8221;true&#8221; add_read_more_offset=&#8221;true&#8221; custom_icon_size=&#8221;50&#8243; ib_content=&#8221;Planifiez votre r\u00e9union gratuitement&#8221; link=&#8221;url:https%3A%2F%2Fkoalendar.com%2Fe%2Fintroduction-virtuelle&#8221;][wgl_spacing spacer_size=&#8221;30px&#8221;][\/vc_column][vc_column width=&#8221;1\/2&#8243; offset=&#8221;vc_col-md-4&#8243;][wgl_info_box ib_type=&#8221;tile&#8221; ib_align=&#8221;center&#8221; read_more_text=&#8221;Planifier une r\u00e9union&#8221; read_more_offset=&#8221;10&#8243; icon_type=&#8221;font&#8221; icon_font_type=&#8221;type_flaticon&#8221; icon_flaticon=&#8221;flaticon-yield&#8221; tile_content_color_hover=&#8221;#000000&#8243; tile_bg_color_type=&#8221;color&#8221; tile_bg_color_hover=&#8221;#fcfcfc&#8221; title_bot_offset=&#8221;2&#8243; ib_title=&#8221;Financement&#8221; add_read_more=&#8221;true&#8221; custom_tile_colors=&#8221;true&#8221; add_read_more_offset=&#8221;true&#8221; custom_icon_size=&#8221;50&#8243; ib_content=&#8221;Planifiez votre r\u00e9union gratuitement&#8221; link=&#8221;url:https%3A%2F%2Fkoalendar.com%2Fe%2Fmeet-with-ismael-talata|target:_blank&#8221;][wgl_spacing spacer_size=&#8221;30px&#8221;][\/vc_column][vc_column width=&#8221;1\/2&#8243; offset=&#8221;vc_col-md-offset-0 vc_col-md-4 vc_col-sm-offset-3&#8243;][wgl_info_box ib_type=&#8221;tile&#8221; ib_align=&#8221;center&#8221; read_more_text=&#8221;Planifier une r\u00e9union&#8221; read_more_offset=&#8221;10&#8243; icon_type=&#8221;font&#8221; icon_font_type=&#8221;type_flaticon&#8221; icon_flaticon=&#8221;flaticon-yield&#8221; tile_content_color_hover=&#8221;#0a0a0a&#8221; tile_bg_color_type=&#8221;color&#8221; tile_bg_color_hover=&#8221;#fcfcfc&#8221; title_bot_offset=&#8221;2&#8243; ib_title=&#8221;Recrutement&#8221; add_read_more=&#8221;true&#8221; custom_tile_colors=&#8221;true&#8221; add_read_more_offset=&#8221;true&#8221; custom_icon_size=&#8221;50&#8243; ib_content=&#8221;Planifiez votre r\u00e9union gratuitement&#8221; link=&#8221;url:https%3A%2F%2Fkoalendar.com%2Fe%2Fmeet-with-amine-jamil|target:_blank&#8221;][wgl_spacing spacer_size=&#8221;30px&#8221;][\/vc_column][\/vc_row][vc_row css=&#8221;.vc_custom_1541081633863{margin-top: -20px !important;}&#8221;][vc_column][wgl_double_headings align=&#8221;center&#8221; title_color=&#8221;#151515&#8243; subtitle_color=&#8221;#1e73be&#8221; title=&#8221;Contactez-Nous Maintenant&#8221; subtitle=&#8221;Contacts&#8221;][wgl_spacing spacer_size=&#8221;21&#8243;][vc_row_inner][vc_column_inner offset=&#8221;vc_col-lg-offset-2 vc_col-lg-8&#8243;][vc_column_text]\n<p style=\"text-align: center;\">Notre\u00a0\u00e9quipe, qui se distingue par sa collaboration et sa passion, travaille aux c\u00f4t\u00e9s de nos clients \u00e0 chaque \u00e9tape du processus &#8211; en faisant preuve de plus de compassion, en disant les choses telles qu&#8217;elles sont &#8211; pour anticiper et surmonter tous les obstacles au changement.<\/p>\n[\/vc_column_text][\/vc_column_inner][\/vc_row_inner][wgl_spacing spacer_size=&#8221;40px&#8221;][\/vc_column][\/vc_row][vc_row][vc_column width=&#8221;1\/2&#8243; offset=&#8221;vc_col-md-4&#8243;][wgl_info_box ib_type=&#8221;tile&#8221; read_more_text=&#8221;Appelez-nous&#8221; read_more_offset=&#8221;10&#8243; icon_type=&#8221;font&#8221; icon_font_type=&#8221;type_flaticon&#8221; icon_flaticon=&#8221;flaticon-phone-call&#8221; tile_content_color_hover=&#8221;&#8221; tile_bg_color_type=&#8221;color&#8221; tile_bg_color=&#8221;#f6f4f0&#8243; tile_bg_color_hover=&#8221;#f6f4f0&#8243; title_bot_offset=&#8221;2&#8243; ib_title=&#8221;Appelez-Nous&#8221; add_read_more=&#8221;true&#8221; custom_tile_colors=&#8221;true&#8221; add_read_more_offset=&#8221;true&#8221; custom_icon_size=&#8221;50&#8243; ib_subtitle=&#8221;Tel: 438-788-3570&#8243; ib_content=&#8221;Cel: 514-691-0014&#8243;][wgl_spacing spacer_size=&#8221;30px&#8221;][\/vc_column][vc_column width=&#8221;1\/2&#8243; offset=&#8221;vc_col-md-4&#8243;][wgl_info_box ib_type=&#8221;tile&#8221; read_more_text=&#8221;Itin\u00e9raire&#8221; read_more_offset=&#8221;10&#8243; icon_type=&#8221;font&#8221; icon_font_type=&#8221;type_flaticon&#8221; icon_flaticon=&#8221;flaticon-pin&#8221; tile_content_color_hover=&#8221;&#8221; tile_bg_color_type=&#8221;color&#8221; tile_bg_color=&#8221;#f6f4f0&#8243; tile_bg_color_hover=&#8221;#f6f4f0&#8243; title_bot_offset=&#8221;2&#8243; ib_title=&#8221;Notre Emplacement&#8221; add_read_more=&#8221;true&#8221; custom_tile_colors=&#8221;true&#8221; add_read_more_offset=&#8221;true&#8221; custom_icon_size=&#8221;50&#8243; ib_content=&#8221;R\u00e9sidence City, Rue farhate hachad, 1er \u00c9tage, N-9, Casablanca&#8221; link=&#8221;url:https%3A%2F%2Fmaps.app.goo.gl%2FzCXgH5sqqymheUkdA|target:_blank&#8221;][wgl_spacing spacer_size=&#8221;30px&#8221;][\/vc_column][vc_column width=&#8221;1\/2&#8243; offset=&#8221;vc_col-md-offset-0 vc_col-md-4 vc_col-sm-offset-3&#8243;][wgl_info_box ib_type=&#8221;tile&#8221; read_more_text=&#8221;Envoyez-nous un email&#8221; read_more_offset=&#8221;10&#8243; icon_type=&#8221;font&#8221; icon_font_type=&#8221;type_flaticon&#8221; icon_flaticon=&#8221;flaticon-email&#8221; tile_content_color_hover=&#8221;&#8221; tile_bg_color_type=&#8221;color&#8221; tile_bg_color=&#8221;#f6f4f0&#8243; tile_bg_color_hover=&#8221;#f6f4f0&#8243; title_bot_offset=&#8221;2&#8243; ib_title=&#8221;Envoyez-nous un email&#8221; ib_content=&#8221;info@groupe-engram.com&#8221; add_read_more=&#8221;true&#8221; custom_tile_colors=&#8221;true&#8221; add_read_more_offset=&#8221;true&#8221; custom_icon_size=&#8221;50&#8243; link=&#8221;url:mailto%3Ainfo%40groupe-engram.com|target:_blank&#8221; ib_subtitle=&#8221;-&#8220;][wgl_spacing spacer_size=&#8221;30px&#8221;][\/vc_column][\/vc_row][vc_row el_class=&#8221;box-shadow z-index-1 ohidden acenter&#8221; css=&#8221;.vc_custom_1541081401722{margin-bottom: -120px !important;padding-right: 5% !important;padding-left: 5% !important;background-color: #ffffff !important;}&#8221;][vc_column][wgl_spacing spacer_size=&#8221;30px&#8221;]\n<div class=\"wpcf7 no-js\" id=\"wpcf7-f10984-o1\" lang=\"fr-FR\" dir=\"ltr\" data-wpcf7-id=\"10984\">\n<div class=\"screen-reader-response\"><p role=\"status\" aria-live=\"polite\" aria-atomic=\"true\"><\/p> <ul><\/ul><\/div>\n<form action=\"\/fr\/wp-json\/wp\/v2\/pages\/10542#wpcf7-f10984-o1\" method=\"post\" class=\"wpcf7-form init\" aria-label=\"Formulaire de contact\" novalidate=\"novalidate\" data-status=\"init\">\n<fieldset class=\"hidden-fields-container\"><input type=\"hidden\" name=\"_wpcf7\" value=\"10984\" \/><input type=\"hidden\" name=\"_wpcf7_version\" value=\"6.1.5\" \/><input type=\"hidden\" name=\"_wpcf7_locale\" value=\"fr_FR\" \/><input type=\"hidden\" name=\"_wpcf7_unit_tag\" value=\"wpcf7-f10984-o1\" \/><input type=\"hidden\" name=\"_wpcf7_container_post\" value=\"0\" \/><input type=\"hidden\" name=\"_wpcf7_posted_data_hash\" value=\"\" \/>\n<\/fieldset>\n<div class='row'>\n\t<div class='wgl_col-6'>\n\t\t<p><span class=\"wpcf7-form-control-wrap\" data-name=\"text-759\"><input size=\"40\" maxlength=\"400\" class=\"wpcf7-form-control wpcf7-text wpcf7-validates-as-required\" aria-required=\"true\" aria-invalid=\"false\" placeholder=\"Nom Complet *\" value=\"\" type=\"text\" name=\"text-759\" \/><\/span>\n\t\t<\/p>\n\t<\/div>\n\t<div class='wgl_col-6'>\n\t\t<p><span class=\"wpcf7-form-control-wrap\" data-name=\"email-613\"><input size=\"40\" maxlength=\"400\" class=\"wpcf7-form-control wpcf7-email wpcf7-validates-as-required wpcf7-text wpcf7-validates-as-email\" aria-required=\"true\" aria-invalid=\"false\" placeholder=\"Votre Adresse Email *\" value=\"\" type=\"email\" name=\"email-613\" \/><\/span>\n\t\t<\/p>\n\t<\/div>\n\t<div class='wgl_col-6'>\n\t\t<p><span class=\"wpcf7-form-control-wrap\" data-name=\"text-759\"><input size=\"40\" maxlength=\"400\" class=\"wpcf7-form-control wpcf7-text\" aria-invalid=\"false\" placeholder=\"Votre num\u00e9ro de t\u00e9l\u00e9phone *\" value=\"\" type=\"text\" name=\"text-759\" \/><\/span>\n\t\t<\/p>\n\t<\/div>\n\t<div class='wgl_col-6'>\n\t\t<p><span class=\"wpcf7-form-control-wrap\" data-name=\"email-613\"><input size=\"40\" maxlength=\"400\" class=\"wpcf7-form-control wpcf7-email wpcf7-text wpcf7-validates-as-email\" aria-invalid=\"false\" placeholder=\"Votre Siteweb *\" value=\"\" type=\"email\" name=\"email-613\" \/><\/span>\n\t\t<\/p>\n\t<\/div>\n\t<div class='wgl_col-12'>\n\t\t<p><span class=\"wpcf7-form-control-wrap\" data-name=\"textarea-789\"><textarea cols=\"40\" rows=\"5\" maxlength=\"2000\" class=\"wpcf7-form-control wpcf7-textarea wpcf7-validates-as-required\" aria-required=\"true\" aria-invalid=\"false\" placeholder=\"Votre message ici.. *\" name=\"textarea-789\"><\/textarea><\/span>\n\t\t<\/p>\n\t<\/div>\n<\/div>\n<p><input class=\"wpcf7-form-control wpcf7-submit has-spinner\" type=\"submit\" value=\"ENVOYER\" \/>\n<\/p><div class=\"wpcf7-response-output\" aria-hidden=\"true\"><\/div>\n<\/form>\n<\/div>\n[wgl_spacing spacer_size=&#8221;30px&#8221;][vc_gmaps link=&#8221;#E-8_JTNDaWZyYW1lJTIwc3JjJTNEJTIyaHR0cHMlM0ElMkYlMkZ3d3cuZ29vZ2xlLmNvbSUyRm1hcHMlMkZlbWJlZCUzRnBiJTNEJTIxMW0xOCUyMTFtMTIlMjExbTMlMjExZDQ4NjguMTQwODUxMjU0MzM4JTIxMmQtNy42MjAxNjQ0OTgyNTk2OTMlMjEzZDMzLjU4OTc5Njc4ODg0NjYlMjEybTMlMjExZjAlMjEyZjAlMjEzZjAlMjEzbTIlMjExaTEwMjQlMjEyaTc2OCUyMTRmMTMuMSUyMTNtMyUyMTFtMiUyMTFzMHhkYTdkMzYyYWU4YzBmZDElMjUzQTB4ZjNiOTIxNzg2MThjZGQzMCUyMTJzUiUyNUMzJTI1ODlTSURFTkNFJTI1MjBDSVRZJTIxNWUxJTIxM20yJTIxMXNmciUyMTJzZnIlMjE0djE3NjM3NDIyNjAyOTYlMjE1bTIlMjExc2ZyJTIxMnNmciUyMiUyMHdpZHRoJTNEJTIyNjAwJTIyJTIwaGVpZ2h0JTNEJTIyNDUwJTIyJTIwc3R5bGUlM0QlMjJib3JkZXIlM0EwJTNCJTIyJTIwYWxsb3dmdWxsc2NyZWVuJTNEJTIyJTIyJTIwbG9hZGluZyUzRCUyMmxhenklMjIlMjByZWZlcnJlcnBvbGljeSUzRCUyMm5vLXJlZmVycmVyLXdoZW4tZG93bmdyYWRlJTIyJTNFJTNDJTJGaWZyYW1lJTNF&#8221; css=&#8221;&#8221;][\/vc_column][\/vc_row][vc_row][vc_column][\/vc_column][\/vc_row]\n<\/div>","protected":false},"excerpt":{"rendered":"<p>[vc_row][vc_column][wgl_double_headings align=&#8221;center&#8221; title_color=&#8221;#151515&#8243; subtitle_color=&#8221;#1e73be&#8221; title=&#8221;Planifier un appel avec un expert&#8221; subtitle=&#8221;Obtenez votre consultation gratuite&#8221;][wgl_spacing spacer_size=&#8221;30px&#8221;][\/vc_column][\/vc_row][vc_row][vc_column width=&#8221;1\/2&#8243; offset=&#8221;vc_col-md-4&#8243;][wgl_info_box ib_type=&#8221;tile&#8221; ib_align=&#8221;center&#8221; read_more_text=&#8221;Planifier une r\u00e9union&#8221; read_more_offset=&#8221;10&#8243; icon_type=&#8221;font&#8221; icon_font_type=&#8221;type_flaticon&#8221; icon_flaticon=&#8221;flaticon-portfolio&#8221; tile_content_color_hover=&#8221;#0a0a0a&#8221; tile_bg_color_type=&#8221;color&#8221; tile_bg_color_hover=&#8221;#fcfcfc&#8221; title_bot_offset=&#8221;2&#8243; [&hellip;]<\/p>\n","protected":false},"author":1,"featured_media":0,"parent":0,"menu_order":0,"comment_status":"closed","ping_status":"closed","template":"","meta":{"_price":"","_stock":"","_tribe_ticket_header":"","_tribe_default_ticket_provider":"","_tribe_ticket_capacity":"0","_ticket_start_date":"","_ticket_end_date":"","_tribe_ticket_show_description":"","_tribe_ticket_show_not_going":false,"_tribe_ticket_use_global_stock":"","_tribe_ticket_global_stock_level":"","_global_stock_mode":"","_global_stock_cap":"","_tribe_rsvp_for_event":"","_tribe_ticket_going_count":"","_tribe_ticket_not_going_count":"","_tribe_tickets_list":"[]","_tribe_ticket_has_attendee_info_fields":false,"footnotes":""},"class_list":["post-10542","page","type-page","status-publish","hentry"],"_links":{"self":[{"href":"https:\/\/groupe-engram.com\/fr\/wp-json\/wp\/v2\/pages\/10542"}],"collection":[{"href":"https:\/\/groupe-engram.com\/fr\/wp-json\/wp\/v2\/pages"}],"about":[{"href":"https:\/\/groupe-engram.com\/fr\/wp-json\/wp\/v2\/types\/page"}],"author":[{"embeddable":true,"href":"https:\/\/groupe-engram.com\/fr\/wp-json\/wp\/v2\/users\/1"}],"replies":[{"embeddable":true,"href":"https:\/\/groupe-engram.com\/fr\/wp-json\/wp\/v2\/comments?post=10542"}],"version-history":[{"count":12,"href":"https:\/\/groupe-engram.com\/fr\/wp-json\/wp\/v2\/pages\/10542\/revisions"}],"predecessor-version":[{"id":31304,"href":"https:\/\/groupe-engram.com\/fr\/wp-json\/wp\/v2\/pages\/10542\/revisions\/31304"}],"wp:attachment":[{"href":"https:\/\/groupe-engram.com\/fr\/wp-json\/wp\/v2\/media?parent=10542"}],"curies":[{"name":"wp","href":"https:\/\/api.w.org\/{rel}","templated":true}]}}