{"id":10535,"date":"2022-10-28T14:57:16","date_gmt":"2022-10-28T14:57:16","guid":{"rendered":"https:\/\/groupe-engram.com\/maroc\/"},"modified":"2022-11-16T19:20:59","modified_gmt":"2022-11-16T19:20:59","slug":"maroc","status":"publish","type":"page","link":"https:\/\/groupe-engram.com\/fr\/maroc\/","title":{"rendered":"Maroc"},"content":{"rendered":"<div class=\"wpb-content-wrapper\">[vc_row][vc_column width=&#8221;1\/2&#8243;][wgl_double_headings title_color=&#8221;#151515&#8243; google_fonts_title=&#8221;font_family:Abril%20Fatface%3Aregular|font_style:400%20regular%3A400%3Anormal&#8221; subtitle_color=&#8221;#1e73be&#8221; subtitle=&#8221;Pourquoi le Maroc ?&#8221; custom_fonts_title=&#8221;true&#8221;][wgl_spacing spacer_size=&#8221;30px&#8221;][vc_column_text]Avec une population de 37 millions d&#8217;habitants et une croissance \u00e9conomique robuste (+2,5% en 2019). En tant que l&#8217;un des points chauds financiers de l&#8217;Afrique et 17e parmi les 50 premi\u00e8res \u00e9conomies \u00e9mergentes du monde, le Maroc est une destination africaine strat\u00e9gique en plus de disposer d&#8217;une abondante main-d&#8217;\u0153uvre qualifi\u00e9e.<br \/>\nLe Maroc est un pont naturel francophone entre la M\u00e9diterran\u00e9e et l&#8217;Afrique du Nord. De plus, le pays membre de l&#8217;OMC travaille avec le gouvernement canadien \u00e0 la cr\u00e9ation d&#8217;un accord de libre-\u00e9change (ALE) afin de faciliter les liens commerciaux entre les deux nations. Le Maroc est en mesure de fournir des employ\u00e9s talentueux aux grandes entreprises europ\u00e9ennes et qu\u00e9b\u00e9coises dans les secteurs de l&#8217;automobile, de l&#8217;a\u00e9rospatiale et de la m\u00e9tallurgie. Parmi les entreprises qui ont d\u00e9cid\u00e9 de travailler au Maroc, on peut noter que des soci\u00e9t\u00e9s telles que Renault, Airbus, Bombardier et bien d&#8217;autres font confiance \u00e0 cette offre de main-d&#8217;\u0153uvre in\u00e9gal\u00e9e.[\/vc_column_text][wgl_spacing spacer_size=&#8221;30px&#8221;][wgl_double_headings title_color=&#8221;#151515&#8243; subtitle_color=&#8221;#1e73be&#8221; subtitle=&#8221;Exemple d&#8217;emplois marocains&#8221;][vc_column_text]<strong>de la main-d&#8217;\u0153uvre qualifi\u00e9e qui peut \u00eatre recrut\u00e9e.  <\/strong><\/p>\n<ul>\n<li>Responsables de la production<\/li>\n<li>Technicien en chauffage<\/li>\n<li>Tuyauteur industriel<\/li>\n<li>Electrom\u00e9canicien et bien d&#8217;autres<\/li>\n<\/ul>\n[\/vc_column_text][\/vc_column][vc_column width=&#8221;1\/2&#8243;][wgl_spacing spacer_size=&#8221;70px&#8221;][wgl_image_layers values=&#8221;%5B%7B%22thumbnail%22%3A%221585%22%2C%22image_animation%22%3A%22fade_in%22%2C%22image_order%22%3A%221%22%7D%5D&#8221;][\/vc_column][\/vc_row]\n<\/div>","protected":false},"excerpt":{"rendered":"<p>[vc_row][vc_column width=&#8221;1\/2&#8243;][wgl_double_headings title_color=&#8221;#151515&#8243; google_fonts_title=&#8221;font_family:Abril%20Fatface%3Aregular|font_style:400%20regular%3A400%3Anormal&#8221; subtitle_color=&#8221;#1e73be&#8221; subtitle=&#8221;Pourquoi le Maroc ?&#8221; custom_fonts_title=&#8221;true&#8221;][wgl_spacing spacer_size=&#8221;30px&#8221;][vc_column_text]Avec une population de 37 millions d&#8217;habitants et une croissance \u00e9conomique robuste (+2,5% en 2019). En tant que l&#8217;un des [&hellip;]<\/p>\n","protected":false},"author":1,"featured_media":0,"parent":0,"menu_order":0,"comment_status":"closed","ping_status":"closed","template":"","meta":{"_price":"","_stock":"","_tribe_ticket_header":"","_tribe_default_ticket_provider":"","_tribe_ticket_capacity":"0","_ticket_start_date":"","_ticket_end_date":"","_tribe_ticket_show_description":"","_tribe_ticket_show_not_going":false,"_tribe_ticket_use_global_stock":"","_tribe_ticket_global_stock_level":"","_global_stock_mode":"","_global_stock_cap":"","_tribe_rsvp_for_event":"","_tribe_ticket_going_count":"","_tribe_ticket_not_going_count":"","_tribe_tickets_list":"[]","_tribe_ticket_has_attendee_info_fields":false,"footnotes":""},"class_list":["post-10535","page","type-page","status-publish","hentry"],"_links":{"self":[{"href":"https:\/\/groupe-engram.com\/fr\/wp-json\/wp\/v2\/pages\/10535"}],"collection":[{"href":"https:\/\/groupe-engram.com\/fr\/wp-json\/wp\/v2\/pages"}],"about":[{"href":"https:\/\/groupe-engram.com\/fr\/wp-json\/wp\/v2\/types\/page"}],"author":[{"embeddable":true,"href":"https:\/\/groupe-engram.com\/fr\/wp-json\/wp\/v2\/users\/1"}],"replies":[{"embeddable":true,"href":"https:\/\/groupe-engram.com\/fr\/wp-json\/wp\/v2\/comments?post=10535"}],"version-history":[{"count":4,"href":"https:\/\/groupe-engram.com\/fr\/wp-json\/wp\/v2\/pages\/10535\/revisions"}],"predecessor-version":[{"id":10838,"href":"https:\/\/groupe-engram.com\/fr\/wp-json\/wp\/v2\/pages\/10535\/revisions\/10838"}],"wp:attachment":[{"href":"https:\/\/groupe-engram.com\/fr\/wp-json\/wp\/v2\/media?parent=10535"}],"curies":[{"name":"wp","href":"https:\/\/api.w.org\/{rel}","templated":true}]}}