{"id":10525,"date":"2022-10-24T21:05:29","date_gmt":"2022-10-24T21:05:29","guid":{"rendered":"https:\/\/groupe-engram.com\/recrutement-international\/"},"modified":"2022-11-17T15:54:37","modified_gmt":"2022-11-17T15:54:37","slug":"recrutement-international","status":"publish","type":"page","link":"https:\/\/groupe-engram.com\/fr\/recrutement-international\/","title":{"rendered":"Recrutement international"},"content":{"rendered":"<div class=\"wpb-content-wrapper\">[vc_row][vc_column width=&#8221;1\/2&#8243;][wgl_spacing spacer_size=&#8221;30px&#8221;][wgl_double_headings css_animation=&#8221;bounceInLeft&#8221; title_color=&#8221;#151515&#8243; subtitle_color=&#8221;#1e73be&#8221; subtitle=&#8221;Recrutement international&#8221;][wgl_spacing spacer_size=&#8221;30px&#8221;][vc_column_text]\n<p class=\"font_8\" style=\"text-align: left;\"><span>Le service de recrutement international que nous proposons est une solution directe \u00e0 la p\u00e9nurie de main-d&#8217;\u0153uvre implant\u00e9e au sein de notre entreprise canadienne. Les postes vacants seront donc rapidement pourvus par des ressources humaines talentueuses, en phase avec les normes de performance internationales.<\/span><\/p>\n<p class=\"font_8\" style=\"text-align: left;\"><span>Notre mission est donc de permettre aux entreprises de trouver les bons talents dans des bassins regorgeant de main-d&#8217;\u0153uvre qualifi\u00e9e, comme au Maroc et au Vi\u00eat Nam. <\/span><\/p>\n<p class=\"font_8\" style=\"text-align: left;\"><strong>Simplifiez le processus<\/strong><\/p>\n<ul>\n<li class=\"font_8\" style=\"text-align: left;\"><span>Nous \u00e9num\u00e9rons vos crit\u00e8res d&#8217;embauche et le domaine dans lequel vous travaillez<\/span><\/li>\n<li class=\"font_8\" style=\"text-align: left;\"><span class=\"wixGuard\"><span>Nous analysons toutes les possibilit\u00e9s afin de faire la meilleure s\u00e9lection adapt\u00e9e \u00e0 vos besoins.<\/span><\/span><\/li>\n<li class=\"font_8\" style=\"text-align: left;\"><span class=\"wixGuard\"><span>Nous vous proposons les meilleures options en utilisant des outils de pr\u00e9cision afin que vous puissiez prendre des d\u00e9cisions en connaissance de cause. <\/span><\/span><\/li>\n<\/ul>\n<p><strong>Il vous suffit de choisir entre les deux mod\u00e8les commerciaux que nous vous proposons<\/strong><\/p>\n<ul>\n<li class=\"font_8\" style=\"text-align: left;\"><span>Aide \u00e0 la s\u00e9lection des candidats <\/span><\/li>\n<li class=\"font_8\" style=\"text-align: left;\"><span>Un soutien total avec nos partenaires de l&#8217;immigration, jusqu&#8217;\u00e0 ce que les travailleurs arrivent sur votre site. <\/span><\/li>\n<\/ul>\n[\/vc_column_text][\/vc_column][vc_column width=&#8221;1\/2&#8243;][wgl_spacing spacer_size=&#8221;100px&#8221;][wgl_image_layers values=&#8221;%5B%7B%22thumbnail%22%3A%221528%22%2C%22image_animation%22%3A%22flip_x%22%2C%22image_order%22%3A%221%22%7D%5D&#8221;][\/vc_column][\/vc_row]\n<\/div>","protected":false},"excerpt":{"rendered":"<p>[vc_row][vc_column width=&#8221;1\/2&#8243;][wgl_spacing spacer_size=&#8221;30px&#8221;][wgl_double_headings css_animation=&#8221;bounceInLeft&#8221; title_color=&#8221;#151515&#8243; subtitle_color=&#8221;#1e73be&#8221; subtitle=&#8221;Recrutement international&#8221;][wgl_spacing spacer_size=&#8221;30px&#8221;][vc_column_text] Le service de recrutement international que nous proposons est une solution directe \u00e0 la p\u00e9nurie de main-d&#8217;\u0153uvre implant\u00e9e au sein de [&hellip;]<\/p>\n","protected":false},"author":1,"featured_media":0,"parent":0,"menu_order":0,"comment_status":"closed","ping_status":"closed","template":"","meta":{"_price":"","_stock":"","_tribe_ticket_header":"","_tribe_default_ticket_provider":"","_tribe_ticket_capacity":"0","_ticket_start_date":"","_ticket_end_date":"","_tribe_ticket_show_description":"","_tribe_ticket_show_not_going":false,"_tribe_ticket_use_global_stock":"","_tribe_ticket_global_stock_level":"","_global_stock_mode":"","_global_stock_cap":"","_tribe_rsvp_for_event":"","_tribe_ticket_going_count":"","_tribe_ticket_not_going_count":"","_tribe_tickets_list":"[]","_tribe_ticket_has_attendee_info_fields":false,"footnotes":""},"class_list":["post-10525","page","type-page","status-publish","hentry"],"_links":{"self":[{"href":"https:\/\/groupe-engram.com\/fr\/wp-json\/wp\/v2\/pages\/10525"}],"collection":[{"href":"https:\/\/groupe-engram.com\/fr\/wp-json\/wp\/v2\/pages"}],"about":[{"href":"https:\/\/groupe-engram.com\/fr\/wp-json\/wp\/v2\/types\/page"}],"author":[{"embeddable":true,"href":"https:\/\/groupe-engram.com\/fr\/wp-json\/wp\/v2\/users\/1"}],"replies":[{"embeddable":true,"href":"https:\/\/groupe-engram.com\/fr\/wp-json\/wp\/v2\/comments?post=10525"}],"version-history":[{"count":5,"href":"https:\/\/groupe-engram.com\/fr\/wp-json\/wp\/v2\/pages\/10525\/revisions"}],"predecessor-version":[{"id":10980,"href":"https:\/\/groupe-engram.com\/fr\/wp-json\/wp\/v2\/pages\/10525\/revisions\/10980"}],"wp:attachment":[{"href":"https:\/\/groupe-engram.com\/fr\/wp-json\/wp\/v2\/media?parent=10525"}],"curies":[{"name":"wp","href":"https:\/\/api.w.org\/{rel}","templated":true}]}}