{"id":10524,"date":"2022-10-28T12:38:40","date_gmt":"2022-10-28T12:38:40","guid":{"rendered":"https:\/\/groupe-engram.com\/financement\/"},"modified":"2023-03-30T17:43:29","modified_gmt":"2023-03-30T17:43:29","slug":"financement","status":"publish","type":"page","link":"https:\/\/groupe-engram.com\/fr\/financement\/","title":{"rendered":"Financement"},"content":{"rendered":"<div class=\"wpb-content-wrapper\">[vc_row][vc_column width=&#8221;1\/2&#8243;][wgl_double_headings css_animation=&#8221;bounceIn&#8221; title_color=&#8221;#151515&#8243; subtitle_color=&#8221;#1e73be&#8221; subtitle=&#8221;Management of financial aid requests&#8221;][wgl_spacing spacer_size=&#8221;30px&#8221;][vc_column_text]Obtenir l&#8217;argent dont vous avez besoin pour financer et acc\u00e9l\u00e9rer la r\u00e9alisation de vos projets ne doit plus \u00eatre une t\u00e2che complexe ni vous sembler insurmontable. Nous vous couvrons.<\/p>\n<p>Le Groupe Engram vous assistera dans vos projets de subventions\/demandes d&#8217;aide financi\u00e8re aupr\u00e8s des autorit\u00e9s gouvernementales :<\/p>\n<ul>\n<li>Qualifier vos projets pour les meilleurs programmes disponibles.<\/li>\n<li>Transformer les concepts d&#8217;entreprise en demandes de financement fructueuses.<\/li>\n<li>R\u00e9diger les propositions commerciales et fournir les documents requis.<\/li>\n<li>G\u00e9rer les relations gouvernementales en votre nom.\n<\/li>\n<\/ul>\n<p>\u00c0 ce jour, nous avons soutenu plus de 150 entreprises et recueilli plus de 25 millions de dollars canadiens sous forme de contributions remboursables et non remboursables.<\/p>\n<p>En choisissant le Groupe Engram, nous vous promettons.. :<\/p>\n<ul>\n<li>Optimiser votre strat\u00e9gie de financement pour toujours trouver la meilleure aide financi\u00e8re disponible pour votre projet.<\/li>\n<li>Obtenir un retour sur investissement d&#8217;au moins 90 % pour vos projets de financement.<\/li>\n<li>Prendre soin de vos dossiers comme s&#8217;il s&#8217;agissait des n\u00f4tres.<\/li>\n<li>Garantir une livraison dans les d\u00e9lais qui est toujours sup\u00e9rieure au co\u00fbt d&#8217;opportunit\u00e9 de l&#8217;ex\u00e9cution par le client lui-m\u00eame.<\/li>\n<li>Identifier les meilleurs talents disponibles sur trois continents.<\/li>\n<li>Vous mettre en relation avec les meilleurs partenaires commerciaux pour vos projets.<\/li>\n<\/ul>\n[\/vc_column_text][\/vc_column][vc_column width=&#8221;1\/2&#8243;][wgl_spacing spacer_size=&#8221;40px&#8221;][wgl_image_layers values=&#8221;%5B%7B%22thumbnail%22%3A%221763%22%2C%22image_animation%22%3A%22fade_in%22%2C%22image_order%22%3A%221%22%7D%5D&#8221;][\/vc_column][\/vc_row]\n<\/div>","protected":false},"excerpt":{"rendered":"<p>[vc_row][vc_column width=&#8221;1\/2&#8243;][wgl_double_headings css_animation=&#8221;bounceIn&#8221; title_color=&#8221;#151515&#8243; subtitle_color=&#8221;#1e73be&#8221; subtitle=&#8221;Management of financial aid requests&#8221;][wgl_spacing spacer_size=&#8221;30px&#8221;][vc_column_text]Obtenir l&#8217;argent dont vous avez besoin pour financer et acc\u00e9l\u00e9rer la r\u00e9alisation de vos projets ne doit plus \u00eatre une [&hellip;]<\/p>\n","protected":false},"author":1,"featured_media":0,"parent":0,"menu_order":0,"comment_status":"closed","ping_status":"closed","template":"","meta":{"_price":"","_stock":"","_tribe_ticket_header":"","_tribe_default_ticket_provider":"","_tribe_ticket_capacity":"0","_ticket_start_date":"","_ticket_end_date":"","_tribe_ticket_show_description":"","_tribe_ticket_show_not_going":false,"_tribe_ticket_use_global_stock":"","_tribe_ticket_global_stock_level":"","_global_stock_mode":"","_global_stock_cap":"","_tribe_rsvp_for_event":"","_tribe_ticket_going_count":"","_tribe_ticket_not_going_count":"","_tribe_tickets_list":"[]","_tribe_ticket_has_attendee_info_fields":false,"footnotes":""},"class_list":["post-10524","page","type-page","status-publish","hentry"],"_links":{"self":[{"href":"https:\/\/groupe-engram.com\/fr\/wp-json\/wp\/v2\/pages\/10524"}],"collection":[{"href":"https:\/\/groupe-engram.com\/fr\/wp-json\/wp\/v2\/pages"}],"about":[{"href":"https:\/\/groupe-engram.com\/fr\/wp-json\/wp\/v2\/types\/page"}],"author":[{"embeddable":true,"href":"https:\/\/groupe-engram.com\/fr\/wp-json\/wp\/v2\/users\/1"}],"replies":[{"embeddable":true,"href":"https:\/\/groupe-engram.com\/fr\/wp-json\/wp\/v2\/comments?post=10524"}],"version-history":[{"count":8,"href":"https:\/\/groupe-engram.com\/fr\/wp-json\/wp\/v2\/pages\/10524\/revisions"}],"predecessor-version":[{"id":15845,"href":"https:\/\/groupe-engram.com\/fr\/wp-json\/wp\/v2\/pages\/10524\/revisions\/15845"}],"wp:attachment":[{"href":"https:\/\/groupe-engram.com\/fr\/wp-json\/wp\/v2\/media?parent=10524"}],"curies":[{"name":"wp","href":"https:\/\/api.w.org\/{rel}","templated":true}]}}