{"id":10518,"date":"2022-10-24T20:05:21","date_gmt":"2022-10-24T20:05:21","guid":{"rendered":"https:\/\/groupe-engram.com\/generateur-dopportunites-commerciales\/"},"modified":"2022-11-17T15:39:32","modified_gmt":"2022-11-17T15:39:32","slug":"generateur-dopportunites-commerciales","status":"publish","type":"page","link":"https:\/\/groupe-engram.com\/fr\/generateur-dopportunites-commerciales\/","title":{"rendered":"G\u00e9n\u00e9rateur d&#8217;opportunit\u00e9s commerciales"},"content":{"rendered":"<div class=\"wpb-content-wrapper\">[vc_row][vc_column][vc_row_inner][vc_column_inner width=&#8221;1\/2&#8243;][wgl_spacing spacer_size=&#8221;30px&#8221;][wgl_double_headings css_animation=&#8221;bounceInLeft&#8221; title_color=&#8221;#151515&#8243; subtitle_color=&#8221;#1e73be&#8221; subtitle=&#8221;G\u00e9n\u00e9rateur des opportunit\u00e9s commerciales&#8221;][wgl_spacing spacer_size=&#8221;30px&#8221;][vc_column_text]\n<p class=\"font_8\"><span>Le g\u00e9n\u00e9rateur d&#8217;opportunit\u00e9s d&#8217;affaires est la ressource id\u00e9ale pour toute entreprise qui cherche \u00e0 \u00e9largir ses horizons.<\/span><\/p>\n<p class=\"font_8\"><span>L&#8217;objectif est de travailler en collaboration avec vous afin d&#8217;optimiser au maximum la qualit\u00e9 du service offert et, par l\u00e0 m\u00eame, les r\u00e9sultats pour le plan d&#8217;affaires de votre entreprise, et de garantir le succ\u00e8s du projet.<\/span><\/p>\n<p class=\"font_8\"><span>Avec une couverture englobant plusieurs domaines tels que la recherche de nouveaux fournisseurs ou la cr\u00e9ation de partenariats, ce service de conseil est propos\u00e9 pour vous aider \u00e0 trouver les meilleures opportunit\u00e9s dans d&#8217;autres territoires tout en garantissant une croissance significative pour votre entreprise.<\/span><\/p>\n<p class=\"font_8\"><span>Nous pouvons \u00e9galement vous aider \u00e0 trouver des mandats d&#8217;approvisionnement, des relations interentreprises, des missions commerciales, des strat\u00e9gies de mise en \u0153uvre, des \u00e9tudes de march\u00e9 et bien d&#8217;autres choses encore.<\/span><\/p>\n<p class=\"font_8\"><span>Ensemble, nous ne pouvons que pr\u00e9dire l&#8217;excellence de vos projets. Votre croissance est notre succ\u00e8s.<\/span><\/p>\n[\/vc_column_text][\/vc_column_inner][vc_column_inner width=&#8221;1\/2&#8243;][wgl_image_layers values=&#8221;%5B%7B%22thumbnail%22%3A%221458%22%2C%22image_animation%22%3A%22fade_in%22%2C%22image_order%22%3A%221%22%7D%5D&#8221;][\/vc_column_inner][\/vc_row_inner][\/vc_column][\/vc_row]\n<\/div>","protected":false},"excerpt":{"rendered":"<p>[vc_row][vc_column][vc_row_inner][vc_column_inner width=&#8221;1\/2&#8243;][wgl_spacing spacer_size=&#8221;30px&#8221;][wgl_double_headings css_animation=&#8221;bounceInLeft&#8221; title_color=&#8221;#151515&#8243; subtitle_color=&#8221;#1e73be&#8221; subtitle=&#8221;G\u00e9n\u00e9rateur des opportunit\u00e9s commerciales&#8221;][wgl_spacing spacer_size=&#8221;30px&#8221;][vc_column_text] Le g\u00e9n\u00e9rateur d&#8217;opportunit\u00e9s d&#8217;affaires est la ressource id\u00e9ale pour toute entreprise qui cherche \u00e0 \u00e9largir ses horizons. L&#8217;objectif est [&hellip;]<\/p>\n","protected":false},"author":1,"featured_media":0,"parent":0,"menu_order":0,"comment_status":"closed","ping_status":"closed","template":"","meta":{"_price":"","_stock":"","_tribe_ticket_header":"","_tribe_default_ticket_provider":"","_tribe_ticket_capacity":"0","_ticket_start_date":"","_ticket_end_date":"","_tribe_ticket_show_description":"","_tribe_ticket_show_not_going":false,"_tribe_ticket_use_global_stock":"","_tribe_ticket_global_stock_level":"","_global_stock_mode":"","_global_stock_cap":"","_tribe_rsvp_for_event":"","_tribe_ticket_going_count":"","_tribe_ticket_not_going_count":"","_tribe_tickets_list":"[]","_tribe_ticket_has_attendee_info_fields":false,"footnotes":""},"class_list":["post-10518","page","type-page","status-publish","hentry"],"_links":{"self":[{"href":"https:\/\/groupe-engram.com\/fr\/wp-json\/wp\/v2\/pages\/10518"}],"collection":[{"href":"https:\/\/groupe-engram.com\/fr\/wp-json\/wp\/v2\/pages"}],"about":[{"href":"https:\/\/groupe-engram.com\/fr\/wp-json\/wp\/v2\/types\/page"}],"author":[{"embeddable":true,"href":"https:\/\/groupe-engram.com\/fr\/wp-json\/wp\/v2\/users\/1"}],"replies":[{"embeddable":true,"href":"https:\/\/groupe-engram.com\/fr\/wp-json\/wp\/v2\/comments?post=10518"}],"version-history":[{"count":5,"href":"https:\/\/groupe-engram.com\/fr\/wp-json\/wp\/v2\/pages\/10518\/revisions"}],"predecessor-version":[{"id":10975,"href":"https:\/\/groupe-engram.com\/fr\/wp-json\/wp\/v2\/pages\/10518\/revisions\/10975"}],"wp:attachment":[{"href":"https:\/\/groupe-engram.com\/fr\/wp-json\/wp\/v2\/media?parent=10518"}],"curies":[{"name":"wp","href":"https:\/\/api.w.org\/{rel}","templated":true}]}}