{"id":10494,"date":"2018-11-06T09:20:11","date_gmt":"2018-11-06T09:20:11","guid":{"rendered":"https:\/\/groupe-engram.com\/services\/"},"modified":"2023-03-27T19:39:56","modified_gmt":"2023-03-27T19:39:56","slug":"geneva-2023","status":"publish","type":"page","link":"https:\/\/groupe-engram.com\/fr\/geneva-2023\/","title":{"rendered":"Geneva 2023"},"content":{"rendered":"<div class=\"wpb-content-wrapper\">[vc_row full_width=&#8221;stretch_row&#8221;][vc_column]\n\t\t\t<!-- START advisor REVOLUTION SLIDER 6.5.25 --><p class=\"rs-p-wp-fix\"><\/p>\n\t\t\t<rs-module-wrap id=\"rev_slider_2_1_wrapper\" data-source=\"gallery\" style=\"visibility:hidden;background:transparent;padding:0;margin:0px auto;margin-top:0;margin-bottom:0;\">\n\t\t\t\t<rs-module id=\"rev_slider_2_1\" style=\"\" data-version=\"6.5.25\">\n\t\t\t\t\t<rs-slides>\n\t\t\t\t\t\t<rs-slide style=\"position: absolute;\" data-key=\"rs-4\" data-title=\"Slide\" data-in=\"o:0;\" data-out=\"a:false;\">\n\t\t\t\t\t\t\t<img decoding=\"async\" src=\"\/\/groupe-engram.com\/wp-content\/plugins\/revslider\/public\/assets\/assets\/dummy.png\" alt=\"\" title=\"31128\" width=\"1500\" height=\"1000\" class=\"rev-slidebg tp-rs-img rs-lazyload\" data-lazyload=\"\/\/groupe-engram.com\/wp-content\/uploads\/2023\/03\/31128.jpg\" data-bg=\"p:50% 20%;\" data-parallax=\"off\" data-panzoom=\"d:10000;ss:100;se:110;\" data-no-retina>\n<!--\n\t\t\t\t\t\t\t--><rs-layer\n\t\t\t\t\t\t\t\tid=\"slider-2-slide-4-layer-0\" \n\t\t\t\t\t\t\t\tdata-type=\"shape\"\n\t\t\t\t\t\t\t\tdata-rsp_ch=\"on\"\n\t\t\t\t\t\t\t\tdata-text=\"w:normal;s:20,10,7,4;l:0,13,9,6;\"\n\t\t\t\t\t\t\t\tdata-dim=\"w:100%;h:100%;\"\n\t\t\t\t\t\t\t\tdata-basealign=\"slide\"\n\t\t\t\t\t\t\t\tdata-frame_999=\"o:0;st:w;\"\n\t\t\t\t\t\t\t\tstyle=\"z-index:8;background-color:rgba(0,0,0,0.5);\"\n\t\t\t\t\t\t\t> \n\t\t\t\t\t\t\t<\/rs-layer><!--\n\n\t\t\t\t\t\t\t--><a\n\t\t\t\t\t\t\t\tid=\"slider-2-slide-4-layer-1\" \n\t\t\t\t\t\t\t\tclass=\"rs-layer\"\n\t\t\t\t\t\t\t\thref=\"https:\/\/13wcc.iccwbo.org\/\" target=\"_blank\" rel=\"noopener\"\n\t\t\t\t\t\t\t\tdata-type=\"image\"\n\t\t\t\t\t\t\t\tdata-rsp_ch=\"on\"\n\t\t\t\t\t\t\t\tdata-xy=\"x:r,c,c,c;y:b;yo:0,0,36px,54px;\"\n\t\t\t\t\t\t\t\tdata-text=\"w:normal;s:20,10,7,4;l:0,13,9,6;\"\n\t\t\t\t\t\t\t\tdata-dim=\"w:627px,499.993px,447.993px,412px;h:193px,154px,138px,127px;\"\n\t\t\t\t\t\t\t\tdata-basealign=\"slide\"\n\t\t\t\t\t\t\t\tdata-frame_999=\"o:0;st:w;\"\n\t\t\t\t\t\t\t\tstyle=\"z-index:12;\"\n\t\t\t\t\t\t\t><img decoding=\"async\" src=\"\/\/groupe-engram.com\/wp-content\/plugins\/revslider\/public\/assets\/assets\/dummy.png\" alt=\"\" class=\"tp-rs-img rs-lazyload\" width=\"627\" height=\"193\" data-lazyload=\"\/\/groupe-engram.com\/wp-content\/uploads\/2023\/03\/Picture1.jpg\" data-no-retina> \n\t\t\t\t\t\t\t<\/a><!--\n\n\t\t\t\t\t\t\t--><rs-layer\n\t\t\t\t\t\t\t\tid=\"slider-2-slide-4-layer-2\" \n\t\t\t\t\t\t\t\tdata-type=\"text\"\n\t\t\t\t\t\t\t\tdata-color=\"#00a3ef\"\n\t\t\t\t\t\t\t\tdata-rsp_ch=\"on\"\n\t\t\t\t\t\t\t\tdata-xy=\"x:l,c,c,c;xo:249px,0,0,0;yo:209px,231px,231px,174px;\"\n\t\t\t\t\t\t\t\tdata-text=\"s:40;l:40,40,40,24;fw:700;a:left,center,center,center;\"\n\t\t\t\t\t\t\t\tdata-frame_0=\"y:-50px;\"\n\t\t\t\t\t\t\t\tdata-frame_1=\"st:1690;sp:900;sR:1690;\"\n\t\t\t\t\t\t\t\tdata-frame_999=\"o:0;st:w;sR:6410;\"\n\t\t\t\t\t\t\t\tstyle=\"z-index:9;font-family:'Poppins';text-transform:uppercase;\"\n\t\t\t\t\t\t\t>GENEVA 2023 \n\t\t\t\t\t\t\t<\/rs-layer><!--\n\n\t\t\t\t\t\t\t--><rs-layer\n\t\t\t\t\t\t\t\tid=\"slider-2-slide-4-layer-3\" \n\t\t\t\t\t\t\t\tdata-type=\"text\"\n\t\t\t\t\t\t\t\tdata-rsp_ch=\"on\"\n\t\t\t\t\t\t\t\tdata-xy=\"x:l,c,c,c;xo:249px,0,0,-1px;yo:257px,267px,283px,236px;\"\n\t\t\t\t\t\t\t\tdata-text=\"w:normal;s:60,55,46,40;l:70,60,55,45;fw:700;a:left,center,center,center;\"\n\t\t\t\t\t\t\t\tdata-dim=\"w:744px,830px,674px,431px;\"\n\t\t\t\t\t\t\t\tdata-frame_0=\"y:50px;\"\n\t\t\t\t\t\t\t\tdata-frame_1=\"st:1400;sp:900;sR:1400;\"\n\t\t\t\t\t\t\t\tdata-frame_999=\"o:0;st:w;sR:6700;\"\n\t\t\t\t\t\t\t\tstyle=\"z-index:11;font-family:'Poppins';\"\n\t\t\t\t\t\t\t>The Groupe  Engram is Proud to Sponsor the\n13<sup>th<\/sup> World Chambers Congress \n\t\t\t\t\t\t\t<\/rs-layer><!--\n\n\t\t\t\t\t\t\t--><rs-layer\n\t\t\t\t\t\t\t\tid=\"slider-2-slide-4-layer-4\" \n\t\t\t\t\t\t\t\tdata-type=\"text\"\n\t\t\t\t\t\t\t\tdata-rsp_ch=\"on\"\n\t\t\t\t\t\t\t\tdata-xy=\"x:l,c,c,c;xo:251px,0,0,0;yo:590px,501px,485px,467px;\"\n\t\t\t\t\t\t\t\tdata-text=\"w:normal;s:30,30,22,20;l:25,30,22,13;fw:700;a:left,center,center,center;\"\n\t\t\t\t\t\t\t\tdata-frame_999=\"o:0;st:w;\"\n\t\t\t\t\t\t\t\tstyle=\"z-index:13;font-family:'Roboto';\"\n\t\t\t\t\t\t\t>Meet us at Booth 31 \n\t\t\t\t\t\t\t<\/rs-layer><!--\n-->\t\t\t\t\t\t<\/rs-slide>\n\t\t\t\t\t<\/rs-slides>\n\t\t\t\t<\/rs-module>\n\t\t\t\t<script>\n\t\t\t\t\tsetREVStartSize({c: 'rev_slider_2_1',rl:[1240,1024,778,480],el:[700,700,700,700],gw:[1920,1024,778,480],gh:[700,700,700,700],type:'standard',justify:'',layout:'fullwidth',mh:\"0\"});if (window.RS_MODULES!==undefined && window.RS_MODULES.modules!==undefined && window.RS_MODULES.modules[\"revslider21\"]!==undefined) {window.RS_MODULES.modules[\"revslider21\"].once = false;window.revapi2 = undefined;if (window.RS_MODULES.checkMinimal!==undefined) window.RS_MODULES.checkMinimal()}\n\t\t\t\t<\/script>\n\t\t\t<\/rs-module-wrap>\n\t\t\t<!-- END REVOLUTION SLIDER -->\n[\/vc_column][\/vc_row][vc_row full_width=&#8221;stretch_row_content&#8221; equal_height=&#8221;yes&#8221; css=&#8221;.vc_custom_1679931706532{padding-top: 80px !important;padding-bottom: 80px !important;background-position: center !important;background-repeat: no-repeat !important;background-size: cover !important;}&#8221;][vc_column][vc_row_inner equal_height=&#8221;yes&#8221; css=&#8221;.vc_custom_1679929655909{padding-right: 5% !important;padding-left: 5% !important;}&#8221;][vc_column_inner width=&#8221;1\/4&#8243;][wgl_services service_align=&#8221;center&#8221; css_animation=&#8221;fadeInLeft&#8221; front_bg_style=&#8221;front_image&#8221; front_icon_type=&#8221;font&#8221; front_icon_font_type=&#8221;type_flaticon&#8221; icon_flaticon=&#8221;flaticon-pin&#8221; read_more_text=&#8221;En savoir plus&#8221; front_title=&#8221;Le Maroc&#8221; add_read_more=&#8221;true&#8221; link=&#8221;url:https%3A%2F%2Fgroupe-engram.com%2Ffr%2Fmaroc%2F|title:Morocco&#8221; front_bg_image=&#8221;15777&#8243; front_descr=&#8221;Pourquoi le Maroc ?&#8221;][\/vc_column_inner][vc_column_inner width=&#8221;1\/4&#8243;][wgl_services service_align=&#8221;center&#8221; css_animation=&#8221;fadeIn&#8221; front_bg_style=&#8221;front_color&#8221; front_bg_color=&#8221;#4b2bbf&#8221; front_icon_type=&#8221;image&#8221; front_icon_thumbnail=&#8221;15783&#8243; back_bg_color=&#8221;rgba(30,115,190,0.01)&#8221; front_title=&#8221;Start your journey: Meet us at booth 31&#8243;][\/vc_column_inner][vc_column_inner width=&#8221;1\/4&#8243;][wgl_services service_align=&#8221;center&#8221; css_animation=&#8221;fadeInRight&#8221; front_bg_style=&#8221;front_image&#8221; front_icon_type=&#8221;font&#8221; front_icon_font_type=&#8221;type_flaticon&#8221; icon_flaticon=&#8221;flaticon-pin&#8221; read_more_text=&#8221;En savoir plus&#8221; front_title=&#8221;Le Vietnam&#8221; add_read_more=&#8221;true&#8221; link=&#8221;url:https%3A%2F%2Fgroupe-engram.com%2Ffr%2Fwhy-vietnam%2F|title:Why%20Vietnam%3F&#8221; front_bg_image=&#8221;15771&#8243; front_descr=&#8221;Pourquoi le Vietnam ?&#8221;][\/vc_column_inner][vc_column_inner width=&#8221;1\/4&#8243;][wgl_services service_align=&#8221;center&#8221; css_animation=&#8221;fadeIn&#8221; front_bg_style=&#8221;front_image&#8221; front_icon_type=&#8221;font&#8221; front_icon_font_type=&#8221;type_flaticon&#8221; icon_flaticon=&#8221;flaticon-pin&#8221; read_more_text=&#8221;En savoir plus&#8221; front_title=&#8221;Le Canada&#8221; add_read_more=&#8221;true&#8221; link=&#8221;url:https%3A%2F%2Fgroupe-engram.com&#8221; front_bg_image=&#8221;15774&#8243; front_descr=&#8221;Pourquoi le Canada ?&#8221;][\/vc_column_inner][\/vc_row_inner][wgl_spacing spacer_size=&#8221;50px&#8221;][wgl_button button_text=&#8221;Book an Appointment&#8221; align=&#8221;center&#8221; link=&#8221;url:https%3A%2F%2Fkoalendar.com%2Fe%2Fintroduction-virtuelle&#8221;][\/vc_column][\/vc_row][vc_row full_width=&#8221;stretch_row_content&#8221; equal_height=&#8221;yes&#8221; content_placement=&#8221;middle&#8221; css=&#8221;.vc_custom_1679931679300{padding-top: 60px !important;padding-right: 5px !important;padding-bottom: 80px !important;padding-left: 5px !important;background-color: #eef3f7 !important;}&#8221;][vc_column][wgl_double_headings align=&#8221;center&#8221; title_color=&#8221;#151515&#8243; subtitle_color=&#8221;#1e73be&#8221; title=&#8221;Notre proposition de valeur&#8221;][wgl_spacing spacer_size=&#8221;21px&#8221;][vc_column_text]\n<p style=\"text-align: center;\">D\u00e9couvrez comment l&#8217;\u00e9nonc\u00e9 de mission du Groupe Engram ajoute de la valeur \u00e0 votre entreprise.<\/p>\n[\/vc_column_text][wgl_spacing spacer_size=&#8221;30px&#8221;][vc_row_inner][vc_column_inner width=&#8221;1\/4&#8243;][wgl_flip_box fb_height=&#8221;280&#8243; front_bg_style=&#8221;front_image&#8221; back_bg_style=&#8221;back_image&#8221; front_bg_image=&#8221;478&#8243; front_logo_image=&#8221;482&#8243; front_title=&#8221;FINANCEMENT&#8221; back_descr=&#8221;Le Groupe Engram propose comme service de vous accompagner dans vos projets de subventions\/demandes d&#8217;aide financi\u00e8re aupr\u00e8s des instances gouvernementales.&#8221; back_bg_image=&#8221;11186&#8243;][\/vc_column_inner][vc_column_inner width=&#8221;1\/4&#8243;][wgl_flip_box fb_dir=&#8221;flip_top&#8221; fb_height=&#8221;280&#8243; front_bg_style=&#8221;front_image&#8221; back_bg_style=&#8221;back_image&#8221; front_bg_image=&#8221;479&#8243; front_logo_image=&#8221;483&#8243; front_title=&#8221;RECRUTEMENT INTERNATIONAL&#8221; back_descr=&#8221;Notre mission est de permettre aux entreprises de trouver les bons talents dans des viviers de main d&#8217;\u0153uvre qualifi\u00e9e comme au Maroc et au Viet Nam.&#8221; back_bg_image=&#8221;11189&#8243;][\/vc_column_inner][vc_column_inner width=&#8221;1\/4&#8243;][wgl_flip_box fb_dir=&#8221;flip_left&#8221; fb_height=&#8221;280&#8243; front_bg_style=&#8221;front_image&#8221; front_title_color=&#8221;#000000&#8243; front_descr_color=&#8221;#000000&#8243; back_bg_style=&#8221;back_image&#8221; front_bg_image=&#8221;480&#8243; front_logo_image=&#8221;481&#8243; front_title=&#8221;LE REGROUPEMENT DES SP\u00c9CIALISTES EN CONFORMIT\u00c9&#8221; back_descr=&#8221;Dirig\u00e9 par le Groupe Engram, l\u2019objectif principal du cercle est d\u2019aider et d\u2019\u00e9quiper ses membres pour r\u00e9pondre aux questions organisationnelles et r\u00e9glementaires li\u00e9es \u00e0 la conformit\u00e9 douani\u00e8re.&#8221; back_bg_image=&#8221;11192&#8243;][\/vc_column_inner][vc_column_inner width=&#8221;1\/4&#8243;][wgl_flip_box fb_dir=&#8221;flip_bottom&#8221; fb_height=&#8221;280&#8243; front_bg_style=&#8221;front_image&#8221; back_bg_style=&#8221;back_image&#8221; front_bg_image=&#8221;1175&#8243; front_logo_image=&#8221;1217&#8243; back_descr=&#8221;Le g\u00e9n\u00e9rateur d\u2019opportunit\u00e9s commerciales est la ressource id\u00e9ale pour toute entreprise qui cherche \u00e0 \u00e9largir ses horizons.&#8221; back_bg_image=&#8221;11195&#8243; front_title=&#8221;G\u00c9N\u00c9RATEUR DES OPPORTUNIT\u00c9S COMMERCIALES&#8221;][\/vc_column_inner][\/vc_row_inner][wgl_spacing spacer_size=&#8221;30px&#8221;][\/vc_column][\/vc_row][vc_row full_width=&#8221;stretch_row&#8221; content_placement=&#8221;middle&#8221; css=&#8221;.vc_custom_1678641857724{padding-top: 100px !important;padding-bottom: 80px !important;}&#8221;][vc_column offset=&#8221;vc_col-md-6&#8243;][wgl_spacing spacer_size=&#8221;65&#8243; responsive_mobile=&#8221;true&#8221; size_mobile=&#8221;30&#8243;][wgl_image_layers values=&#8221;%5B%7B%22thumbnail%22%3A%2215762%22%2C%22image_animation%22%3A%22fade_in%22%2C%22image_order%22%3A%221%22%7D%5D&#8221;][wgl_spacing spacer_size=&#8221;8&#8243;][\/vc_column][vc_column css=&#8221;.vc_custom_1541579777829{padding-right: 40px !important;padding-left: 40px !important;}&#8221; offset=&#8221;vc_col-md-6&#8243;][wgl_spacing spacer_size=&#8221;65&#8243; screen_tablet=&#8221;992&#8243; responsive_tablet=&#8221;true&#8221; size_tablet=&#8221;25&#8243;][wgl_double_headings title_color=&#8221;#151515&#8243; subtitle_color=&#8221;#1e73be&#8221; title=&#8221;\u00c0 propos du Groupe Engram&#8221; subtitle=&#8221;NOUS SOMMES UN CABINET DE CONSEIL STRAT\u00c9GIQUE&#8221; responsive_font=&#8221;true&#8221; font_size_mobile=&#8221;32&#8243;][wgl_spacing spacer_size=&#8221;22&#8243;][vc_column_text]Fond\u00e9 en 2016, le Groupe Engram est un cabinet de conseil strat\u00e9gique dont la vocation premi\u00e8re est d&#8217;acc\u00e9l\u00e9rer la croissance des PME. Avec des bureaux situ\u00e9s \u00e0 Montr\u00e9al (Canada), Hano\u00ef (Viet Nam) et Casablanca (Maroc) ; nous cr\u00e9ons de la valeur en :[\/vc_column_text][wgl_spacing spacer_size=&#8221;20&#8243;][vc_row_inner][vc_column_inner][vc_column_text]\n<ul class=\"brainbizz_check\">\n<li class=\"font_2\">Cr\u00e9er des opportunit\u00e9s commerciales sur les diff\u00e9rents march\u00e9s.<\/li>\n<li class=\"font_2\">Obtenir des financements pour stimuler les mod\u00e8les d&#8217;entreprise.<\/li>\n<li class=\"font_2\">Mettre en relation les bons talents et les porteurs de projets.<\/li>\n<li class=\"font_2\">D\u00e9-risquer le d\u00e9veloppement international en renfor\u00e7ant la conformit\u00e9 commerciale.<\/li>\n<\/ul>\n[\/vc_column_text][\/vc_column_inner][\/vc_row_inner][wgl_spacing spacer_size=&#8221;8&#8243; screen_tablet=&#8221;992&#8243; responsive_tablet=&#8221;true&#8221; size_tablet=&#8221;0&#8243;][\/vc_column][\/vc_row]\n<\/div>","protected":false},"excerpt":{"rendered":"<p>[vc_row full_width=&#8221;stretch_row&#8221;][vc_column][\/vc_column][\/vc_row][vc_row full_width=&#8221;stretch_row_content&#8221; equal_height=&#8221;yes&#8221; css=&#8221;.vc_custom_1679931706532{padding-top: 80px !important;padding-bottom: 80px !important;background-position: center !important;background-repeat: no-repeat !important;background-size: cover !important;}&#8221;][vc_column][vc_row_inner equal_height=&#8221;yes&#8221; css=&#8221;.vc_custom_1679929655909{padding-right: 5% !important;padding-left: 5% !important;}&#8221;][vc_column_inner width=&#8221;1\/4&#8243;][wgl_services service_align=&#8221;center&#8221; css_animation=&#8221;fadeInLeft&#8221; front_bg_style=&#8221;front_image&#8221; front_icon_type=&#8221;font&#8221; front_icon_font_type=&#8221;type_flaticon&#8221; icon_flaticon=&#8221;flaticon-pin&#8221; read_more_text=&#8221;En savoir [&hellip;]<\/p>\n","protected":false},"author":1,"featured_media":0,"parent":0,"menu_order":0,"comment_status":"closed","ping_status":"closed","template":"","meta":{"_price":"","_stock":"","_tribe_ticket_header":"","_tribe_default_ticket_provider":"","_tribe_ticket_capacity":"0","_ticket_start_date":"","_ticket_end_date":"","_tribe_ticket_show_description":"","_tribe_ticket_show_not_going":false,"_tribe_ticket_use_global_stock":"","_tribe_ticket_global_stock_level":"","_global_stock_mode":"","_global_stock_cap":"","_tribe_rsvp_for_event":"","_tribe_ticket_going_count":"","_tribe_ticket_not_going_count":"","_tribe_tickets_list":"[]","_tribe_ticket_has_attendee_info_fields":false,"footnotes":""},"class_list":["post-10494","page","type-page","status-publish","hentry"],"_links":{"self":[{"href":"https:\/\/groupe-engram.com\/fr\/wp-json\/wp\/v2\/pages\/10494"}],"collection":[{"href":"https:\/\/groupe-engram.com\/fr\/wp-json\/wp\/v2\/pages"}],"about":[{"href":"https:\/\/groupe-engram.com\/fr\/wp-json\/wp\/v2\/types\/page"}],"author":[{"embeddable":true,"href":"https:\/\/groupe-engram.com\/fr\/wp-json\/wp\/v2\/users\/1"}],"replies":[{"embeddable":true,"href":"https:\/\/groupe-engram.com\/fr\/wp-json\/wp\/v2\/comments?post=10494"}],"version-history":[{"count":11,"href":"https:\/\/groupe-engram.com\/fr\/wp-json\/wp\/v2\/pages\/10494\/revisions"}],"predecessor-version":[{"id":15804,"href":"https:\/\/groupe-engram.com\/fr\/wp-json\/wp\/v2\/pages\/10494\/revisions\/15804"}],"wp:attachment":[{"href":"https:\/\/groupe-engram.com\/fr\/wp-json\/wp\/v2\/media?parent=10494"}],"curies":[{"name":"wp","href":"https:\/\/api.w.org\/{rel}","templated":true}]}}