{"id":10484,"date":"2022-10-24T16:49:18","date_gmt":"2022-10-24T16:49:18","guid":{"rendered":"https:\/\/groupe-engram.com\/conformite-du-commerce-international\/"},"modified":"2025-02-11T20:50:12","modified_gmt":"2025-02-11T20:50:12","slug":"le-regroupement-des-specialistes-en-conformite","status":"publish","type":"page","link":"https:\/\/groupe-engram.com\/fr\/le-regroupement-des-specialistes-en-conformite\/","title":{"rendered":"Conformit\u00e9 du commerce international"},"content":{"rendered":"<div class=\"wpb-content-wrapper\">[vc_row css=&#8221;.vc_custom_1666632997266{margin-right: 10px !important;border-right-width: 10px !important;padding-right: 10px !important;}&#8221;][vc_column width=&#8221;1\/2&#8243;][wgl_spacing spacer_size=&#8221;30px&#8221;][wgl_image_layers values=&#8221;%5B%7B%22thumbnail%22%3A%221409%22%2C%22image_animation%22%3A%22slide_down%22%2C%22image_order%22%3A%221%22%7D%5D&#8221;][wgl_spacing spacer_size=&#8221;30px&#8221;][wgl_spacing spacer_size=&#8221;30px&#8221;][\/vc_column][vc_column width=&#8221;1\/2&#8243;][wgl_spacing spacer_size=&#8221;30px&#8221;][wgl_double_headings css_animation=&#8221;fadeIn&#8221; title_size=&#8221;26px&#8221; title_color=&#8221;#000000&#8243; subtitle_color=&#8221;#1e73be&#8221; title=&#8221;R\u00e9unir des sp\u00e9cialistes de la conformit\u00e9&#8221; custom_title_color=&#8221;true&#8221; subtitle=&#8221;Qu&#8217;est-ce que le regroupement des sp\u00e9cialistes en conformit\u00e9 ?&#8221;][wgl_spacing spacer_size=&#8221;30px&#8221;][vc_column_text]Le Regroupement des Sp\u00e9cialistes en Conformit\u00e9 (RSC) est un r\u00e9seau priv\u00e9 de personnes charg\u00e9es de la conformit\u00e9 douani\u00e8re au sein des entreprises exportatrices et importatrices du Qu\u00e9bec qui souhaitent renforcer leur pratique professionnelle.<\/p>\n<p>Dirig\u00e9 par le Groupe Engram, la mission principale du RSC est de vous aider et de vous \u00e9quiper pour r\u00e9pondre aux questions op\u00e9rationnelles, organisationnelles et strat\u00e9giques li\u00e9es \u00e0 la conformit\u00e9 douani\u00e8re (trade compliance) au sein de vos entreprises respectives :[\/vc_column_text][\/vc_column][\/vc_row][vc_row css=&#8221;.vc_custom_1666632997266{margin-right: 10px !important;border-right-width: 10px !important;padding-right: 10px !important;}&#8221;][vc_column width=&#8221;1\/2&#8243;][wgl_spacing spacer_size=&#8221;30px&#8221;][vc_column_text]\n<ul>\n<li>Organiser des ateliers et des formations pour vous tenir au courant des questions cl\u00e9s du commerce international (AEUMCA, GSTP, etc.) ;<\/li>\n<li>Faciliter le partage des meilleures pratiques et de l&#8217;expertise de premier ordre ;<\/li>\n<li>Acc\u00e8s \u00e0 une biblioth\u00e8que virtuelle d&#8217;outils, de diagnostics, de processus et de documents sp\u00e9cifiquement con\u00e7us pour r\u00e9pondre aux questions de conformit\u00e9 ;<\/li>\n<\/ul>\n[\/vc_column_text][\/vc_column][vc_column width=&#8221;1\/2&#8243;][wgl_spacing spacer_size=&#8221;30px&#8221;][wgl_image_layers values=&#8221;%5B%7B%22thumbnail%22%3A%229700%22%2C%22image_animation%22%3A%22slide_down%22%2C%22image_order%22%3A%221%22%7D%5D&#8221;][wgl_spacing spacer_size=&#8221;30px&#8221;][\/vc_column][\/vc_row][vc_row][vc_column width=&#8221;1\/2&#8243;][wgl_spacing spacer_size=&#8221;30px&#8221;][wgl_image_layers values=&#8221;%5B%7B%22thumbnail%22%3A%221440%22%2C%22image_animation%22%3A%22slide_down%22%2C%22image_order%22%3A%221%22%7D%5D&#8221;][\/vc_column][vc_column width=&#8221;1\/2&#8243;][wgl_spacing spacer_size=&#8221;30px&#8221;][wgl_spacing spacer_size=&#8221;30px&#8221;][wgl_double_headings css_animation=&#8221;fadeIn&#8221; title_color=&#8221;#3f81bf&#8221; subtitle_size=&#8221;25px&#8221; subtitle_color=&#8221;#1e73be&#8221; custom_title_color=&#8221;true&#8221; subtitle=&#8221;Comment \u00e7a marche?&#8221;][wgl_spacing spacer_size=&#8221;30px&#8221;][vc_column_text css=&#8221;&#8221;]\n<h4>10 r\u00e9unions virtuelles de 120mn par an dont :<\/h4>\n<ul>\n<li>5 r\u00e9unions \u00e0 huis clos au cours desquelles les membres font part de leurs probl\u00e8mes<\/li>\n<li>5 ateliers\/formations sur les questions actuelles de conformit\u00e9 douani\u00e8re.<\/li>\n<\/ul>\n<p>Exemples de sujets couverts par la RSE<\/p>\n<ul>\n<li>Quel ICP pour la conformit\u00e9 douani\u00e8re ?<\/li>\n<li>Comment se pr\u00e9parer \u00e0 un audit douanier ?<\/li>\n<li>Comment choisir et g\u00e9rer votre commissionnaire en douane ?<\/li>\n<li>Examen des meilleures pratiques en mati\u00e8re de classification douani\u00e8re<\/li>\n<li>Gestion des transports en 2022, votre cr\u00e9ativit\u00e9 est-elle au point mort ?<\/li>\n<\/ul>\n[\/vc_column_text][\/vc_column][\/vc_row][vc_row][vc_column][wgl_spacing spacer_size=&#8221;50px&#8221;][\/vc_column][\/vc_row][vc_row full_width=&#8221;stretch_row_content&#8221;][vc_column width=&#8221;1\/4&#8243;][wgl_image_layers values=&#8221;%5B%7B%22thumbnail%22%3A%2215817%22%2C%22image_animation%22%3A%22slide_down%22%2C%22image_order%22%3A%221%22%7D%5D&#8221;][wgl_spacing spacer_size=&#8221;&#8221; responsive_mobile=&#8221;true&#8221; size_mobile=&#8221;30&#8243;][\/vc_column][vc_column width=&#8221;1\/4&#8243;][wgl_image_layers values=&#8221;%5B%7B%22thumbnail%22%3A%2215823%22%2C%22image_animation%22%3A%22slide_down%22%2C%22image_order%22%3A%221%22%7D%5D&#8221;][wgl_spacing spacer_size=&#8221;&#8221; responsive_mobile=&#8221;true&#8221; size_mobile=&#8221;30&#8243;][\/vc_column][vc_column width=&#8221;1\/4&#8243;][wgl_image_layers values=&#8221;%5B%7B%22thumbnail%22%3A%2215832%22%2C%22image_animation%22%3A%22slide_down%22%2C%22image_order%22%3A%221%22%7D%5D&#8221;][wgl_spacing spacer_size=&#8221;&#8221; responsive_mobile=&#8221;true&#8221; size_mobile=&#8221;30&#8243;][\/vc_column][vc_column width=&#8221;1\/4&#8243;][wgl_image_layers values=&#8221;%5B%7B%22thumbnail%22%3A%2215829%22%2C%22image_animation%22%3A%22slide_down%22%2C%22image_order%22%3A%221%22%7D%5D&#8221;][wgl_spacing spacer_size=&#8221;&#8221; responsive_mobile=&#8221;true&#8221; size_mobile=&#8221;30&#8243;][\/vc_column][\/vc_row]\n<\/div>","protected":false},"excerpt":{"rendered":"<p>[vc_row css=&#8221;.vc_custom_1666632997266{margin-right: 10px !important;border-right-width: 10px !important;padding-right: 10px !important;}&#8221;][vc_column width=&#8221;1\/2&#8243;][wgl_spacing spacer_size=&#8221;30px&#8221;][wgl_image_layers values=&#8221;%5B%7B%22thumbnail%22%3A%221409%22%2C%22image_animation%22%3A%22slide_down%22%2C%22image_order%22%3A%221%22%7D%5D&#8221;][wgl_spacing spacer_size=&#8221;30px&#8221;][wgl_spacing spacer_size=&#8221;30px&#8221;][\/vc_column][vc_column width=&#8221;1\/2&#8243;][wgl_spacing spacer_size=&#8221;30px&#8221;][wgl_double_headings css_animation=&#8221;fadeIn&#8221; title_size=&#8221;26px&#8221; title_color=&#8221;#000000&#8243; subtitle_color=&#8221;#1e73be&#8221; title=&#8221;R\u00e9unir des sp\u00e9cialistes de la conformit\u00e9&#8221; custom_title_color=&#8221;true&#8221; subtitle=&#8221;Qu&#8217;est-ce que le regroupement [&hellip;]<\/p>\n","protected":false},"author":1,"featured_media":0,"parent":0,"menu_order":0,"comment_status":"closed","ping_status":"closed","template":"","meta":{"_price":"","_stock":"","_tribe_ticket_header":"","_tribe_default_ticket_provider":"","_tribe_ticket_capacity":"0","_ticket_start_date":"","_ticket_end_date":"","_tribe_ticket_show_description":"","_tribe_ticket_show_not_going":false,"_tribe_ticket_use_global_stock":"","_tribe_ticket_global_stock_level":"","_global_stock_mode":"","_global_stock_cap":"","_tribe_rsvp_for_event":"","_tribe_ticket_going_count":"","_tribe_ticket_not_going_count":"","_tribe_tickets_list":"[]","_tribe_ticket_has_attendee_info_fields":false,"footnotes":""},"class_list":["post-10484","page","type-page","status-publish","hentry"],"_links":{"self":[{"href":"https:\/\/groupe-engram.com\/fr\/wp-json\/wp\/v2\/pages\/10484"}],"collection":[{"href":"https:\/\/groupe-engram.com\/fr\/wp-json\/wp\/v2\/pages"}],"about":[{"href":"https:\/\/groupe-engram.com\/fr\/wp-json\/wp\/v2\/types\/page"}],"author":[{"embeddable":true,"href":"https:\/\/groupe-engram.com\/fr\/wp-json\/wp\/v2\/users\/1"}],"replies":[{"embeddable":true,"href":"https:\/\/groupe-engram.com\/fr\/wp-json\/wp\/v2\/comments?post=10484"}],"version-history":[{"count":11,"href":"https:\/\/groupe-engram.com\/fr\/wp-json\/wp\/v2\/pages\/10484\/revisions"}],"predecessor-version":[{"id":31186,"href":"https:\/\/groupe-engram.com\/fr\/wp-json\/wp\/v2\/pages\/10484\/revisions\/31186"}],"wp:attachment":[{"href":"https:\/\/groupe-engram.com\/fr\/wp-json\/wp\/v2\/media?parent=10484"}],"curies":[{"name":"wp","href":"https:\/\/api.w.org\/{rel}","templated":true}]}}