{"id":10467,"date":"2018-11-05T08:57:42","date_gmt":"2018-11-05T08:57:42","guid":{"rendered":"https:\/\/groupe-engram.com\/a-propos-de-nous\/"},"modified":"2025-11-21T16:03:39","modified_gmt":"2025-11-21T16:03:39","slug":"a-propos-de-nous","status":"publish","type":"page","link":"https:\/\/groupe-engram.com\/fr\/a-propos-de-nous\/","title":{"rendered":"\u00c0 propos de nous"},"content":{"rendered":"<div class=\"wpb-content-wrapper\">[vc_row gap=&#8221;35&#8243; content_placement=&#8221;middle&#8221; css=&#8221;.vc_custom_1678393051036{padding-top: 80px !important;padding-bottom: 80px !important;}&#8221;][vc_column offset=&#8221;vc_col-md-6&#8243;][vc_single_image image=&#8221;15763&#8243; img_size=&#8221;full&#8221;][\/vc_column][vc_column offset=&#8221;vc_col-md-6&#8243;][wgl_double_headings title_color=&#8221;#151515&#8243; subtitle_color=&#8221;#1e73be&#8221; subtitle=&#8221;Nous sommes un cabinet de conseil strat\u00e9gique&#8221; title=&#8221;\u00c0 propos du Groupe Engram&#8221;][wgl_spacing spacer_size=&#8221;20px&#8221;][vc_column_text css=&#8221;&#8221;]<span class=\"HwtZe\" jsname=\"jqKxS\" jsaction=\"mouseup:Sxi9L,BR6jm; mousedown:qjlr0e\" lang=\"fr\"><span jsname=\"txFAF\" class=\"jCAhz ChMk0b\" jsaction=\"agoMJf:PFBcW;MZfLnc:P7O7bd;nt4Alf:pvnm0e,pfE8Hb,PFBcW;B01qod:dJXsye;H1e5u:iXtTIf;lYIUJf:hij5Wb;tSpjdb:qAKMYb\" jscontroller=\"BiTO4b\"><span class=\"ryNqvb\" jsname=\"W297wb\" jsaction=\"click:PDNqTc,GFf3ac,qlVvte;contextmenu:Nqw7Te,QP7LD; mouseout:Nqw7Te; mouseover:PDNqTc,c2aHje\">Fond\u00e9 en 2016, le Groupe Engram est un cabinet de conseil strat\u00e9gique dont la mission principale est d&#8217;acc\u00e9l\u00e9rer la croissance des PME.<\/span><\/span> <span jsname=\"txFAF\" class=\"jCAhz ChMk0b\" jsaction=\"agoMJf:PFBcW;MZfLnc:P7O7bd;nt4Alf:pvnm0e,pfE8Hb,PFBcW;B01qod:dJXsye;H1e5u:iXtTIf;lYIUJf:hij5Wb;tSpjdb:qAKMYb\" jscontroller=\"BiTO4b\"><span class=\"ryNqvb\" jsname=\"W297wb\" jsaction=\"click:PDNqTc,GFf3ac,qlVvte;contextmenu:Nqw7Te,QP7LD; mouseout:Nqw7Te; mouseover:PDNqTc,c2aHje\">Pr\u00e9sents \u00e0 Montr\u00e9al (Canada), Hano\u00ef (Vietnam), Casablanca (Maroc) et Duba\u00ef (\u00c9mirats arabes unis), nous cr\u00e9ons de la valeur en\u00a0:<\/span><\/span><\/span>[\/vc_column_text][wgl_spacing spacer_size=&#8221;19px&#8221;][vc_column_text]\n<ul>\n<li><span>Mettant en \u0153uvre des strat\u00e9gies pour financer vos projets;<\/span><\/li>\n<li><span>G\u00e9n\u00e9rant des opportunit\u00e9s commerciales pour votre entreprise;<\/span><\/li>\n<li><span>Vous donnant acc\u00e8s \u00e0 un bassin de talents mondiaux;<\/span><\/li>\n<li><span>En minimisant votre risque de croissance \u00e0 l\u2019international gr\u00e2ce \u00e0 la conformit\u00e9 douani\u00e8re.<\/span><\/li>\n<\/ul>\n<p><span>Votre succ\u00e8s est notre raison d&#8217;\u00eatre.<\/span>[\/vc_column_text][wgl_spacing spacer_size=&#8221;23px&#8221;][\/vc_column][\/vc_row][vc_row full_width=&#8221;stretch_row&#8221; gap=&#8221;35&#8243; content_placement=&#8221;middle&#8221; css=&#8221;.vc_custom_1678393197650{padding-top: 80px !important;padding-bottom: 80px !important;background-color: #eef3f7 !important;}&#8221;][vc_column offset=&#8221;vc_col-md-6&#8243;][wgl_double_headings title_color=&#8221;#151515&#8243; subtitle_color=&#8221;#1e73be&#8221; subtitle=&#8221;MOT DU PRESIDENT&#8221;][wgl_spacing spacer_size=&#8221;20px&#8221;][vc_column_text]En 2016, j\u2019ai fond\u00e9 le Groupe Engram anim\u00e9 par une passion, celle d\u2019offrir un service d\u2019accompagnement personnalis\u00e9 aux besoins de croissance des PME. Cette mission part d\u2019un constat\u00a0: nos PME sont le moteur de notre \u00e9conomie, contribuer \u00e0 leur succ\u00e8s, c\u2019est finalement contribuer au succ\u00e8s d\u2019hommes et de femmes qui chaque jour font une diff\u00e9rence dans notre quotidien. Qu\u2019il s\u2019agisse de mettre en place des strat\u00e9gies de financement, de g\u00e9n\u00e9rer des opportunit\u00e9s d\u2019affaires, de renforcer la conformit\u00e9 douani\u00e8re ou de palier \u00e0 la p\u00e9nurie de main d\u2019\u0153uvre en vous aidant \u00e0 trouver du talent\u00a0: votre succ\u00e8s est notre raison d\u2019\u00eatre.[\/vc_column_text][wgl_spacing spacer_size=&#8221;30px&#8221;][vc_row_inner][vc_column_inner width=&#8221;5\/12&#8243; offset=&#8221;vc_col-lg-2\/5&#8243;][vc_column_text]<img loading=\"lazy\" decoding=\"async\" class=\"wp-image-1183 alignleft\" src=\"https:\/\/groupe-engram.com\/wp-content\/uploads\/2022\/09\/R.Franzoni_cocosign-1-e1663174699390-300x67.png\" alt=\"\" width=\"192\" height=\"43\" srcset=\"https:\/\/groupe-engram.com\/wp-content\/uploads\/2022\/09\/R.Franzoni_cocosign-1-e1663174699390-300x67.png 300w, https:\/\/groupe-engram.com\/wp-content\/uploads\/2022\/09\/R.Franzoni_cocosign-1-e1663174699390.png 378w\" sizes=\"(max-width: 192px) 100vw, 192px\" \/>[\/vc_column_text][\/vc_column_inner][vc_column_inner width=&#8221;7\/12&#8243;][vc_column_text]<strong>R\u00e9my Franzoni M.Sc, PMP<\/strong><br \/>\nPr\u00e9sident du Groupe Engram[\/vc_column_text][\/vc_column_inner][\/vc_row_inner][\/vc_column][vc_column offset=&#8221;vc_col-md-6&#8243;][vc_single_image image=&#8221;14049&#8243; img_size=&#8221;full&#8221;][\/vc_column][\/vc_row][vc_row full_width=&#8221;stretch_row&#8221; css=&#8221;.vc_custom_1678394634131{padding-top: 40px !important;padding-bottom: 40px !important;background: rgba(0,0,0,0.24) url(https:\/\/groupe-engram.com\/wp-content\/uploads\/2023\/03\/page-title_2-1-1.jpg?id=14029) !important;background-position: center !important;background-repeat: no-repeat !important;background-size: cover !important;*background-color: rgb(0,0,0) !important;}&#8221; el_class=&#8221;ovisible&#8221;][vc_column css=&#8221;.vc_custom_1541573917425{padding-top: 20px !important;}&#8221; el_class=&#8221;overlay-responsive-2&#8243;][vc_row_inner][vc_column_inner width=&#8221;1\/2&#8243; offset=&#8221;vc_col-md-4&#8243;][wgl_info_box ib_type=&#8221;fill&#8221; ib_align=&#8221;center&#8221; icon_type=&#8221;font&#8221; icon_font_type=&#8221;type_flaticon&#8221; icon_flaticon=&#8221;flaticon-head&#8221; icon_bg_color_hover=&#8221;#ffffff&#8221; title_color=&#8221;#ffffff&#8221; ib_title=&#8221;\u00c9tat d&#8217;esprit des insurg\u00e9s&#8221; custom_icon_size=&#8221;51&#8243; custom_icon_radius=&#8221;55&#8243; custom_icon_bg_color=&#8221;true&#8221; custom_icon_bg_width=&#8221;92&#8243; custom_icon_bg_height=&#8221;92&#8243; custom_title_color=&#8221;true&#8221;][\/vc_column_inner][vc_column_inner width=&#8221;1\/2&#8243; offset=&#8221;vc_col-md-4&#8243;][wgl_info_box ib_type=&#8221;fill&#8221; ib_align=&#8221;center&#8221; icon_type=&#8221;font&#8221; icon_font_type=&#8221;type_flaticon&#8221; icon_flaticon=&#8221;flaticon-target&#8221; icon_bg_color_hover=&#8221;#ffffff&#8221; title_color=&#8221;#ffffff&#8221; ib_title=&#8221;R\u00e9sultats durables&#8221; custom_icon_size=&#8221;51&#8243; custom_icon_radius=&#8221;55&#8243; custom_icon_bg_color=&#8221;true&#8221; custom_icon_bg_width=&#8221;92&#8243; custom_icon_bg_height=&#8221;92&#8243; custom_title_color=&#8221;true&#8221;][\/vc_column_inner][vc_column_inner width=&#8221;1\/2&#8243; offset=&#8221;vc_col-md-offset-0 vc_col-md-4 vc_col-sm-offset-3&#8243;][wgl_info_box ib_type=&#8221;fill&#8221; ib_align=&#8221;center&#8221; icon_type=&#8221;font&#8221; icon_font_type=&#8221;type_flaticon&#8221; icon_flaticon=&#8221;flaticon-chess-1&#8243; icon_bg_color_hover=&#8221;#ffffff&#8221; title_color=&#8221;#ffffff&#8221; ib_title=&#8221;Des experts passionn\u00e9s&#8221; custom_icon_size=&#8221;51&#8243; custom_icon_radius=&#8221;55&#8243; custom_icon_bg_color=&#8221;true&#8221; custom_icon_bg_width=&#8221;92&#8243; custom_icon_bg_height=&#8221;92&#8243; custom_title_color=&#8221;true&#8221;][\/vc_column_inner][\/vc_row_inner][\/vc_column][\/vc_row][vc_row full_width=&#8221;stretch_row&#8221;][vc_column][wgl_spacing spacer_size=&#8221;55px&#8221;][wgl_double_headings align=&#8221;center&#8221; title_color=&#8221;#151515&#8243; subtitle_color=&#8221;#1e73be&#8221; title=&#8221;Rencontrez notre \u00e9quipe&#8221; subtitle=&#8221;NOTRE \u00c9QUIPE&#8221; responsive_font=&#8221;true&#8221; font_size_mobile=&#8221;34&#8243;][wgl_spacing spacer_size=&#8221;20px&#8221;][vc_row_inner][vc_column_inner offset=&#8221;vc_col-lg-offset-2 vc_col-lg-8&#8243;][vc_column_text]\n<p style=\"text-align: center;\">Notre personnel, qui se distingue par sa collaboration et sa passion, travaille aux c\u00f4t\u00e9s de nos clients \u00e0 chaque \u00e9tape du processus &#8211; en faisant preuve de plus de compassion, en disant les choses telles qu&#8217;elles sont &#8211; pour anticiper et surmonter tous les obstacles au changement.<\/p>\n[\/vc_column_text][\/vc_column_inner][\/vc_row_inner][wgl_spacing spacer_size=&#8221;40px&#8221;]\n\t\t<div  class=\"wgl_module_team team-col_4 acenter\">\n\t\t\t<div class=\"team-items_wrap clearfix\"  style=\"margin-right:-3px; margin-left:-3px;\">\n\t\t\t\t[wgl_carousel slide_to_show=\"4\" autoplay=\"\" autoplay_speed=\"3000\" use_pagination=\"true\" pag_type=\"line_circle\" pag_offset=\"0\" custom_pag_color=\"\" pag_color=\"#1e73be\" use_prev_next=\"true\" custom_buttons_color=\"true\" buttons_color=\"#1880a0\" custom_resp=\"true\" resp_medium=\"998\" resp_medium_slides=\"2\" resp_tablets=\"768\" resp_tablets_slides=\"1\" resp_mobile=\"480\" resp_mobile_slides=\"1\" infinite=\"\" slides_to_scroll=\"\" ]<div class=\"team-item\" style=\"padding-right:3px; padding-left:3px;  padding-bottom:6px;\"><div class=\"team-item_content\"><div class=\"team-image\"><img decoding=\"async\" src=\"https:\/\/groupe-engram.com\/wp-content\/uploads\/2022\/10\/Copy_of_IMG_0342_300x400-420x460.jpg\" alt=\"\" \/><\/div><div class=\"team-item_info\"><div class=\"team-item_titles\"><h4 class=\"team-title\"><a href=\"https:\/\/groupe-engram.com\/fr\/blog\/team\/remy-franzoni\/\">Remy Franzoni<\/a><\/h4><div class=\"team-department\">Pr\u00e9sident<\/div><\/div><div class=\"team-item_excerpt\">M.Sc PMP.\n<\/div><\/div><\/div><\/div><div class=\"team-item\" style=\"padding-right:3px; padding-left:3px;  padding-bottom:6px;\"><div class=\"team-item_content\"><div class=\"team-image\"><img decoding=\"async\" src=\"https:\/\/groupe-engram.com\/wp-content\/uploads\/2023\/11\/Untitled-22-420x460.jpg\" alt=\"\" \/><\/div><div class=\"team-item_info\"><div class=\"team-item_titles\"><h4 class=\"team-title\"><a href=\"https:\/\/groupe-engram.com\/fr\/blog\/team\/ismael-talata\/\">Isma\u00ebl Talata<\/a><\/h4><div class=\"team-department\">Directeur adjoint - Strat\u00e9gies de financement<\/div><\/div><div class=\"team-item_excerpt\">M.Sc. | Projets d&#8217;entreprise\n<\/div><\/div><\/div><\/div><div class=\"team-item\" style=\"padding-right:3px; padding-left:3px;  padding-bottom:6px;\"><div class=\"team-item_content\"><div class=\"team-image\"><img decoding=\"async\" src=\"https:\/\/groupe-engram.com\/wp-content\/uploads\/2023\/10\/Reinaldo-420x460.jpg\" alt=\"\" \/><\/div><div class=\"team-item_info\"><div class=\"team-item_titles\"><h4 class=\"team-title\"><a href=\"https:\/\/groupe-engram.com\/fr\/blog\/team\/reinaldo-monque\/\">Reinaldo Monque<\/a><\/h4><div class=\"team-department\">Conseiller Strat\u00e9gique<\/div><\/div><div class=\"team-item_excerpt\">Projets d&#8217;entreprise\n<\/div><\/div><\/div><\/div><div class=\"team-item\" style=\"padding-right:3px; padding-left:3px;  padding-bottom:6px;\"><div class=\"team-item_content\"><div class=\"team-image\"><img decoding=\"async\" src=\"https:\/\/groupe-engram.com\/wp-content\/uploads\/2023\/11\/Le-hue-420x460.jpg\" alt=\"\" \/><\/div><div class=\"team-item_info\"><div class=\"team-item_titles\"><h4 class=\"team-title\"><a href=\"https:\/\/groupe-engram.com\/fr\/blog\/team\/le-hue\/\">Le Hue<\/a><\/h4><div class=\"team-department\">Directeur du Sourcing<\/div><\/div><div class=\"team-item_excerpt\"><\/div><\/div><\/div><\/div><div class=\"team-item\" style=\"padding-right:3px; padding-left:3px;  padding-bottom:6px;\"><div class=\"team-item_content\"><div class=\"team-image\"><img decoding=\"async\" src=\"https:\/\/groupe-engram.com\/wp-content\/uploads\/2023\/11\/Ikbal-Sabir--420x460.jpg\" alt=\"\" \/><\/div><div class=\"team-item_info\"><div class=\"team-item_titles\"><h4 class=\"team-title\"><a href=\"https:\/\/groupe-engram.com\/fr\/blog\/team\/ikbal-sabir\/\">Ikbal Sabri<\/a><\/h4><div class=\"team-department\">Chef de projet - Recrutement et mobilit\u00e9 internationale<\/div><\/div><div class=\"team-item_excerpt\"><\/div><\/div><\/div><\/div><div class=\"team-item\" style=\"padding-right:3px; padding-left:3px;  padding-bottom:6px;\"><div class=\"team-item_content\"><div class=\"team-image\"><img decoding=\"async\" src=\"https:\/\/groupe-engram.com\/wp-content\/uploads\/2023\/11\/Hajar-420x460.jpg\" alt=\"\" \/><\/div><div class=\"team-item_info\"><div class=\"team-item_titles\"><h4 class=\"team-title\"><a href=\"https:\/\/groupe-engram.com\/fr\/blog\/team\/hajar-sabir\/\">Hajar Sabir<\/a><\/h4><div class=\"team-department\">Analyste, projets d&#039;entreprise<\/div><\/div><div class=\"team-item_excerpt\"><\/div><\/div><\/div><\/div><div class=\"team-item\" style=\"padding-right:3px; padding-left:3px;  padding-bottom:6px;\"><div class=\"team-item_content\"><div class=\"team-image\"><img decoding=\"async\" src=\"https:\/\/groupe-engram.com\/wp-content\/uploads\/2018\/10\/Victor-Saint-Laurent-Charge-de-projet-et-marketing-digital-420x460.jpg\" alt=\"\" \/><\/div><div class=\"team-item_info\"><div class=\"team-item_titles\"><h4 class=\"team-title\"><a href=\"https:\/\/groupe-engram.com\/fr\/blog\/team\/victor-st-laurent\/\">Victor St-Laurent<\/a><\/h4><div class=\"team-department\">Gestionnaire de projets et de marketing num\u00e9rique<\/div><\/div><div class=\"team-item_excerpt\"><\/div><\/div><\/div><\/div><div class=\"team-item\" style=\"padding-right:3px; padding-left:3px;  padding-bottom:6px;\"><div class=\"team-item_content\"><div class=\"team-image\"><img decoding=\"async\" src=\"https:\/\/groupe-engram.com\/wp-content\/uploads\/2023\/11\/Duong-Vu-International-Mobility-Coordinator-420x460.png\" alt=\"\" \/><\/div><div class=\"team-item_info\"><div class=\"team-item_titles\"><h4 class=\"team-title\"><a href=\"https:\/\/groupe-engram.com\/fr\/blog\/team\/duong-vu\/\">Duong Vu<\/a><\/h4><div class=\"team-department\"> Coordinateur de la mobilit\u00e9 internationale<\/div><\/div><div class=\"team-item_excerpt\"><\/div><\/div><\/div><\/div><div class=\"team-item\" style=\"padding-right:3px; padding-left:3px;  padding-bottom:6px;\"><div class=\"team-item_content\"><div class=\"team-image\"><img decoding=\"async\" src=\"https:\/\/groupe-engram.com\/wp-content\/uploads\/2023\/11\/Menses-420x460.jpg\" alt=\"\" \/><\/div><div class=\"team-item_info\"><div class=\"team-item_titles\"><h4 class=\"team-title\"><a href=\"https:\/\/groupe-engram.com\/fr\/blog\/team\/celena-meneses\/\">Celena Meneses<\/a><\/h4><div class=\"team-department\">Collaborateur<\/div><\/div><div class=\"team-item_excerpt\">Consultante R\u00e9glement\u00e9e en Immigration Canadienne (CCIC)\n<\/div><\/div><\/div><\/div><div class=\"team-item\" style=\"padding-right:3px; padding-left:3px;  padding-bottom:6px;\"><div class=\"team-item_content\"><div class=\"team-image\"><img decoding=\"async\" src=\"https:\/\/groupe-engram.com\/wp-content\/uploads\/2023\/10\/Marina-420x460.jpg\" alt=\"\" \/><\/div><div class=\"team-item_info\"><div class=\"team-item_titles\"><h4 class=\"team-title\"><a href=\"https:\/\/groupe-engram.com\/fr\/blog\/team\/marina-sagatelyan\/\">Marina Sagatelyan<\/a><\/h4><div class=\"team-department\">Contr\u00f4leur \/ Comptable<\/div><\/div><div class=\"team-item_excerpt\">Collaborateur\n<\/div><\/div><\/div><\/div><div class=\"team-item\" style=\"padding-right:3px; padding-left:3px;  padding-bottom:6px;\"><div class=\"team-item_content\"><div class=\"team-image\"><img decoding=\"async\" src=\"https:\/\/groupe-engram.com\/wp-content\/uploads\/2024\/07\/Picture1-420x460.jpg\" alt=\"\" \/><\/div><div class=\"team-item_info\"><div class=\"team-item_titles\"><h4 class=\"team-title\"><a href=\"https:\/\/groupe-engram.com\/fr\/blog\/team\/asma-cherif\/\">Asma Cherif<\/a><\/h4><div class=\"team-department\">MA. GP <\/div><\/div><div class=\"team-item_excerpt\">Analyste principale projets d&#8217;entreprises\n<\/div><\/div><\/div><\/div><div class=\"team-item\" style=\"padding-right:3px; padding-left:3px;  padding-bottom:6px;\"><div class=\"team-item_content\"><div class=\"team-image\"><img decoding=\"async\" src=\"https:\/\/groupe-engram.com\/wp-content\/uploads\/2024\/07\/Otman-420x460.png\" alt=\"\" \/><\/div><div class=\"team-item_info\"><div class=\"team-item_titles\"><h4 class=\"team-title\"><a href=\"https:\/\/groupe-engram.com\/fr\/blog\/team\/othmane-adel\/\">Othmane Adel<\/a><\/h4><\/div><div class=\"team-item_excerpt\">Responsable d\u00e9veloppement commercial , Casablanca\n<\/div><\/div><\/div><\/div><div class=\"team-item\" style=\"padding-right:3px; padding-left:3px;  padding-bottom:6px;\"><div class=\"team-item_content\"><div class=\"team-image\"><img decoding=\"async\" src=\"https:\/\/groupe-engram.com\/wp-content\/uploads\/2025\/11\/Photo-Imane-1-420x460.png\" alt=\"\" \/><\/div><div class=\"team-item_info\"><div class=\"team-item_titles\"><h4 class=\"team-title\"><a href=\"https:\/\/groupe-engram.com\/fr\/blog\/team\/imane-falouhi\/\">Imane Falouhi<\/a><\/h4><div class=\"team-department\">Responsable Financier<\/div><\/div><div class=\"team-item_excerpt\">\n<\/div><\/div><\/div><\/div><div class=\"team-item\" style=\"padding-right:3px; padding-left:3px;  padding-bottom:6px;\"><div class=\"team-item_content\"><div class=\"team-image\"><img decoding=\"async\" src=\"https:\/\/groupe-engram.com\/wp-content\/uploads\/2025\/11\/Profile_Picture_-_Modifie-420x460.png\" alt=\"\" \/><\/div><div class=\"team-item_info\"><div class=\"team-item_titles\"><h4 class=\"team-title\"><a href=\"https:\/\/groupe-engram.com\/fr\/blog\/team\/jad-gerges\/\">Jad Gerges<\/a><\/h4><div class=\"team-department\">Conseiller Strat\u00e9gique<\/div><\/div><div class=\"team-item_excerpt\"><\/div><\/div><\/div><\/div>[\/wgl_carousel]\t\t\t<\/div>\n\t\t<\/div>\n\n\t\t[wgl_spacing spacer_size=&#8221;62px&#8221;][\/vc_column][\/vc_row][vc_row full_width=&#8221;stretch_row_content&#8221; css=&#8221;.vc_custom_1541422820554{margin-bottom: -40px !important;background-color: #f6f4f0 !important;}&#8221;][vc_column width=&#8221;1\/3&#8243; offset=&#8221;vc_col-lg-offset-1 vc_col-lg-10&#8243;][wgl_spacing spacer_size=&#8221;0px&#8221;][wgl_clients item_grid=&#8221;6&#8243; item_anim=&#8221;grayscale&#8221; values=&#8221;%5B%7B%22thumbnail%22%3A%221386%22%2C%22add_link%22%3A%22true%22%2C%22link%22%3A%22url%3Ahttp%253A%252F%252Fgroupe-engram.host%252Fclients%252F%7C%7C%7C%22%7D%2C%7B%22thumbnail%22%3A%221387%22%2C%22add_link%22%3A%22true%22%2C%22link%22%3A%22url%3Ahttp%253A%252F%252Fgroupe-engram.host%252Fclients%252F%7C%7C%7C%22%7D%2C%7B%22thumbnail%22%3A%221388%22%2C%22add_link%22%3A%22true%22%2C%22link%22%3A%22url%3Ahttp%253A%252F%252Fgroupe-engram.host%252Fclients%252F%7C%7C%7C%22%7D%2C%7B%22thumbnail%22%3A%221389%22%2C%22add_link%22%3A%22true%22%2C%22link%22%3A%22url%3Ahttp%253A%252F%252Fgroupe-engram.host%252Fclients%252F%7C%7C%7C%22%7D%2C%7B%22thumbnail%22%3A%221390%22%2C%22add_link%22%3A%22true%22%2C%22link%22%3A%22url%3Ahttp%253A%252F%252Fgroupe-engram.host%252Fclients%252F%7C%7C%7C%22%7D%2C%7B%22thumbnail%22%3A%2214051%22%2C%22add_link%22%3A%22true%22%2C%22link%22%3A%22url%3Ahttp%253A%252F%252Fgroupe-engram.host%252Fclients%252F%7C%7C%7C%22%7D%5D&#8221;][wgl_spacing spacer_size=&#8221;10px&#8221;][\/vc_column][vc_column][\/vc_column][\/vc_row]\n<\/div>","protected":false},"excerpt":{"rendered":"<p>[vc_row gap=&#8221;35&#8243; content_placement=&#8221;middle&#8221; css=&#8221;.vc_custom_1678393051036{padding-top: 80px !important;padding-bottom: 80px !important;}&#8221;][vc_column offset=&#8221;vc_col-md-6&#8243;][vc_single_image image=&#8221;15763&#8243; img_size=&#8221;full&#8221;][\/vc_column][vc_column offset=&#8221;vc_col-md-6&#8243;][wgl_double_headings title_color=&#8221;#151515&#8243; subtitle_color=&#8221;#1e73be&#8221; subtitle=&#8221;Nous sommes un cabinet de conseil strat\u00e9gique&#8221; title=&#8221;\u00c0 propos du Groupe Engram&#8221;][wgl_spacing spacer_size=&#8221;20px&#8221;][vc_column_text css=&#8221;&#8221;]Fond\u00e9 en 2016, [&hellip;]<\/p>\n","protected":false},"author":1,"featured_media":0,"parent":0,"menu_order":0,"comment_status":"closed","ping_status":"closed","template":"","meta":{"_price":"","_stock":"","_tribe_ticket_header":"","_tribe_default_ticket_provider":"","_tribe_ticket_capacity":"0","_ticket_start_date":"","_ticket_end_date":"","_tribe_ticket_show_description":"","_tribe_ticket_show_not_going":false,"_tribe_ticket_use_global_stock":"","_tribe_ticket_global_stock_level":"","_global_stock_mode":"","_global_stock_cap":"","_tribe_rsvp_for_event":"","_tribe_ticket_going_count":"","_tribe_ticket_not_going_count":"","_tribe_tickets_list":"[]","_tribe_ticket_has_attendee_info_fields":false,"footnotes":""},"class_list":["post-10467","page","type-page","status-publish","hentry"],"_links":{"self":[{"href":"https:\/\/groupe-engram.com\/fr\/wp-json\/wp\/v2\/pages\/10467"}],"collection":[{"href":"https:\/\/groupe-engram.com\/fr\/wp-json\/wp\/v2\/pages"}],"about":[{"href":"https:\/\/groupe-engram.com\/fr\/wp-json\/wp\/v2\/types\/page"}],"author":[{"embeddable":true,"href":"https:\/\/groupe-engram.com\/fr\/wp-json\/wp\/v2\/users\/1"}],"replies":[{"embeddable":true,"href":"https:\/\/groupe-engram.com\/fr\/wp-json\/wp\/v2\/comments?post=10467"}],"version-history":[{"count":14,"href":"https:\/\/groupe-engram.com\/fr\/wp-json\/wp\/v2\/pages\/10467\/revisions"}],"predecessor-version":[{"id":31297,"href":"https:\/\/groupe-engram.com\/fr\/wp-json\/wp\/v2\/pages\/10467\/revisions\/31297"}],"wp:attachment":[{"href":"https:\/\/groupe-engram.com\/fr\/wp-json\/wp\/v2\/media?parent=10467"}],"curies":[{"name":"wp","href":"https:\/\/api.w.org\/{rel}","templated":true}]}}